{"id":4126,"date":"2018-05-15T13:40:41","date_gmt":"2018-05-15T11:40:41","guid":{"rendered":"https:\/\/labradoodle.pl\/?page_id=4126"},"modified":"2022-04-07T13:46:18","modified_gmt":"2022-04-07T11:46:18","slug":"australijski-labradoodle-dobry-dla-dzieci","status":"publish","type":"page","link":"https:\/\/labradoodle.pl\/nl\/australijski-labradoodle-dobry-dla-dzieci\/","title":{"rendered":"Australian Labradoodle goed met kinderen"},"content":{"rendered":"<p>[et_pb_section fb_built=\u201d1\u2033 admin_label=\u201dsection\u201d _builder_version=\u201d4.16\u2033 global_colors_info=\u201d{}\u201d][et_pb_row _builder_version=\u201d4.16\u2033 _module_preset=\u201ddefault\u201d global_colors_info=\u201d{}\u201d][et_pb_column type=\u201d4_4\u2033 _builder_version=\u201d4.16\u2033 _module_preset=\u201ddefault\u201d global_colors_info=\u201d{}\u201d][et_pb_text _builder_version=\u201d4.16\u2033 _module_preset=\u201ddefault\u201d text_font=\u201d|300|||||||\u201d global_colors_info=\u201d{}\u201d]<\/p>\n<h1>Australian Labradoodle goed met kinderen. Is het waar?<\/h1>\n<p>[\/et_pb_text][et_pb_text _builder_version=\u201d4.16\u2033 _module_preset=\u201ddefault\u201d text_font=\u201d|300|||||||\u201d global_colors_info=\u201d{}\u201d]<\/p>\n<p><strong>Australian Labradoodle goed met kinderen.<\/strong><span>\u00a0<\/span>Ik hoor deze zin vaak. Correctie - nee, niet alle honden van dit ras zijn geschikt voor gezinnen met kinderen. Je kunt niet alle honden in \u00e9\u00e9n zak gooien - want ze moeten vriendelijk zijn. Er zijn verschillende temperamenten in elk nest en de fokker moet de zich ontwikkelende puppy&#039;s observeren. U kunt ook de hulp van een gedragstherapeut gebruiken en temperamenttesten doen. Deze tests bepalen de aanleg en dan kun je de pup gemakkelijk beoordelen - of een bepaald gezin het aankan, of hij gelukkig zal zijn met een bepaald gezin.<\/p>\n<p>Ik benadruk echter - de tests bepalen bepaalde aanleg van de puppy en de verdere richting van het werken met hem. Ze zijn geen profetie en we moeten ons realiseren dat hoe onze puppy eruit zal zien in onze handen ligt. Alleen. We moeten weten dat wat we met hem doen en wat we niet doen zijn toekomstige temperament zal be\u00efnvloeden.<\/p>\n<p>Een ander probleem is het probleem van ons werk en socialisatie.<\/p>\n<p>Laten we ons een puppy voorstellen die geen contact had met kinderen bij de fokker. Ook de nieuwe eigenaar deed niet veel. Plots wordt er een kind geboren en krijgt de hond van dag tot dag beperkingen die hij voorheen niet had. Vanaf nu mag hij niet meer op de bank, naar de slaapkamer (waar de pasgeborene verblijft), hij mag het kind niet ruiken, hoewel de nieuwe geuren zo intrigerend lijken. In het brein van zo&#039;n hond verschijnt de associatie BABY = SAME EVIL. Per slot van rekening, vanaf het moment dat dat kleine gekrijs verscheen, veranderde mijn leven - ten kwade. Er kan angst zijn - ik heb nog nooit zoiets gezien, is het veilig? De kleine krijs begint te kruipen, trekt aan de vacht van de hond, stapt op de staart. Al snel blijkt dat nee - het is niet veilig. En wat kan ik doen - ik zal ervoor kiezen om weg te rennen (de onaangename situatie verlaten), maar als ik geen kans heb om te ontsnappen, heb ik de laatste optie - ik zal bijten. Ik duw het gevaar weg en voel me een tijdje beter.<\/p>\n<p>[\/et_pb_text][dmg_masonry_gallery gallery=\u201d4978,4979,4977,4818,4827,3344\u2033 gutter=\u201d3\u2033 modal_title=\u201din_title\u201d hover_overlay_effect=\u201doverlay_image_data\u201d overlay_title_size=\u201d19px\u201d overlay_title_color=\u201d#FFFFF\u201d show_overlay _caption =\u201d uit \u201d overlay_caption_size=\u201d14px\u201d paginering_buttons_background=\u201dRGBA(255,255,255,0)\u201d paginering_buttons_background_active=\u201d#bcb840\u2033 columns_tablet=\u201d2\u2033 columns_phone=\u201d2\u2033 columns_last_edited=\u201dop|desktop\u201d _builder_version=\u201d4.16.0\u2033 _module_preset=\u201dstandaard \u201d paginering_text_color=\u201d#bcb840\u2033 paginering_font_size=\u201d12px\u201d paginering_active_text_color=\u201d#71615b\u201d paginering_active_font_size=\u201d12px\u201d hover_enabled=\u201d0\u2033 border_radii_image=\u201don|12px|12px|12px|12px\u201d border_radii_p agination=\u201don|6px|6 px|6px |6px \u201d border_radii_pagination_active=\u201don|6px|6px|6px|6px\u201d box_shadow_style_pagination=\u201dpreset1\u2033 global_colors_info=\u201d{}\u201d theme_builder_area=\u201dpost_content\u201d sticky_enabled=\u201d0\u2033][\/dmg_masonry_gallery][\/et_pb_column][\/et_pb_row] [\/et_pb_section]<\/p>","protected":false},"excerpt":{"rendered":"<p>Australian Labradoodle is goed met kinderen. Is het waar? Australian Labradoodle is goed voor kinderen. Deze zin hoor ik vaak. Correctie \u2013 nee, niet alle honden van dit ras zijn geschikt voor gezinnen met kinderen. Je kunt niet alle honden in \u00e9\u00e9n tas stoppen, want ze moeten vriendelijk zijn. Er zijn verschillende temperamenten in elk nest en de fokker moet de ontwikkeling in de gaten houden [\u2026]<\/p>","protected":false},"author":3,"featured_media":0,"parent":0,"menu_order":0,"comment_status":"closed","ping_status":"closed","template":"","meta":{"_et_pb_use_builder":"on","_et_pb_old_content":"<h1>Australijski Labradoodle dobry dla dzieci. Czy to prawda?<\/h1>\r\n<strong>Australijski Labradoodle dobry dla dzieci.<\/strong> Cz\u0119sto s\u0142ysz\u0119 to zdanie. Poprawka \u2013 \u00a0nie, nie \u00a0wszystkie psy tej rasy\u00a0b\u0119d\u0105 nadawa\u0142y si\u0119 do rodzin z dzie\u0107mi. Nie mo\u017cna wszystkich psiak\u00f3w wrzuci\u0107 do jednego wora \u2013 bo przyjazne powinny by\u0107. W ka\u017cdym miocie zdarzaj\u0105 si\u0119 r\u00f3\u017cne temperamenty a hodowca powinien obserwowa\u0107 rozwijaj\u0105ce si\u0119 szczeniaki. Mo\u017cna te\u017c skorzysta\u0107 z pomocy behawiorysty i zrobi\u0107 testy temperamentu. Testy te okre\u015blaj\u0105 predyspozycje i w\u00f3wczas bez problemu mo\u017cna oceni\u0107 szczeniaka \u2013 czy dana rodzina sobie z nim poradzi, czy b\u0119dzie on szcz\u0119\u015bliwy u danej rodziny.\r\n\r\nPodkre\u015blam jednak \u2013 testy okre\u015blaj\u0105 pewne predyspozycje szczeniaka i dalszy kierunek pracy z nim. Nie s\u0105 one proroctwem i musimy zdawa\u0107 sobie spraw\u0119, \u017ce to jaki b\u0119dzie nasz szczeniak le\u017cy w naszych r\u0119kach. Tylko i wy\u0142\u0105cznie. Musimy wiedzie\u0107, \u017ce to co z nim zrobimy, oraz to czego nie zrobimy wp\u0142ynie na jego przysz\u0142y temperament.\r\n\r\nInn\u0105 kwesti\u0105 jest kwestia naszej pracy i socjalizacji.\r\n\r\nWyobra\u017amy sobie szczeniaka, kt\u00f3ry u hodowcy nie mia\u0142 styczno\u015bci z dzie\u0107mi. Nowy w\u0142a\u015bciciel r\u00f3wnie\u017c nie zrobi\u0142 za wiele w temacie. Nagle rodzi si\u0119 dziecko, a pies z dnia na dzie\u0144 dostaje ograniczenia, kt\u00f3rych wcze\u015bniej nie mia\u0142. Od teraz nie wolno wchodzi\u0107 mu na kanap\u0119, do sypialni (gdzie przebywa noworodek), nie wolno dziecka w\u0105cha\u0107, cho\u0107 nowe zapachy wydaj\u0105 si\u0119 tak intryguj\u0105ce. W m\u00f3zgu takiego psa pojawia si\u0119 skojarzenie NIEMOWLAK = SAMO Z\u0141O. Przecie\u017c od tego momentu kiedy pojawi\u0142 si\u0119 \u00a0ten ma\u0142y skrzecz\u0105cy, moje \u017cycie zmieni\u0142o si\u0119 \u2013 na gorsze. \u00a0Do tego dochodzi\u0107 mo\u017ce l\u0119k \u2013 nigdy czego\u015b takiego nie widzia\u0142em, czy to jest bezpieczne? Ma\u0142e skrzecz\u0105ce zaczyna raczkowa\u0107, ci\u0105gie\u00a0psa za sier\u015b\u0107, nadepnie na ogon. Bardzo szybko okazuje si\u0119, \u017ce nie \u2013 nie jest bezpieczne. A co ja mog\u0119 zrobi\u0107 \u2013 wybior\u0119 ucieczk\u0119 (odej\u015bcie od przykrej sytuacji), ale kiedy mo\u017cliwo\u015bci ucieczki mia\u0142 nie b\u0119d\u0119 pozostaje mi ostatnie wyj\u015bcie \u2013 ugryz\u0119. \u00a0Odsun\u0119 od siebie niebezpiecze\u0144stwo i cho\u0107 na chwil\u0119 poczuj\u0119 si\u0119 lepiej.","_et_gb_content_width":"","footnotes":""},"class_list":["post-4126","page","type-page","status-publish","hentry"],"_links":{"self":[{"href":"https:\/\/labradoodle.pl\/nl\/wp-json\/wp\/v2\/pages\/4126","targetHints":{"allow":["GET"]}}],"collection":[{"href":"https:\/\/labradoodle.pl\/nl\/wp-json\/wp\/v2\/pages"}],"about":[{"href":"https:\/\/labradoodle.pl\/nl\/wp-json\/wp\/v2\/types\/page"}],"author":[{"embeddable":true,"href":"https:\/\/labradoodle.pl\/nl\/wp-json\/wp\/v2\/users\/3"}],"replies":[{"embeddable":true,"href":"https:\/\/labradoodle.pl\/nl\/wp-json\/wp\/v2\/comments?post=4126"}],"version-history":[{"count":7,"href":"https:\/\/labradoodle.pl\/nl\/wp-json\/wp\/v2\/pages\/4126\/revisions"}],"predecessor-version":[{"id":5485,"href":"https:\/\/labradoodle.pl\/nl\/wp-json\/wp\/v2\/pages\/4126\/revisions\/5485"}],"wp:attachment":[{"href":"https:\/\/labradoodle.pl\/nl\/wp-json\/wp\/v2\/media?parent=4126"}],"curies":[{"name":"wp","href":"https:\/\/api.w.org\/{rel}","templated":true}]}}