{"id":4124,"date":"2018-05-15T13:37:19","date_gmt":"2018-05-15T11:37:19","guid":{"rendered":"https:\/\/labradoodle.pl\/?page_id=4124"},"modified":"2022-02-25T12:18:17","modified_gmt":"2022-02-25T11:18:17","slug":"australijskie-labradoodle-dla-alergikow","status":"publish","type":"page","link":"https:\/\/labradoodle.pl\/nl\/australijskie-labradoodle-dla-alergikow\/","title":{"rendered":"Australian Labradoodle voor mensen met een allergie"},"content":{"rendered":"<p>[et_pb_section fb_built=\u201d1\u2033 admin_label=\u201dsection\u201d _builder_version=\u201d3.22\u2033 global_colors_info=\u201d{}\u201d][et_pb_row admin_label=\u201drow\u201d _builder_version=\u201d3.25\u2033 background_size=\u201dinitial\u201d background_position=\u201dtop_left\u201d background_repeat=\u201dherhalen \u201d global_colors_info=\u201d{}\u201d][et_pb_column type=\u201d4_4\u2033 _builder_version=\u201d3.25\u2033 custom_padding=\u201d|||\u201d global_colors_info=\u201d{}\u201d custom_padding__hover=\u201d|||\u201d][et_pb_text admin_label=\u201dText\u201d _builder_version=\u201d4.14.8\u2033 background_size=\u201dinitial\u201d background_position=\u201dtop_left\u201d background_repeat=\u201drepeat\u201d hover_enabled=\u201d0\u2033 global_colors_info= \u201d{}\u201d text_font=\u201d|300|||||||\u201d text_font_size=\u201d18px\u201d sticky_enabled=\u201d0\u2033]<\/p>\n<h1><strong>Australian Labradoodle voor mensen met een allergie? <\/strong><\/h1>\n<h3><strong>Honden die niet verharen?<\/strong><strong><\/strong><\/h3>\n<p>[\/et_pb_text][et_pb_text _builder_version=\u201d4.14.8\u2033 _module_preset=\u201ddefault\u201d text_font=\u201d|300|||||||\u201d text_font_size=\u201d18px\u201d hover_enabled=\u201d0\u2033 sticky_enabled=\u201d0\u2033]<\/p>\n<p><strong>Australian Labradoodle voor mensen met een allergie.<\/strong> \u00a0Zoals je waarschijnlijk al weet, is de Australian Labradoodle niet alleen een kruising tussen een Labrador en een Poedel.<\/p>\n<p>Nadat we hebben geprobeerd een hond van de eerste generatie te kopen (bijvoorbeeld Labrador + Poedel of Labradoodle + Poedel, etc.) of een ALD van meerdere generaties opnieuw gekruist met Labrador of Cocker Spaniel, lopen we helaas het risico van onaangenaamheden. Zelfs na een jaar (na de eerste haarwisseling van onze Labradoodle-pup) kan blijken dat onze hond ons sensibiliseert en verhaart.<\/p>\n<p>Waarom gebeurt dit? Nou, je weet nooit welke genen je puppy zal erven. Of misschien heeft het de verharende vacht van mama Labrador of papa Cocker Spaniel?<\/p>\n<p>Over het algemeen zouden organisaties afstand moeten nemen van de vroege generaties van de Australian Labradoodle. Ze mogen ook geen nieuwe infusies introduceren. Ik realiseer me echter dat niet alle organisaties dergelijke regelingen hebben. Helaas kunnen we nog steeds kennis maken met de &quot;Australian Labradoodle&quot;, wiens vader een Poedel, Cocker Spaniel of Soft Coated Irish Wheaten is. In dit geval moeten we er rekening mee houden dat onze hond allergisch kan zijn en vervellen. Helaas kan dit pas na een jaar blijken te zijn, d.w.z. na de eerste haarvervanging. Daarom is het bijzonder belangrijk om niet te beslissen over een hond uit zulke vroege generaties, en het is het beste om een organisatie te kiezen die dergelijke kruisingen niet toestaat. Dan weten we zeker dat we een hond van goede kwaliteit kopen.<\/p>\n<p>Het tweede probleem is de allergie zelf. Niet iedereen is allergisch voor huidschilfers. Een persoon kan gevoelig zijn voor allergenen in speeksel, opperhuid, haar en zelfs urine. In mijn ervaring zijn allergie\u00ebn voor urinewit het sterkst. In dit geval moet de fokker het eerst mogelijk maken om het volwassen exemplaar in allergeenvrije omstandigheden te ontmoeten. Vervolgens moet hij volledige informatie geven over hoe hij met de puppy moet omgaan op een manier die het risico op allergie\u00ebn minimaliseert. Onvoldoende voeding van de hond, het niet verzorgen van zijn vacht, waardoor de pup thuis kan poepen kan allergische reacties veroorzaken.<\/p>\n<p>Australian Labradoodle voor mensen met een allergie<\/p>\n<p>[\/et_pb_text][\/et_pb_column][\/et_pb_row][\/et_pb_section]<\/p>","protected":false},"excerpt":{"rendered":"<p>Australian Labradoodle voor mensen met een allergie? Niet-uitscheidende honden? Australian Labradoodle voor mensen met allergie\u00ebn.  Zoals je waarschijnlijk al weet, is de Australian Labradoodle niet zomaar een kruising tussen een Labrador en een Poedel. Als we in de verleiding komen om een hond uit de eerste generaties te kopen (bijvoorbeeld Labrador + Poedel of Labradoodle + Poedel, etc.) of een multi-generationele ALD die opnieuw gekruist is met een Labrador of Cocker Spaniel, lopen we helaas het risico [\u2026]<\/p>","protected":false},"author":3,"featured_media":0,"parent":0,"menu_order":0,"comment_status":"closed","ping_status":"closed","template":"","meta":{"_et_pb_use_builder":"on","_et_pb_old_content":"<h2><strong>Australijskie Labradoodle dla alergik\u00f3w? <\/strong><\/h2>\r\n<h3><strong>Psy nie liniej\u0105ce?<\/strong><\/h3>\r\n<strong>Australijskie Labradoodle dla alergik\u00f3w.<\/strong> \u00a0Jak\u00a0Pa\u0144stwo zapewne ju\u017c wiecie, Australijski Labradoodle to nie tylko krzy\u017c\u00f3wka Labradora i Pudla.\r\n\r\nPokusiwszy si\u0119 na zakup psa z pierwszych generacji (na przyk\u0142ad Labrador + Pudel czy Labradoodle + Pudel itp.) lub te\u017c wielopokoleniowego ALD ponownie skrzy\u017cowanego z Labradorem lub Cocker Spanielem, niestety nara\u017camy si\u0119 na nieprzyjemno\u015bci. Po roku czasu nawet (po pierwszej wymianie sier\u015bci naszego szczeniaka Labradoodle) mo\u017ce si\u0119 okaza\u0107 bowiem, \u017ce nas pies nas uczuli i b\u0119dzie linia\u0142.\r\n\r\nDlaczego tak si\u0119 dzieje?\u00a0Ot\u00f3\u017c nigdy nie wiadomo jakie geny odziedziczy nasze szczeni\u0119. A mo\u017ce akurat b\u0119dzie mia\u0142o liniej\u0105c\u0105 sier\u015b\u0107 mamy Labradora czy taty Cocker Spaniela?\r\n\r\nGeneralnie organizacje powinny odchodzi\u0107 od wczesnych generacji Australijskiego Labradoodle. Nie powinny te\u017c wprowadza\u0107 \u017cadnych nowych infuzji. Zdaj\u0119 sobie jednak spraw\u0119, \u017ce nie wszystkie organizacje maj\u0105 takie regulaminy. Niestety jeszcze mo\u017cemy spotka\u0107 \u201eAustralijskiego Labradoodle\u201d, kt\u00f3rego tatusiem jest Pudel, Cocker Spaniel czy Soft Coated Irish Wheaten. W takim wypadku musimy liczy\u0107 si\u0119 z tym, \u017ce nasz pies mo\u017ce uczula\u0107 i linie\u0107. Niestety to mo\u017ce okaza\u0107 si\u0119 dopiero po roku czasu, czyli po pierwszej wymianie sier\u015bci. Dlatego szczeg\u00f3lnie istotne jest aby nie decydowa\u0107 si\u0119 na psa z tak wczesnych pokole\u0144 a najlepiej wybra\u0107 organizacj\u0119, kt\u00f3ra na takie krzy\u017c\u00f3wki nie pozwala. Wtedy mamy pewno\u015b\u0107, \u017ce kupujemy dobrego jako\u015bciowo psa.\r\n\r\nDrug\u0105 kwesti\u0105 jest sam alergik. Nie ka\u017cdy uczulony jest tylko na sier\u015b\u0107. Cz\u0142owiek mo\u017ce by\u0107 wra\u017cliwy na alergeny zawarte w \u015blinie, nask\u00f3rku, sier\u015bci a nawet w moczu. Z mojego do\u015bwiadczenia wynika, \u017ce alergie na bia\u0142o zawarte w moczu s\u0105 najsilniejsze. W tym wypadku hodowca powinien w pierwszej kolejno\u015bci umo\u017cliwi\u0107 spotkanie z doros\u0142ym osobnikiem w warunkach wolnych od alergen\u00f3w. Nast\u0119pnie \u00a0powinien udzieli\u0107 kompletnych informacji odno\u015bnie post\u0119powania ze szczeniakiem w spos\u00f3b, kt\u00f3ry \u00a0zminimalizuje ryzyko wyst\u0105pienia jakichkolwiek alergii. Nieodpowiednie od\u017cywianie psa bowiem, nie dbanie o jego sier\u015b\u0107, pozwalanie aby szczeni\u0119 za\u0142atwia\u0142o si\u0119 w domu mo\u017ce spowodowa\u0107 i\u017c reakcje alergiczne wyst\u0105pi\u0105.\r\n\r\nAustralijskie Labradoodle dla alergik\u00f3w","_et_gb_content_width":"","footnotes":""},"class_list":["post-4124","page","type-page","status-publish","hentry"],"_links":{"self":[{"href":"https:\/\/labradoodle.pl\/nl\/wp-json\/wp\/v2\/pages\/4124","targetHints":{"allow":["GET"]}}],"collection":[{"href":"https:\/\/labradoodle.pl\/nl\/wp-json\/wp\/v2\/pages"}],"about":[{"href":"https:\/\/labradoodle.pl\/nl\/wp-json\/wp\/v2\/types\/page"}],"author":[{"embeddable":true,"href":"https:\/\/labradoodle.pl\/nl\/wp-json\/wp\/v2\/users\/3"}],"replies":[{"embeddable":true,"href":"https:\/\/labradoodle.pl\/nl\/wp-json\/wp\/v2\/comments?post=4124"}],"version-history":[{"count":3,"href":"https:\/\/labradoodle.pl\/nl\/wp-json\/wp\/v2\/pages\/4124\/revisions"}],"predecessor-version":[{"id":4922,"href":"https:\/\/labradoodle.pl\/nl\/wp-json\/wp\/v2\/pages\/4124\/revisions\/4922"}],"wp:attachment":[{"href":"https:\/\/labradoodle.pl\/nl\/wp-json\/wp\/v2\/media?parent=4124"}],"curies":[{"name":"wp","href":"https:\/\/api.w.org\/{rel}","templated":true}]}}