{"id":4118,"date":"2018-05-15T13:21:37","date_gmt":"2018-05-15T11:21:37","guid":{"rendered":"https:\/\/labradoodle.pl\/?page_id=4118"},"modified":"2022-02-25T12:37:50","modified_gmt":"2022-02-25T11:37:50","slug":"cena-australijskiego-labradoodle","status":"publish","type":"page","link":"https:\/\/labradoodle.pl\/nl\/cena-australijskiego-labradoodle\/","title":{"rendered":"Australian Labradoodle prijs"},"content":{"rendered":"<p>[et_pb_section fb_built=\u201d1\u2033 admin_label=\u201dsection\u201d _builder_version=\u201d3.22\u2033 global_colors_info=\u201d{}\u201d][et_pb_row admin_label=\u201drow\u201d _builder_version=\u201d3.25\u2033 background_size=\u201dinitial\u201d background_position=\u201dtop_left\u201d background_repeat=\u201dherhalen \u201d global_colors_info=\u201d{}\u201d][et_pb_column type=\u201d4_4\u2033 _builder_version=\u201d3.25\u2033 custom_padding=\u201d|||\u201d global_colors_info=\u201d{}\u201d custom_padding__hover=\u201d|||\u201d][et_pb_text _builder_version=\u201d4.14.8\u2033 _module_preset=\u201ddefault\u201d hover_enabled=\u201d0\u2033 sticky_enabled=\u201d0\u2033]<\/p>\n<h1>Australian Labradoodle prijs<\/h1>\n<p>[\/et_pb_text][et_pb_text admin_label=\u201dText\u201d _builder_version=\u201d4.14.8\u2033 background_size=\u201dinitial\u201d background_position=\u201dtop_left\u201d background_repeat=\u201drepeat\u201d hover_enabled=\u201d0\u2033 global_colors_info=\u201d{}\u201d text_font=\u201d|300| ||||||\u201d sticky_enabled=\u201d0\u2033]<\/p>\n<p><strong>De prijs van de Australian Labradoodle is hoog<\/strong>, maar het weerspiegelt alle kosten die verband houden met gezondheidstesten, aankoop en invoer van gezonde en goede foklijnen. Registraties bij een gerenommeerde organisatie en zelfs kennis over en hoe de primaire socialisatie van pups door de fokker uit te voeren.<\/p>\n<p><strong>Prijs verschillen<\/strong> moet altijd een rood licht activeren en een grondige analyse van waar ze van afhankelijk zijn. Helaas is de lijn, de lijn niet gelijk en komen er veel genetische ziektes voor in sommige lijnen van Australian Labradoodles. Het kostte me 1,5 jaar om een goede en gezonde Labradoodle-lijn te vinden (ge\u00efmporteerd om de genetische pool te diversifi\u00ebren), en ik &quot;zit&quot; al 8 jaar over Australian Labradoodles. , snel verdienen - weet je, we kunnen een vergelijkbare situatie waarnemen in Polen na de wijziging van de dierenbeschermingswet), die fokkers verplicht om zeer grondige gezondheidstests van hun puppy&#039;s uit te voeren, of zelfs DNA-tests - helaas is dit allemaal erg duur.<\/p>\n<p>Als de organisatie ge\u00efnteresseerd is in de ontwikkeling en het onderzoek van het ras, zijn er ook de kosten van ander onderzoek (bijvoorbeeld Onjuiste Vacht), die worden betaald door de fokkers.<\/p>\n<p>Hoe zit het met socialisatie? Kan iedereen het? Natuurlijk! De vraag is alleen met welk effect? Het kennen van de hersenontwikkeling en kritieke periodes van uw hond is de sleutel tot socialisatie van puppy&#039;s. Alle prikkels die we aan puppy&#039;s geven, moeten in balans zijn en aangepast aan een bepaalde periode van ontwikkeling. Elke pup is anders. En hoe zit het? Een echte fokker verbetert voortdurend zijn kennis, neemt deel aan verschillende seminars en conferenties. We leven in een tijd waarin de kennis over het gedrag van dieren floreert. Nieuwe feiten bereiken ons voortdurend, maar ook de groten uit de dierenwereld - ethologen of gedragsdeskundigen kunnen verschillende meningen, meningen, aannames hebben. En heel goed - hierdoor hebben we vooruitgang. Maar je moet je niet beperken tot \u00e9\u00e9n seminarie of \u00e9\u00e9n training. En dergelijke - bovendien uitgevoerd door mensen uit het buitenland zijn erg duur. Maar de kennis van de fokker loont - het loont gewoon in uw puppy.<\/p>\n<p>[\/et_pb_text][\/et_pb_column][\/et_pb_row][\/et_pb_section]<\/p>","protected":false},"excerpt":{"rendered":"<p>Prijs van een Australian LabradoodleDe prijs van een Australian Labradoodle is hoog, maar weerspiegelt alle kosten die gepaard gaan met gezondheidstesten, aanschaf en het importeren van gezonde en goede foklijnen. Registratie bij een gerenommeerde organisatie en zelfs kennis over en wijze van primaire socialisatie van pups door de fokker. Prijsverschillen moeten altijd aanleiding geven tot een alarmsignaal en een grondige analyse van waar ze van afhankelijk zijn. [\u2026]<\/p>","protected":false},"author":3,"featured_media":0,"parent":0,"menu_order":0,"comment_status":"closed","ping_status":"closed","template":"","meta":{"_et_pb_use_builder":"on","_et_pb_old_content":"<strong>Cena Australijskiego Labradoodle jest wysoka<\/strong>, ale odzwierciedla ona wszystkie koszty zwi\u0105zane z testami zdrowotnymi, zakupem, sprowadzeniem zdrowych i dobrych linii hodowlanych. Rejestracjom w renomowanej organizacji a nawet wiedz\u0105 na temat i sposobem przeprowadzania pierwotnej socjalizacji szczeni\u0105t przez hodowc\u0119.\r\n\r\n<strong>R\u00f3\u017cnice cenowe<\/strong> zawsze powinny spowodowa\u0107 zapalenie czerwonej lampki i wnikliw\u0105 analiz\u0119 od czego one zale\u017c\u0105. Niestety linia, linii nie jest r\u00f3wna i ju\u017c w niekt\u00f3rych z linii Australijskich Labradoodle pojawia si\u0119 wiele chor\u00f3b genetycznych. Mnie samej szukanie dobrej i zdrowej linii Labradoodle (sprowadzanej w celu urozmaicenia puli genetycznej) zaj\u0119\u0142o 1,5 roku, a w temacie Australijskich Labradoodle \u201esiedz\u0119\u201d ju\u017c od lat 8. Nast\u0119pn\u0105 kwesti\u0105 jest kwestia Organizacji Kynologicznej (jest ich kilka, wiele powsta\u0142o z ch\u0119ci du\u017cego, szybkiego zarobku \u2013 wiadomo, podobn\u0105 sytuacj\u0119 mo\u017cemy obserwowa\u0107 w Polsce po zmianie Ustawy o Ochronie Zwierz\u0105t), kt\u00f3ra nak\u0142ada na hodowc\u00f3w przeprowadzania bardzo wnikliwych test\u00f3w zdrowotnych swoich szczeni\u0105t, czy cho\u0107by test\u00f3w DNA \u2013 to wszystko jest niestety bardzo kosztowne.\r\n\r\nJe\u017celi organizacja jest zainteresowana rozwojem i badaniami nad ras\u0105 \u2013 dochodz\u0105 do tego koszty innych bada\u0144 (na przyk\u0142ad Improper Coat), kt\u00f3re pokrywaj\u0105 hodowcy.\r\n\r\nA co z socjalizacj\u0105? Czy mo\u017ce j\u0105 wykona\u0107 ka\u017cdy? Oczywi\u015bcie! Pytanie tylko z jakim skutkiem? Wiedza na temat rozwoju m\u00f3zgu psa i krytycznych okres\u00f3w jest wiedz\u0105 kluczow\u0105 w socjalizacji szczeni\u0105t. Wszystkie bod\u017ace, kt\u00f3re zapodajemy szczeniakom musz\u0105 by\u0107 wywa\u017cone i dostosowane do konkretnego okresu rozwoju. Ka\u017cde szczeni\u0119 jest inne. Co w zwi\u0105zku z tym? Prawdziwy hodowca swoj\u0105 wiedz\u0119 ca\u0142y czas doskonali, bierze udzia\u0142 w r\u00f3\u017cnych seminariach, konferencjach. \u017byjemy w czasach, w kt\u00f3rych wiedza na temat behawioru zwierz\u0105t kwitnie. Co chwil\u0119 docieraj\u0105 do nas nowe fakty, ale i te\u017c wielcy ze \u015bwiata zwierz\u0105t \u2013 etolodzy czy behawiory\u015bci potrafi\u0105 mie\u0107 r\u00f3\u017cne zdania, opinie, przypuszczenia. No i bardzo dobrze \u2013 dzi\u0119ki temu mamy post\u0119p. Tylko nie wolno poprzesta\u0107 na jednym seminarium czy na jednym szkoleniu. A takie \u2013 w dodatku przeprowadzane przez osoby z zagranicy s\u0105 bardzo kosztowne. Ale wiedza hodowcy procentuje \u2013 procentuje w Waszym szczeniaku, po prostu.","_et_gb_content_width":"","footnotes":""},"class_list":["post-4118","page","type-page","status-publish","hentry"],"_links":{"self":[{"href":"https:\/\/labradoodle.pl\/nl\/wp-json\/wp\/v2\/pages\/4118","targetHints":{"allow":["GET"]}}],"collection":[{"href":"https:\/\/labradoodle.pl\/nl\/wp-json\/wp\/v2\/pages"}],"about":[{"href":"https:\/\/labradoodle.pl\/nl\/wp-json\/wp\/v2\/types\/page"}],"author":[{"embeddable":true,"href":"https:\/\/labradoodle.pl\/nl\/wp-json\/wp\/v2\/users\/3"}],"replies":[{"embeddable":true,"href":"https:\/\/labradoodle.pl\/nl\/wp-json\/wp\/v2\/comments?post=4118"}],"version-history":[{"count":6,"href":"https:\/\/labradoodle.pl\/nl\/wp-json\/wp\/v2\/pages\/4118\/revisions"}],"predecessor-version":[{"id":4938,"href":"https:\/\/labradoodle.pl\/nl\/wp-json\/wp\/v2\/pages\/4118\/revisions\/4938"}],"wp:attachment":[{"href":"https:\/\/labradoodle.pl\/nl\/wp-json\/wp\/v2\/media?parent=4118"}],"curies":[{"name":"wp","href":"https:\/\/api.w.org\/{rel}","templated":true}]}}