{"id":3646,"date":"2018-03-20T21:42:27","date_gmt":"2018-03-20T20:42:27","guid":{"rendered":"https:\/\/labradoodle.pl\/?page_id=3646"},"modified":"2022-02-25T11:53:14","modified_gmt":"2022-02-25T10:53:14","slug":"historia-rasy","status":"publish","type":"page","link":"https:\/\/labradoodle.pl\/nl\/historia-rasy\/","title":{"rendered":"De geschiedenis van het ras"},"content":{"rendered":"<p>[et_pb_section fb_built=\u201d1\u2033 _builder_version=\u201d3.22\u2033 global_colors_info=\u201d{}\u201d][et_pb_row _builder_version=\u201d3.25\u2033 background_size=\u201dinitial\u201d background_position=\u201dtop_left\u201d background_repeat=\u201drepeat\u201d global_colors_info=\u201d{}\u201d][et_pb_column type=\u201d4_4\u2033 _builder_version=\u201d3.25\u2033 custom_padding=\u201d|||\u201d global_colors_info=\u201d{}\u201d custom_padding__hover=\u201d|||\u201d][et_pb_text _builder_version=\u201d3.27.4\u2033 text_font_size=\u201d18\u2033 global_colors_info=\u201d{}\u201d]<\/p>\n<h1>Australian Labradoodle - Geschiedenis van het ras<\/h1>\n<p>&nbsp;<\/p>\n<p><span style=\"font-weight: 400;\">Door selectief fokken en trainen heeft de mens geleerd honden te gebruiken om specifieke rollen te vervullen. Naast traditionele taken zoals fokken, jagen, speuren en bewaken, werden honden in de loop van de vorige eeuw ook voor andere taken gebruikt. <\/span><\/p>\n<p><span style=\"font-weight: 400;\">Vandaag hebben we te maken met hondengeleiders, therapeuten, honden die op zoek zijn naar vermiste personen, drugs of explosieven opsporen.<\/span><\/p>\n<p><span style=\"font-weight: 400;\">De Authentieke Australian Labradoodle heeft twee hondenlijnen:<\/span><\/p>\n<ul>\n<li style=\"font-weight: 400;\"><span style=\"font-weight: 400;\">werkende lijn<\/span><\/li>\n<li style=\"font-weight: 400;\"><span style=\"font-weight: 400;\">therapeutische lijn<\/span><\/li>\n<\/ul>\n<p><span style=\"font-weight: 400;\">en worden al vele jaren met succes gebruikt voor de bovengenoemde doeleinden. speciale taken.<\/span><\/p>\n<p><span style=\"font-weight: 400;\">Oorspronkelijk was de Australian Labradoode een hybride Labrador Retriever\/Poedel, maar de afgelopen decennia zijn er voor specifieke doeleinden infusies van andere rassen ge\u00efntroduceerd. <\/span><\/p>\n<p><span style=\"font-weight: 400;\">In de jaren zeventig deed de Australian Blind Organization de eerste pogingen om de intelligentie van de poedel te combineren met de sterke menselijke gerichtheid die typerend is voor de Labrador Retriever. Sommige individuen uit deze combinatie waren gemakkelijk te trainen, verharen niet en hadden niet de typische hondengeur. <\/span><\/p>\n<p><span style=\"font-weight: 400;\">Aanvankelijk werden deze positieve eigenschappen niet opgemerkt. Pas in 1989 kreeg het Instituut een aanvraag voor een geleidehond voor een blinde vrouw. Het moest echter wel een hond zijn die geen allergische reactie zou veroorzaken bij haar man. <\/span><\/p>\n<p><span style=\"font-weight: 400;\">Wally Conron, de verantwoordelijke fokker van The Royal Victorian Guide Dogs Association (destijds de naam van de organisatie van Australische hulphonden), herinnerde zich deze combinatie en besloot deze te herhalen. Het eerste nest bestond uit drie pups en ze hadden niet allemaal de gewenste eigenschappen.<\/span><\/p>\n<p>&nbsp;<\/p>\n<h3>Nakomelingen<\/h3>\n<p>&nbsp;<\/p>\n<p><span style=\"font-weight: 400;\">Conron gaf het nageslacht de naam LABRADOODLE. Na vele testen bleek slechts \u00e9\u00e9n van de pups allergievriendelijk te zijn, maar helaas was ze aan het vervellen. <\/span><\/p>\n<p><span style=\"font-weight: 400;\">Over dit succes werd met veel enthousiasme bericht in de Australische media. Door de media-aandacht voor de bijzondere eigenschappen van de Labradoodle werd het ras ineens erg populair. Wally Conron herhaalde de combinatie verschillende keren. Maar in een interview met Reader&#039;s Digest vertelde hij de ge\u00efnterviewde dat veel Labradoodles een moeilijk en eigenwijs karakter hadden, om deze reden besloot hij na verschillende pogingen het fokprogramma te be\u00ebindigen. <\/span><\/p>\n<p><span style=\"font-weight: 400;\">Door de publiciteit rond de kruising is de Labradoodle een populaire hond geworden in Australi\u00eb en de VS. De publiciteit inspireerde twee Australische fokkers, Beverley Manners en haar dochter Angela, die besloten het door Conron gestarte werk voort te zetten. Ze wilden een hond cre\u00ebren die niet-agressief, allergievriendelijk, werkwillig en gemakkelijk te trainen was als werk- of therapiehond.<\/span><\/p>\n<p><span style=\"font-weight: 400;\">Beide fokkers kochten hun eerste Labradoodles van een boer genaamd Don Evans die al meerdere generaties had gefokt. Deze Labradoodles en andere infusies (poedel, F1) werden de basis voor hun fokprogramma.<\/span><\/p>\n<p><span style=\"font-weight: 400;\">Om de genenpool te vergroten, cre\u00eberden beide fokkers een nieuw Labradoodle-basismateriaal, waarmee de miniatuurpoedel werd ge\u00efntroduceerd in bestaande Australische foklijnen. Zo ontstonden kleinere versies van Labradoodle. <\/span><\/p>\n<p><span style=\"font-weight: 400;\">Ondanks selectief fokken met de beste nakomelingen bleef het hyperactieve en eigenwijze karakter bestaan. Moeder en dochter besloten dat infusie met een ander ras nodig was om het karakter te verzachten.<\/span><\/p>\n<p><span style=\"font-weight: 400;\">En zo voegde de Ierse waterspani\u00ebl zich bij de genetische pool, gevolgd door de Engelse en Amerikaanse cockerspani\u00ebls. \u00a0<\/span><\/p>\n<p><span style=\"font-weight: 400;\">Helaas begonnen er echter in veel nesten puppy&#039;s met kort haar te verschijnen en leek de hond helemaal niet op een Labradoodle.<\/span><\/p>\n<p>&nbsp;<\/p>\n<h3>Cymbrogs<\/h3>\n<p>&nbsp;<\/p>\n<p><span style=\"font-weight: 400;\">Pas in juli 2012 ontdekte Cymbrogi, een Nederlandse fokker van Australian Labradoodles, dat het vreemde type bontjas wordt veroorzaakt door een genetische mutatie in het RSPO2-gen. <\/span><\/p>\n<p><span style=\"font-weight: 400;\">Fokkers in Australi\u00eb, de Verenigde Staten, Groot-Brittanni\u00eb en elders begonnen het succesvolle fokprogramma van de Australische pioniers te kopi\u00ebren. Om hun unieke honden te onderscheiden van andere Labradoodles, noemden Beverley Manners en haar dochter hun foklijnen Australian Labradoodles en vervolgens ASD Australian Labradoodles. ASS staat voor Australian Service Dog. <\/span><\/p>\n<p><span style=\"font-weight: 400;\">De laatste infusie die in de lijn werd ge\u00efntroduceerd, was de Soft Coated Irish Wheaten-infusie die in 2004 werd toegevoegd. <\/span><\/p>\n<p><span style=\"font-weight: 400;\">Het doel van deze infusie was om de structuur van de vacht te verbeteren. De vacht van Australian Labradoodles, verrijkt met de laatste infusie, heeft een vacht die makkelijker te verzorgen is. <\/span><\/p>\n<p><span style=\"font-weight: 400;\">Bron: <\/span><\/p>\n<p><span style=\"font-weight: 400;\">Geschiedenis van het ras - ALFA-EUROPE (https:\/\/www.alfa-europe.org\/puppy-buyer\/breed-history.html)<\/span><br \/>\n[\/et_pb_text][\/et_pb_column][\/et_pb_row][\/et_pb_section]<\/p>","protected":false},"excerpt":{"rendered":"<p>Australian Labradoodle - Geschiedenis van het ras Door selectief fokken en trainen hebben mensen geleerd honden te gebruiken om specifieke rollen te vervullen. Naast traditionele taken zoals fokken, jagen, speuren en bewaken, zijn honden de afgelopen eeuw voor andere taken gebruikt. Tegenwoordig hebben we hondengidsen, therapeuten, honden die op zoek zijn naar vermiste mensen, drugs opsporen of [\u2026]<\/p>","protected":false},"author":3,"featured_media":0,"parent":0,"menu_order":0,"comment_status":"closed","ping_status":"closed","template":"","meta":{"_et_pb_use_builder":"on","_et_pb_old_content":"","_et_gb_content_width":"","footnotes":""},"class_list":["post-3646","page","type-page","status-publish","hentry"],"_links":{"self":[{"href":"https:\/\/labradoodle.pl\/nl\/wp-json\/wp\/v2\/pages\/3646","targetHints":{"allow":["GET"]}}],"collection":[{"href":"https:\/\/labradoodle.pl\/nl\/wp-json\/wp\/v2\/pages"}],"about":[{"href":"https:\/\/labradoodle.pl\/nl\/wp-json\/wp\/v2\/types\/page"}],"author":[{"embeddable":true,"href":"https:\/\/labradoodle.pl\/nl\/wp-json\/wp\/v2\/users\/3"}],"replies":[{"embeddable":true,"href":"https:\/\/labradoodle.pl\/nl\/wp-json\/wp\/v2\/comments?post=3646"}],"version-history":[{"count":9,"href":"https:\/\/labradoodle.pl\/nl\/wp-json\/wp\/v2\/pages\/3646\/revisions"}],"predecessor-version":[{"id":4912,"href":"https:\/\/labradoodle.pl\/nl\/wp-json\/wp\/v2\/pages\/3646\/revisions\/4912"}],"wp:attachment":[{"href":"https:\/\/labradoodle.pl\/nl\/wp-json\/wp\/v2\/media?parent=3646"}],"curies":[{"name":"wp","href":"https:\/\/api.w.org\/{rel}","templated":true}]}}