{"id":185,"date":"2009-02-09T10:57:22","date_gmt":"2009-02-09T09:57:22","guid":{"rendered":"https:\/\/wlochata-pasja.home.pl\/www\/?page_id=185"},"modified":"2024-02-01T12:13:08","modified_gmt":"2024-02-01T11:13:08","slug":"australijski-labradoodle","status":"publish","type":"page","link":"https:\/\/labradoodle.pl\/nl\/australijski-labradoodle\/","title":{"rendered":"Australische labradoodle"},"content":{"rendered":"<p>[et_pb_section fb_built=\u201d1\u2033 fullwidth=\u201don\u201d next_background_color=\u201d#ffffff\u201d admin_label=\u201dHeader Section\u201d _builder_version=\u201d4.23\u2033 background_color=\u201d#FFFFFF\u201d bottom_divider_style=\u201dramp2\u2033 bottom_divider_flip=\u201dhorizontaal\u201d hover_enabled=\u201d0\u2033 global_ Colors_info = \u201d{}\u201d theme_builder_area=\u201dpost_content\u201d sticky_enabled=\u201d0\u2033][et_pb_fullwidth_header title=\u201dAustralian Labradoodle\u201d admin_label=\u201dFullwidth Header\u201d _builder_version=\u201d4.23\u2033 title_font=\u201dRaleway|700|||||||\u201d title_text_align=\u201dcenter\u201d title_font_size=\u201d70px\u201d title_line_height=\u201d1.1em\u201d content_font=\u201dRaleway||||||||\u201d content_text_color=\u201d#FFFFFF\u201d content_font_size=\u201d50px\u201d content_line_height=\u201d1.1em\u201d subhead_font=\u201dRaleway|700|||||||\u201d subhead_font_size=\u201d70px\u201d subhead_line_height=\u201d1.1em\u201d background_color=\u201d#c0b740\u2033 background_enable_image=\u201duit\u201d background_blend=\u201doverlay\u201d custom_button_one=\u201daan\u201d button_one_text_size=\u201d16px\u201d button_one_text_color=\u201d#ffffff\u201d button_one_bg_color=\u201drgba(224,15 3,0, 0,83)\u201d button_one_border_width=\u201d15px\u201d button_one_border_color=\u201drgba(0,0,0,0)\u201d button_one_border_radius=\u201d100px\u201d button_one_letter_spacing=\u201d3px\u201d button_one_font=\u201dOswald|||on|||||\u201d button_one_use_icon=\u201duit\u201d custom_button_two=\u201daan\u201d button_two_text_size=\u201d16px\u201d button_two_text_color=\u201d#ffffff\u201d button_two_bg_color=\u201drgba(224,153,0,0.83)\u201d button_two_border_width=\u201d15px\u201d button_two_border_color=\u201drgba(0,0,0,0 ) \u201d button_two_border_radius=\u201d100px\u201d button_two_letter_spacing=\u201d3px\u201d button_two_font=\u201dOswald|||on|||||\u201d button_two_use_icon=\u201duit\u201d custom_margin=\u201d|||\u201d custom_padding=\u201d3vw||3vw||true|\u201d hover_enabled=\u201d0\u2033 content_font_size_tablet=\u201d50px\u201d content_font_size_phone=\u201d25px\u201d content_font_size_last_edited=\u201dop|desktop\u201d subhead_font_size_tablet=\u201d80px\u201d subhead_font_size_phone=\u201d35px\u201d subhead_font_size_last_edited=\u201dop|desktop\u201d title_text_shadow_style=\u201dpreset4 \u2033 title_text _shadow_color=\u201d#000000\u2033 content_text_shadow_style =\u201dpreset2\u2033 content_text_shadow_color=\u201d#000000\u2033 subhead_text_shadow_style=\u201dpreset4\u2033 text_shadow_style=\u201dpreset4\u2033 button_one_border_radius_hover=\u201d100px\u201d button_one_bg_color_hover=\u201d#cc8d66\u2033 button_two_bg_color_hover=\u201d#d2 9f68\u2033 global_colors_info=\u201d{}\u201d button_one_text_size__hover_enabled=\u201duit\u201d button_two_text_size__hover_enabled=\u201duit \u201d button_one_text_color__hover_enabled=\u201duit\u201d button_two_text_color__hover_enabled=\u201duit\u201d button_one_border_width__hover_enabled=\u201duit\u201d button_two_border_width__hover_enabled=\u201duit\u201d button_one_border_color__hover_enabled=\u201duit\u201d button_two_border_color__hover_enabled=\u201duit knop_one\u201d. _border_radius __hover_enabled=\u201duit\u201d button_one_border_radius__hover=\u201d100px\u201d button_two_border_radius__hover_enabled=\u201duit\u201d button_one_letter_spacing__hover_enabled=\u201d uit\u201d button_two_letter_spacing__hover_enabled=\u201duit\u201d button_one_bg_color__hover_enabled=\u201daan\u201d button_one_bg_color__hover=\u201d#d87c6c\u201d button_two_bg_color__hover_enabled=\u201daan\u201d button_two_bg_color__hover=\u201d#d87c6c\u201d thema_builder_area=\u201dpost_content \u201d title_font _size_last_edited=\u201dop|desktop\u201d sticky_enabled=\u201d0\u2033 title_font_size_phone=\u201d50px\u201d title_font_size_tablet=\u201d 70px\u201d][\/et_pb_fullwidth_header][\/et_pb_section][et_pb_section fb_built=\u201d1\u2033 admin_label=\u201dsection\u201d _builder_version=\u201d4.16\u2033 global_colors_info=\u201d{}\u201d][et_pb_row admin_label=\u201drow\u201d _builder_version=\u201d4.16\u2033 background_size=\u201d initial\u201d background_position=\u201dtop_left\u201d background_repeat=\u201drepeat\u201d global_colors_info=\u201d{}\u201d][et_pb_column type=\u201d4_4\u2033 _builder_version=\u201d4.16\u2033 custom_padding=\u201d|||\u201d global_colors_info=\u201d{}\u201d custom_padding__hover=\u201d|||\u201d][et_pb_text admin_label=\u201dText\u201d _builder_version=\u201d4.23\u2033 text_font=\u201d|300|||||||\u201d background_size=\u201dinitial\u201d background_position=\u201dtop_left\u201d background_repeat=\u201drepeat\u201d hover_enabled=\u201d0\u2033 global_colors_info=\u201d{}\u201d sticky_enabled=\u201d0\u2033]<\/p>\n<h1>Australische labradoodle<\/h1>\n<h3 style=\"text-align: justify;\">Wat geschiedenis<\/h3>\n<p style=\"text-align: justify;\">De afgelopen jaren <strong>Australische labradoodle<\/strong>, zijn een van de meest populaire rassen in de Verenigde Staten geworden. Ook in Europa komen ze steeds vaker voor. Veel mensen raakten ge\u00efnteresseerd in hoppen, vooral vanwege hun niet-verharende en allergievriendelijke vacht. <strong>Australische labradoodle<\/strong> het zijn honden die hunkeren naar menselijke samenwerking, snel leren en grote gehechtheid tonen aan hun menselijke roedel.<br \/>Het is een van de weinige rassen die behoren tot de categorie - <a href=\"https:\/\/labradoodle.pl\/nl\/australijskie-labradoodle-dla-alergikow\/\">HYPOALLERGISCH<\/a>. De meeste mensen met een allergie staan erg sceptisch tegenover het houden van honden. Ik weet dit uit eigen ervaring, toen ik een voor een pleeggezinnen moest zoeken, eerst voor mijn papegaai en daarna voor mijn bassethond. Ik kan alleen maar een bezoek aan Hairy Passion aanraden, dan kun je zeker zien of er een allergische reactie op honden zal zijn of niet.<br \/>Mijn allergie\u00ebn groeiden van jaar tot jaar, toen verscheen astma en de allergoloog raadde het hebben van een hond sterk af. Ik werd gestuurd voor tests, wat natuurlijk mijn angsten bevestigde. Ik was bang dat ik nooit mijn passie zou kunnen uitoefenen, namelijk honden en ermee werken. Ik las veel over allergievriendelijke honden en ik was er nog steeds erg sceptisch over. Voordat ik besloot zo&#039;n hond aan te schaffen, ben ik meerdere keren bij de kennel geweest om te kijken of ik allergische reacties zou krijgen.<\/p>\n<p>[\/et_pb_text][dmg_masonry_gallery gallery=\u201d5199,5191,5145,4982,4985,4885\u2033 columns=\u201d6\u2033 gutter=\u201d3\u2033 modal_title=\u201din_title\u201d hover_overlay_effect=\u201doverlay_image_data\u201d overlay_title_size=\u201d19px\u201d overlay_title_color=\u201d#FF FFFF \u201d show_overlay_caption=\u201doff\u201d overlay_caption_size=\u201d14px\u201d paginering_buttons_background=\u201dRGBA(255,255,255,0)\u201d paginering_buttons_background_active=\u201d#bcb840\u2033 columns_tablet=\u201d2\u2033 columns_phone=\u201d2\u2033 columns_last_edited=\u201don|desktop\u201d builder_version=\u201d4 .18.0 \u2033 _module_preset=\u201ddefault\u201d paginering_text_color=\u201d#bcb840\u2033 paginering_font_size=\u201d12px\u201d paginering_active_text_color=\u201d#71615b\u201d paginering_active_font_size=\u201d12px\u201d border_radii_image=\u201don|12px|12px|12px|12px\u201d border_radii_p|6 px|6px|6px |6px \u201d border_radii_pagination_active=\u201don|6px|6px|6px|6px\u201d box_shadow_style_pagination=\u201dpreset1\u2033 global_colors_info=\u201d{}\u201d][\/dmg_masonry_gallery][et_pb_text _builder_version=\u201d4.18.0\u2033 _module_preset=\u201ddefault\u201d text_font=\u201d| 300||||||\u201d global_colors_info=\u201d{}\u201d]<\/p>\n<p style=\"text-align: justify;\">Tot enige tijd geleden was het publieke bewustzijn van het bestaan van dergelijke rassen erg laag. Toen ik in de browser aan het zoeken was (informatie op Poolse websites was erg slecht), kwam ik een van de forums tegen (van een ras dat is geclassificeerd als hypoallergeen), waar ik een grappige definitie van het woord HYPOALLERGISCH vond. HIPO - dat is heel, enorm, enorm, hier werd zelfs een vergelijking met een nijlpaard gemaakt. ALLERGIE, allergie veroorzakend, sensibiliserend = een hond die sterk (sterk) sensibiliserend is. Best grappig hoe sommige mensen hun eigen theorie\u00ebn kunnen bouwen, nietwaar?<br \/>Een tijdlang was mijn hoofd bezig met \u00e9\u00e9n gedachte: er zijn zoveel mensen in de wereld met het probleem waarmee ik worstel, en helaas wijst alles erop dat er nog meer zullen zijn. Ik vroeg me af hoeveel mensen met een handicap die een hulphond nodig hebben in dit zwembad zullen zijn? Hoeveel mensen met een allergie of astma hebben een werkhond nodig? Mijn doel was om een ras te vinden dat geschikt is om met mensen te werken en dat alle mogelijkheden daartoe heeft, en tegelijkertijd een ras dat vriendelijk is voor mensen met een allergie.<br \/>Na enige tijd kwam ik in het maandblad &quot;M\u00f3j Pies&quot; een artikel tegen dat was geschreven door Magda Urban van de &quot;Psia Wachta&quot; Foundation. Het was een artikel over Beverley Manners uit Australi\u00eb en haar prachtige Australian Labradoodles en ik wist dat dit was wat ik zocht. Ik heb niet lang getwijfeld en we hebben een fantastische kennismaking gemaakt. Beverley heeft ongeveer een jaar lang haar waardevolle ervaringen met mij gedeeld. Vandaag voel ik me zelfverzekerd genoeg om haar programma voort te zetten en de geschiedenis van Australian Labradoodles in Polen te cre\u00ebren.<\/p>\n<p style=\"text-align: justify;\">Mijn missie is om degenen te helpen voor wie Beverley besloot het ras te cre\u00ebren.<\/p>\n<p style=\"text-align: justify;\">Edyta Gajewska<\/p>\n<p>[\/et_pb_text][\/et_pb_column][\/et_pb_row][\/et_pb_section]<\/p>","protected":false},"excerpt":{"rendered":"<p>Australian Labradoodle Een stukje geschiedenis De afgelopen twaalf jaar zijn Australian Labradoodles een van de meest populaire rassen in de Verenigde Staten geworden. Ook in Europa worden ze steeds vaker gehoord. Veel mensen zijn vooral ge\u00efnteresseerd in dudles vanwege hun niet-verharende en allergievriendelijke vacht. Australian Labradoodles zijn honden die met mensen willen samenwerken, snel willen leren en [\u2026]<\/p>","protected":false},"author":2,"featured_media":0,"parent":0,"menu_order":0,"comment_status":"closed","ping_status":"closed","template":"","meta":{"_et_pb_use_builder":"on","_et_pb_old_content":"<h1>Australijski Labradoodle<\/h1>\n<p style=\"text-align: justify;\"><img class=\"size-full wp-image-188 alignleft\" style=\"border: 5px solid white; margin-top: 10px; margin-bottom: 10px;\" title=\"W\u0142ochata Pasja - Australijski Labradoodle\" alt=\"labradoore-info\" src=\"http:\/\/wlochata-pasja.home.pl\/www\/wp-content\/uploads\/2009\/02\/labradoore-info.png\" width=\"270\" height=\"73\" \/><\/p>\n<p style=\"text-align: justify;\">Przez ostatnie kilka lat <strong>Australijskie Labradoodle<\/strong>, sta\u0142y si\u0119 jedn\u0105 z najbardziej popularnych ras w Stanach Zjednoczonych. Coraz cz\u0119\u015bciej o nich s\u0142ycha\u0107 tak\u017ce w Europie. Wielu ludzi zainteresowa\u0142o si\u0119 dudlami g\u0142\u00f3wnie ze wzgl\u0119du na ich nie liniej\u0105c\u0105 i\u00a0przyjazn\u0105 alergikom\u00a0sier\u015b\u0107. <strong>Australijskie Labradoodle<\/strong> to psy, kt\u00f3re pragn\u0105 wsp\u00f3\u0142pracy z cz\u0142owiekiem, szybko si\u0119 ucz\u0105 a swojej ludzkiej sforze okazuj\u0105 du\u017ce przywi\u0105zanie.\nJest to jedna z nielicznych ras nale\u017c\u0105cych do kategorii - HIPOALERGICZNY. Wi\u0119kszo\u015b\u0107 alergik\u00f3w bardzo sceptycznie podchodzi do posiadania ps\u00f3w. Znam to z w\u0142asnego do\u015bwiadczenia, kiedy po kolei musia\u0142am szuka\u0107 dom\u00f3w zast\u0119pczych, najpierw dla mojej papugi a potem psa rasy basset hound. Mog\u0119 jedynie zaproponowa\u0107 wizyt\u0119 we W\u0142ochatej Pasji, kt\u00f3ra na pewno pozwoli si\u0119 Pa\u0144stwu przekona\u0107 czy wyst\u0105pi reakcja alergiczna na psy czy te\u017c nie.\nMoje alergie nasila\u0142y si\u0119 z roku na rok, potem pojawi\u0142a si\u0119 astma a lekarz alergolog stanowczo odradzi\u0142 posiadanie psa. Zosta\u0142am wys\u0142ana na badania, kt\u00f3re oczywi\u015bcie potwierdzi\u0142y moje obawy. Ba\u0142am si\u0119, \u017ce nigdy nie b\u0119d\u0119 w stanie realizowa\u0107 swojej pasji, pasji kt\u00f3r\u0105 w\u0142a\u015bnie s\u0105 psy i praca z nimi. Bardzo du\u017co czyta\u0142am o psach przyjaznych alergikom a i tak podchodzi\u0142am do tematu bardzo sceptycznie. Zanim zdecydowa\u0142am si\u0119 na takiego psa odwiedzi\u0142am hodowl\u0119 kilka razy, aby zaobserwowa\u0107 czy wyst\u0105pi\u0105 u mnie reakcje alergiczne.\nJeszcze trzy lata temu, \u015bwiadomo\u015b\u0107 spo\u0142ecze\u0144stwa na temat istnienia takich ras by\u0142a bardzo niska. Kiedy przeszukiwa\u0142am przegl\u0105dark\u0119 (na polskich stronach informacje by\u0142y bardzo ubogie) natkn\u0119\u0142am si\u0119 na jedno z forum (w\u0142a\u015bnie rasy, kt\u00f3ra jest zaliczana do hipoalergicznych), na kt\u00f3rym znalaz\u0142am zabawn\u0105 definicj\u0119 s\u0142owa HIPOALERGICZNY. HIPO - czyli bardzo, ogromnie, wielce, tutaj nawet pad\u0142o przyr\u00f3wnanie do hipopotama. ALERGICZNY, powoduj\u0105cy alergi\u0119, uczulaj\u0105cy = pies kt\u00f3ry silnie (mocno) uczula. Dosy\u0107 zabawne, jak niekt\u00f3rzy potrafi\u0105 budowa\u0107 swoje w\u0142asne teorie, nieprawda\u017c?\nPrzez jaki\u015b czas moja g\u0142owa by\u0142a zaprz\u0105tni\u0119ta jedn\u0105 my\u015bl\u0105 - na \u015bwiecie jest tak wiele os\u00f3b z problemem z jakim i ja si\u0119 borykam, a niestety wszystko wskazuje na to, \u017ce przyb\u0119dzie ich jeszcze wi\u0119cej. Zastanawia\u0142am si\u0119 ile w tej puli znajdzie si\u0119 os\u00f3b niepe\u0142nosprawnych potrzebuj\u0105cych psa asystuj\u0105cego? Ilu alergik\u00f3w czy astmatyk\u00f3w b\u0119dzie potrzebowa\u0142o psa pracuj\u0105cego? Za cel postanowi\u0142am sobie znale\u017a\u0107 ras\u0119 odpowiedni\u0105 do pracy z lud\u017ami i posiadaj\u0105c\u0105 wszelki potencja\u0142 ku temu, a jednocze\u015bnie ras\u0119 kt\u00f3ra jest przyjazna alergikom.\nPo jakim\u015b czasie,\u00a0w miesi\u0119czniku \"M\u00f3j Pies\" natkn\u0119\u0142am sie na artyku\u0142 napisany przez Magd\u0119 Urban z Fundacji \"Psia Wachta\"\u00a0. By\u0142 to artyku\u0142 o Beverley Manners z Australii i jej cudownych Australijskich Labradoodlach wiedzia\u0142am, \u017ce to jest to czego szuka\u0142am. D\u0142ugo nie zwleka\u0142am i nawi\u0105za\u0142y\u015bmy ze sob\u0105 fantastyczn\u0105 znajomo\u015b\u0107. Beverley przez oko\u0142o rok czasu dzieli\u0142a si\u0119 ze mn\u0105 swoimi cennymi do\u015bwiadczeniami. Dzi\u015b czuj\u0119 si\u0119 na tyle pewnie, aby kontynuowa\u0107 jej program i tworzy\u0107 histori\u0119 Australijskich Labradoodli w Polsce.<\/p>\n<p style=\"text-align: justify;\">Moj\u0105 misj\u0105 jest niesienie pomocy tym, z my\u015bl\u0105 o kt\u00f3rych Beverley podj\u0119\u0142a decyzj\u0119 o stworzeniu rasy.<\/p>\nHodowl\u0105 Australijskich Labradoodli w Polsce zajmuje si\u0119 moja mama <strong>El\u017cbieta Gajewska<\/strong>, ja wspieram j\u0105 na etapach, w kt\u00f3rych wsparcie behawiorysty zwierz\u0119cego jest niezb\u0119dne. Sama z kolei zapraszam serdecznie do mojego dzia\u0142u \u201ebehawiorystka\u201d, gdzie zamieszczam artyku\u0142y swojego autorstwa.\n<p style=\"text-align: justify;\">Edyta Gajewska<\/p>\n<p style=\"text-align: justify;\"><span style=\"font-size: medium;\">Odwied\u017a <strong><a title=\"Australijskie labradoodle - zdj\u0119cia\" href=\"https:\/\/labradoodle.pl\" target=\"_blank\">galeri\u0119 australijskich labradoodle<\/a><\/strong><\/span><\/p>\n------------------------------------------------------------------------------------------------------------------------------------------------------------------------------------------------------------------\n\nW\u0142ochata Pasja\nHodowla Australijskich Labradoodli w Polsce\nPierwsze Australijskie Labradoodle w Polsce\n\n------------------------------------------------------------------------------------------------------------------------------------------------------------------------------------------------------------------","_et_gb_content_width":"","footnotes":""},"class_list":["post-185","page","type-page","status-publish","hentry"],"_links":{"self":[{"href":"https:\/\/labradoodle.pl\/nl\/wp-json\/wp\/v2\/pages\/185","targetHints":{"allow":["GET"]}}],"collection":[{"href":"https:\/\/labradoodle.pl\/nl\/wp-json\/wp\/v2\/pages"}],"about":[{"href":"https:\/\/labradoodle.pl\/nl\/wp-json\/wp\/v2\/types\/page"}],"author":[{"embeddable":true,"href":"https:\/\/labradoodle.pl\/nl\/wp-json\/wp\/v2\/users\/2"}],"replies":[{"embeddable":true,"href":"https:\/\/labradoodle.pl\/nl\/wp-json\/wp\/v2\/comments?post=185"}],"version-history":[{"count":5,"href":"https:\/\/labradoodle.pl\/nl\/wp-json\/wp\/v2\/pages\/185\/revisions"}],"predecessor-version":[{"id":9905,"href":"https:\/\/labradoodle.pl\/nl\/wp-json\/wp\/v2\/pages\/185\/revisions\/9905"}],"wp:attachment":[{"href":"https:\/\/labradoodle.pl\/nl\/wp-json\/wp\/v2\/media?parent=185"}],"curies":[{"name":"wp","href":"https:\/\/api.w.org\/{rel}","templated":true}]}}