{"id":5762,"date":"2022-10-21T13:18:23","date_gmt":"2022-10-21T11:18:23","guid":{"rendered":"https:\/\/labradoodle.pl\/?page_id=5762"},"modified":"2022-11-29T09:32:20","modified_gmt":"2022-11-29T08:32:20","slug":"testy-zdrowotne","status":"publish","type":"page","link":"https:\/\/labradoodle.pl\/fi\/testy-zdrowotne\/","title":{"rendered":"Terveystestit"},"content":{"rendered":"<p>. \u201d global_colors_info=\u201d{}\u201d][et_pb_column type=\u201d4_4\u2033 _builder_version=\u201d4.16\u2033 custom_padding=\u201d|||\u201d global_colors_info=\u201d{}\u201d custom_padding__hover=\u201d|||\u201d][et_pb_text _builder_version=\u201d4.18.0\u2033 _module_preset=\u201ddefault\u201d global_colors_info=\u201d{}\u201d]<\/p>\n<h1>Terveystestit<\/h1>\n<p>[\/et_pb_text][et_pb_text admin_label=\u201dTeksti\u201d _builder_version=\u201d4.18.0\u2033 text_font=\u201d|300|||||||\u201d background_size=\u201dinitial\u201d background_position=\u201dtop_left\u201d background_repeat=\u201dtoista\u201d global_colors_info=\u201d{}\u201d]<\/p>\n<h4>Australian Labradoodle ja terveystestit. T\u00e4ss\u00e4 ovat sairaudet, joita testaamme koirillamme:<\/h4>\n<div><\/div>\n<div><strong>P\u00e4\u00e4asiallinen:<\/strong><strong><\/strong><\/div>\n<div><strong><\/strong><\/div>\n<div>- Lonkan ja kyyn\u00e4rp\u00e4\u00e4n dysplasia (FCI-standardit)<\/div>\n<div>\u2013 V\u00e4\u00e4r\u00e4 turkki<\/div>\n<div>\u2013 Von Willebrandin tauti, tyyppi I, tyypin I vWD (VWF)<br \/>- Koiran elliptosytoosi (SPTB Exon 30)<br \/>\u2013 Pyruvaattikinaasin puutos (PKLR Exon 7, Labradorinnoutaja Variant)<br \/>- Progressiivinen verkkokalvon atrofia, prcd (PRCD Exon 1)<br \/>\u2013 Kultainennoutaja Progressiivinen verkkokalvon atrofia 2, GR-PRA2 (TTC8)<br \/>\u2013 Progressiivinen verkkokalvon atrofia, crd4\/cord1 (RPGRIP1)<br \/>\u2013 Achromatopsia (CNGA3 Exon 7, Labradorinnoutaja Variant)<br \/>- Makulan sarveiskalvon dystrofia, MCD (CHST6)<br \/>\u2013 Hyperurikosuria ja hyperurikemia tai virtsakivitauti, HUU (SLC2A9)<br \/>\u2013 Synnynn\u00e4inen keratoconjunctivitis Sicca ja Ichthyosiform Dermatosis, kuivasilm\u00e4inen kihara turkki<br \/>\u2013 Syndrooma, CKCSID (FAM83H Exon 5)<br \/>- GM2 gangliosidoosi (HEXB, villakoiraversio)<br \/>- Alexanderin tauti (GFAP)<br \/>\u2013 Degeneratiivinen myelopatia, DM (SOD1A)<br \/>\u2013 Vastasyntyneiden enkefalopatia kohtauksilla, UUTISET (ATF2)<br \/>- Narkolepsia (HCRTR2 Intron 6, Labradorinnoutaja Variant)<br \/>- Lihasdystrofia (DMD, Cavalier King Charles Spaniel Variant 1)<br \/>\u2013 Ullrichin kaltainen synnynn\u00e4inen lihasdystrofia (COL6A3 Exon 10, Labradorinnoutaja Variant)<br \/>- Keskustumamyopatia, CNM (PTPLA)<br \/>\u2013 Harjoituksen aiheuttama romahdus, EIC (DNM1)<br \/>- Myotubulaarinen myopatia 1, X-kytketty myotubulaarinen myopatia, XL-MTM (MTM1, labradorinnoutaja<br \/>variantti)<\/div>\n<p>[\/et_pb_text][dmg_masonry_gallery _builder_version=\u201d4.18.0\u2033 _module_preset=\u201ddefault\u201d global_colors_info=\u201d{}\u201d][\/dmg_masonry_gallery][dmg_masonry_gallery gallery] otsikko=\u201din_title\u201d hover_overlay_effect=\u201doverlay_image_data\u201d overlay_title_size=\u201d19px\u201d overlay_title_color=\u201d#FFFFFF\u201d show_overlay_caption=\u201doff\u201d overlay_caption_size=\u201d14px\u201d pagination_buttons_background=\u201dRG2in,0,25_5back0,5) _active=\u201d#bcb 840\u2033 columns_tablet=\u201d2\u2033 columns_phone=\u201d2 \u2033 columns_last_edited=\u201don|desktop\u201d _builder_version=\u201d4.18.0\u2033 _module_preset=\u201ddefault\u201d pagination_text_color=\u201d#bcb840\u2033 pagination_font_size=\u201d12px\u201d pagination_font_size=\u201d12px\u201d pagination_font_size=\u201d12px\u201d sivutus_1 pagination_6TP5\u201d ize=\u201d12px\u201d hover_enabled=\u201d0\u2033 border_radii_image=\u201don |12px | 12px | 12px | 12px &quot;border_radi_pagination =&quot; p\u00e4\u00e4ll\u00e4 | 6px | 6px | 6px | 6px &quot;border_radi_pagination_active =&quot; p\u00e4\u00e4ll\u00e4 | 6px | 6px | 6px | 6px &quot;Global_pagination_style_shadow1. area = &quot;post_content&quot; sticky_enabled =\u201d0 \u2033][\/dmg_masonry_gallery][et_pb_text _builder_version=\u201d4.18.0\u2033 _module_preset=\u201ddefault\u201d text_font=\u201d|300|||||| header_font=&quot;|300||||||&quot; global_colors_info=\u201d{}\u201d]<\/p>\n<div><strong>J\u00e4ljell\u00e4 oleva:<\/strong><\/div>\n<div><\/div>\n<div>MDR1:n l\u00e4\u00e4keherkkyys (ABCB1)<\/div>\n<div>P2Y12-reseptoriverihiutaleh\u00e4iri\u00f6 (P2Y12)<\/div>\n<div>tekij\u00e4 IX:n puutos,<\/div>\n<div>Hemofilia B (F9 Exon 7, Terrier Variant) tekij\u00e4 IX:n puutos,<\/div>\n<div>Hemofilia B (F9 Exon 7, Rhodesian Ridgeback Variant) Tekij\u00e4n VII puutos (F7 Exon 5) Tekij\u00e4n VIII puutos,<\/div>\n<div>Hemofilia A (F8 Exon 10, Boxer Variant) tekij\u00e4 VIII:n puutos,<\/div>\n<div>Hemofilia A (F8 Exon 11, Saksanpaimenkoiran variantti 1) Tekij\u00e4n VIII puutos, Hemofilia A (F8 Exon 1, Saksanpaimenkoiran variantti 2)<\/div>\n<div>Trombopatia (RASGRP1 Exon 5, Basset Hound Variant)<\/div>\n<div>Trombopatia (RASGRP1 Exon 8, Landseer Variant)<\/div>\n<div>Trombopatia (RASGRP1 Exon 5, American Eskimo Dog Variant)<\/div>\n<div>Von Willebrandin tauti, tyyppi III, tyypin III vWD (VWF Exon 4, terrierivariantti)<\/div>\n<div>Von Willebrandin taudin tyyppi III, tyypin III vWD (VWF Exon 7, Shetlanninlammaskoiran variantti)<\/div>\n<div>Von Willebrandin tauti, tyyppi II, tyyppi II vWD (VWF, pointer-variantti)<\/div>\n<div>Koiran leukosyyttiadheesion puutos tyyppi I,<\/div>\n<div>CLAD I (ITGB2, setterivariantti) koiran leukosyyttiadheesion puutostyyppi III,<\/div>\n<div>CLAD III (FERMT3, saksanpaimenkoiraversio)<\/div>\n<div>Synnynn\u00e4inen makrotrombosytopenia (TUBB1 Exon 1, Cairn- ja Norfolk Terrier Variant)<\/div>\n<div>Glanzmannin trombosthenia Type I (ITGA2B Exon 13, Great Pyrenees Variant)<\/div>\n<div>Glanzmann&#039;s Thrombasthenia Type I (ITGA2B Exon 12, Otterhound Variant)<\/div>\n<div>May-Hegglinin poikkeamat (MYH9)<\/div>\n<div>Prekallikreiinin puutteen testatut lis\u00e4olosuhteet (KLKB1 Exon 8)<\/div>\n<div>Pyruvaattikinaasin puutos (PKLR Exon 5, Basenji Variant)<\/div>\n<div>Pyruvaattikinaasin puutos (PKLR Exon 7, mopsiversio)<\/div>\n<div>Pyruvaattikinaasin puutos (PKLR Exon 7, Beagle Variant)<\/div>\n<div>Pyruvaattikinaasin puutos (PKLR Exon 10, Terrier Variant)<\/div>\n<div>Loukkuun j\u00e4\u00e4nyt neutrofiili-oireyhtym\u00e4,<\/div>\n<div>TNS (VPS13B) puukalvotulehdus,<\/div>\n<div>LM (PLG) verihiutaletekij\u00e4 X -reseptorin puutos,<\/div>\n<div>Scottin oireyhtym\u00e4 (TMEM16F)<\/div>\n<div>Methemoglobinemia (CYB5R3)<\/div>\n<div>Synnynn\u00e4inen kilpirauhasen vajaatoiminta (TPO, Tenterfield Terrier Variant)<\/div>\n<div>Synnynn\u00e4inen kilpirauhasen vajaatoiminta (TPO, rotta, lelu, karvaton terrieri variantti)<\/div>\n<div>T\u00e4ydennyksen 3 puute,<\/div>\n<div>C3-puutos (C3) Vaikea yhdistetty immuunivajaus,<\/div>\n<div>SCID (PRKDC, Terrier Variant) Vaikea yhdistetty immuunipuutos,<\/div>\n<div>SCID (RAG1, Wetterhoun Variant) X-kytketty vakava yhdistetty immuunikato,<\/div>\n<div>X-SCID (IL2RG Exon 1, Basset Hound Variant)<\/div>\n<div>X-kytketty vakava yhdistetty immuunipuutos,<\/div>\n<div>X-SCID (IL2RG, Corgi Variant)<\/div>\n<div>Progressiivinen verkkokalvon atrofia, rcd1 (PDE6B Exon 21, Irlanninsetterivariantti)<\/div>\n<div>Progressiivinen verkkokalvon atrofia, rcd3 (PDE6A)<\/div>\n<div>Progressiivinen verkkokalvon atrofia, CNGA (CNGA1 Exon 9)<\/div>\n<div>Progressiivinen verkkokalvon atrofia, PRA1 (CNGB1)<\/div>\n<div>Testatut lis\u00e4olosuhteet progressiivinen verkkokalvon atrofia (SAG)<\/div>\n<div>Kultaisennoutajan progressiivinen verkkokalvon surkastuminen 1,<\/div>\n<div>GR-PRA1 (SLC4A3) Progressiivinen verkkokalvon atrofia,<\/div>\n<div>crd1 (PDE6B, amerikanstaffordshirenterrieriversio)<\/div>\n<div>X-Linked Progressive Retinal Atrophy 1,<\/div>\n<div>XL-PRA1 (RPGR) Progressiivinen verkkokalvon atrofia,<\/div>\n<div>PRA3 (FAM161A) Collie Eye Anomalias,<\/div>\n<div>suonikalvon hypoplasia,<\/div>\n<div>CEA (NHEJ1) p\u00e4iv\u00e4sokeus,<\/div>\n<div>Kartion rappeuma,<\/div>\n<div>Achromatopsia (CNGB3 Exon 6, saksalainen lyhytkarvainen pointer-versio)<\/div>\n<div>Achromatopsia (CNGA3 Exon 7, saksanpaimenkoiraversio)<\/div>\n<div>Autosomaalinen dominoiva progressiivinen verkkokalvon atrofia (RHO)<\/div>\n<div>Koiran multifokaalinen retinopatia, cmr1 (BEST1 Exon 2)<\/div>\n<div>Koiran multifokaalinen retinopatia, cmr2 (BEST1 Exon 5, Coton de Tulear Variant)<\/div>\n<div>Koiran multifokaalinen retinopatia, cmr3 (BEST1 Exon 10 -deleetio,<\/div>\n<div>suomen- ja ruotsinlapinkoira, lapinpaimenvariantti)<\/div>\n<div>Glaukooman ensisijainen avoin kulma (ADAMTS10 Exon 9, norjahirvikoiran variantti)<\/div>\n<div>Glaukooman ensisijainen avoin kulma (ADAMTS10 Exon 17, Beagle Variant)<\/div>\n<div>Glaukooman ensisijainen avoin kulma (ADAMTS17 Exon 11, Basset Fauve de Bretagne Variant)<\/div>\n<div>Primaarinen avoimen kulmaglaukooma ja primaarinen linssiluksaatio (ADAMTS17 Exon 2, kiinalainen Shar-Pei-versio)<\/div>\n<div>Goniodysgeneesi ja glaukooma,<\/div>\n<div>Pektinaattisiteiden dysplasia,<\/div>\n<div>PLD (OLFM3) perinn\u00f6llinen kaihi,<\/div>\n<div>Varhain alkava kaihi,<\/div>\n<div>Nuorten kaihi (HSF4 Exon 9, Australian Shepherd Variant)<\/div>\n<div>Primary Lens Luxation (ADAMTS17)<\/div>\n<div>Synnynn\u00e4inen paikallaan oleva y\u00f6sokeus (RPE65, Briard-versio)<\/div>\n<div>Testatut lis\u00e4olosuhteet synnynn\u00e4inen paikallaan pysyv\u00e4 y\u00f6sokeus (LRIT3, Beagle-versio)<\/div>\n<div>2,8-dihydroksiadeniini virtsakivitauti,<\/div>\n<div>2,8-DHA virtsakivitauti (APRT) Kystinuria tyyppi IA (SLC3A1, Newfoundlandin muunnos)<\/div>\n<div>Kystinuria tyyppi II-A (SLC3A1, Australian karjakoiraversio)<\/div>\n<div>Kystinuria Type II-B (SLC7A9, k\u00e4\u00e4pi\u00f6pinseriversio)<\/div>\n<div>Munuaisten monirakkulatauti,<\/div>\n<div>PKD (PKD1) Primaarinen hyperoksaluria<\/div>\n<div>(AGXT) Proteiinia menett\u00e4v\u00e4 nefropatia,<\/div>\n<div>PLN (NPHS1) X-kytketty perinn\u00f6llinen nefropatia,<\/div>\n<div>XLHN (COL4A5 Exon 35, samojediversio 2)<\/div>\n<div>Autosomaalinen resessiivinen perinn\u00f6llinen nefropatia,<\/div>\n<div>perhenefropatia,<\/div>\n<div>ARHN (COL4A4 Exon 3, cockerspanieliversio)<\/div>\n<div>Primary ciliary dyskinesia, PCD (CCDC39 Exon 3, Old English Sheepdog Variant)<\/div>\n<div>Primary ciliary dyskinesia, PCD (NME5, Alaskanmalamute Variant)<\/div>\n<div>X-kytketty ektodermaalinen dysplasia,<\/div>\n<div>Anhidroottinen ektodermaalinen dysplasia,<\/div>\n<div>XHED (EDA Intron 8) Munuaisten kystadenokarsinooma ja nodulaarinen dermatofibroosi,<\/div>\n<div>RCND (FLCN Exon 7)<\/div>\n<div>Koiran fukosidoosi (FUCA1) Glykogeenin varastoinnin sairaus, tyyppi II,<\/div>\n<div>Pompen tauti,<\/div>\n<div>GSD II (GAA, Suomen- ja Ruotsinlapinkoira, Lapinpaimenkoira)<\/div>\n<div>Glykogeenin varastointisairaus tyyppi IA,<\/div>\n<div>Von Gierken tauti,<\/div>\n<div>GSD IA (G6PC, maltalainen versio)<\/div>\n<div>Glykogeenin varastoinnin sairaus, tyyppi IIIA,<\/div>\n<div>GSD IIIA (AGL, Curly Coated Retriever Variant)<\/div>\n<div>Mukopolysakkaridoosi tyyppi IIIA,<\/div>\n<div>Sanfilippon oireyhtym\u00e4 tyyppi A,<\/div>\n<div>MPS IIIA (SGSH Exon 6, m\u00e4yr\u00e4koiravariantti) Mukopolysakkaridoosi tyyppi IIIA,<\/div>\n<div>Sanfilippon oireyhtym\u00e4 tyyppi A,<\/div>\n<div>MPS IIIA (SGSH Exon 6, New Zealand Huntaway Variant)<\/div>\n<div>Testatut lis\u00e4olosuhteet Mukopolysakkaridoosi tyyppi VII,<\/div>\n<div>Sly-oireyhtym\u00e4,<\/div>\n<div>MPS VII (GUSB Exon 5, Terrier Brasileiro Variant)<\/div>\n<div>Mukopolysakkaridoosi tyyppi VII,<\/div>\n<div>Sly-oireyhtym\u00e4,<\/div>\n<div>MPS VII (GUSB Exon 3, saksanpaimenkoiraversio)<\/div>\n<div>Glykogeenin varastointisairaus tyyppi VII,<\/div>\n<div>Fosfofruktokinaasin puutos,<\/div>\n<div>PFK-puutos (PFKM, whippet ja englantilainen springerspanieliversio)<\/div>\n<div>Glykogeenin varastointisairaus tyyppi VII,<\/div>\n<div>Fosfofruktokinaasin puutos,<\/div>\n<div>PFK-puutos (PFKM, Wachtelhund-versio)<\/div>\n<div>Lagotto Storage Disease (ATG4D)<\/div>\n<div>Neuronaalinen seroidilipofuskinoosi 1, NCL 1 (PPT1 Exon 8, m\u00e4yr\u00e4koiravariantti 1)<\/div>\n<div>Neuronaalinen seroidilipofuskinoosi 2, NCL 2 (TPP1 Exon 4, m\u00e4yr\u00e4koiravariantti 2)<\/div>\n<div>Neuronaalinen seroidilipofuskinoosi,<\/div>\n<div>Cerebellar Ataxia, NCL4A (ARSG Exon 2, American Staffordshiren terrier Variant)<\/div>\n<div>Neuronaalinen seroidilipofuskinoosi 5, NCL 5 (CLN5 Exon 4 SNP, bordercollie-variantti)<\/div>\n<div>Neuronaalinen seroidilipofuskinoosi 6, NCL 6 (CLN6 Exon 7, Australian Shepherd Variant)<\/div>\n<div>Neuronaalinen seroidilipofuskinoosi 8, NCL 8 (CLN8 Exon 2, englanninsetterivariantti)<\/div>\n<div>Neuronaalinen seroidilipofuskinoosi 7, NCL 7 (MFSD8, Chihuahua ja Chinese Crested Variant)<\/div>\n<div>Neuronaalinen seroidilipofuskinoosi 8, NCL 8 (CLN8, Australian Shepherd Variant)<\/div>\n<div>Neuronaalinen seroidilipofuskinoosi 10, NCL 10 (CTSD Exon 5, American Bulldog Variant)<\/div>\n<div>Neuronaalinen seroidilipofuskinoosi 5, NCL 5 (CLN5 Exon 4 -deleetio, kultaisennoutajan variantti)<\/div>\n<div>Aikuisille alkava neuronaalinen seroidilipofuskinoosi, NCL A, NCL 12 (ATP13A2, tiibetinterrierivariantti)<\/div>\n<div>My\u00f6h\u00e4\u00e4n alkava neuronaalinen seroidilipofuskinoosi, NCL 12 (ATP13A2, australialaisen karjakoiran variantti)<\/div>\n<div>GM1 gangliosidoosi (GLB1 Exon 15, Shiba Inu Variant)<\/div>\n<div>GM1 gangliosidoosi (GLB1 Exon 15, Alaskan Husky Variant)<\/div>\n<div>GM1 gangliosidoosi (GLB1 Exon 2, portugalilainen vesikoiraversio) Testatut lis\u00e4olosuhteet<\/div>\n<div>GM2 gangliosidoosi (HEXA, japanilainen leukavariantti)<\/div>\n<div>Globoidisoluleukodystrofia,<\/div>\n<div>Krabben tauti (GALC Exon 5, Terrier Variant)<\/div>\n<div>Autosomaalinen resessiivinen Amelogenesis Imperfecta,<\/div>\n<div>Perheen emalihypoplasia (ENAM-poisto, Italian vinttikoiramuunnos)<\/div>\n<div>Autosomaalinen resessiivinen Amelogenesis Imperfecta,<\/div>\n<div>Perheen emalihypoplasia (ENAM SNP, Parson Russell Terrier Variant)<\/div>\n<div>Jatkuva Mullerian kanavaoireyhtym\u00e4,<\/div>\n<div>PMDS (AMHR2) Dobermannin kuurous ja vestibulaarinen oireyhtym\u00e4,<\/div>\n<div>DVDob, DINGS (MYO7A) Shar-Pein autoinflammatorinen sairaus,<\/div>\n<div>SPAID,<\/div>\n<div>Shar Pei -kuume (MTBP)<\/div>\n<div>Vastasyntyneiden interstitiaalinen keuhkosairaus (LAMP3)<\/div>\n<div>Alaskan Huskyn enkefalopatia,<\/div>\n<div>Subakuutti nekrotisoiva enkefalomyelopatia (SLC19A3)<\/div>\n<div>Cerebella Abiotrofia,<\/div>\n<div>Vastasyntyneen aivokuoren rappeuma,<\/div>\n<div>NCCD (SPTBN2, Beagle-versio)<\/div>\n<div>Pikkuaivojen ataksia,<\/div>\n<div>Progressiivinen varhain alkava pikkuaivoataksia (SEL1L, suomenkoiran variantti)<\/div>\n<div>Pikkuaivojen hypoplasia (VLDLR, Eurasier-varianti)<\/div>\n<div>Spinocerebellaarinen ataksia,<\/div>\n<div>my\u00f6h\u00e4\u00e4n alkava ataksia,<\/div>\n<div>LoSCA (CAPN1)<\/div>\n<div>Spinocerebellaarinen ataksia ja myokymia ja\/tai kohtaukset (KCNJ10)<\/div>\n<div>perinn\u00f6llinen ataksia,<\/div>\n<div>Pikkuaivojen rappeuma (RAB24, vanhan englantilaisen lammaskoiran ja gordoninsetterin variantti)<\/div>\n<div>Perheen hyv\u00e4nlaatuinen nuorten epilepsia,<\/div>\n<div>Levitt\u00e4v\u00e4 fokaalinen epilepsia (LGI2)<\/div>\n<div>Siki\u00f6n alkanut vastasyntyneen neuroaksonaalinen dystrofia (MFN2, j\u00e4ttisnautseriversio)<\/div>\n<div>Hypomyelinaatio ja vapina (FNIP2, Weimarinseisoja)<\/div>\n<div>vapiseva pentu-oireyhtym\u00e4,<\/div>\n<div>X-kytketty yleistynyt vapina oireyhtym\u00e4 (PLP1, englantilaisen springerspanieliversio)<\/div>\n<div>Neuroaksonaalinen dystrofia,<\/div>\n<div>NAD (TECPR2, espanjalainen vesikoiraversio)<\/div>\n<div>Testatut lis\u00e4olosuhteet neuroaksonaalinen dystrofia,<\/div>\n<div>NAD (VPS11, Rottweiler-versio)<\/div>\n<div>L-2-hydroksiglutaarisiduria,<\/div>\n<div>L2HGA (L2HGDH,<\/div>\n<div>Staffordshiren bullterrieriversio)<\/div>\n<div>Alaskan malamuutin polyneuropatia,<\/div>\n<div>AMPN (NDRG1 SNP)<\/div>\n<div>Narkolepsia (HCRTR2 Exon 1, m\u00e4yr\u00e4koiravariantti)<\/div>\n<div>Progressiivinen neuronaalinen abiotrofia,<\/div>\n<div>Koiran monij\u00e4rjestelm\u00e4n rappeutuminen,<\/div>\n<div>CMSD (SERAC1 Exon 15, Kerry Blue Terrier Variant)<\/div>\n<div>Progressiivinen neuronaalinen abiotrofia,<\/div>\n<div>Koiran monij\u00e4rjestelm\u00e4n rappeutuminen,<\/div>\n<div>CMSD (SERAC1 Exon 4, Chinese Crested Variant)<\/div>\n<div>Nuorten kurkunp\u00e4\u00e4n halvaus ja polyneuropatia,<\/div>\n<div>Polyneuropatia, johon liittyy silm\u00e4n poikkeavuuksia ja hermoston vakuolaatio,<\/div>\n<div>POANV (RAB3GAP1, Rottweiler-versio)<\/div>\n<div>Perinn\u00f6llinen sensorinen autonominen neuropatia,<\/div>\n<div>Akralin silpomisen oireyhtym\u00e4,<\/div>\n<div>AMS (GDNF-AS, spanieli- ja osoitinversio)<\/div>\n<div>Sensorinen neuropatia (FAM134B, bordercollie-variantti)<\/div>\n<div>Nuorten syntyv\u00e4 polyneuropatia,<\/div>\n<div>Leonbergerin polyneuropatia 1,<\/div>\n<div>LPN1 (LPN1, ARHGEF10)<\/div>\n<div>Nuorten myokloninen epilepsia (DIRAS1)<\/div>\n<div>Nuorten syntyv\u00e4 polyneuropatia,<\/div>\n<div>Leonbergerin polyneuropatia 2,<\/div>\n<div>LPN2 (GJA9) sienim\u00e4inen rappeuma pikkuaivojen ataksialla 1,<\/div>\n<div>SDCA1,<\/div>\n<div>SeSAME\/EAST-oireyhtym\u00e4 (KCNJ10)<\/div>\n<div>Pehme\u00e4 rappeuma pikkuaivojen ataksialla 2,<\/div>\n<div>SDCA2 (ATP1B2) laajentuva kardiomyopatia,<\/div>\n<div>DCM1 (PDK4, dobermannipinseriversio 1)<\/div>\n<div>laajentunut kardiomyopatia,<\/div>\n<div>DCM2 (TTN, dobermanninpinseriversio 2)<\/div>\n<div>Pitk\u00e4 QT-oireyhtym\u00e4 (KCNQ1)<\/div>\n<div>Kardiomyopatia ja nuorten kuolleisuus (YARS2)<\/div>\n<div>Lihasdystrofia (DMD, Golden Retriever Variant)<\/div>\n<div>Raajavy\u00f6n lihasdystrofia (SGCD, Bostoninterrierivariantti)<\/div>\n<div>Muut testatut olosuhteet Tanskan dogin perinn\u00f6llinen myopatia (BIN1)<\/div>\n<div>Myostatiinin puutos,<\/div>\n<div>Bully Whippet -oireyhtym\u00e4 (MSTN)<\/div>\n<div>Myotonia Congenita (CLCN1 Exon 7, k\u00e4\u00e4pi\u00f6snautseriversio)<\/div>\n<div>Myotonia Congenita (CLCN1 Exon 23, Australian Cattle Dog Variant)<\/div>\n<div>Tulehduksellinen myopatia (SLC25A12) Hypokatalasia,<\/div>\n<div>Acatalasemia (CAT)<\/div>\n<div>Pyruvaattidehydrogenaasin puutos (PDP1, spanieliversio)<\/div>\n<div>Pahanlaatuinen hypertermia (RYR1)<\/div>\n<div>Imerslund-Grasbeckin oireyhtym\u00e4,<\/div>\n<div>Selektiivinen kobalamiinin imeytymish\u00e4iri\u00f6 (CUBN Exon 53, bordercollie-variantti)<\/div>\n<div>Imerslund-Grasbeckin oireyhtym\u00e4,<\/div>\n<div>Selektiivinen kobalamiinin imeytymish\u00e4iri\u00f6 (CUBN Exon 8, Beagle Variant)<\/div>\n<div>Perinn\u00f6llinen valikoitu kobalamiinin imeytymish\u00e4iri\u00f6 proteiinin kanssa (CUBN, Komondor-versio)<\/div>\n<div>Lundehundin oireyhtym\u00e4 (LEPREL1)<\/div>\n<div>Synnynn\u00e4inen myasteeninen oireyhtym\u00e4,<\/div>\n<div>CMS (CHAT, vanha tanskalainen pointing dog -versio)<\/div>\n<div>Synnynn\u00e4inen myasteeninen oireyhtym\u00e4,<\/div>\n<div>CMS (CHRNE, Jack Russell Terrier Variant),<\/div>\n<div>CMS (COLQ, Golden Retriever Variant)<\/div>\n<div>Myasthenia Gravisin kaltainen oireyhtym\u00e4 (CHRNE, Heideterrier-muunnos)<\/div>\n<div>Paroksismaalinen dyskinesia,<\/div>\n<div>PxD (PIGN)<\/div>\n<div>Demyelinisoiva polyneuropatia (SBF2\/MTRM13)<\/div>\n<div>Dystrofinen epidermolyysibullosa (COL7A1, kultaisennoutajan variantti)<\/div>\n<div>Dystrofinen Epidermolysis Bullosa (COL7A1, Keski-Aasianpaimenkoiran variantti)<\/div>\n<div>Testatut lis\u00e4olosuhteet ektodermaalinen dysplasia,<\/div>\n<div>Ihon haurausoireyhtym\u00e4 (PKP1, Chesapeake Bay Retriever Variant) Ichtyoosi,<\/div>\n<div>Epidermolyyttinen hyperkeratoosi (KRT10, terrierivariantti)<\/div>\n<div>Ichtyoosi ICH1 (PNPLA1, kultaisennoutajan variantti)<\/div>\n<div>Iktyoosi (SLC27A4, tanskandoggin variantti)<\/div>\n<div>Iktyoosi (NIPAL4, American Bulldog Variant)<\/div>\n<div>Perinn\u00f6llinen jalkatyynyn hyperkeratoosi (FAM83G, terrieri ja kromfohrlander-variantti)<\/div>\n<div>Perinn\u00f6llinen jalkatyynyn hyperkeratoosi (DSG1, Rottweiler-versio)<\/div>\n<div>Musladin-Lueken oireyhtym\u00e4,<\/div>\n<div>MLS (ADAMTSL2) okulokutaaninen albinismi,<\/div>\n<div>OCA (SLC45A2, pieni rotu)<\/div>\n<div>Kalju reisioireyhtym\u00e4 (IGFBP5)<\/div>\n<div>tappava akrodermatiitti,<\/div>\n<div>LAD (MKLN1)<\/div>\n<div>Ehlers Danlos (ADAMTS2, dobermannipinseriversio)<\/div>\n<div>Huuli- ja\/tai suulakihalkio (ADAMTS20, Nova Scotia Duck Tolling Retriever -versio)<\/div>\n<div>Perinn\u00f6llinen D-vitamiiniresistentti riketti (VDR) Osteogenesis Imperfecta,<\/div>\n<div>\n<div>Hauras luutauti (COL1A2, Beagle-muunnos) Osteogenesis Imperfecta,<\/div>\n<div>Hauras luutauti (SERPINH1, m\u00e4yr\u00e4koiraversio)<\/div>\n<div>Osteogenesis Imperfecta,<\/div>\n<div>Hauras luutauti (COL1A1, kultaisennoutajan variantti)<\/div>\n<div>Kraniomandibulaarinen osteopatia,<\/div>\n<div>CMO (SLC37A2) Rainen oireyhtym\u00e4,<\/div>\n<div>Koiran hampaiden hypomineralisaatiosyndrooma (FAM20C)<\/div>\n<div>Kondrodystrofia (ITGA10,<\/div>\n<div>Norjan hirvikoira ja karjalankarhukoiraversio)<\/div>\n<\/div>\n<p>[\/et_pb_text][\/et_pb_column][\/et_pb_row][\/et_pb_section]<\/p>","protected":false},"excerpt":{"rendered":"<p>TerveystestitAustralian Labradoodle ja terveystestit. T\u00e4ss\u00e4 ovat sairaudet, joihin testaamme koirillamme: T\u00e4rkeimm\u00e4t: \u2013 Lonkka- ja kyyn\u00e4rp\u00e4\u00e4n dysplasia (FCI-standardit) \u2013 Virheellinen turkki \u2013 Von Willebrandin tauti, tyyppi I, tyypin I vWD (VWF) \u2013 koiran elliptosytoosi (SPTB Exon 30) \u2013 pyruvaattikinaasin puutos (PKLR) Exon 7, labradorinnoutajavariantti) - Progressiivinen verkkokalvon atrofia, prcd (PRCD Exon [\u2026]<\/p>","protected":false},"author":3,"featured_media":0,"parent":0,"menu_order":0,"comment_status":"closed","ping_status":"closed","template":"","meta":{"_et_pb_use_builder":"on","_et_pb_old_content":"","_et_gb_content_width":"","footnotes":""},"class_list":["post-5762","page","type-page","status-publish","hentry"],"_links":{"self":[{"href":"https:\/\/labradoodle.pl\/fi\/wp-json\/wp\/v2\/pages\/5762","targetHints":{"allow":["GET"]}}],"collection":[{"href":"https:\/\/labradoodle.pl\/fi\/wp-json\/wp\/v2\/pages"}],"about":[{"href":"https:\/\/labradoodle.pl\/fi\/wp-json\/wp\/v2\/types\/page"}],"author":[{"embeddable":true,"href":"https:\/\/labradoodle.pl\/fi\/wp-json\/wp\/v2\/users\/3"}],"replies":[{"embeddable":true,"href":"https:\/\/labradoodle.pl\/fi\/wp-json\/wp\/v2\/comments?post=5762"}],"version-history":[{"count":6,"href":"https:\/\/labradoodle.pl\/fi\/wp-json\/wp\/v2\/pages\/5762\/revisions"}],"predecessor-version":[{"id":5845,"href":"https:\/\/labradoodle.pl\/fi\/wp-json\/wp\/v2\/pages\/5762\/revisions\/5845"}],"wp:attachment":[{"href":"https:\/\/labradoodle.pl\/fi\/wp-json\/wp\/v2\/media?parent=5762"}],"curies":[{"name":"wp","href":"https:\/\/api.w.org\/{rel}","templated":true}]}}