{"id":5648,"date":"2022-09-22T10:17:58","date_gmt":"2022-09-22T08:17:58","guid":{"rendered":"https:\/\/labradoodle.pl\/?page_id=5648"},"modified":"2022-09-27T13:12:35","modified_gmt":"2022-09-27T11:12:35","slug":"platnosc","status":"publish","type":"page","link":"https:\/\/labradoodle.pl\/fi\/platnosc\/","title":{"rendered":"Sis\u00e4lt\u00f6 vain kirjautuneille k\u00e4ytt\u00e4jille"},"content":{"rendered":"<p style=\"text-align: center\"><strong>T\u00e4m\u00e4n sivun sis\u00e4lt\u00f6 on vain kirjautuneiden k\u00e4ytt\u00e4jien saatavilla.\u00a0<\/strong><br \/><strong>Jos sinulla on tili <a href=\"https:\/\/labradoodle.pl\/wp-admin\">T\u00c4SS\u00c4<\/a> voit kirjautua.\u00a0<\/strong><\/p>\r\n<p>&nbsp;<\/p>\r\n<p>&nbsp;<\/p>","protected":false},"excerpt":{"rendered":"","protected":false},"author":3,"featured_media":0,"parent":0,"menu_order":0,"comment_status":"closed","ping_status":"closed","template":"","meta":{"_et_pb_use_builder":"on","_et_pb_old_content":"","_et_gb_content_width":"","footnotes":""},"class_list":["post-5648","page","type-page","status-publish","hentry"],"_links":{"self":[{"href":"https:\/\/labradoodle.pl\/fi\/wp-json\/wp\/v2\/pages\/5648","targetHints":{"allow":["GET"]}}],"collection":[{"href":"https:\/\/labradoodle.pl\/fi\/wp-json\/wp\/v2\/pages"}],"about":[{"href":"https:\/\/labradoodle.pl\/fi\/wp-json\/wp\/v2\/types\/page"}],"author":[{"embeddable":true,"href":"https:\/\/labradoodle.pl\/fi\/wp-json\/wp\/v2\/users\/3"}],"replies":[{"embeddable":true,"href":"https:\/\/labradoodle.pl\/fi\/wp-json\/wp\/v2\/comments?post=5648"}],"version-history":[{"count":5,"href":"https:\/\/labradoodle.pl\/fi\/wp-json\/wp\/v2\/pages\/5648\/revisions"}],"predecessor-version":[{"id":5730,"href":"https:\/\/labradoodle.pl\/fi\/wp-json\/wp\/v2\/pages\/5648\/revisions\/5730"}],"wp:attachment":[{"href":"https:\/\/labradoodle.pl\/fi\/wp-json\/wp\/v2\/media?parent=5648"}],"curies":[{"name":"wp","href":"https:\/\/api.w.org\/{rel}","templated":true}]}}