{"id":4457,"date":"2020-02-10T14:12:49","date_gmt":"2020-02-10T13:12:49","guid":{"rendered":"https:\/\/labradoodle.pl\/?page_id=4457"},"modified":"2020-02-10T14:12:49","modified_gmt":"2020-02-10T13:12:49","slug":"jak-dodac-opinie","status":"publish","type":"page","link":"https:\/\/labradoodle.pl\/fi\/jak-dodac-opinie\/","title":{"rendered":"Jak doda\u0107 opini\u0119"},"content":{"rendered":"<p>[et_pb_section fb_built=&#8221;1&#8243; _builder_version=&#8221;3.19.11&#8243;][et_pb_row _builder_version=&#8221;3.19.11&#8243;][et_pb_column type=&#8221;4_4&#8243; _builder_version=&#8221;3.19.11&#8243; parallax=&#8221;off&#8221; parallax_method=&#8221;on&#8221;][et_pb_text _builder_version=&#8221;3.19.11&#8243;]<\/p>\n<h1 style=\"text-align: center;\">Kuinka lis\u00e4t\u00e4 arvostelu googleen<\/h1>\n<p>[\/et_pb_text][\/et_pb_column][\/et_pb_row][et_pb_row _builder_version=&#8221;3.19.11&#8243;][et_pb_column type=&#8221;3_5&#8243; _builder_version=&#8221;3.19.11&#8243; parallax=&#8221;off&#8221; parallax_method=&#8221;on&#8221;][et_pb_text _builder_version=&#8221;3.19.11&#8243;]<\/p>\n<p><span style=\"font-weight: 400;\">Napsauta ensin &quot;t\u00e4htien&quot; alla olevaa Google-logoa, katso alla oleva kuvakaappaus.<\/span><\/p>\n<p>[\/et_pb_text][\/et_pb_column][et_pb_column type=&#8221;2_5&#8243; _builder_version=&#8221;3.19.11&#8243; parallax=&#8221;off&#8221; parallax_method=&#8221;on&#8221;][et_pb_image border_radii=&#8221;on|11px|11px|11px|11px&#8221; src=&#8221;https:\/\/labradoodle.pl\/wp-content\/uploads\/2020\/02\/Opinie-Google-jak-doda\u0107-1.png&#8221; _builder_version=&#8221;3.19.11&#8243; border_width_all=&#8221;1px&#8221; border_color_all=&#8221;#d1d1d1&#8243;][\/et_pb_image][\/et_pb_column][\/et_pb_row][et_pb_row _builder_version=&#8221;3.19.11&#8243;][et_pb_column type=&#8221;3_5&#8243; _builder_version=&#8221;3.19.11&#8243; parallax=&#8221;off&#8221; parallax_method=&#8221;on&#8221;][et_pb_text _builder_version=&#8221;3.19.11&#8243;]<\/p>\n<p><span style=\"font-weight: 400;\">Sinut siirret\u00e4\u00e4n Google Maps -sivulle, n\u00e4yt\u00f6n vasemmassa reunassa n\u00e4et kennelimme tiedot. Vierit\u00e4 n\u00e4yt\u00f6n vasemmassa osassa, kunnes n\u00e4et merkinn\u00e4n &quot;N\u00e4yt\u00e4 kaikki arvostelut&quot;, napsauta sit\u00e4.<\/span><\/p>\n<p>[\/et_pb_text][\/et_pb_column][et_pb_column type=&#8221;2_5&#8243; _builder_version=&#8221;3.19.11&#8243; parallax=&#8221;off&#8221; parallax_method=&#8221;on&#8221;][et_pb_image border_radii=&#8221;on|11px|11px|11px|11px&#8221; src=&#8221;https:\/\/labradoodle.pl\/wp-content\/uploads\/2020\/02\/Opinie-Google-jak-doda\u0107-2.png&#8221; _builder_version=&#8221;3.19.11&#8243; border_width_all=&#8221;1px&#8221; border_color_all=&#8221;#d1d1d1&#8243;][\/et_pb_image][\/et_pb_column][\/et_pb_row][et_pb_row _builder_version=&#8221;3.19.11&#8243;][et_pb_column type=&#8221;3_5&#8243; _builder_version=&#8221;3.19.11&#8243; parallax=&#8221;off&#8221; parallax_method=&#8221;on&#8221;][et_pb_text _builder_version=&#8221;3.19.11&#8243;]<\/p>\n<p><span style=\"font-weight: 400;\">Napsauta nyt &quot;Kirjoita arvostelu&quot;<\/span><\/p>\n<p>[\/et_pb_text][\/et_pb_column][et_pb_column type=&#8221;2_5&#8243; _builder_version=&#8221;3.19.11&#8243; parallax=&#8221;off&#8221; parallax_method=&#8221;on&#8221;][et_pb_image border_radii=&#8221;on|11px|11px|11px|11px&#8221; src=&#8221;https:\/\/labradoodle.pl\/wp-content\/uploads\/2020\/02\/Opinie-Google-jak-doda\u0107-3.png&#8221; _builder_version=&#8221;3.19.11&#8243; border_width_all=&#8221;1px&#8221; border_color_all=&#8221;#d1d1d1&#8243;][\/et_pb_image][\/et_pb_column][\/et_pb_row][et_pb_row _builder_version=&#8221;3.19.11&#8243;][et_pb_column type=&#8221;3_5&#8243; _builder_version=&#8221;3.19.11&#8243; parallax=&#8221;off&#8221; parallax_method=&#8221;on&#8221;][et_pb_text _builder_version=&#8221;3.19.11&#8243;]<\/p>\n<p><span style=\"font-weight: 400;\">Palauteikkunan avaamisen j\u00e4lkeen sinulla on k\u00e4ytett\u00e4viss\u00e4si useita kentti\u00e4, kuten alla olevasta kuvakaappauksesta n\u00e4et.<\/span><\/p>\n<ol>\n<li><span style=\"font-weight: 400;\"> Kirjoita t\u00e4h\u00e4n, kuinka monta t\u00e4hte\u00e4 annat meille<\/span><\/li>\n<li><span style=\"font-weight: 400;\"> Kirjoita rehellinen arvostelu<\/span><\/li>\n<li><span style=\"font-weight: 400;\"> Voit lis\u00e4t\u00e4 kuvan esimerkiksi uudesta koirastasi<\/span><\/li>\n<li><span style=\"font-weight: 400;\"> Napsauta &quot;Julkaise&quot; ja olet valmis<\/span><\/li>\n<\/ol>\n<p>[\/et_pb_text][\/et_pb_column][et_pb_column type=&#8221;2_5&#8243; _builder_version=&#8221;3.19.11&#8243; parallax=&#8221;off&#8221; parallax_method=&#8221;on&#8221;][et_pb_image border_radii=&#8221;on|11px|11px|11px|11px&#8221; src=&#8221;https:\/\/labradoodle.pl\/wp-content\/uploads\/2020\/02\/Opinie-Google-jak-doda\u0107-4.png&#8221; _builder_version=&#8221;3.19.11&#8243; border_width_all=&#8221;1px&#8221; border_color_all=&#8221;#d1d1d1&#8243;][\/et_pb_image][\/et_pb_column][\/et_pb_row][\/et_pb_section]<\/p>","protected":false},"excerpt":{"rendered":"<p>Jak doda\u0107 opini\u0119 na Google Jako pierwszy krok kliknij prosz\u0119 w logo Google umieszczone pod \u201egwiazdkami\u201d, zobacz poni\u017cszy zrzut ekranu. Zostaniesz przeniesiony na stron\u0119 Google Maps, po lewej stronie ekranu zobaczysz szczeg\u00f3\u0142y naszej hodowli. B\u0119d\u0105c w lewej cz\u0119\u015bci ekranu zjed\u017a na d\u00f3\u0142 a\u017c do momentu a\u017c zobaczysz napis \u201ePoka\u017c wszystkie opinie\u201d, kliknij w niego. Teraz [&hellip;]<\/p>","protected":false},"author":3,"featured_media":0,"parent":0,"menu_order":0,"comment_status":"closed","ping_status":"closed","template":"","meta":{"_et_pb_use_builder":"on","_et_pb_old_content":"","_et_gb_content_width":"","footnotes":""},"class_list":["post-4457","page","type-page","status-publish","hentry"],"_links":{"self":[{"href":"https:\/\/labradoodle.pl\/fi\/wp-json\/wp\/v2\/pages\/4457","targetHints":{"allow":["GET"]}}],"collection":[{"href":"https:\/\/labradoodle.pl\/fi\/wp-json\/wp\/v2\/pages"}],"about":[{"href":"https:\/\/labradoodle.pl\/fi\/wp-json\/wp\/v2\/types\/page"}],"author":[{"embeddable":true,"href":"https:\/\/labradoodle.pl\/fi\/wp-json\/wp\/v2\/users\/3"}],"replies":[{"embeddable":true,"href":"https:\/\/labradoodle.pl\/fi\/wp-json\/wp\/v2\/comments?post=4457"}],"version-history":[{"count":2,"href":"https:\/\/labradoodle.pl\/fi\/wp-json\/wp\/v2\/pages\/4457\/revisions"}],"predecessor-version":[{"id":4460,"href":"https:\/\/labradoodle.pl\/fi\/wp-json\/wp\/v2\/pages\/4457\/revisions\/4460"}],"wp:attachment":[{"href":"https:\/\/labradoodle.pl\/fi\/wp-json\/wp\/v2\/media?parent=4457"}],"curies":[{"name":"wp","href":"https:\/\/api.w.org\/{rel}","templated":true}]}}