{"id":4126,"date":"2018-05-15T13:40:41","date_gmt":"2018-05-15T11:40:41","guid":{"rendered":"https:\/\/labradoodle.pl\/?page_id=4126"},"modified":"2022-04-07T13:46:18","modified_gmt":"2022-04-07T11:46:18","slug":"australijski-labradoodle-dobry-dla-dzieci","status":"publish","type":"page","link":"https:\/\/labradoodle.pl\/fi\/australijski-labradoodle-dobry-dla-dzieci\/","title":{"rendered":"Australian Labradoodle sopii lasten kanssa"},"content":{"rendered":"<p>[et_pb_section fb_built=\u201d1\u2033 admin_label=\u201dsection\u201d _builder_version=\u201d4.16\u2033 global_colors_info=\u201d{}\u201d][et_pb_row _builder_version=\u201d4.16\u2033 _module_preset=\u201ddefault_info=\u201dglobal_b}4\u201d \u2033 _builder_version=\u201d4.16\u2033 _module_preset=\u201ddefault\u201d global_colors_info=\u201d{}\u201d][et_pb_text _builder_version=\u201d4.16\u2033 _module_preset=\u201ddefault\u201d text_font=\u201d|300|||||| global_colors_info=\u201d{}\u201d]<\/p>\n<h1>Australian Labradoodle sopii lasten kanssa. Onko se totta?<\/h1>\n<p>[\/et_pb_text][et_pb_text _builder_version=\u201d4.16\u2033 _module_preset=\u201ddefault\u201d text_font=\u201d|300|||||||\u201d global_colors_info=\u201d{}\u201d]<\/p>\n<p><strong>Australian Labradoodle sopii lasten kanssa.<\/strong><span>\u00a0<\/span>Kuulen t\u00e4m\u00e4n lauseen usein. Korjaus - ei, kaikki t\u00e4m\u00e4n rodun koirat eiv\u00e4t sovellu lapsiperheille. Kaikkia koiria ei voi heitt\u00e4\u00e4 samaan s\u00e4kkiin, koska niiden tulee olla yst\u00e4v\u00e4llisi\u00e4. Jokaisessa pentueessa on erilaisia temperamentteja ja kasvattajan tulee tarkkailla kehittyvi\u00e4 pentuja. Voit my\u00f6s k\u00e4ytt\u00e4\u00e4 k\u00e4ytt\u00e4ytymisterapeutin apua ja tehd\u00e4 temperamenttitestej\u00e4. N\u00e4ill\u00e4 testeill\u00e4 m\u00e4\u00e4ritet\u00e4\u00e4n taipumukset ja sen j\u00e4lkeen voit helposti arvioida koiranpennun - selvi\u00e4\u00e4k\u00f6 tietty perhe siit\u00e4, onko se tyytyv\u00e4inen tiettyyn perheeseen.<\/p>\n<p>Korostan kuitenkin - testit m\u00e4\u00e4ritt\u00e4v\u00e4t pennun tietyt taipumukset ja jatkoty\u00f6skentelyn h\u00e4nen kanssaan. Ne eiv\u00e4t ole profetia, ja meid\u00e4n on ymm\u00e4rrett\u00e4v\u00e4, ett\u00e4 se, millainen koiramme tulee olemaan, on meid\u00e4n k\u00e4siss\u00e4mme. Vain. Meid\u00e4n on tiedett\u00e4v\u00e4, ett\u00e4 se, mit\u00e4 teemme h\u00e4nen kanssaan ja mit\u00e4 emme tee, vaikuttaa h\u00e4nen tulevaisuuteensa.<\/p>\n<p>Toinen ongelma on ty\u00f6mme ja sosiaalistaminen.<\/p>\n<p>Kuvitellaan koiranpentua, jolla ei ollut yhteytt\u00e4 kasvattajan lapsiin. Uusi omistajakaan ei tehnyt paljoa. Yht\u00e4kki\u00e4 syntyy lapsi, ja koira saa p\u00e4iv\u00e4st\u00e4 toiseen rajoituksia, joita sill\u00e4 ei ennen ollut. T\u00e4st\u00e4 eteenp\u00e4in h\u00e4n ei saa menn\u00e4 sohvalle, makuuhuoneeseen (jossa vastasyntynyt oleskelee), h\u00e4n ei saa haistaa lasta, vaikka uudet tuoksut tuntuvatkin niin kiehtovilta. T\u00e4llaisen koiran aivoissa esiintyy yhdistelm\u00e4 BABY = SAME EVIL. Loppujen lopuksi el\u00e4m\u00e4ni muuttui siit\u00e4 hetkest\u00e4 l\u00e4htien, kun tuo pieni huuto ilmestyi - huonompaan suuntaan. Saattaa olla pelkoa - en ole koskaan n\u00e4hnyt mit\u00e4\u00e4n t\u00e4llaista, onko se turvallista? Pieni kirkuminen alkaa ry\u00f6mim\u00e4\u00e4n, vet\u00e4\u00e4 koiran turkkia, astuu h\u00e4nn\u00e4n p\u00e4\u00e4lle. Hyvin nopeasti k\u00e4y ilmi, ett\u00e4 ei - se ei ole turvallista. Ja mit\u00e4 voin tehd\u00e4 - p\u00e4\u00e4t\u00e4n paeta (j\u00e4tt\u00e4en ep\u00e4miellytt\u00e4v\u00e4n tilanteen), mutta kun minulla ei ole mahdollisuutta paeta, minulla on viimeinen vaihtoehto - puren. Ty\u00f6nn\u00e4n vaaran pois ja voin hetkeksi paremmin.<\/p>\n<p>[\/et_pb_text][dmg_masonry_gallery gallery=\u201d4978,4979,4977,4818,4827,3344\u2033 gutter=\u201d3\u2033 modal_title=\u201din_title\u201d hover_overlay_effect=\u201doverlay\u201d _color=\u201d#FFFFFF\u201d show_overlay _caption=\u201d off \u201d overlay_caption_size=\u201d14px\u201d pagination_buttons_background=\u201dRGBA(255,255,255,0)\u201d pagination_buttons_background_active=\u201d#bcb840\u2033 columns_tablet=\u201d2\u2033 last columns_phone=\u201dversion|on_editktopn\u201d 4.16 .0\u2033 _module_preset=\u201doletus \u201d pagination_text_color=\u201d#bcb840\u2033 pagination_font_size=\u201d12px\u201d pagination_active_text_color=\u201d#71615b\u201d pagination_active_font_size=\u201d12px\u201d hover_enabled=\u201d0\u2033p2p2 border_xpx21p21| \u201d border_radii_p agination=\u201don|6px|6px|6px |6px \u201d border_radii_pagination_active=\u201don|6px|6px|6px|6px\u201d box_shadow_style_pagination=\u201dpreset1\u2033 global_colors_info=\u201d{}\u201d theme_builder_area=\u201dpost_content\u201d][ sticky_enabled=\u201d0\u2033mass\/coll\/d_mlleppnetry\/ _pb_row] [\/ et_pb_section]<\/p>","protected":false},"excerpt":{"rendered":"<p>Australian Labradoodle sopii lasten kanssa. Onko totta? Australian Labradoodle sopii lapsille. Kuulen t\u00e4m\u00e4n lauseen usein. Korjaus \u2013 ei, kaikki t\u00e4m\u00e4n rodun koirat eiv\u00e4t sovellu lapsiperheille. Kaikkia koiria ei voi laittaa samaan pussiin, koska niiden tulee olla yst\u00e4v\u00e4llisi\u00e4. Jokaisessa pentueessa on erilaisia temperamentteja ja kasvattajan tulee tarkkailla kehittyv\u00e4\u00e4 [\u2026]<\/p>","protected":false},"author":3,"featured_media":0,"parent":0,"menu_order":0,"comment_status":"closed","ping_status":"closed","template":"","meta":{"_et_pb_use_builder":"on","_et_pb_old_content":"<h1>Australijski Labradoodle dobry dla dzieci. Czy to prawda?<\/h1>\r\n<strong>Australijski Labradoodle dobry dla dzieci.<\/strong> Cz\u0119sto s\u0142ysz\u0119 to zdanie. Poprawka \u2013 \u00a0nie, nie \u00a0wszystkie psy tej rasy\u00a0b\u0119d\u0105 nadawa\u0142y si\u0119 do rodzin z dzie\u0107mi. Nie mo\u017cna wszystkich psiak\u00f3w wrzuci\u0107 do jednego wora \u2013 bo przyjazne powinny by\u0107. W ka\u017cdym miocie zdarzaj\u0105 si\u0119 r\u00f3\u017cne temperamenty a hodowca powinien obserwowa\u0107 rozwijaj\u0105ce si\u0119 szczeniaki. Mo\u017cna te\u017c skorzysta\u0107 z pomocy behawiorysty i zrobi\u0107 testy temperamentu. Testy te okre\u015blaj\u0105 predyspozycje i w\u00f3wczas bez problemu mo\u017cna oceni\u0107 szczeniaka \u2013 czy dana rodzina sobie z nim poradzi, czy b\u0119dzie on szcz\u0119\u015bliwy u danej rodziny.\r\n\r\nPodkre\u015blam jednak \u2013 testy okre\u015blaj\u0105 pewne predyspozycje szczeniaka i dalszy kierunek pracy z nim. Nie s\u0105 one proroctwem i musimy zdawa\u0107 sobie spraw\u0119, \u017ce to jaki b\u0119dzie nasz szczeniak le\u017cy w naszych r\u0119kach. Tylko i wy\u0142\u0105cznie. Musimy wiedzie\u0107, \u017ce to co z nim zrobimy, oraz to czego nie zrobimy wp\u0142ynie na jego przysz\u0142y temperament.\r\n\r\nInn\u0105 kwesti\u0105 jest kwestia naszej pracy i socjalizacji.\r\n\r\nWyobra\u017amy sobie szczeniaka, kt\u00f3ry u hodowcy nie mia\u0142 styczno\u015bci z dzie\u0107mi. Nowy w\u0142a\u015bciciel r\u00f3wnie\u017c nie zrobi\u0142 za wiele w temacie. Nagle rodzi si\u0119 dziecko, a pies z dnia na dzie\u0144 dostaje ograniczenia, kt\u00f3rych wcze\u015bniej nie mia\u0142. Od teraz nie wolno wchodzi\u0107 mu na kanap\u0119, do sypialni (gdzie przebywa noworodek), nie wolno dziecka w\u0105cha\u0107, cho\u0107 nowe zapachy wydaj\u0105 si\u0119 tak intryguj\u0105ce. W m\u00f3zgu takiego psa pojawia si\u0119 skojarzenie NIEMOWLAK = SAMO Z\u0141O. Przecie\u017c od tego momentu kiedy pojawi\u0142 si\u0119 \u00a0ten ma\u0142y skrzecz\u0105cy, moje \u017cycie zmieni\u0142o si\u0119 \u2013 na gorsze. \u00a0Do tego dochodzi\u0107 mo\u017ce l\u0119k \u2013 nigdy czego\u015b takiego nie widzia\u0142em, czy to jest bezpieczne? Ma\u0142e skrzecz\u0105ce zaczyna raczkowa\u0107, ci\u0105gie\u00a0psa za sier\u015b\u0107, nadepnie na ogon. Bardzo szybko okazuje si\u0119, \u017ce nie \u2013 nie jest bezpieczne. A co ja mog\u0119 zrobi\u0107 \u2013 wybior\u0119 ucieczk\u0119 (odej\u015bcie od przykrej sytuacji), ale kiedy mo\u017cliwo\u015bci ucieczki mia\u0142 nie b\u0119d\u0119 pozostaje mi ostatnie wyj\u015bcie \u2013 ugryz\u0119. \u00a0Odsun\u0119 od siebie niebezpiecze\u0144stwo i cho\u0107 na chwil\u0119 poczuj\u0119 si\u0119 lepiej.","_et_gb_content_width":"","footnotes":""},"class_list":["post-4126","page","type-page","status-publish","hentry"],"_links":{"self":[{"href":"https:\/\/labradoodle.pl\/fi\/wp-json\/wp\/v2\/pages\/4126","targetHints":{"allow":["GET"]}}],"collection":[{"href":"https:\/\/labradoodle.pl\/fi\/wp-json\/wp\/v2\/pages"}],"about":[{"href":"https:\/\/labradoodle.pl\/fi\/wp-json\/wp\/v2\/types\/page"}],"author":[{"embeddable":true,"href":"https:\/\/labradoodle.pl\/fi\/wp-json\/wp\/v2\/users\/3"}],"replies":[{"embeddable":true,"href":"https:\/\/labradoodle.pl\/fi\/wp-json\/wp\/v2\/comments?post=4126"}],"version-history":[{"count":7,"href":"https:\/\/labradoodle.pl\/fi\/wp-json\/wp\/v2\/pages\/4126\/revisions"}],"predecessor-version":[{"id":5485,"href":"https:\/\/labradoodle.pl\/fi\/wp-json\/wp\/v2\/pages\/4126\/revisions\/5485"}],"wp:attachment":[{"href":"https:\/\/labradoodle.pl\/fi\/wp-json\/wp\/v2\/media?parent=4126"}],"curies":[{"name":"wp","href":"https:\/\/api.w.org\/{rel}","templated":true}]}}