{"id":4124,"date":"2018-05-15T13:37:19","date_gmt":"2018-05-15T11:37:19","guid":{"rendered":"https:\/\/labradoodle.pl\/?page_id=4124"},"modified":"2022-02-25T12:18:17","modified_gmt":"2022-02-25T11:18:17","slug":"australijskie-labradoodle-dla-alergikow","status":"publish","type":"page","link":"https:\/\/labradoodle.pl\/fi\/australijskie-labradoodle-dla-alergikow\/","title":{"rendered":"Australian labradoodle allergikoille"},"content":{"rendered":"<p>. \u201d global_colors_info=\u201d{}\u201d][et_pb_column type=\u201d4_4\u2033 _builder_version=\u201d3.25\u2033 custom_padding=\u201d|||\u201d global_colors_info=\u201d{}\u201d custom_padding__hover=\u201d|||\u201d][et_pb_text admin_label=\u201dTeksti\u201d _builder_version=\u201d4.14.8\u2033 background_size=\u201dinitial\u201d background_position=\u201dtop_left\u201d background_repeat=\u201drepeat\u201d global_color=ho\u201dver_eninfo=\u201dver_eninfo\u201d \u201d{}\u201d text_font=\u201d|300|||||||\u201d text_font_size=\u201d18px\u201d sticky_enabled=\u201d0\u2033]<\/p>\n<h1><strong>Australian labradoodle allergikoille? <\/strong><\/h1>\n<h3><strong>Eiv\u00e4tk\u00f6 koirat irtoa?<\/strong><strong><\/strong><\/h3>\n<p>[\/et_pb_text][et_pb_text _builder_version=\u201d4.14.8\u2033 _module_preset=\u201ddefault\u201d text_font=\u201d|300|||||||\u201d text_font_size=\u201d18px\u201d hover_enabled=\u201d0\u2033 sticky_enabled=\u201d0\u2033]<\/p>\n<p><strong>Australian labradoodle allergikoille.<\/strong> \u00a0Kuten luultavasti jo tied\u00e4t, australialainen labradoodle ei ole vain labradorin ja villakoiran risteym\u00e4.<\/p>\n<p>Kun olemme yritt\u00e4neet ostaa ensimm\u00e4isten sukupolvien koiran (esim. Labrador + Villakoira tai Labradoodle + Villakoira jne.) tai usean sukupolven ALD:n, joka on risteytetty Labradorin tai Cockerspanielin kanssa, olemme valitettavasti vaarassa joutua ep\u00e4miellytt\u00e4viin. Vuoden kuluttua, jopa (Labradoodle-pennun ensimm\u00e4isen karvanvaihdon j\u00e4lkeen), voi k\u00e4yd\u00e4 ilmi, ett\u00e4 koiramme herkist\u00e4\u00e4 meid\u00e4t ja irtoaa.<\/p>\n<p>Miksi t\u00e4m\u00e4 tapahtuu? No, et koskaan tied\u00e4, mitk\u00e4 geenit pentu perii. Tai ehk\u00e4 siin\u00e4 on emon labradorin tai is\u00e4n cockerspanielin turkki?<\/p>\n<p>Yleens\u00e4 organisaatioiden tulisi siirty\u00e4 pois Australian Labradoodlen varhaisista sukupolvista. He eiv\u00e4t my\u00f6sk\u00e4\u00e4n saa ottaa k\u00e4ytt\u00f6\u00f6n uusia infuusioita. Ymm\u00e4rr\u00e4n kuitenkin, ett\u00e4 kaikilla organisaatioilla ei ole t\u00e4llaisia m\u00e4\u00e4r\u00e4yksi\u00e4. Valitettavasti voimme viel\u00e4 tavata &quot;Australian Labradoodlen&quot;, jonka is\u00e4 on villakoira, cockerspanieli tai pehme\u00e4p\u00e4\u00e4llysteinen irlantilainen vehn\u00e4. T\u00e4ss\u00e4 tapauksessa meid\u00e4n on otettava huomioon, ett\u00e4 koiramme voi olla allerginen ja irtoanut. Valitettavasti t\u00e4m\u00e4 voi osoittautua vasta vuoden kuluttua, eli ensimm\u00e4isen hiustenvaihdon j\u00e4lkeen. Siksi on erityisen t\u00e4rke\u00e4\u00e4 olla p\u00e4\u00e4tt\u00e4m\u00e4tt\u00e4 koirasta niin varhaisista sukupolvista, ja on parasta valita organisaatio, joka ei salli t\u00e4llaisia risteyksi\u00e4. Silloin voimme olla varmoja, ett\u00e4 ostamme laadukkaan koiran.<\/p>\n<p>Toinen ongelma on itse allergia. Kaikki eiv\u00e4t ole allergisia hilseelle. Ihminen voi olla herkk\u00e4 syljen, orvaskeden, hiusten ja jopa virtsan allergeeneille. Kokemukseni mukaan allergiat virtsanvalkuaisille ovat vahvimpia. T\u00e4ss\u00e4 tapauksessa kasvattajan tulee ensin mahdollistaa aikuisen n\u00e4ytteen tapaaminen allergeenittomissa olosuhteissa. Sitten h\u00e4nen tulee antaa t\u00e4ydelliset tiedot siit\u00e4, kuinka koiranpentua k\u00e4sitell\u00e4\u00e4n tavalla, joka minimoi allergioiden riskin. Koiran riitt\u00e4m\u00e4t\u00f6n ravitsemus, turkista huolehtimatta j\u00e4tt\u00e4minen, koiranpennun ulostaminen kotona voi aiheuttaa allergisia reaktioita.<\/p>\n<p>Australian labradoodle allergikoille<\/p>\n<p>[\/et_pb_text][\/et_pb_column][\/et_pb_row][\/et_pb_section]<\/p>","protected":false},"excerpt":{"rendered":"<p>Australian labradoodle allergikoille? Ei irtoavia koiria? Australian labradoodle allergikoille. Kuten luultavasti jo tied\u00e4t, australialainen labradoodle ei ole vain labradorin ja villakoiran risteym\u00e4. Jos meill\u00e4 on houkutus ostaa ensimm\u00e4isten sukupolvien koira (esim. Labrador + Villakoira tai Labradoodle + Villakoira jne.) tai usean sukupolven ALD risteytettyn\u00e4 j\u00e4lleen labradorin tai cockerspanielin kanssa, olemme valitettavasti vaarassa [\u2026]<\/p>","protected":false},"author":3,"featured_media":0,"parent":0,"menu_order":0,"comment_status":"closed","ping_status":"closed","template":"","meta":{"_et_pb_use_builder":"on","_et_pb_old_content":"<h2><strong>Australijskie Labradoodle dla alergik\u00f3w? <\/strong><\/h2>\r\n<h3><strong>Psy nie liniej\u0105ce?<\/strong><\/h3>\r\n<strong>Australijskie Labradoodle dla alergik\u00f3w.<\/strong> \u00a0Jak\u00a0Pa\u0144stwo zapewne ju\u017c wiecie, Australijski Labradoodle to nie tylko krzy\u017c\u00f3wka Labradora i Pudla.\r\n\r\nPokusiwszy si\u0119 na zakup psa z pierwszych generacji (na przyk\u0142ad Labrador + Pudel czy Labradoodle + Pudel itp.) lub te\u017c wielopokoleniowego ALD ponownie skrzy\u017cowanego z Labradorem lub Cocker Spanielem, niestety nara\u017camy si\u0119 na nieprzyjemno\u015bci. Po roku czasu nawet (po pierwszej wymianie sier\u015bci naszego szczeniaka Labradoodle) mo\u017ce si\u0119 okaza\u0107 bowiem, \u017ce nas pies nas uczuli i b\u0119dzie linia\u0142.\r\n\r\nDlaczego tak si\u0119 dzieje?\u00a0Ot\u00f3\u017c nigdy nie wiadomo jakie geny odziedziczy nasze szczeni\u0119. A mo\u017ce akurat b\u0119dzie mia\u0142o liniej\u0105c\u0105 sier\u015b\u0107 mamy Labradora czy taty Cocker Spaniela?\r\n\r\nGeneralnie organizacje powinny odchodzi\u0107 od wczesnych generacji Australijskiego Labradoodle. Nie powinny te\u017c wprowadza\u0107 \u017cadnych nowych infuzji. Zdaj\u0119 sobie jednak spraw\u0119, \u017ce nie wszystkie organizacje maj\u0105 takie regulaminy. Niestety jeszcze mo\u017cemy spotka\u0107 \u201eAustralijskiego Labradoodle\u201d, kt\u00f3rego tatusiem jest Pudel, Cocker Spaniel czy Soft Coated Irish Wheaten. W takim wypadku musimy liczy\u0107 si\u0119 z tym, \u017ce nasz pies mo\u017ce uczula\u0107 i linie\u0107. Niestety to mo\u017ce okaza\u0107 si\u0119 dopiero po roku czasu, czyli po pierwszej wymianie sier\u015bci. Dlatego szczeg\u00f3lnie istotne jest aby nie decydowa\u0107 si\u0119 na psa z tak wczesnych pokole\u0144 a najlepiej wybra\u0107 organizacj\u0119, kt\u00f3ra na takie krzy\u017c\u00f3wki nie pozwala. Wtedy mamy pewno\u015b\u0107, \u017ce kupujemy dobrego jako\u015bciowo psa.\r\n\r\nDrug\u0105 kwesti\u0105 jest sam alergik. Nie ka\u017cdy uczulony jest tylko na sier\u015b\u0107. Cz\u0142owiek mo\u017ce by\u0107 wra\u017cliwy na alergeny zawarte w \u015blinie, nask\u00f3rku, sier\u015bci a nawet w moczu. Z mojego do\u015bwiadczenia wynika, \u017ce alergie na bia\u0142o zawarte w moczu s\u0105 najsilniejsze. W tym wypadku hodowca powinien w pierwszej kolejno\u015bci umo\u017cliwi\u0107 spotkanie z doros\u0142ym osobnikiem w warunkach wolnych od alergen\u00f3w. Nast\u0119pnie \u00a0powinien udzieli\u0107 kompletnych informacji odno\u015bnie post\u0119powania ze szczeniakiem w spos\u00f3b, kt\u00f3ry \u00a0zminimalizuje ryzyko wyst\u0105pienia jakichkolwiek alergii. Nieodpowiednie od\u017cywianie psa bowiem, nie dbanie o jego sier\u015b\u0107, pozwalanie aby szczeni\u0119 za\u0142atwia\u0142o si\u0119 w domu mo\u017ce spowodowa\u0107 i\u017c reakcje alergiczne wyst\u0105pi\u0105.\r\n\r\nAustralijskie Labradoodle dla alergik\u00f3w","_et_gb_content_width":"","footnotes":""},"class_list":["post-4124","page","type-page","status-publish","hentry"],"_links":{"self":[{"href":"https:\/\/labradoodle.pl\/fi\/wp-json\/wp\/v2\/pages\/4124","targetHints":{"allow":["GET"]}}],"collection":[{"href":"https:\/\/labradoodle.pl\/fi\/wp-json\/wp\/v2\/pages"}],"about":[{"href":"https:\/\/labradoodle.pl\/fi\/wp-json\/wp\/v2\/types\/page"}],"author":[{"embeddable":true,"href":"https:\/\/labradoodle.pl\/fi\/wp-json\/wp\/v2\/users\/3"}],"replies":[{"embeddable":true,"href":"https:\/\/labradoodle.pl\/fi\/wp-json\/wp\/v2\/comments?post=4124"}],"version-history":[{"count":3,"href":"https:\/\/labradoodle.pl\/fi\/wp-json\/wp\/v2\/pages\/4124\/revisions"}],"predecessor-version":[{"id":4922,"href":"https:\/\/labradoodle.pl\/fi\/wp-json\/wp\/v2\/pages\/4124\/revisions\/4922"}],"wp:attachment":[{"href":"https:\/\/labradoodle.pl\/fi\/wp-json\/wp\/v2\/media?parent=4124"}],"curies":[{"name":"wp","href":"https:\/\/api.w.org\/{rel}","templated":true}]}}