{"id":4118,"date":"2018-05-15T13:21:37","date_gmt":"2018-05-15T11:21:37","guid":{"rendered":"https:\/\/labradoodle.pl\/?page_id=4118"},"modified":"2022-02-25T12:37:50","modified_gmt":"2022-02-25T11:37:50","slug":"cena-australijskiego-labradoodle","status":"publish","type":"page","link":"https:\/\/labradoodle.pl\/fi\/cena-australijskiego-labradoodle\/","title":{"rendered":"Australian Labradoodlen hinta"},"content":{"rendered":"<p>[et_pb_section fb_built=\u201d1\u2033 admin_label=\u201dsection\u201d _builder_version=\u201d3.22\u2033 global_colors_info=\u201d{}\u201d][et_pb_row admin_label=\u201drow\u201d _builder_version=\u201d3.25\u2033=\u201dposition=\u201dback_pea\u201dtreft background_pea\u201dtreft \u201d global_colors_info=\u201d{}\u201d][et_pb_column type=\u201d4_4\u2033 _builder_version=\u201d3.25\u2033 custom_padding=\u201d|||\u201d global_colors_info=\u201d{}\u201d custom_padding__hover=\u201d|||\u201d][et_pb_text _builder_version=\u201d4.14.8\u2033 _module_preset=\u201ddefault\u201d hover_enabled=\u201d0\u2033 sticky_enabled=\u201d0\u2033]<\/p>\n<h1>Australian Labradoodlen hinta<\/h1>\n<p>[\/et_pb_text][et_pb_text admin_label=\u201dTeksti\u201d _builder_version=\u201d4.14.8\u2033 background_size=\u201dinitial\u201d background_position=\u201dtop_left\u201d background_repeat=\u201drepeat\u201d hover_enabled=\u201d0\u2033 global=fon}\u201dtext_0\u201d ||||||&quot; sticky_enabled=\u201d0\u2033]<\/p>\n<p><strong>Australian Labradoodlen hinta on korkea<\/strong>, mutta se heijastaa kaikkia terveystesteihin, terveiden ja hyvien jalostuslinjojen ostoon ja maahantuontiin liittyvi\u00e4 kustannuksia. Rekister\u00f6innit hyv\u00e4maineisessa organisaatiossa ja jopa tietoa kasvattajan suorittamasta pentujen ensisijaisesta sosialisoinnista.<\/p>\n<p><strong>Hintaerot<\/strong> pit\u00e4isi aina laukaista punainen valo ja perusteellinen analyysi siit\u00e4, mist\u00e4 ne riippuvat. Valitettavasti linja, linja ei ole tasa-arvoinen ja monet geneettiset sairaudet esiintyv\u00e4t joissakin Australian Labradoodlesin linjoissa. Kesti 1,5 vuotta l\u00f6yt\u00e4\u00e4 hyv\u00e4 ja terve Labradoodle-linja (tuotu geenivaraston monipuolistamiseksi), ja olen &quot;istunut&quot; Australian Labradoodlesta 8 vuotta. , nopea ansaitseminen - tied\u00e4th\u00e4n, voimme havaita samanlaisen tilanteen Puola el\u00e4insuojelulain muutoksen j\u00e4lkeen), joka vaatii kasvattajia tekem\u00e4\u00e4n eritt\u00e4in perusteellisia terveystestej\u00e4 pennuilleen tai jopa DNA-testej\u00e4 - valitettavasti kaikki t\u00e4m\u00e4 on eritt\u00e4in kallista.<\/p>\n<p>Mik\u00e4li organisaatio on kiinnostunut rodun kehitt\u00e4misest\u00e4 ja tutkimuksesta - mukana ovat my\u00f6s muun tutkimuksen kustannukset (esim. Sopimaton turkki), jotka kasvattajat maksavat.<\/p>\n<p>Ent\u00e4 sosialisaatio? Voivatko kaikki tehd\u00e4 sen? Tietysti! Ainoa kysymys on, mill\u00e4 vaikutuksilla? Koiran aivojen kehityksen ja kriittisten jaksojen tunteminen on avainasemassa pentujen sosialisoinnissa. Kaikkien pennuille antamamme \u00e4rsykkeiden on oltava tasapainoisia ja mukautettuja tiettyyn kehitysvaiheeseen. Jokainen pentu on erilainen. Ja ent\u00e4 se? Todellinen kasvattaja t\u00e4ydent\u00e4\u00e4 jatkuvasti tietojaan, osallistuu erilaisiin seminaareihin ja konferensseihin. El\u00e4mme aikaa, jolloin tieto el\u00e4inten k\u00e4ytt\u00e4ytymisest\u00e4 kukoistaa. Uusia faktoja tavoittaa meid\u00e4t koko ajan, mutta my\u00f6s el\u00e4inmaailman suuret - etologeilla tai behavioristeilla voi olla erilaisia mielipiteit\u00e4, mielipiteit\u00e4, oletuksia. Ja eritt\u00e4in hyvin - t\u00e4m\u00e4n ansiosta olemme edistyneet. Mutta et saa rajoittua yhteen seminaariin tai yhteen koulutukseen. Ja sellaiset - lis\u00e4ksi ulkomailta tulleiden ihmisten suorittamat ovat eritt\u00e4in kalliita. Mutta kasvattajan tiet\u00e4mys maksaa itsens\u00e4 takaisin \u2013 se maksaa itsens\u00e4 koiranpennussa yksinkertaisesti.<\/p>\n<p>[\/et_pb_text][\/et_pb_column][\/et_pb_row][\/et_pb_section]<\/p>","protected":false},"excerpt":{"rendered":"<p>Australialaisen Labradoodlen hinta Australialaisen Labradoodlen hinta on korkea, mutta se heijastaa kaikkia terveystesteihin, ostoon ja terveiden ja hyvien kasvatuslinjojen maahantuontiin liittyvi\u00e4 kustannuksia. Rekister\u00f6ityminen hyv\u00e4maineiseen organisaatioon ja jopa tiet\u00e4mys ja menetelm\u00e4 pentujen ensisijaisesta sosialisoinnista kasvattajan toimesta. Hintaerojen pit\u00e4isi aina laukaista punainen lippu ja perusteellinen analyysi siit\u00e4, mist\u00e4 ne riippuvat. [\u2026]<\/p>","protected":false},"author":3,"featured_media":0,"parent":0,"menu_order":0,"comment_status":"closed","ping_status":"closed","template":"","meta":{"_et_pb_use_builder":"on","_et_pb_old_content":"<strong>Cena Australijskiego Labradoodle jest wysoka<\/strong>, ale odzwierciedla ona wszystkie koszty zwi\u0105zane z testami zdrowotnymi, zakupem, sprowadzeniem zdrowych i dobrych linii hodowlanych. Rejestracjom w renomowanej organizacji a nawet wiedz\u0105 na temat i sposobem przeprowadzania pierwotnej socjalizacji szczeni\u0105t przez hodowc\u0119.\r\n\r\n<strong>R\u00f3\u017cnice cenowe<\/strong> zawsze powinny spowodowa\u0107 zapalenie czerwonej lampki i wnikliw\u0105 analiz\u0119 od czego one zale\u017c\u0105. Niestety linia, linii nie jest r\u00f3wna i ju\u017c w niekt\u00f3rych z linii Australijskich Labradoodle pojawia si\u0119 wiele chor\u00f3b genetycznych. Mnie samej szukanie dobrej i zdrowej linii Labradoodle (sprowadzanej w celu urozmaicenia puli genetycznej) zaj\u0119\u0142o 1,5 roku, a w temacie Australijskich Labradoodle \u201esiedz\u0119\u201d ju\u017c od lat 8. Nast\u0119pn\u0105 kwesti\u0105 jest kwestia Organizacji Kynologicznej (jest ich kilka, wiele powsta\u0142o z ch\u0119ci du\u017cego, szybkiego zarobku \u2013 wiadomo, podobn\u0105 sytuacj\u0119 mo\u017cemy obserwowa\u0107 w Polsce po zmianie Ustawy o Ochronie Zwierz\u0105t), kt\u00f3ra nak\u0142ada na hodowc\u00f3w przeprowadzania bardzo wnikliwych test\u00f3w zdrowotnych swoich szczeni\u0105t, czy cho\u0107by test\u00f3w DNA \u2013 to wszystko jest niestety bardzo kosztowne.\r\n\r\nJe\u017celi organizacja jest zainteresowana rozwojem i badaniami nad ras\u0105 \u2013 dochodz\u0105 do tego koszty innych bada\u0144 (na przyk\u0142ad Improper Coat), kt\u00f3re pokrywaj\u0105 hodowcy.\r\n\r\nA co z socjalizacj\u0105? Czy mo\u017ce j\u0105 wykona\u0107 ka\u017cdy? Oczywi\u015bcie! Pytanie tylko z jakim skutkiem? Wiedza na temat rozwoju m\u00f3zgu psa i krytycznych okres\u00f3w jest wiedz\u0105 kluczow\u0105 w socjalizacji szczeni\u0105t. Wszystkie bod\u017ace, kt\u00f3re zapodajemy szczeniakom musz\u0105 by\u0107 wywa\u017cone i dostosowane do konkretnego okresu rozwoju. Ka\u017cde szczeni\u0119 jest inne. Co w zwi\u0105zku z tym? Prawdziwy hodowca swoj\u0105 wiedz\u0119 ca\u0142y czas doskonali, bierze udzia\u0142 w r\u00f3\u017cnych seminariach, konferencjach. \u017byjemy w czasach, w kt\u00f3rych wiedza na temat behawioru zwierz\u0105t kwitnie. Co chwil\u0119 docieraj\u0105 do nas nowe fakty, ale i te\u017c wielcy ze \u015bwiata zwierz\u0105t \u2013 etolodzy czy behawiory\u015bci potrafi\u0105 mie\u0107 r\u00f3\u017cne zdania, opinie, przypuszczenia. No i bardzo dobrze \u2013 dzi\u0119ki temu mamy post\u0119p. Tylko nie wolno poprzesta\u0107 na jednym seminarium czy na jednym szkoleniu. A takie \u2013 w dodatku przeprowadzane przez osoby z zagranicy s\u0105 bardzo kosztowne. Ale wiedza hodowcy procentuje \u2013 procentuje w Waszym szczeniaku, po prostu.","_et_gb_content_width":"","footnotes":""},"class_list":["post-4118","page","type-page","status-publish","hentry"],"_links":{"self":[{"href":"https:\/\/labradoodle.pl\/fi\/wp-json\/wp\/v2\/pages\/4118","targetHints":{"allow":["GET"]}}],"collection":[{"href":"https:\/\/labradoodle.pl\/fi\/wp-json\/wp\/v2\/pages"}],"about":[{"href":"https:\/\/labradoodle.pl\/fi\/wp-json\/wp\/v2\/types\/page"}],"author":[{"embeddable":true,"href":"https:\/\/labradoodle.pl\/fi\/wp-json\/wp\/v2\/users\/3"}],"replies":[{"embeddable":true,"href":"https:\/\/labradoodle.pl\/fi\/wp-json\/wp\/v2\/comments?post=4118"}],"version-history":[{"count":6,"href":"https:\/\/labradoodle.pl\/fi\/wp-json\/wp\/v2\/pages\/4118\/revisions"}],"predecessor-version":[{"id":4938,"href":"https:\/\/labradoodle.pl\/fi\/wp-json\/wp\/v2\/pages\/4118\/revisions\/4938"}],"wp:attachment":[{"href":"https:\/\/labradoodle.pl\/fi\/wp-json\/wp\/v2\/media?parent=4118"}],"curies":[{"name":"wp","href":"https:\/\/api.w.org\/{rel}","templated":true}]}}