{"id":4070,"date":"2018-05-13T22:06:10","date_gmt":"2018-05-13T20:06:10","guid":{"rendered":"https:\/\/labradoodle.pl\/?page_id=4070"},"modified":"2024-07-30T21:18:38","modified_gmt":"2024-07-30T19:18:38","slug":"kontakt","status":"publish","type":"page","link":"https:\/\/labradoodle.pl\/fi\/kontakt\/","title":{"rendered":"ottaa yhteytt\u00e4"},"content":{"rendered":"<p>[et_pb_section fb_built=\u201d1\u2033 fullwidth=\u201don\u201d next_background_color=\u201d#71615b\u201d admin_label=\u201dYl\u00e4tunniste\u201d _builder_version=\u201d4.23\u2033 background_color=\u201d#FFFFFFF\u201d bottom_divider_style=\u201dramppu2\u2033 bottom_divider_flip=\u201dvaakasuora\u201d global_colors_info=\u201d{}\u201d][et_pb_fullwidth_header title=\u201dYhteystiedot\u201d admin_label=\u201dT\u00e4ysleveyden yl\u00e4tunniste\u201d _builder_version=\u201d4.23\u2033 title_font=\u201dRaleway|700|||||||\u201d title_text_align=\u201dkeskelle\u201d title_font_size=\u201d70px\u201d title_line_height=\u201d1.1em\u201d content_font=\u201dRaleway||||||||\u201d content_text_color=\u201d#FFFFFF\u201d content_font_size=\u201d50px\u201d content_line_height=\u201d1.1em\u201d subhead_font=\u201dRaileway|700|||||||\u201d subhead_font_size=\u201d70px\u201d subhead_line_height=\u201d1.1em\u201d background_color=\u201d#c0b740\u2033 background_enable_image=\u201doff\u201d background_blend=\u201doverlay\u201d custom_button_one=\u201don\u201d button_one_text_size=\u201d16px\u201d button_one_text_color=\u201d#ffffff\u201d button_one_bg_color=\u201drgba(224,153,0,0.83)\u201d button_one_border_width=\u201d15px\u201d button_one_border_color=\u201drgba(0,0,0,0)\u201d button_one_border_radius=\u201d100px\u201d button_one_letter_spacing=\u201d3px\u201d button_one_font=\u201dOswald|||p\u00e4\u00e4ll\u00e4|||||\u201d button_one_use_icon=\u201dpois\u201d custom_button_two=\u201dp\u00e4\u00e4ll\u00e4\u201d button_two_text_size=\u201d16px\u201d button_two_text_color=\u201d#ffffff\u201d button_two_bg_color=\u201drgba(224,153,0,0.83)\u201d button_two_border_width=\u201d15px\u201d button_two_border_color=\u201drgba(0,0,0,0)\u201d button_two_border_radius=\u201d100px\u201d button_two_letter_spacing=\u201d3px\u201d button_two_font=\u201dOswald|||p\u00e4\u00e4ll\u00e4|||||\u201d button_two_use_icon=\u201dpois\u201d custom_margin=\u201d|||\u201d custom_padding=\u201d3vw||3vw||true|\u201d title_font_size_tablet=\u201d\u201d title_font_size_phone=\u201d50px\u201d title_font_size_last_edited=\u201dty\u00f6p\u00f6yd\u00e4ll\u00e4\u201d content_font_size_tablet=\u201d50px\u201d content_font_size_phone=\u201d25px\u201d content_font_size_last_edited=\u201dty\u00f6p\u00f6yd\u00e4ll\u00e4\u201d subhead_font_size_tablet=\u201d80px\u201d subhead_font_size_phone=\u201d35px\u201d subhead_font_size_last_edited=\u201dty\u00f6p\u00f6yd\u00e4ll\u00e4\u201d title_text_shadow_style=\u201dpreset4\u2033 title_text_shadow_color=\u201d#000000\u2033 content_text_shadow_style=\u201dpreset2\u2033 content_text_shadow_color=\u201d#000000\u2033 subhead_text_shadow_style=\u201dpreset4\u2033 text_shadow_style=\u201dpreset4\u2033 button_one_border_radius_hover=\u201d100px\u201d button_one_bg_color_hover=\u201d#cc8d66\u2033 button_two_bg_color_hover=\u201d#d29f68\u2033 global_colors_info=\u201d{}\u201d button_one_text_size__hover_enabled=\u201dpois\u201d button_two_text_size__hover_enabled=\u201dpois\u201d button_one_text_color__hover_enabled=\u201dpois\u201d button_two_text_color__hover_enabled=\u201dpois\u201d button_one_border_width__hover_enabled=\u201dpois\u201d button_two_border_width__hover_enabled=\u201dpois\u201d button_one_border_color__hover_enabled=\u201dpois\u201d button_two_border_color__hover_enabled=\u201dpois\u201d button_one_border_radius__hover_enabled=\u201dpois\u201d button_one_border_radius__hover=\u201d100px\u201d button_two_border_radius__hover_enabled=\u201dpois\u201d button_one_letter_spacing__hover_enabled=\u201dpois\u201d button_two_letter_spacing__hover_enabled=\u201dpois\u201d button_one_bg_color__hover_enabled=\u201dp\u00e4\u00e4ll\u00e4\u201d button_one_bg_color__hover=\u201d#d87c6c\u201d button_two_bg_color__hover_enabled=\u201dp\u00e4\u00e4ll\u00e4\u201d button_two_bg_color__hover=\u201d#d87c6c\u201d][\/et_pb_fullwidth_header][\/et_pb_section][et_pb_section fb_built=\u201d1\u2033 _builder_version=\u201d4.16\u2033 background_color=\u201d#71615b\u201d global_colors_info=\u201d{}\u201d][et_pb_row _builder_version=\u201d4.16\u2033 background_color=\u201d#71615b\u201d global_colors_info=\u201d{}\u201d][et_pb_column type=\u201d4_4\u2033 _builder_version=\u201d4.16\u2033 background_color=\u201d#b1cbb1\u2033 custom_padding=\u201d|||\u201d global_colors_info=\u201d{}\u201d custom_padding__hover=\u201d|||\u201d][et_pb_text _builder_version=\u201d4.18.0\u2033 _module_preset=\u201doletus\u201d background_color=\u201d#71615b\u201d global_colors_info=\u201d{}\u201d]<\/p>\n<h1>ottaa yhteytt\u00e4<\/h1>\n<p>[\/et_pb_text][et_pb_text _builder_version=\u201d4.18.0\u2033 text_font=\u201d||||||||&quot; text_text_color=&quot;#FFFFFFF&quot; text_font_size=&quot;16px&quot; header_font=&quot;||||||||&quot; background_color=&quot;#71615b&quot; custom_margin=&quot;-30px||0px||false|false&quot; global_colors_info=&quot;{}&quot;]<\/p>\n<p>Pentujen jonotuslista on t\u00e4ll\u00e4 hetkell\u00e4 auki.<\/p>\n<p>Pentujen vanhemmat on rekister\u00f6ity jalostuskoiriksi ALFA EUROPE -j\u00e4rjest\u00f6\u00f6n<span>\u00a0<\/span><a href=\"http:\/\/www.alfa-europe.org\/\" target=\"_blank\" data-saferedirecturl=\"https:\/\/www.google.com\/url?q=http:\/\/www.alfa-europe.org&amp;source=gmail&amp;ust=1668608999892000&amp;usg=AOvVaw0folZN_wIdGDcGfgiCaAsI\" rel=\"noopener\">www.alfa-europe.org<\/a><\/p>\n<p>Koiramme on testattu<span>\u00a0<\/span><b><u>200 erilaista geneettist\u00e4 sairautta,<\/u><\/b><span>\u00a0<\/span>josta voit lukea lis\u00e4\u00e4 nettisivuiltamme<\/p>\n<p>Pid\u00e4mme pentujen sosialisointia yhten\u00e4 t\u00e4rkeimmist\u00e4 elementeist\u00e4 koiran psyyken muokkaamisessa.<\/p>\n<p>&nbsp;<\/p>\n<p>Ota meihin yhteytt\u00e4 alla<span>\u00a0<\/span><a href=\"mailto:edyta.gajewska@labradoodle.pl\" target=\"_blank\" rel=\"noopener\">edyta.gajewska@labradoodle.pl<\/a><\/p>\n<p>[\/et_pb_text][\/et_pb_column][\/et_pb_row][et_pb_row _builder_version=\u201d4.16\u2033 background_color=\u201d#71615b\u201d global_colors_info=\u201d{}\u201d][et_pb_column type=\u201d4_4\u201dil_1.b_6n\u201d 1cbb1 \u2033 custom_padding= \u201d|||\u201d global_colors_info=\u201d{}\u201d custom_padding__hover=\u201d|||\u201d][et_pb_text _builder_version=\u201d4.18.0\u2033 text_font=\u201d|||||||| text_text_color=\u201d#FFFFFF\u201d text_font_size=\u201d16px\u201d header_font=\u201d||||||||\u201d background_color=\u201d#71615b\u201d custom_margin=\u201d-30px||0px||false|false\u201d global_colors_info=\u201d{}\u201d]<\/p>\n<h4><span>Kiitos jo etuk\u00e4teen lomakkeen t\u00e4ydellisest\u00e4 t\u00e4ytt\u00e4misest\u00e4. T\u00e4m\u00e4 on meille eritt\u00e4in t\u00e4rke\u00e4\u00e4, haluamme tutustua sinuun ennen kaikkea, jotta voimme tulevaisuudessa mukauttaa sinulle parhaan pennun perhedynamiikkasi ja temperamenttisi mukaisesti.<\/span><\/h4>\n<h4 dir=\"auto\"><\/h4>\n<div dir=\"auto\">\n<h4>Toiseksi haluamme olla varmoja, mihin k\u00e4siin koiranpentu mahdollisesti p\u00e4\u00e4tyy.<\/h4>\n<h4 dir=\"auto\"><\/h4>\n<h4 dir=\"auto\">Puutteellisia lomakkeita tai niit\u00e4, joissa ei ole sukukuvausta, ei huomioida.<\/h4>\n<p><span>Vierailut tilallemme ovat tervetulleita, ota yhteytt\u00e4 niin sovitaan tietty p\u00e4iv\u00e4m\u00e4\u00e4r\u00e4.\u00a0<\/span><\/p>\n<div dir=\"auto\"><\/div>\n<div dir=\"auto\">Kutsumme sinut arkisin klo 8.30-15.30<\/div>\n<div dir=\"auto\"><\/div>\n<div dir=\"auto\">Varaamme viikonloput vain jonotuslistallemme ilmoittautuneille.\u00a0<\/div>\n<p>&nbsp;<\/p>\n<p>&nbsp;<\/p>\n<\/div>\n<p>[\/et_pb_text][\/et_pb_column][\/et_pb_row][et_pb_row _builder_version=\u201d4.18.0\u2033 _module_preset=\u201doletus\u201d global_colors_info=\u201d{}\u201d][et_pb_column type=\u201d4_4\u2033 _builder_version=\u201d4.18.0\u2033 _module_preset=\u201doletus\u201d global_colors_info=\u201d{}\u201d][et_pb_code _builder_version=\u201d4.23\u2033 _module_preset=\u201doletus\u201d global_colors_info=\u201d{}\u201d]<script charset=\"utf-8\" type=\"text\/javascript\" src=\"\/\/js.hsforms.net\/forms\/embed\/v2.js\"><\/script><!-- [et_pb_line_break_holder] --><script><!-- [et_pb_line_break_holder] -->  hbspt.forms.create({<!-- [et_pb_line_break_holder] -->    region: \"na1\",<!-- [et_pb_line_break_holder] -->    portalId: \"4104034\",<!-- [et_pb_line_break_holder] -->    formId: \"e0ca169e-68bf-4ce3-aad9-5cba2e9e1d07\"<!-- [et_pb_line_break_holder] -->  });<!-- [et_pb_line_break_holder] --><\/script>[\/et_pb_code][\/et_pb_column][\/et_pb_row][\/et_pb_section][et_pb_section fb_built=\u201d1\u2033 admin_label=\u201dOsio\u201d _builder_version=\u201d4.22.1\u2033 _module_preset=\u201doletus\u201d background_color=\u201d#FFFFFFF\u201d custom_padding=\u201d0px||0px|||\u201d global_colors_info=\u201d{}\u201d][\/et_pb_section]<\/p>","protected":false},"excerpt":{"rendered":"<p>Ota yhteytt\u00e4Lista pentuja odottavista on t\u00e4ll\u00e4 hetkell\u00e4 auki. Pentujen vanhemmat on rekister\u00f6ity jalostuskoiriksi ALFA EUROPE -organisaatioon www.alfa-europe.org Koiramme on testattu 200 erilaisen geneettisen taudin varalta, joista voit lukea lis\u00e4\u00e4 nettisivuiltamme Pentujen sosialisointia pid\u00e4mme yksi t\u00e4rkeimmist\u00e4 elementeist\u00e4 koiran psyyken muokkaamisessa. Ota meihin yhteytt\u00e4 osoitteeseen edyta.gajewska@labradoodle.pl Kiitos etuk\u00e4teen t\u00e4ydellisest\u00e4 [\u2026]<\/p>","protected":false},"author":3,"featured_media":0,"parent":0,"menu_order":0,"comment_status":"closed","ping_status":"closed","template":"","meta":{"_et_pb_use_builder":"on","_et_pb_old_content":"","_et_gb_content_width":"","footnotes":""},"class_list":["post-4070","page","type-page","status-publish","hentry"],"_links":{"self":[{"href":"https:\/\/labradoodle.pl\/fi\/wp-json\/wp\/v2\/pages\/4070","targetHints":{"allow":["GET"]}}],"collection":[{"href":"https:\/\/labradoodle.pl\/fi\/wp-json\/wp\/v2\/pages"}],"about":[{"href":"https:\/\/labradoodle.pl\/fi\/wp-json\/wp\/v2\/types\/page"}],"author":[{"embeddable":true,"href":"https:\/\/labradoodle.pl\/fi\/wp-json\/wp\/v2\/users\/3"}],"replies":[{"embeddable":true,"href":"https:\/\/labradoodle.pl\/fi\/wp-json\/wp\/v2\/comments?post=4070"}],"version-history":[{"count":42,"href":"https:\/\/labradoodle.pl\/fi\/wp-json\/wp\/v2\/pages\/4070\/revisions"}],"predecessor-version":[{"id":9954,"href":"https:\/\/labradoodle.pl\/fi\/wp-json\/wp\/v2\/pages\/4070\/revisions\/9954"}],"wp:attachment":[{"href":"https:\/\/labradoodle.pl\/fi\/wp-json\/wp\/v2\/media?parent=4070"}],"curies":[{"name":"wp","href":"https:\/\/api.w.org\/{rel}","templated":true}]}}