{"id":4050,"date":"2018-05-09T23:10:48","date_gmt":"2018-05-09T21:10:48","guid":{"rendered":"https:\/\/labradoodle.pl\/?page_id=4050"},"modified":"2022-04-07T13:30:44","modified_gmt":"2022-04-07T11:30:44","slug":"czy-na-pewno-oryginal","status":"publish","type":"page","link":"https:\/\/labradoodle.pl\/fi\/czy-na-pewno-oryginal\/","title":{"rendered":"Oletko varma alkuper\u00e4isest\u00e4?"},"content":{"rendered":"<p>. _PB_Column type=\u201d4_4\u2033 _builder_version=\u201d4.16\u2033 custom_padding=\u201d|||\u201d global_colors_info=\u201d{}\u201d custom_padding__hover=\u201d|||\u201d][et_pb_text _builder_version=\u201d4.16\u2033 _module_preset=\u201ddefault\u201d global_colors_info=\u201d{}\u201d]<\/p>\n<h1>Onko Australian Labradoodleni aito?<\/h1>\n<p>[\/et_pb_text][et_pb_text _builder_version=\u201d4.16\u2033 text_font_size=\u201d18\u2033 global_colors_info=\u201d{}\u201d]<\/p>\n<p>Useammin kuin kerran sain puheluita perheelt\u00e4, joka osti Labradoodlen, ja jonkin ajan kuluttua k\u00e4vi ilmi, ett\u00e4 koira ei n\u00e4yt\u00e4 labradoodlelta, se irtoaa, h\u00e4n on allerginen.<\/p>\n<p>T\u00e4llaiset keskustelut voivat olla hyvin vaikeita, toisaalta olen t\u00e4ynn\u00e4 my\u00f6t\u00e4tuntoa sit\u00e4 henkil\u00f6\u00e4 kohtaan, joka joutuu luopumaan koirasta ja toisaalta..... Olen yll\u00e4ttynyt, koska netist\u00e4 l\u00f6ytyy tietoa pohjalta joista voit tehd\u00e4 oikean p\u00e4\u00e4t\u00f6ksen.<\/p>\n<p><span style=\"font-size: large;\"><b>Labradoodle Labradoodle ei ole tasa-arvoinen<\/b><\/span><\/p>\n<p>Varhaiset risteytykset aiheuttivat monia temperamenttisia vaikeuksia, suoria linjoja ja allergisia reaktioita. Kukaan ei voinut ennustaa, milt\u00e4 aikuinen yksil\u00f6 n\u00e4ytt\u00e4isi tai olisiko sill\u00e4 monen sukupolven australialaisten labradoodleiden ominaisuuksia.<\/p>\n<p>Ja t\u00e4ss\u00e4 on avain ennen kaikkea. Jos etsimme koiraa, jolla on erityinen ulkon\u00e4k\u00f6 ja ominaisuudet, vain monen sukupolven australialainen labradoodle voi antaa meille t\u00e4llaisen varmuuden.<\/p>\n<p>N\u00e4m\u00e4 puolestaan rekister\u00f6iv\u00e4t ensin hyv\u00e4maineiset organisaatiot, jotka my\u00f6nt\u00e4v\u00e4t sukutauluja ja vaativat kasvattajiltaan:<\/p>\n<ul>\n<li>terveystestien ottamista<\/li>\n<li>testaus alkuper\u00e4n vahvistamiseksi - DNA<\/li>\n<\/ul>\n<p><span style=\"font-size: large;\"><b>Ent\u00e4 sidosj\u00e4rjest\u00f6t?<\/b><\/span><\/p>\n<p>Valitettavasti jotkut organisaatiot sallivat Labradoodlen varhaisen risteytyksen tai astutuksen toisen koirarodun kanssa (kustannusten v\u00e4hent\u00e4miseksi). Ja t\u00e4ss\u00e4 palataan l\u00e4ht\u00f6pisteeseen, vaikkakaan ei v\u00e4ltt\u00e4m\u00e4tt\u00e4. Ei v\u00e4ltt\u00e4m\u00e4tt\u00e4 siksi, ett\u00e4 jokainen meist\u00e4 voi itse tarkistaa, mit\u00e4 koiria valittu kasvattaja on kasvattanut ja tehd\u00e4 tietoisen p\u00e4\u00e4t\u00f6ksen. Jos kasvattajalla on vain usean sukupolven koiria ja h\u00e4n tekee kaikki vaaditut terveystutkimukset (ei aikaisintaan vuoden kuluttua koiran elinajasta - ERITT\u00c4IN T\u00c4RKE\u00c4\u00c4) niin ei h\u00e4t\u00e4\u00e4.<\/p>\n<p>Pysyisin kuitenkin kaukana kasvattajista, joilla on 2 tai useampia jalostusohjelmia. Eli ne, jotka kasvattavat usean sukupolven koiria ja samalla varhaisia risteytyksi\u00e4.<\/p>\n<p><b>Jalostuskoiramme on rekister\u00f6ity ALFA-European, joka hyv\u00e4ksyy ohjelmiinsa vain monen sukupolven australialaiset labradoodleet.<\/b><\/p>\n<p>[\/et_pb_text][dmg_masonry_gallery gallery=\u201d5142,5134,5150,5090,4976,4888\u2033 gutter=\u201d3\u2033 modal_title=\u201din_title\u201d hover_overlay_effect=\u201doverlay\u201d _color=\u201d#FFFFFF\u201d show_overlay _caption=\u201d off \u201d overlay_caption_size=\u201d14px\u201d pagination_buttons_background=\u201dRGBA(255,255,255,0)\u201d pagination_buttons_background_active=\u201d#bcb840\u2033 columns_tablet=\u201d2\u2033 last columns_phone=\u201dversion|on_editktopn\u201d 4.16 .0\u2033 _module_preset=\u201doletus \u201d pagination_text_color=\u201d#bcb840\u2033 pagination_font_size=\u201d12px\u201d pagination_active_text_color=\u201d#71615b\u201d pagination_active_font_size=\u201d12px\u201d hover_enabled=\u201d0\u2033p2p2 border_xpx21p21| \u201d border_radii_p agination=\u201don|6px|6px|6px |6px \u201d border_radii_pagination_active=\u201don|6px|6px|6px|6px\u201d box_shadow_style_pagination=\u201dpreset1\u2033 global_colors_info=\u201d{}\u201d theme_builder_area=\u201dpost_content\u201d][ sticky_enabled=\u201d0\u2033mass\/coll\/d_mlleppnetry\/ _pb_row] [\/ et_pb_section]<\/p>","protected":false},"excerpt":{"rendered":"<p>Onko Australian Labradoodlen alkuper\u00e4inen?Olen saanut useammin kuin kerran puheluita perheelt\u00e4, joka osti Labradoodlen ja jonkin ajan kuluttua k\u00e4vi ilmi, ett\u00e4 koira ei n\u00e4yt\u00e4 labradoodlelta, se irtoaa ja aiheuttaa allergioita. T\u00e4llaiset keskustelut voivat olla hyvin vaikeita, toisaalta olen t\u00e4ynn\u00e4 my\u00f6t\u00e4tuntoa sit\u00e4 henkil\u00f6\u00e4 kohtaan, joka joutuu luopumaan koirasta, mutta toisaalta... Olen yll\u00e4ttynyt, koska on [\u2026]<\/p>","protected":false},"author":3,"featured_media":0,"parent":0,"menu_order":0,"comment_status":"closed","ping_status":"closed","template":"","meta":{"_et_pb_use_builder":"on","_et_pb_old_content":"","_et_gb_content_width":"","footnotes":""},"class_list":["post-4050","page","type-page","status-publish","hentry"],"_links":{"self":[{"href":"https:\/\/labradoodle.pl\/fi\/wp-json\/wp\/v2\/pages\/4050","targetHints":{"allow":["GET"]}}],"collection":[{"href":"https:\/\/labradoodle.pl\/fi\/wp-json\/wp\/v2\/pages"}],"about":[{"href":"https:\/\/labradoodle.pl\/fi\/wp-json\/wp\/v2\/types\/page"}],"author":[{"embeddable":true,"href":"https:\/\/labradoodle.pl\/fi\/wp-json\/wp\/v2\/users\/3"}],"replies":[{"embeddable":true,"href":"https:\/\/labradoodle.pl\/fi\/wp-json\/wp\/v2\/comments?post=4050"}],"version-history":[{"count":8,"href":"https:\/\/labradoodle.pl\/fi\/wp-json\/wp\/v2\/pages\/4050\/revisions"}],"predecessor-version":[{"id":5477,"href":"https:\/\/labradoodle.pl\/fi\/wp-json\/wp\/v2\/pages\/4050\/revisions\/5477"}],"wp:attachment":[{"href":"https:\/\/labradoodle.pl\/fi\/wp-json\/wp\/v2\/media?parent=4050"}],"curies":[{"name":"wp","href":"https:\/\/api.w.org\/{rel}","templated":true}]}}