{"id":4002,"date":"2018-05-08T22:06:25","date_gmt":"2018-05-08T20:06:25","guid":{"rendered":"https:\/\/labradoodle.pl\/?page_id=4002"},"modified":"2022-04-07T13:17:18","modified_gmt":"2022-04-07T11:17:18","slug":"kwestie-zdrowotne","status":"publish","type":"page","link":"https:\/\/labradoodle.pl\/fi\/kwestie-zdrowotne\/","title":{"rendered":"Terveysasiat"},"content":{"rendered":"<p>. _PB_Column type=\u201d4_4\u2033 _builder_version=\u201d4.16\u2033 custom_padding=\u201d|||\u201d global_colors_info=&quot;{}&quot; custom_padding__hover=&quot;|||&quot;][et_pb_text _builder_version=&quot;4.16\u2033 text_font=&quot;|300|||||||&quot; text_font_size=\u201d18\u2033 global_colors_info=\u201d{}\u201d]<\/p>\n<h1><b>Australian labradoodleen terveys?<\/b><\/h1>\n<h5><span>Hairy Pasja -kenneliss\u00e4 p\u00e4\u00e4stiin askeleen pidemm\u00e4lle terveysongelmissa. Toisin sanoen organisaation meille m\u00e4\u00e4r\u00e4\u00e4mien standarditestien lis\u00e4ksi teemme koirillemme geneettisi\u00e4 testej\u00e4 22 sairauden varalta, joihin australialaisen labradoodlen esi-is\u00e4t voivat olla alttiita. Testaamme my\u00f6s DNA-markkereita 170 muun mahdollisen geneettisen taudin varalta. T\u00e4m\u00e4n ansiosta voimme taata, ett\u00e4 erilaisia vaivoja ei esiinny lapsillasi seuraavien sukupolvien aikana.\u00a0<\/span><\/h5>\n<div><\/div>\n<h4>Toimitamme jokaiselle perheelle my\u00f6s pentujen vanhempien tarkan DNA-koodin. N\u00e4m\u00e4 tutkimukset paljastavat yksitt\u00e4isten perusrotujen prosentuaalisen osuuden tietyst\u00e4 yksil\u00f6st\u00e4. T\u00e4m\u00e4n ansiosta voit olla varma, mit\u00e4 ostat ja ett\u00e4 australialainen labradoodlesi on usean sukupolven koira, jolla on testattu ja m\u00e4\u00e4ritetty prosenttiosuus jokaisesta australialaisen labradoodlen esi-is\u00e4st\u00e4.<\/h4>\n<p><span style=\"font-weight: 400;\">Usein syy australialaisen labradoodlen ostamiseen on usko, ett\u00e4 he ovat terveimpi\u00e4 koiria. Oi, mik\u00e4 pettymys on jo sattunut monille, kun k\u00e4vi ilmi, ett\u00e4 koiran lonkat on vaihdettava.<\/span><\/p>\n<p><span style=\"font-weight: 400;\">On terveit\u00e4 linjoja, mutta on my\u00f6s nukkeja, joista voimme odottaa ongelmia. Esimerkiksi Yhdysvalloissa tai Australiassa rodussa on yh\u00e4 enemm\u00e4n terveysongelmia. Sama alkaa tapahtua Hollannissa. Kaikki tulee rodun popularisoinnista ja heikkojen jalostuslinjojen k\u00e4yt\u00f6st\u00e4 (usein johtuen s\u00e4\u00e4st\u00e4mishalusta).<\/span><\/p>\n<h1><\/h1>\n<h3><b>Hyv\u00e4 australialainen labradoodle-kennel - kuinka l\u00f6yt\u00e4\u00e4 se?<\/b><\/h3>\n<h1><\/h1>\n<p><span style=\"font-weight: 400;\">Hyv\u00e4 kasvattaja rekister\u00f6i koiransa hyv\u00e4maineiseen organisaatioon, joka keskittyy rodun hyv\u00e4\u00e4n, ei nopeaan voittoon.<\/span><\/p>\n<h1><\/h1>\n<p><span style=\"font-weight: 400;\">H\u00e4n tarkistaa jalostuskoirien terveyden - kaikki lonkat ja kyyn\u00e4rp\u00e4\u00e4t tulee tehd\u00e4 VUOSI koiran syntym\u00e4n j\u00e4lkeen. Nelj\u00e4nnen kuukauden kokeet (mik\u00e4 on valitettavasti hyvin yleist\u00e4) eiv\u00e4t ole riitt\u00e4vi\u00e4 ja usein vuoden kuluttua toistetut antavat negatiivisen tuloksen, eik\u00e4 koiraa voi k\u00e4ytt\u00e4\u00e4 jalostukseen. Vaadi kokeita KASVATAJASI, koska pit\u00e4en varhaisten testien tuloksia itsest\u00e4\u00e4nselvyyten\u00e4, kasvattaja ei usein toista testej\u00e4.<\/span><\/p>\n<h1><\/h1>\n<p><span style=\"font-weight: 400;\">Hyv\u00e4 kasvattaja SIJOITTAA hyviin linjoihin, ei s\u00e4\u00e4st\u00e4 jalostuskoirissa. Kyll\u00e4, n\u00e4m\u00e4 voivat olla kalliita. Australian Labradoodlen hinta heijastaa taloudellisia kustannuksia, joita aiheutuu muun muassa terveist\u00e4, testatuista linjoista.<\/span><\/p>\n<h1><\/h1>\n<p><span style=\"font-weight: 400;\">Labradoodlen kasvattaja panostaa koiriensa hyv\u00e4\u00e4n ravintoon, h\u00e4n huolehtii niiden oikeasta fyysisest\u00e4 rasituksesta.<\/span><\/p>\n<h1><\/h1>\n<h3><b>Mit\u00e4 potentiaalinen omistaja voi tehd\u00e4?<\/b><\/h3>\n<h1><\/h1>\n<p><span style=\"font-weight: 400;\">Valitse hyv\u00e4, rehellinen kasvattaja. Tee oikea tutkimus. \u00c4l\u00e4 osta vain siksi, ett\u00e4 jollain on pentuja saatavilla. T\u00e4llaiset nopeat p\u00e4\u00e4t\u00f6kset ovat valitettavasti usein v\u00e4\u00e4ri\u00e4.<\/span><\/p>\n<h1><\/h1>\n<p><span style=\"font-weight: 400;\">Ruoki koiranpennullesi oikein tasapainoista ruokaa. T\u00e4m\u00e4n ansiosta annamme h\u00e4nelle kaikkemme hyv\u00e4\u00e4n alkuun. Ei vain luuston, vaan my\u00f6s koko j\u00e4rjestelm\u00e4n asianmukaiselle kehitykselle.<\/span><\/p>\n<h1><\/h1>\n<p><span style=\"font-weight: 400;\">Tarjoa h\u00e4nelle kohtalaista liikuntaa - ilman liiallista hyv\u00e4ksik\u00e4ytt\u00f6\u00e4 14 kuukauden ik\u00e4\u00e4n asti. Se on eritt\u00e4in t\u00e4rke\u00e4\u00e4. Jopa lupaavimmat lonkat voivat tuhoutua liiallisen k\u00e4yt\u00f6n seurauksena. Pallon heittely pennulle, kilometrien mittaiset lenkkeilyt jne. T\u00e4llaista toimintaa kannattaa odottaa, kunnes pentu on tarpeeksi vanha.<\/span><\/p>\n<h1><\/h1>\n<h3><b>Muita terveysongelmia?<\/b><\/h3>\n<h1><\/h1>\n<p><b>Korvat<\/b><\/p>\n<h1><\/h1>\n<p><span style=\"font-weight: 400;\">Sinun on pidett\u00e4v\u00e4 huolta korvistasi. Toisin kuin n\u00e4ytt\u00e4\u00e4, huolehtiminen ei tarkoita viikoittaista siivousta. Puhdistamme ne, kun ne ovat likaisia. Emme ved\u00e4 hiuksia pois - se on luonnollinen suojaeste.<\/span><\/p>\n<p><span style=\"font-weight: 400;\">Ajellaan polkua, joka kulkee korvasta leuan alta toiseen korvaan. T\u00e4m\u00e4n ansiosta korvassa on riitt\u00e4v\u00e4 ilmanvaihto. Kuivaa alue huolellisesti kylvyn j\u00e4lkeen, koska kosteus on hyv\u00e4 elinymp\u00e4rist\u00f6 sienille.<\/span><\/p>\n<h1><\/h1>\n<p><span style=\"font-weight: 400;\">Riitt\u00e4m\u00e4t\u00f6n korvahygienia (sek\u00e4 niist\u00e4 huolehtimatta j\u00e4tt\u00e4minen ett\u00e4 liiallinen hoito) johtaa usein toistuviin infektioihin.<\/span><\/p>\n<h1><\/h1>\n<p><b>Silm\u00e4t<\/b><\/p>\n<h1><\/h1>\n<p><span style=\"font-weight: 400;\">Kasvattajan tulee toimittaa PRCD-pran silm\u00e4tutkimusten tulokset<\/span><\/p>\n<p>[\/et_pb_text][dmg_masonry_gallery gallery=\u201d5173,5134,5121,5103,5116,4828\u2033 gutter=\u201d3\u2033 modal_title=\u201din_title\u201d hover_overlay_effect=\u201doverlay\u201d color=\u201d#FFFFFF\u201d show_overlay_ caption=\u201d off \u201d overlay_caption_size=\u201d14px\u201d pagination_buttons_background=\u201dRGBA(255,255,255,0)\u201d pagination_buttons_background_active=\u201d#bcb840\u2033 columns_tablet| .16. 0\u2033_module_preset=\u201doletus \u201d pagination_text_color=\u201d#bcb840\u2033 pagination_font_size=\u201d12px\u201d pagination_active_text_color=\u201d#71615b\u201d pagination_active_font_size=\u201d12px\u201d hover_enabled=\u201d0\u20332pxxxi\u201d| border_radii_pagin ation=\u201don|6px|6px|6px |6px \u201d border_radii_pagination_active=\u201don|6px|6px|6px|6px\u201d box_shadow_style_pagination=\u201dpreset1\u2033 global_colors_info=\u201d{}\u201d theme_builder_area=\u201dpost_content][ sticky_enabled=_mllepnry] pb_row] [\/ et_pb_section]<\/p>","protected":false},"excerpt":{"rendered":"<p>Australian Labradoodlen terveys? Woolata Pasjan jalostuksessa olemme menneet askeleen pidemm\u00e4lle terveysasioissa. T\u00e4m\u00e4 tarkoittaa, ett\u00e4 organisaation meille m\u00e4\u00e4r\u00e4\u00e4mien standarditestien lis\u00e4ksi teemme koirillemme geneettisi\u00e4 testej\u00e4 22 sairauden varalta, joille australialaisen labradoodlen esi-is\u00e4t voivat olla alttiita. Tutkimme my\u00f6s DNA-markkereita 170 muun mahdollisen geneettisen sairauden varalta. T\u00e4m\u00e4n ansiosta voimme taata [...]<\/p>","protected":false},"author":3,"featured_media":0,"parent":0,"menu_order":0,"comment_status":"closed","ping_status":"closed","template":"","meta":{"_et_pb_use_builder":"on","_et_pb_old_content":"","_et_gb_content_width":"","footnotes":""},"class_list":["post-4002","page","type-page","status-publish","hentry"],"_links":{"self":[{"href":"https:\/\/labradoodle.pl\/fi\/wp-json\/wp\/v2\/pages\/4002","targetHints":{"allow":["GET"]}}],"collection":[{"href":"https:\/\/labradoodle.pl\/fi\/wp-json\/wp\/v2\/pages"}],"about":[{"href":"https:\/\/labradoodle.pl\/fi\/wp-json\/wp\/v2\/types\/page"}],"author":[{"embeddable":true,"href":"https:\/\/labradoodle.pl\/fi\/wp-json\/wp\/v2\/users\/3"}],"replies":[{"embeddable":true,"href":"https:\/\/labradoodle.pl\/fi\/wp-json\/wp\/v2\/comments?post=4002"}],"version-history":[{"count":6,"href":"https:\/\/labradoodle.pl\/fi\/wp-json\/wp\/v2\/pages\/4002\/revisions"}],"predecessor-version":[{"id":5472,"href":"https:\/\/labradoodle.pl\/fi\/wp-json\/wp\/v2\/pages\/4002\/revisions\/5472"}],"wp:attachment":[{"href":"https:\/\/labradoodle.pl\/fi\/wp-json\/wp\/v2\/media?parent=4002"}],"curies":[{"name":"wp","href":"https:\/\/api.w.org\/{rel}","templated":true}]}}