{"id":3988,"date":"2018-05-08T21:37:22","date_gmt":"2018-05-08T19:37:22","guid":{"rendered":"https:\/\/labradoodle.pl\/?page_id=3988"},"modified":"2022-04-07T13:00:53","modified_gmt":"2022-04-07T11:00:53","slug":"futra-i-kolory","status":"publish","type":"page","link":"https:\/\/labradoodle.pl\/fi\/futra-i-kolory\/","title":{"rendered":"Turkikset ja v\u00e4rit"},"content":{"rendered":"<p>. _PB_Column type=\u201d4_4\u2033 _builder_version=\u201d4.16\u2033 custom_padding=\u201d|||\u201d global_colors_info=\u201d{}\u201d custom_padding__hover=\u201d|||\u201d][et_pb_text _builder_version=\u201d4.16\u2033 _module_preset=\u201ddefault\u201d global_colors_info=\u201d{}\u201d]<\/p>\n<h1>Australian Labradoodlen hiustyypit<\/h1>\n<p>[\/et_pb_text][et_pb_text _builder_version=\u201d4.16\u2033 text_font=\u201d|300||||||| text_font_size=\u201d18\u2033 global_colors_info=\u201d{}\u201d]<\/p>\n<h3>Australian labradoodlen hiuksia on kahta tyyppi\u00e4<\/h3>\n<p>\u2013 Fleece (kihara, aaltoileva)<br \/>- Villa<\/p>\n<p>T\u00e4m\u00e4ntyyppisi\u00e4 turkiksia pidet\u00e4\u00e4n allergiayst\u00e4v\u00e4llisin\u00e4.<\/p>\n<p>Varhaisilla sukupolvilla voidaan n\u00e4hd\u00e4 lyhyt turkki ja karvamainen turkki. N\u00e4m\u00e4 n\u00e4kyv\u00e4t yleens\u00e4 varhaisissa risteytyksiss\u00e4, valitettavasti niill\u00e4 on taipumus pudota, herkisty\u00e4 ja koirasta tulee koiralle ominaista hajua.<\/p>\n<h3>Australian Labradoodlen v\u00e4rit<\/h3>\n<p>Australian labradoodlessa on monia v\u00e4rej\u00e4. Jotkut enemm\u00e4n, jotkut v\u00e4hemm\u00e4n suosittuja. Valitettavasti on my\u00f6s usein vaikea ennustaa, muuttaako tietty pentu tulevaisuudessa turkin v\u00e4ri\u00e4 vai ei. Esimerkiksi viime aikoina suosittu laventeliv\u00e4ri tulee ruskeasta, joka haalistuu noin 1,5 vuoden kuluttua.<\/p>\n<p>Ja n\u00e4in voimme tavata Labradoodlen v\u00e4reiss\u00e4:<\/p>\n<p>\u2013 musta<br \/>- hopea<br \/>- valkoinen (liitu)<br \/>- kermainen<br \/>- kultaa<br \/>- aprikoosi<br \/>- punainen<br \/>- suklaata<br \/>- kahvi maidolla<br \/>- laventeli<br \/>\u2013 rupi<br \/>- juhlan v\u00e4ri<br \/>- fantomi<\/p>\n<p>[\/et_pb_text] size=\u201d19px\u201d overlay_title_ color= &quot; #FFFFFF\u201d show_overlay_caption=\u201doff\u201d overlay_caption_size=\u201d14px\u201d pagination_buttons_background=\u201dRGBA(255,255,255,0)\u201d pagination_buttons_background_active=\u201d#bcb840\u2033 viimeinen sarake_2 ited=\u201d on|desktop\u201d _builder_version=\u201d4.16. 1 2px|12px| 12px|12px\u201d border_radii_pagination=\u201don| 6px |6px|6px|6px\u201d border_radii_pagination_active=\u201don|6px|6px|6px|6px\u201d box_shadow_style_pagination=\u201dpreset1\u2033 global_colors_info=\u201d{}\u201d theme_builder_area=\u201dpost_content\u201d on stick_gamma\/d_lle \/et_pb_column ] [\/et_pb_row][\/et_pb_section]<\/p>","protected":false},"excerpt":{"rendered":"<p>Australian labradoodlen hiustyypit Australian labradoodlen hiuksia on kahdenlaisia - Fleece (kihara, aaltoileva) - Villa T\u00e4m\u00e4ntyyppisi\u00e4 hiuksia pidet\u00e4\u00e4n allergiayst\u00e4v\u00e4llisin\u00e4. Varhaisilla sukupolvilla voi n\u00e4hd\u00e4 lyhytt\u00e4 turkkia ja karvamaista turkkia. N\u00e4m\u00e4 n\u00e4kyv\u00e4t yleens\u00e4 varhaisissa risteyksiss\u00e4, mutta valitettavasti niill\u00e4 on taipumus pudota, aiheuttaa allergioita ja koirasta tulee koiralle ominaista hajua. Australian v\u00e4rit [\u2026]<\/p>","protected":false},"author":3,"featured_media":0,"parent":0,"menu_order":0,"comment_status":"closed","ping_status":"closed","template":"","meta":{"_et_pb_use_builder":"on","_et_pb_old_content":"","_et_gb_content_width":"","footnotes":""},"class_list":["post-3988","page","type-page","status-publish","hentry"],"_links":{"self":[{"href":"https:\/\/labradoodle.pl\/fi\/wp-json\/wp\/v2\/pages\/3988","targetHints":{"allow":["GET"]}}],"collection":[{"href":"https:\/\/labradoodle.pl\/fi\/wp-json\/wp\/v2\/pages"}],"about":[{"href":"https:\/\/labradoodle.pl\/fi\/wp-json\/wp\/v2\/types\/page"}],"author":[{"embeddable":true,"href":"https:\/\/labradoodle.pl\/fi\/wp-json\/wp\/v2\/users\/3"}],"replies":[{"embeddable":true,"href":"https:\/\/labradoodle.pl\/fi\/wp-json\/wp\/v2\/comments?post=3988"}],"version-history":[{"count":7,"href":"https:\/\/labradoodle.pl\/fi\/wp-json\/wp\/v2\/pages\/3988\/revisions"}],"predecessor-version":[{"id":5468,"href":"https:\/\/labradoodle.pl\/fi\/wp-json\/wp\/v2\/pages\/3988\/revisions\/5468"}],"wp:attachment":[{"href":"https:\/\/labradoodle.pl\/fi\/wp-json\/wp\/v2\/media?parent=3988"}],"curies":[{"name":"wp","href":"https:\/\/api.w.org\/{rel}","templated":true}]}}