{"id":3677,"date":"2018-03-26T23:09:29","date_gmt":"2018-03-26T21:09:29","guid":{"rendered":"https:\/\/labradoodle.pl\/?page_id=3677"},"modified":"2022-04-06T12:06:55","modified_gmt":"2022-04-06T10:06:55","slug":"socjalizacja-szczeniat","status":"publish","type":"page","link":"https:\/\/labradoodle.pl\/fi\/socjalizacja-szczeniat\/","title":{"rendered":"Pentujen sosialisointi"},"content":{"rendered":"<p>. _PB_Column type=\u201d4_4\u2033 _builder_version=\u201d4.16\u2033 custom_padding=\u201d|||\u201d global_colors_info=&quot;{}&quot; custom_padding__hover=&quot;|||&quot;][et_pb_text _builder_version=&quot;4.16\u2033 text_font_size=&quot;18\u2033 global_colors_info=&quot;{}&quot;]<\/p>\n<h1>Labradoodle - Karvainen intohimo - Pentujen sosiaalistaminen<\/h1>\n<h3><\/h3>\n<h3>Varhaisen sosialisoinnin merkitys<\/h3>\n<p><span style=\"font-weight: 400;\">Vain pieni osa koiriemme k\u00e4ytt\u00e4ytymisest\u00e4, koska noin 20%:ll\u00e4 on geneettinen perusta. Loput ovat primaarisen ja sekundaarisen sosialisoinnin vaikutusta eli \u00e4rsykkeit\u00e4, joita koiramme sai kriittisell\u00e4 kehitysjaksolla.<\/span><\/p>\n<p><span style=\"font-weight: 400;\">Huomaa \u2013 kyse ei ole vain \u00e4rsykkeiden m\u00e4\u00e4r\u00e4st\u00e4, vaan ennen kaikkea niiden laadusta. Ei riit\u00e4, ett\u00e4 koira tottuu johonkin. Se pit\u00e4isi tehd\u00e4 viisaasti. Liialliset \u00e4rsykkeet, jotka esitet\u00e4\u00e4n v\u00e4\u00e4r\u00e4ll\u00e4 tavalla tai v\u00e4\u00e4r\u00e4\u00e4n aikaan, voivat aiheuttaa koiranpennulle enemm\u00e4n haittaa kuin hy\u00f6ty\u00e4.<\/span><\/p>\n<p><span style=\"font-weight: 400;\">Rakastan nuoria aivoja, niit\u00e4 voidaan muotoilla vapaasti. Se on todella h\u00e4mm\u00e4stytt\u00e4v\u00e4 prosessi. Tietenkin jokainen pentu syntyy syntyess\u00e4\u00e4n tietyill\u00e4 geneettisill\u00e4 resursseilla, luonne, johon meill\u00e4 ei ole vaikutusta. Emme muuta itsen\u00e4ist\u00e4 pentua, dominoivaa tai alistuvaa, eik\u00e4 my\u00f6sk\u00e4\u00e4n herk\u00e4n kanssa ty\u00f6skentely ole helppoa. Mutta voimme opettaa n\u00e4m\u00e4 olennot olemaan todella oma itsens\u00e4 ja k\u00e4ytt\u00e4m\u00e4\u00e4n n\u00e4it\u00e4 upeita resursseja.<\/span><\/p>\n<p>\u00a0<span style=\"font-weight: 400;\"><\/span><\/p>\n<blockquote class=\"wp-embedded-content\" data-secret=\"1FW8bAw4uE\"><p><a href=\"https:\/\/www.wlochata-pasja.com.pl\/australijskie-labradoodle\/twoj-australijski-labradoodle\/nasz-program-socjalizacji-szczeniat-australijskich-labradoodle\/\" target=\"_blank\" rel=\"noopener\">SOSIAalisaatio-OHJELMAmme AUSTRALIAN LABRADOODLE-PENTUILLE<\/a><\/p><\/blockquote>\n<p><iframe class=\"wp-embedded-content\" sandbox=\"allow-scripts\" security=\"restricted\" style=\"position: absolute; clip: rect(1px, 1px, 1px, 1px);\" src=\"https:\/\/www.wlochata-pasja.com.pl\/australijskie-labradoodle\/twoj-australijski-labradoodle\/nasz-program-socjalizacji-szczeniat-australijskich-labradoodle\/embed\/#?secret=1FW8bAw4uE\" data-secret=\"1FW8bAw4uE\" width=\"600\" height=\"338\" title=\"&amp;quot;&lt;span class=&quot;caps&quot;&gt;MEID&Auml;N&lt;\/span&gt; &lt;span class=&quot;caps&quot;&gt;OHJELMOIDA&lt;\/span&gt; &lt;span class=&quot;caps&quot;&gt;SOSIAalisoituminen&lt;\/span&gt; PENTUT &lt;span class=&quot;caps&quot;&gt;AUSTRALIALAINEN&lt;\/span&gt; &lt;span class=&quot;caps&quot;&gt;LABRADOODLE&lt;\/span&gt;&rdquo; &mdash; Australian Labradoodle &ndash; Australian Labradoodle koirankasvatus\" frameborder=\"0\" marginwidth=\"0\" marginheight=\"0\" scrolling=\"no\"><\/iframe><\/p>\n<p>[\/et_pb_text] \u2033 modal_title=\u201din_title\u201d hover_overlay_effect=\u201doverlay_image_data\u201d overlay_title_size=\u201d19px\u201d overlay_title_color=\u201d#FFFFFF\u201d show_overlay_caption=\u201doff\u201d overlay_caption_size=\u201d14px5\u201d5,5,5,5 0)\u201d pagination_buttons_background_active =\u201d#bcb840\u2033 columns_tablet =\u201d3\u2033 columns_phone=\u201d3\u2033 columns_last_edited=\u201don|phone\u201d _builder_version=\u201d4.16.0\u2033 _module_preset=\u201ddefault\u201d pagination_text_color=\u201d#bcb840\u2033 pagination_font_size=\u201d12_\u201dpx_15\u201d pagination.b t_size=\u201d1 2px\u201d hover_enabled=\u201d0\u2033 border_radii_image =\u201don|12px|12px|12px|12px\u201d border_radii_pagination=\u201don|6px|6px|6px|6px\u201d border_radii_pagination_active=\u201don|6px|6px|6px|6px\u201d box_shadow_style=globalinfo}{_pagination_style\u201d sticky_enabled =\u201d0\u2033][\/dmg_masonry_gallery][et_pb_text _builder_version=\u201d4.16\u2033 text_font_size=\u201d18\u2033 global_colors_info=\u201d{}\u201d]<\/p>\n<h3>Ensisijainen sosialisointi Labradoodle Hairy Passion<\/h3>\n<p>&nbsp;<\/p>\n<p><span style=\"font-weight: 400;\">Vastasyntyneet pennut eiv\u00e4t synny alasti ja onnellisina. Heill\u00e4 on jo perusaistit:<\/span><\/p>\n<ul>\n<li><span style=\"font-weight: 400;\">tuntoaisti<\/span><\/li>\n<li><span style=\"font-weight: 400;\">hajuaisti<\/span><\/li>\n<li><span style=\"font-weight: 400;\">l\u00e4mp\u00f6aisti<\/span><\/li>\n<\/ul>\n<p><span style=\"font-weight: 400;\">Jo <\/span> <span style=\"font-weight: 400;\">ty\u00f6skentelemme niiden parissa ensimm\u00e4isell\u00e4 jaksolla. Tietysti kannattaa ottaa <\/span> <span style=\"font-weight: 400;\">ottaen huomioon, ett\u00e4 pennut tarvitsevat eniten t\u00e4ll\u00e4 ajanjaksolla <\/span> <span style=\"font-weight: 400;\">kaiken turvan, jonka heid\u00e4n \u00e4itins\u00e4 antaa heille. Heid\u00e4n t\u00e4ytyy sy\u00f6d\u00e4, nukkua ja kasvaa.<\/span><\/p>\n<p><span style=\"font-weight: 400;\">Siksi t\u00e4ll\u00e4 ensimm\u00e4isell\u00e4 jaksolla rajoitamme \u00e4rsykkeet v\u00e4ltt\u00e4m\u00e4tt\u00f6m\u00e4\u00e4n minimiin keskittyen p\u00e4\u00e4asiassa varhaiseen neurologiseen stimulaatioon, joka alkaa pentujen 3. p\u00e4iv\u00e4n\u00e4 ja p\u00e4\u00e4ttyy 16. p\u00e4iv\u00e4n\u00e4.<\/span><\/p>\n<p><span style=\"font-weight: 400;\">T\u00e4m\u00e4n jakson j\u00e4lkeen otamme k\u00e4ytt\u00f6\u00f6n pallea- ja labyrinttiharjoitukset - n\u00e4m\u00e4 kest\u00e4v\u00e4t noin 2 viikkoa ja niiden tavoitteena on poistaa mahdollinen matkapahoinvointi. Parasta on, ett\u00e4 t\u00e4m\u00e4 kaikki tapahtuu poistumatta kotoa ;)<\/span><\/p>\n<p><span style=\"font-weight: 400;\">Altistamme pennut haju\u00e4rsykkeille, kun niiden korvat ja silm\u00e4t ovat viel\u00e4 kiinni. Shantala-hieronnan ansiosta pennut oppivat oman kehonsa kartan. He selvitt\u00e4v\u00e4t mit\u00e4 he ovat. \u00c4iti tekee samoin nuoleen pienet p\u00e4\u00e4st\u00e4 varpaisiin l\u00e4mpim\u00e4ll\u00e4, kostealla kielell\u00e4.<\/span><\/p>\n<p>&nbsp;<\/p>\n<h3>Kun alamme n\u00e4hd\u00e4 ja kuulla maailmaa ymp\u00e4rill\u00e4mme<\/h3>\n<p>&nbsp;<\/p>\n<p><span style=\"font-weight: 400;\">Kun pennut avaavat korvansa ja silm\u00e4ns\u00e4, on aika muuttaa suunnitelmiamme.<\/span><\/p>\n<p><span style=\"font-weight: 400;\">Pieni\u00e4 hierotaan edelleen, mutta t\u00e4ll\u00e4 kertaa esittelemme uusia visuaalisia \u00e4rsykkeit\u00e4 <\/span> <span style=\"font-weight: 400;\">ja kuulo<\/span><\/p>\n<p><span style=\"font-weight: 400;\">Esittelemme heille asuntomme eri nurkkia ja soitamme CD:t\u00e4 erilaisilla \u00e4\u00e4nill\u00e4. Pudotamme erilaisia esineit\u00e4 lattialle kehitt\u00e4\u00e4ksemme refleksej\u00e4 (pel\u00e4styin, mutta nyt ei h\u00e4t\u00e4\u00e4)<\/span><\/p>\n<p><span style=\"font-weight: 400;\">Sitten on aika astua pois porsitustaidosta ja tutustua:<\/span><\/p>\n<ul>\n<li><span style=\"font-weight: 400;\">erilaisia substraatteja<\/span><\/li>\n<li><span style=\"font-weight: 400;\">r<\/span>erilaiset ihmiset<\/li>\n<li>muita el\u00e4imi\u00e4<\/li>\n<li>muita koiria<\/li>\n<li>todella outoja juttuja<\/li>\n<li>\u00e4\u00e4nekk\u00e4it\u00e4, liikkuvia esineit\u00e4<\/li>\n<li>meluisia esineit\u00e4<\/li>\n<\/ul>\n<p><span style=\"font-weight: 400;\">Pennut my\u00f6s oppivat ratkaisemaan erilaisia ongelmia, annamme heille erilaisia haasteita, jotta he oppivat itseluottamusta eri tilanteissa. <\/span><\/p>\n<p><span style=\"font-weight: 400;\">Luomme heille rikastuneita ymp\u00e4rist\u00f6j\u00e4 kaikenlaisilla outoilla esineill\u00e4, joihin heid\u00e4n t\u00e4ytyy kiivet\u00e4, k\u00e4vell\u00e4 sis\u00e4ll\u00e4, ry\u00f6mi\u00e4 sis\u00e4\u00e4n, menn\u00e4 l\u00e4pi jne.<\/span><\/p>\n<p>&nbsp;<\/p>\n<h3>6 viikkoa - niin tied\u00e4mme jo paljon, mutta ....<\/h3>\n<p>&nbsp;<\/p>\n<p><span style=\"font-weight: 400;\">Noin 6 viikon kuluttua voit alkaa oppia ensimm\u00e4iset visuaaliset komennot, kuten istu, makuulle, korkea viisi.<\/span><\/p>\n<p><span style=\"font-weight: 400;\">On my\u00f6s hyv\u00e4 aika (muutaman p\u00e4iv\u00e4n ensimm\u00e4isten rokotusten j\u00e4lkeen) l\u00e4hte\u00e4 ulos vieraille alueille. Matkustamme pentujen kanssa kaikkialle, esittelemme heille liikennett\u00e4, autoja, raitiovaunuja, busseja ja erilaisia outoja paikkoja.<\/span><\/p>\n<p><span style=\"font-weight: 400;\">Pieni\u00e4 emme s\u00e4\u00e4st\u00e4, vied\u00e4\u00e4n ulos sateeseen, lumeen ja kun kaukaa kuuluu myrsky, avaamme parvekkeen.<\/span><\/p>\n<p><span style=\"font-weight: 400;\">Opetamme pentuja rauhoittumaan heitt\u00e4m\u00e4ll\u00e4 ja nuolemalla. Teemme johdannon nuuskimiseen rikastuneessa ymp\u00e4rist\u00f6ss\u00e4.<\/span><\/p>\n<p><span style=\"font-weight: 400;\">Kaiken sosialisoinnin tulee tapahtua turvallisissa olosuhteissa ja \u00e4rsykkeet tulee arvostella niin, ett\u00e4 pentu saa siit\u00e4 kaiken irti. Tulevaisuudessa h\u00e4nest\u00e4 on tarkoitus tulla siisti, henkisesti vakaa koira.<\/span><\/p>\n<p><span style=\"font-weight: 400;\">T\u00e4m\u00e4 on eritt\u00e4in ty\u00f6l\u00e4s ty\u00f6, joka vaatii paljon aikaa. Siksi p\u00e4iv\u00e4mme alkaa klo 6.20 ensimm\u00e4isell\u00e4 k\u00e4velyll\u00e4 pentujen kanssa ja p\u00e4\u00e4ttyy viimeiseen k\u00e4velyyn klo 23.00. Sit\u00e4 ei voi tehd\u00e4 v\u00e4lill\u00e4. En tue kenneleit\u00e4, joissa pennut viett\u00e4v\u00e4t suurimman osan ajastaan pentutarhassa. En ole koskaan samaa mielt\u00e4 siit\u00e4, ett\u00e4 t\u00e4llaiset pennut saavat kaiken tarvitsemansa.<\/span><\/p>\n<p><span style=\"font-weight: 400;\">Kun pennut siirtyv\u00e4t uusiin koteihin, alkaa toissijainen sosialisaatio, joka kest\u00e4\u00e4 noin 2 vuoden ik\u00e4\u00e4n asti. N\u00e4ill\u00e4 ensimm\u00e4isill\u00e4 kahdella vuodella on suurin vaikutus koirasi psyyken kehitykseen<\/span><\/p>\n<p><span style=\"font-weight: 400;\">Jos olet kiinnostunut sosiaalisesta ohjelmastamme tulevina viikkoina, kutsun sinut lukemaan artikkelini verkkosivustolla:<\/span><\/p>\n<blockquote class=\"wp-embedded-content\" data-secret=\"1FW8bAw4uE\"><p><a href=\"https:\/\/www.wlochata-pasja.com.pl\/australijskie-labradoodle\/twoj-australijski-labradoodle\/nasz-program-socjalizacji-szczeniat-australijskich-labradoodle\/\" target=\"_blank\" rel=\"noopener\">SOSIAalisaatio-OHJELMAmme AUSTRALIAN LABRADOODLE-PENTUILLE<\/a><\/p><\/blockquote>\n<p><iframe class=\"wp-embedded-content\" sandbox=\"allow-scripts\" security=\"restricted\" style=\"position: absolute; clip: rect(1px, 1px, 1px, 1px);\" src=\"https:\/\/www.wlochata-pasja.com.pl\/australijskie-labradoodle\/twoj-australijski-labradoodle\/nasz-program-socjalizacji-szczeniat-australijskich-labradoodle\/embed\/#?secret=1FW8bAw4uE\" data-secret=\"1FW8bAw4uE\" width=\"600\" height=\"338\" title=\"&amp;quot;&lt;span class=&quot;caps&quot;&gt;MEID&Auml;N&lt;\/span&gt; &lt;span class=&quot;caps&quot;&gt;OHJELMOIDA&lt;\/span&gt; &lt;span class=&quot;caps&quot;&gt;SOSIAalisoituminen&lt;\/span&gt; PENTUT &lt;span class=&quot;caps&quot;&gt;AUSTRALIALAINEN&lt;\/span&gt; &lt;span class=&quot;caps&quot;&gt;LABRADOODLE&lt;\/span&gt;&rdquo; &mdash; Australian Labradoodle &ndash; Australian Labradoodle koirankasvatus\" frameborder=\"0\" marginwidth=\"0\" marginheight=\"0\" scrolling=\"no\"><\/iframe><\/p>\n<p>[\/et_pb_text] 19, 3818 &quot; \u201d pagination_buttons_background=\u201dRGBA( 255,255,255,0 )\u201d pagination_buttons_background_active=\u201d#bcb840\u2033 columns_tablet=\u201d3\u2033 columns_phone=\u201d3\u2033 columns_last_edited=\u201don|phone\u201d _builder_version=\u201d4.16.0\u2033 _module_color\u201d font_size =\u201d12px\u201d pagination_active_text_color =\u201d#71615b \u201d pagination_active_font_size=\u201d12px\u201d hover_enabled=\u201d0\u2033 border_radii_image=\u201don|12px|12px|12px|12px\u201d border_radii_pagination=\u201don|6px|6px|6px|6px\u201d border_radii_pagin|6pxxpx\u201d box_shadow_style_pagination=\u201dpreset1\u2033 global_colors_info=\u201d{}\u201d sticky_enabled=\u201d0\u2033][\/dmg_masonry_gallery][\/et_pb_column][\/et_pb_row][\/et_pb_section]<\/p>","protected":false},"excerpt":{"rendered":"<p>Labradoodle - Karvainen intohimo - Pentujen sosialisointi Varhaisen sosialisoinnin merkitys Vain pienell\u00e4 osalla koiriemme k\u00e4ytt\u00e4ytymisest\u00e4, noin 20%:ll\u00e4, on geneettinen perusta. Loput ovat primaarisen ja sekundaarisen sosialisoinnin vaikutusta, eli \u00e4rsykkeit\u00e4, joita koiramme sai kriittisen\u00e4 kehitysjaksonsa aikana. Huomaa - kyse ei ole vain \u00e4rsykkeiden m\u00e4\u00e4r\u00e4st\u00e4, vaan ennen kaikkea niiden laadusta. [\u2026]<\/p>","protected":false},"author":2,"featured_media":0,"parent":0,"menu_order":0,"comment_status":"closed","ping_status":"closed","template":"","meta":{"_et_pb_use_builder":"on","_et_pb_old_content":"","_et_gb_content_width":"","footnotes":""},"class_list":["post-3677","page","type-page","status-publish","hentry"],"_links":{"self":[{"href":"https:\/\/labradoodle.pl\/fi\/wp-json\/wp\/v2\/pages\/3677","targetHints":{"allow":["GET"]}}],"collection":[{"href":"https:\/\/labradoodle.pl\/fi\/wp-json\/wp\/v2\/pages"}],"about":[{"href":"https:\/\/labradoodle.pl\/fi\/wp-json\/wp\/v2\/types\/page"}],"author":[{"embeddable":true,"href":"https:\/\/labradoodle.pl\/fi\/wp-json\/wp\/v2\/users\/2"}],"replies":[{"embeddable":true,"href":"https:\/\/labradoodle.pl\/fi\/wp-json\/wp\/v2\/comments?post=3677"}],"version-history":[{"count":16,"href":"https:\/\/labradoodle.pl\/fi\/wp-json\/wp\/v2\/pages\/3677\/revisions"}],"predecessor-version":[{"id":5410,"href":"https:\/\/labradoodle.pl\/fi\/wp-json\/wp\/v2\/pages\/3677\/revisions\/5410"}],"wp:attachment":[{"href":"https:\/\/labradoodle.pl\/fi\/wp-json\/wp\/v2\/media?parent=3677"}],"curies":[{"name":"wp","href":"https:\/\/api.w.org\/{rel}","templated":true}]}}