{"id":3672,"date":"2018-03-26T22:39:39","date_gmt":"2018-03-26T20:39:39","guid":{"rendered":"https:\/\/labradoodle.pl\/?page_id=3672"},"modified":"2022-04-07T13:12:32","modified_gmt":"2022-04-07T11:12:32","slug":"wysilek-fizyczny","status":"publish","type":"page","link":"https:\/\/labradoodle.pl\/fi\/wysilek-fizyczny\/","title":{"rendered":"Fyysinen ponnistus"},"content":{"rendered":"<p>. _PB_Column type=\u201d4_4\u2033 _builder_version=\u201d4.16\u2033 custom_padding=\u201d|||\u201d global_colors_info=&quot;{}&quot; custom_padding__hover=&quot;|||&quot;][et_pb_text _builder_version=&quot;4.16\u2033 text_font=&quot;|300|||||||&quot; text_font_size=\u201d18\u2033 global_colors_info=\u201d{}\u201d]<\/p>\n<h1>Fyysinen ponnistus<\/h1>\n<p>Minulta kysyt\u00e4\u00e4n usein Australian Labradoodlesin tarvitsemasta liikunnan m\u00e4\u00e4r\u00e4st\u00e4. Perheet ihmettelev\u00e4t, kuinka paljon liikuntaa t\u00e4m\u00e4 rotu tarvitsee ja pystyv\u00e4tk\u00f6 he t\u00e4ytt\u00e4m\u00e4\u00e4n vaatimukset. Labradoodles ovat ensisijaisesti perheen koiria. He rakastavat viett\u00e4\u00e4 aikaa omistajiensa kanssa. Olipa kyseess\u00e4 k\u00e4vely, amat\u00f6\u00f6riharjoittelu tai edistynyt harjoittelu - he ovat tyytyv\u00e4isi\u00e4 siihen. Ole vain l\u00e4hell\u00e4.<br \/>Jotkut ihmiset juoksevat koiriensa kanssa, jotkut k\u00e4ytt\u00e4v\u00e4t niit\u00e4 koiraterapiaan, toiset harjoittelevat harrastuksena mantrailing- tai nen\u00e4ty\u00f6skentely\u00e4.<br \/>T\u00e4m\u00e4 ei ole koirarotu, jonka t\u00e4ytyy juosta, jahdata palloa tai mailoja. Tietenkin, jos opetamme t\u00e4llaista k\u00e4yt\u00f6st\u00e4 vauvalta, Labradoodle haluaa t\u00e4llaista toimintaa tulevaisuudessa. Jos her\u00e4t\u00e4mme intohimon hakemiseen, h\u00e4n haluaa enemm\u00e4n ja enemm\u00e4n.<\/p>\n<p>Kysymys, joka sinun pit\u00e4isi kysy\u00e4 itselt\u00e4si, on - millaisen koiran haluamme? Jos haluamme mukavan, rauhallisen perhekoiran, joka osallistuu el\u00e4m\u00e4\u00e4mme, l\u00e4htee kanssamme lomalle, on yst\u00e4v\u00e4llinen ja samalla ei kaipaa haastavaa liikuntaa, kannattaa alusta alkaen muistaa &quot;Mit\u00e4 Ja\u015b tulee ei opi, Jan ei pysty tekem\u00e4\u00e4n&quot; - kirjaimellisesti .<\/p>\n<p>Esimerkiksi jos otamme pennun siin\u00e4 uskossa, ett\u00e4 nyt on oikea aika, sill\u00e4 nyt meill\u00e4 on iso puutarha. J\u00e4t\u00e4mme h\u00e4net puoleksi p\u00e4iv\u00e4ksi t\u00e4h\u00e4n puutarhaan yksin (n\u00e4it\u00e4 ideoita heist\u00e4 kirjoitin), sitten h\u00e4n yst\u00e4vystyy aidan takaa pakenevien kissojen, lintujen, ohikulkijoiden, koirien kanssa. Ei v\u00e4ltt\u00e4m\u00e4tt\u00e4 sanan positiivisessa merkityksess\u00e4. Se voi siis jahtaa lintuja, kissoja, kaivaa kuoppia, haukkua turhautumisesta ohikulkijoille tai muille koirille aidan toisella puolella. Ja katso, halusit perhekoiran ja mit\u00e4? Kasvattaja myi vahtikoiran sinulle - mik\u00e4 ep\u00e4rehellinen tyyppi!<\/p>\n<h3>Toinen esimerkki<\/h3>\n<p>Saat mukavan pennun, jolla on poikkeuksellinen terapeuttinen luonne. Pallot, kepit ovat heti liikkeess\u00e4 (kehit\u00e4mme jahtaamisen vaiston hienosti), innostuneet lapset jahtaavat pentuasi. Sitten otat taaperon hakemaan lapset koulusta. Siell\u00e4 he kaikki sy\u00f6ksyv\u00e4t h\u00e4nen kimppuunsa, kaikki haluavat silitt\u00e4\u00e4 h\u00e4nt\u00e4. Pentu rakastaa sit\u00e4, hypp\u00e4\u00e4 syliins\u00e4, nuolee kasvoja - oi kuinka ihanaa! Sitten pentu kasvaa, painaa 25 kg eik\u00e4 ymm\u00e4rr\u00e4, ett\u00e4 hypp\u00e4\u00e4minen ei ole en\u00e4\u00e4 sallittua, koska se on t\u00f6yke\u00e4\u00e4. Kaikki sanovat, ett\u00e4 h\u00e4n on huono koira, h\u00e4nell\u00e4 on ADHD. He haluavat vied\u00e4 h\u00e4net k\u00e4ytt\u00e4ytymisterapeutille, mutta h\u00e4n ei ole muuttunut yht\u00e4\u00e4n - h\u00e4n on vain kasvanut v\u00e4h\u00e4n. H\u00e4n on oppinut el\u00e4m\u00e4\u00e4n adrenaliinilla ja nyt h\u00e4n tietysti tarvitsee kolme kertaa niin paljon, mutta se ei ole h\u00e4nen vikansa - h\u00e4n haluaa vain sinun huomiosi. Sanot h\u00e4nen muuttumaan, mutta kuinka vieroittaa joku py\u00f6r\u00e4ilyst\u00e4, jos oikea polku on jo kaiverrettu aivoihin? Voi olla? kerro itse? Ja taas ep\u00e4rehellinen kasvattaja myi sinulle koiran johonkin urheilulajiin, frisbeeen. Ja sin\u00e4 luotit h\u00e4neen niin paljon!<\/p>\n<p>Kerron aina jokaiselle uudelle perheelle. Maltillisuuden tarve. Ensinn\u00e4kin koiralla on nen\u00e4, joka on tehty k\u00e4ytt\u00e4m\u00e4\u00e4n sit\u00e4. Nuuskivat k\u00e4velyt tuovat h\u00e4nelle paljon iloa. Koulutus t\u00e4h\u00e4n suuntaan on luksusta ja n\u00e4en kuinka iloisia ja rauhallisia koirani ovat t\u00e4llaisten harjoitusten j\u00e4lkeen. My\u00f6s henkinen koulutus on hienoa. Sinun ei v\u00e4ltt\u00e4m\u00e4tt\u00e4 tarvitse heitt\u00e4\u00e4 sit\u00e4 keppi\u00e4 uudestaan ja uudestaan. Mutta voit jo oppia tuomaan makuulla olevia asioita ja se on hieno asia. Koirat nauttivat siit\u00e4. He nauttivat viett\u00e4misest\u00e4 kanssasi t\u00e4ll\u00e4 tavalla.<br \/>J\u00e4nnitt\u00e4v\u00e4n toiminnan j\u00e4lkeen anna koirallesi jotain pureskeltavaa \u2013 j\u00e4\u00e4dytetty\u00e4 luuta, porkkanaa, suolakurkkua tai CONGAa nuollattavaksi. Aivoissa heitt\u00e4minen ja nuoleminen vapauttaa endorfiineja \u2013 onnenhormoneja. Koira rauhoittuu ja rauhoittuu sellaisen toiminnan j\u00e4lkeen, joka on nostanut veren adrenaliinitasoa. Koiramme tarvitsevat jopa tunnin pureskelua p\u00e4iv\u00e4ss\u00e4. Muuten, korkea adrenaliinitaso veress\u00e4 voi kest\u00e4\u00e4 jopa viikon. Mihin koiriin se mielest\u00e4si vaikuttaa?<\/p>\n<h3>Ja lenkkeily - milloin aloittaa?<\/h3>\n<p>Ottaen huomioon kaikki edell\u00e4 mainitut, kannattaa ottaa huomioon my\u00f6s pennun luuranko, jonka tulee kehitty\u00e4 kunnolla. Parhaatkin lonkat voivat vaurioitua pentuik\u00e4isen liiallisesta aktiivisuudesta - pallon per\u00e4ss\u00e4 hypp\u00e4\u00e4misest\u00e4, sohvalta hypp\u00e4\u00e4misest\u00e4 jne.<br \/>Jokainen luu p\u00e4\u00e4ttyy rustoon, joka ei ole kiinnittynyt siihen. Sen ja luun v\u00e4liss\u00e4 on tahraa. Keskikokoisilla koirilla rusto tarttuu luuhun noin 14 kuukauden i\u00e4ss\u00e4. Siihen asti suosittelen aina olemaan varovaisia ja olemaan aloittamatta lenkkeilytoimintaa Pancion kanssa. Muuten on olemassa vaara, ett\u00e4 t\u00e4m\u00e4 rusto luistaa. Ja t\u00e4m\u00e4 ei ole rotukohtainen vika, se voi tapahtua mille tahansa koiralle. Siksi minulle tulee kananlihalle, kun n\u00e4en kaksi hoopoea vapaana, juoksemassa toisiaan vastaan. Tied\u00e4n vain, millaisia funky-korkeudet ovat, ne eiv\u00e4t katso mihink\u00e4\u00e4n - puuhun, l\u00e4hell\u00e4 oleviin ihmisiin, esteisiin, autoista ja kadusta puhumattakaan. Rajoittamalla t\u00e4llaiset typer\u00e4t toiminnot tiettyyn ik\u00e4\u00e4n emme tee niist\u00e4 raajarikkoja, kuten joskus luin jonkun FB-profiilista (muuten yst\u00e4v\u00e4). Sinun on my\u00f6s tunnettava rotu hieman ja osattava ennustaa tiettyj\u00e4 k\u00e4ytt\u00e4ytymismalleja, puhumattakaan oman koirasi tuntemisesta.<\/p>\n<h3>Lyhyt yhteenveto<\/h3>\n<p>Yhteenvetona voidaan todeta, ett\u00e4 aktiivisuuden suhteen hoopoe ei tarvitse juoksua ja tunnin mittaisia k\u00e4velylenkkej\u00e4. Kohtalainen liike, nuuskivat k\u00e4velyt sopivat heille parhaiten. He ovat eritt\u00e4in tyytyv\u00e4isi\u00e4 harjoitteluun ja harjoitteluun omistajansa kanssa ja j\u00e4tt\u00e4v\u00e4t lenkkeilyn my\u00f6hemm\u00e4ksi.<\/p>\n<p>[\/et_pb_text][dmg_masonry_gallery gallery=\u201d5454,5185,5172,5148,5136,5129\u2033 gutter=\u201d3\u2033 modal_title=\u201din_title\u201d hover_overlay_effect=\u201doverlay\u201d color=\u201d#FFFFFF\u201d show_overlay_ caption=\u201d off \u201d overlay_caption_size=\u201d14px\u201d pagination_buttons_background=\u201dRGBA(255,255,255,0)\u201d pagination_buttons_background_active=\u201d#bcb840\u2033 columns_tablet| .16. 0\u2033_module_preset=\u201doletus \u201d pagination_text_color=\u201d#bcb840\u2033 pagination_font_size=\u201d12px\u201d pagination_active_text_color=\u201d#71615b\u201d pagination_active_font_size=\u201d12px\u201d hover_enabled=\u201d0\u20332pxxxi| border_radii_pagin ation=\u201don|6px|6px|6px |6px \u201d border_radii_pagination_active=\u201don|6px|6px|6px|6px\u201d box_shadow_style_pagination=\u201dpreset1\u2033 global_colors_info=\u201d{}\u201d theme_builder_area=\u201dpost_content][ sticky_enabled=_mllegnry] pb_row] [\/ et_pb_section]<\/p>","protected":false},"excerpt":{"rendered":"<p>Fyysinen harjoittelu Kuulen usein kysymyksi\u00e4 australialaisen Labradoodlesin harjoituksen vaatimasta harjoittelusta. Perheet ihmettelev\u00e4t, kuinka paljon liikuntaa t\u00e4m\u00e4 rotu tarvitsee ja pystyv\u00e4tk\u00f6 he vastaamaan tarpeisiinsa. Labradoodles ovat ensisijaisesti perheen koiria. He rakastavat viett\u00e4\u00e4 aikaa omistajiensa kanssa. Olipa kyseess\u00e4 k\u00e4vely, amat\u00f6\u00f6riharjoittelu tai edistynyt harjoittelu \u2013 se [\u2026]<\/p>","protected":false},"author":3,"featured_media":0,"parent":0,"menu_order":0,"comment_status":"closed","ping_status":"closed","template":"","meta":{"_et_pb_use_builder":"on","_et_pb_old_content":"","_et_gb_content_width":"","footnotes":""},"class_list":["post-3672","page","type-page","status-publish","hentry"],"_links":{"self":[{"href":"https:\/\/labradoodle.pl\/fi\/wp-json\/wp\/v2\/pages\/3672","targetHints":{"allow":["GET"]}}],"collection":[{"href":"https:\/\/labradoodle.pl\/fi\/wp-json\/wp\/v2\/pages"}],"about":[{"href":"https:\/\/labradoodle.pl\/fi\/wp-json\/wp\/v2\/types\/page"}],"author":[{"embeddable":true,"href":"https:\/\/labradoodle.pl\/fi\/wp-json\/wp\/v2\/users\/3"}],"replies":[{"embeddable":true,"href":"https:\/\/labradoodle.pl\/fi\/wp-json\/wp\/v2\/comments?post=3672"}],"version-history":[{"count":7,"href":"https:\/\/labradoodle.pl\/fi\/wp-json\/wp\/v2\/pages\/3672\/revisions"}],"predecessor-version":[{"id":5471,"href":"https:\/\/labradoodle.pl\/fi\/wp-json\/wp\/v2\/pages\/3672\/revisions\/5471"}],"wp:attachment":[{"href":"https:\/\/labradoodle.pl\/fi\/wp-json\/wp\/v2\/media?parent=3672"}],"curies":[{"name":"wp","href":"https:\/\/api.w.org\/{rel}","templated":true}]}}