{"id":3669,"date":"2018-03-26T17:40:22","date_gmt":"2018-03-26T15:40:22","guid":{"rendered":"https:\/\/labradoodle.pl\/?page_id=3669"},"modified":"2022-04-07T13:42:36","modified_gmt":"2022-04-07T11:42:36","slug":"testy-dna-identyfikacja","status":"publish","type":"page","link":"https:\/\/labradoodle.pl\/fi\/testy-dna-identyfikacja\/","title":{"rendered":"DNA-testit \u2013 tunnistaminen"},"content":{"rendered":"<p>. _PB_Column type=\u201d4_4\u2033 _builder_version=\u201d4.16\u2033 custom_padding=\u201d|||\u201d global_colors_info=&quot;{}&quot; custom_padding__hover=&quot;|||&quot;][et_pb_text _builder_version=&quot;4.16\u2033 text_font_size=&quot;18\u2033 global_colors_info=&quot;{}&quot;]<\/p>\n<h1>DNA-testit - Tunnistaminen<\/h1>\n<p>&nbsp;<\/p>\n<p><span style=\"font-weight: 400;\">Australian Labradoodle -kenneliss\u00e4mme teemme DNA-testej\u00e4 jokaiselle pennulle.<\/span><\/p>\n<p><span style=\"font-weight: 400;\">DNA-testit ovat t\u00e4rke\u00e4 asia, niiden ansiosta saat selville, tuleeko pentu ilmoitetusta emosta ja ilmoitetusta is\u00e4st\u00e4.<\/span><\/p>\n<p><span style=\"font-weight: 400;\">Onko se todella niin t\u00e4rke\u00e4\u00e4? Kyll\u00e4, haluat olla varma, ett\u00e4 se on.<\/span><\/p>\n<p><span style=\"font-weight: 400;\">Monien vuosien ty\u00f6 on avannut silm\u00e4ni kennelien ja sukutaulujen kasvattajien maailmaan ylip\u00e4\u00e4t\u00e4\u00e4n, ja niin kauan, kunnes joku laittaa asianmukaiset paperit eteeni, noudatan rajoitetun luottamuksen periaatetta.<\/span><\/p>\n<p><span style=\"font-weight: 400;\">Useammin kuin kerran olen n\u00e4hnyt, kuullut enk\u00e4 p\u00e4\u00e4ssyt yli shokista siit\u00e4, mit\u00e4 juonitteluja kasvattajat voivat keksi\u00e4. Mutta voidaan sanoa, ett\u00e4 organisaatio antaa sille hiljaisen hyv\u00e4ksynn\u00e4n ilman asianmukaista valvontaa. Uskon, ett\u00e4 mink\u00e4 tahansa itse\u00e4\u00e4n kunnioittavan organisaation tulisi tehd\u00e4 pakolliseksi DNA-testien tekeminen kaikille pennuille, riippumatta siit\u00e4 ovatko ne jalostuspentuja vai &quot;sylkipentuja&quot;.<\/span><\/p>\n<p><span style=\"font-weight: 400;\">Australian labradoodle-pentujen DNA-testit tehd\u00e4\u00e4n hollantilaisessa laboratoriossa <\/span><span style=\"font-weight: 400;\">DR. van Haeringen Laboratory BV (VHL)<\/span><span style=\"font-weight: 400;\"> . Jokaisella Alfa-Europessa rekister\u00f6idyll\u00e4 Labradoodlella on yksil\u00f6llinen VHL-numeronsa. Laboratorio pystyy luomaan uudelleen tietyn linjan koko sukupuun saatuaan n\u00e4ytteen pennun syljest\u00e4 tai verest\u00e4.<\/span><\/p>\n<p><span style=\"font-weight: 400;\">Jos kaikki on oikein, organisaatio vastaanottaa n\u00e4m\u00e4 tiedot ja luo pennulle sukutaulun. Pentujen alkuper\u00e4n puutteellisuus merkitsee organisaatiosta poissulkemista.<\/span><br \/>\n[\/et_pb_text][dmg_masonry_gallery gallery=\u201d5198,5180,5105,4977,4023,3867\u2033 gutter=\u201d3\u2033 modal_title=\u201din_title\u201d hover_overlay_effect=\u201doverlay\u201d color=\u201d#FFFFFF\u201d show_overlay_ caption=\u201d off \u201d overlay_caption_size=\u201d14px\u201d pagination_buttons_background=\u201dRGBA(255,255,255,0)\u201d pagination_buttons_background_active=\u201d#bcb840\u2033 columns_tablet| .16. 0\u2033_module_preset=\u201doletus \u201d pagination_text_color=\u201d#bcb840\u2033 pagination_font_size=\u201d12px\u201d pagination_active_text_color=\u201d#71615b\u201d pagination_active_font_size=\u201d12px\u201d hover_enabled=\u201d0\u20332pxxxi\u201d| border_radii_pagin ation=\u201don|6px|6px|6px |6px \u201d border_radii_pagination_active=\u201don|6px|6px|6px|6px\u201d box_shadow_style_pagination=\u201dpreset1\u2033 global_colors_info=\u201d{}\u201d theme_builder_area=\u201dpost_content][ sticky_enabled=_mllepnry] pb_row] [\/ et_pb_section]<\/p>","protected":false},"excerpt":{"rendered":"<p>DNA-testit \u2013 tunnistaminen Australian labradoodle-jalostuksessamme teemme DNA-testej\u00e4 jokaiselle pennulle. DNA-testit ovat t\u00e4rke\u00e4 asia, sill\u00e4 niiden ansiosta saat selville, onko koiranpentu ilmoitetusta emosta ja is\u00e4st\u00e4. Onko se todella niin t\u00e4rke\u00e4\u00e4? Kyll\u00e4, haluat olla varma, onko t\u00e4m\u00e4 totta. Monen vuoden ty\u00f6 on avannut [...]<\/p>","protected":false},"author":3,"featured_media":0,"parent":0,"menu_order":0,"comment_status":"closed","ping_status":"closed","template":"","meta":{"_et_pb_use_builder":"on","_et_pb_old_content":"","_et_gb_content_width":"","footnotes":""},"class_list":["post-3669","page","type-page","status-publish","hentry"],"_links":{"self":[{"href":"https:\/\/labradoodle.pl\/fi\/wp-json\/wp\/v2\/pages\/3669","targetHints":{"allow":["GET"]}}],"collection":[{"href":"https:\/\/labradoodle.pl\/fi\/wp-json\/wp\/v2\/pages"}],"about":[{"href":"https:\/\/labradoodle.pl\/fi\/wp-json\/wp\/v2\/types\/page"}],"author":[{"embeddable":true,"href":"https:\/\/labradoodle.pl\/fi\/wp-json\/wp\/v2\/users\/3"}],"replies":[{"embeddable":true,"href":"https:\/\/labradoodle.pl\/fi\/wp-json\/wp\/v2\/comments?post=3669"}],"version-history":[{"count":9,"href":"https:\/\/labradoodle.pl\/fi\/wp-json\/wp\/v2\/pages\/3669\/revisions"}],"predecessor-version":[{"id":5483,"href":"https:\/\/labradoodle.pl\/fi\/wp-json\/wp\/v2\/pages\/3669\/revisions\/5483"}],"wp:attachment":[{"href":"https:\/\/labradoodle.pl\/fi\/wp-json\/wp\/v2\/media?parent=3669"}],"curies":[{"name":"wp","href":"https:\/\/api.w.org\/{rel}","templated":true}]}}