{"id":3661,"date":"2018-03-25T22:53:17","date_gmt":"2018-03-25T20:53:17","guid":{"rendered":"https:\/\/labradoodle.pl\/?page_id=3661"},"modified":"2022-02-25T11:51:01","modified_gmt":"2022-02-25T10:51:01","slug":"rezerwacje","status":"publish","type":"page","link":"https:\/\/labradoodle.pl\/fi\/rezerwacje\/","title":{"rendered":"Varaukset"},"content":{"rendered":"<p>[et_pb_section fb_built=\u201d1\u2033 _builder_version=\u201d3.22\u2033 global_colors_info=\u201d{}\u201d][et_pb_row _builder_version=\u201d4.8.2\u2033 _module_preset=\u201ddefault\u201d global_colors_info=\u201d{}\u201d4 \u201d 4.8.2\u2033 _module_preset=\u201ddefault\u201d global_colors_info=\u201d{}\u201d][et_pb_text _builder_version=\u201d4.8.2\u2033 text_font_size=\u201d18\u2033 global_colors_info=\u201d{}\u201d]<\/p>\n<h1 style=\"text-align: center;\">Australian Labradoodle - varaukset<\/h1>\n<p>[\/et_pb_text][\/et_pb_column][\/et_pb_row][et_pb_row _builder_version=\u201d4.8.2\u2033 _module_preset=\u201ddefault\u201d global_colors_info=\u201d{}\u201d][et_pb_column type=\u201d4_4\u2033 module type=\u201d4_4\u2033\u201dmodul. oletus\u201d global_colors_info=\u201d{}\u201d][et_pb_button button_text=\u201d1\u2033 button_alignment=\u201dcenter\u201d _builder_version=\u201d4.14.8\u2033 _module_preset=\u201ddefault\u201d custom_button=\u201don\u201d button_text_size=\u201d20px_FF-painike\u201d1TP_text_bg=\u201d \u201d#BCB840 \u2033 Button_use_ICON =\u201d pois \u201dhover_enabled =\u201d 0 \u2033 global_colors_info = \u201d{}\u201d button_border_radius = \u201d12px\u201d Sticky_Ensibled = \u201d0 \u2033] \u201dInfo = &quot;{}&quot;]<\/p>\n<h2 style=\"text-align: center;\">MUOTO<\/h2>\n<p>[\/et_pb_text][et_pb_text _builder_version=\u201d4.8.2\u2033 _module_preset=\u201ddefault\u201d custom_margin=\u201d|20px||20px|false|false\u201d custom_padding=\u201d||||false|false\u201d global_colors_info=\u201d{}\u201d]<\/p>\n<p><span>Ensimm\u00e4inen vaihe on t\u00e4ytt\u00e4\u00e4 kelpoisuuslomake. Laitamme sen saataville verkkosivuilla, kun jonotuslista avataan. Se kannattaa t\u00e4ytt\u00e4\u00e4 rehellisesti ja kattavasti, sill\u00e4 sen ansiosta tutustumme toisiimme paremmin ja olen rauhallisempi, kun saan selville, mihin k\u00e4siin koiranpentu mahdollisesti joutuu.<\/span><\/p>\n<p>[\/et_pb_text][\/et_pb_column][\/et_pb_row][et_pb_row _builder_version=\u201d4.8.2\u2033 _module_preset=\u201ddefault\u201d global_colors_info=\u201d{}\u201d][et_pb_column type=\u201d4_4\u2033 module type=\u201d4_4\u2033\u201dmodul. oletus\u201d global_colors_info=\u201d{}\u201d][et_pb_divider _builder_version=\u201d4.8.2\u2033 _module_preset=\u201ddefault\u201d global_colors_info=\u201d{}\u201d][\/et_pb_divider][\/et_pb_column][\/et_pb_row][et_builder_8][et_b.b.4. \u2033 _module_preset=\u201ddefault\u201d global_colors_info=\u201d{}\u201d][et_pb_column type=\u201d4_4\u2033 _builder_version=\u201d4.8.2\u2033 _module_preset=\u201ddefault\u201d global_colors_info=\u201d{}\u201d][et_pb_\u201dbuttonment=text button\u201d \u201d _builder_version=\u201d4.14.8\u2033 _module_preset=\u201ddefault\u201d custom_button=\u201don\u201d button_text_size=\u201d20px\u201d button_text_color=\u201d#FFFFFF\u201d button_bg_color=\u201d#bcb840\u2033 global=\u2033 global_use=\u201d \u201d button_b order_radius =\u201d12px\u201d sticky_enabled=\u201d0\u2033][\/et_pb_button][et_pb_text _builder_version=\u201d4.8.2\u2033 _module_preset=\u201ddefault\u201d global_colors_info=\u201d{}\u201d]<\/p>\n<h2 style=\"text-align: center;\">HYV\u00c4KSYMINEN<\/h2>\n<p>[\/et_pb_text][et_pb_text _builder_version=\u201d4.8.2\u2033 _module_preset=\u201ddefault\u201d custom_margin=\u201d|20px||20px|false|false\u201d custom_padding=\u201d||||false|false\u201d global_colors_info=\u201d{}\u201d]<\/p>\n<p><span>Lomakkeen t\u00e4ytt\u00e4misen j\u00e4lkeen saat tietoa ennakkohyv\u00e4ksynn\u00e4st\u00e4 (tai ei - ei kaikille dudelille eik\u00e4 kaikille dudelille). Sitten j\u00e4rjest\u00e4mme puhelinkeskustelun, jonka ansiosta saat tietoa koko prosessin yksityiskohdista. Sitten p\u00e4\u00e4t\u00e4t, haluatko osallistua siihen t\u00e4ll\u00e4 lomakkeella. T\u00e4ss\u00e4 vaiheessa suunnittelemme my\u00f6s tapaamista kenneliss\u00e4mme.<\/span><\/p>\n<p>[\/et_pb_text][\/et_pb_column][\/et_pb_row][et_pb_row _builder_version=\u201d4.8.2\u2033 _module_preset=\u201ddefault\u201d global_colors_info=\u201d{}\u201d][et_pb_column type=\u201d4_4\u2033 module type=\u201d4_4\u2033\u201dmodul. oletus\u201d global_colors_info=\u201d{}\u201d][et_pb_divider _builder_version=\u201d4.8.2\u2033 _module_preset=\u201ddefault\u201d global_colors_info=\u201d{}\u201d][\/et_pb_divider][\/et_pb_column][\/et_pb_row][et_builder_8][et_b.b.4. \u2033 _module_preset=\u201ddefault\u201d global_colors_info=\u201d{}\u201d][et_pb_column type=\u201d4_4\u2033 _builder_version=\u201d4.8.2\u2033 _module_preset=\u201ddefault\u201d global_colors_info=\u201d{}\u201d][et_pb_\u201d3painike=text button\u201d \u201d _builder_version=\u201d4.14.8\u2033 _module_preset=\u201ddefault\u201d custom_button=\u201don\u201d button_text_size=\u201d20px\u201d button_text_color=\u201d#FFFFFF\u201d button_bg_color=\u201d#bcb840\u2033 global=\u2033 global_use=\u201d \u201d button_b order_width =\u201d2px\u201d button_border_radius=\u201d12px\u201d sticky_enabled=\u201d0\u2033][\/et_pb_button][et_pb_text _builder_version=\u201d4.8.2\u2033 _module_preset=\u201ddefault\u201d global_colors_info=\u201d{}\u201d]<\/p>\n<h2 style=\"text-align: center;\">KOULUTUS<\/h2>\n<p>[\/et_pb_text][et_pb_text _builder_version=\u201d4.8.2\u2033 _module_preset=\u201ddefault\u201d custom_margin=\u201d|20px||20px|false|false\u201d custom_padding=\u201d||||false|false\u201d global_colors_info=\u201d{}\u201d]<\/p>\n<div>Kun sinut on hyv\u00e4ksytty jonotuslistalle, saat minulta kirjapaketin. Saat my\u00f6s minun kirjoittamani tutoriaalin \u2013 eli tiivistetyn tiedon siit\u00e4, mit\u00e4 sinun tulee tiet\u00e4\u00e4 ennen kuin otat pennun kotiin.<\/div>\n<div>Lis\u00e4ksi annan sinulle p\u00e4\u00e4syn alustalleni\u00a0<a href=\"http:\/\/www.doodlebox.pl\/\" target=\"_blank\" data-saferedirecturl=\"https:\/\/www.google.com\/url?q=http:\/\/www.doodlebox.pl\/&amp;source=gmail&amp;ust=1613039932358000&amp;usg=AFQjCNGlTnMOjzxxTrFqZ8gjTnx3hjjwrA\" rel=\"noopener\">www.doodlebox.pl<\/a>\u00a0<wbr \/>jossa olen valmistellut sinulle 7 webinaarin sarjan, joiden ansiosta sinulla ei ole ep\u00e4ilyst\u00e4k\u00e4\u00e4n siit\u00e4, kuinka k\u00e4sitell\u00e4 koiranpentuasi nyt ja tulevina vuosina. Pid\u00e4n t\u00e4st\u00e4 koulutuksesta eniten.<\/div>\n<p>[\/et_pb_text][\/et_pb_column][\/et_pb_row][et_pb_row _builder_version=\u201d4.8.2\u2033 _module_preset=\u201ddefault\u201d global_colors_info=\u201d{}\u201d][et_pb_column type=\u201d4_4\u2033 module type=\u201d4_4\u2033\u201dmodul. oletus\u201d global_colors_info=\u201d{}\u201d][et_pb_divider _builder_version=\u201d4.8.2\u2033 _module_preset=\u201ddefault\u201d global_colors_info=\u201d{}\u201d][\/et_pb_divider][\/et_pb_column][\/et_pb_row][et_builder_8][et_b.b.4. \u2033 _module_preset=\u201ddefault\u201d global_colors_info=\u201d{}\u201d][et_pb_column type=\u201d4_4\u2033 _builder_version=\u201d4.8.2\u2033 _module_preset=\u201ddefault\u201d global_colors_info=\u201d{}\u201d][et_pb_\u201d4painike=text button\u201d \u201d _builder_version=\u201d4.14.8\u2033 _module_preset=\u201ddefault\u201d custom_button=\u201don\u201d button_text_size=\u201d20px\u201d button_text_color=\u201d#FFFFFF\u201d button_bg_color=\u201d#bcb840\u2033 global=\u2033 global_use=\u201d \u201d button_b order_radius =\u201d12px\u201d sticky_enabled=\u201d0\u2033][\/et_pb_button][et_pb_text _builder_version=\u201d4.8.2\u2033 _module_preset=\u201ddefault\u201d global_colors_info=\u201d{}\u201d]<\/p>\n<h2 style=\"text-align: center;\">SYNTYM\u00c4<\/h2>\n<p>[\/et_pb_text][et_pb_text _builder_version=\u201d4.8.2\u2033 _module_preset=\u201ddefault\u201d custom_margin=\u201d|20px||20px|false|false\u201d custom_padding=\u201d||||false|false\u201d global_colors_info=\u201d{}\u201d]<\/p>\n<p><span>Onko koiranpentu syntynyt? T\u00e4st\u00e4 eteenp\u00e4in saat tietoa koko pentueen kehityksest\u00e4 ja sinulla on p\u00e4\u00e4sy alustalleni, jossa voit seurata pentuja s\u00e4\u00e4nn\u00f6llisesti.\u00a0<\/span><\/p>\n<p>[\/et_pb_text][\/et_pb_column][\/et_pb_row][et_pb_row _builder_version=\u201d4.8.2\u2033 _module_preset=\u201ddefault\u201d global_colors_info=\u201d{}\u201d][et_pb_column type=\u201d4_4\u2033 module type=\u201d4_4\u2033\u201dmodul. oletus\u201d global_colors_info=\u201d{}\u201d][et_pb_divider _builder_version=\u201d4.8.2\u2033 _module_preset=\u201ddefault\u201d global_colors_info=\u201d{}\u201d][\/et_pb_divider][\/et_pb_column][\/et_pb_row][et_builder_8][et_b.b.4. \u2033 _module_preset=\u201ddefault\u201d global_colors_info=\u201d{}\u201d][et_pb_column type=\u201d4_4\u2033 _builder_version=\u201d4.8.2\u2033 _module_preset=\u201ddefault\u201d global_colors_info=\u201d{}\u201d][et_pb_\u201dbuttonment=text button\u201d \u201d _builder_version=\u201d4.14.8\u2033 _module_preset=\u201ddefault\u201d custom_button=\u201don\u201d button_text_size=\u201d20px\u201d button_text_color=\u201d#FFFFFF\u201d button_bg_color=\u201d#bcb840\u2033 global=\u2033 global_use=\u201d \u201d button_b order_radius =\u201d12px\u201d sticky_enabled=\u201d0\u2033][\/et_pb_button][et_pb_text _builder_version=\u201d4.8.2\u2033 _module_preset=\u201ddefault\u201d global_colors_info=\u201d{}\u201d]<\/p>\n<h2 style=\"text-align: center;\">SOSIAalisoituminen<\/h2>\n<p>[\/et_pb_text][et_pb_text _builder_version=\u201d4.8.2\u2033 _module_preset=\u201ddefault\u201d custom_margin=\u201d|20px||20px|false|false\u201d custom_padding=\u201d||||false|false\u201d global_colors_info=\u201d{}\u201d]<\/p>\n<p><span>Minulle t\u00e4m\u00e4 on koko ohjelman t\u00e4rkein elementti ja usein t\u00e4ss\u00e4 vaiheessa minulla ei ole aikaa vastata s\u00e4hk\u00f6posteihin ja viesteihin uusilta kiinnostuneilta, mit\u00e4 pahoittelen. T\u00e4ss\u00e4 vaiheessa omistan kaiken aikani varmistaakseni, ett\u00e4 saat hyvin valmistetun pennun. Tied\u00e4, ett\u00e4 t\u00e4m\u00e4 on 24\/7-ty\u00f6t\u00e4, joka kiitt\u00e4\u00e4 sinua ja pentuasi tulevaisuudessa. T\u00e4m\u00e4 on my\u00f6s hyv\u00e4 aika k\u00e4yd\u00e4 pentujen luona.\u00a0<\/span><\/p>\n<p>[\/et_pb_text][\/et_pb_column][\/et_pb_row][et_pb_row _builder_version=\u201d4.8.2\u2033 _module_preset=\u201ddefault\u201d global_colors_info=\u201d{}\u201d][et_pb_column type=\u201d4_4\u2033 module type=\u201d4_4\u2033\u201dmodul. oletus\u201d global_colors_info=\u201d{}\u201d][et_pb_divider _builder_version=\u201d4.8.2\u2033 _module_preset=\u201ddefault\u201d global_colors_info=\u201d{}\u201d][\/et_pb_divider][\/et_pb_column][\/et_pb_row][et_builder_8][et_b.b.4. \u2033 _module_preset=\u201ddefault\u201d global_colors_info=\u201d{}\u201d][et_pb_column type=\u201d4_4\u2033 _builder_version=\u201d4.8.2\u2033 _module_preset=\u201ddefault\u201d global_colors_info=\u201d{}\u201d][et_pb_\u201d6painike=text button\u201d \u201d _builder_version=\u201d4.14.8\u2033 _module_preset=\u201ddefault\u201d custom_button=\u201don\u201d button_text_size=\u201d20px\u201d button_text_color=\u201d#FFFFFF\u201d button_bg_color=\u201d#bcb840\u2033 global=\u2033 global_use=\u201d \u201d button_b order_radius =\u201d12px\u201d sticky_enabled=\u201d0\u2033][\/et_pb_button][et_pb_text _builder_version=\u201d4.8.2\u2033 _module_preset=\u201ddefault\u201d global_colors_info=\u201d{}\u201d]<\/p>\n<h2 style=\"text-align: center;\">VALINTA<\/h2>\n<p>[\/et_pb_text][et_pb_text _builder_version=\u201d4.8.2\u2033 _module_preset=\u201ddefault\u201d custom_margin=\u201d|20px||20px|false|false\u201d custom_padding=\u201d||||false|false\u201d global_colors_info=\u201d{}\u201d]<\/p>\n<p><span>Luonnetestien j\u00e4lkeen valitsen oikean pennun oikealle perheelle. Kuten er\u00e4s mukava mies sanoi \u00e4skett\u00e4in, jokainen avioliitto ei ole hyv\u00e4. T\u00e4m\u00e4 avioliitto on siis sovitettava 100%:ss\u00e4, siksi avioeroja ei tapahdu t\u00e4\u00e4ll\u00e4 ;) T\u00e4ss\u00e4 pyyd\u00e4n teilt\u00e4 maksimaalista luottamusta ja avoimuutta - vain t\u00e4m\u00e4n ansiosta nautit t\u00e4st\u00e4 ainoasta koiran onnesta monta vuotta.\u00a0<\/span><\/p>\n<p>[\/et_pb_text][\/et_pb_column][\/et_pb_row][et_pb_row _builder_version=\u201d4.8.2\u2033 _module_preset=\u201ddefault\u201d global_colors_info=\u201d{}\u201d][et_pb_column type=\u201d4_4\u2033 module type=\u201d4_4\u2033\u201dmodul. oletus\u201d global_colors_info=\u201d{}\u201d][et_pb_divider _builder_version=\u201d4.8.2\u2033 _module_preset=\u201ddefault\u201d global_colors_info=\u201d{}\u201d][\/et_pb_divider][\/et_pb_column][\/et_pb_row][et_builder_8][et_b.b.4. \u2033 _module_preset=\u201ddefault\u201d global_colors_info=\u201d{}\u201d][et_pb_column type=\u201d4_4\u2033 _builder_version=\u201d4.8.2\u2033 _module_preset=\u201ddefault\u201d global_colors_info=\u201d{}\u201d][et_pb_\u201dbuttonment=text button\u201d \u201d _builder_version=\u201d4.14.8\u2033 _module_preset=\u201ddefault\u201d custom_button=\u201don\u201d button_text_size=\u201d20px\u201d button_text_color=\u201d#FFFFFF\u201d button_bg_color=\u201d#bcb840\u2033 global=\u2033 global_use=\u201d \u201dpainike_b order_radius =\u201d12px\u201d sticky_enabled=\u201d0\u2033][\/et_pb_button][et_pb_text _builder_version=\u201d4.8.2\u2033 _module_preset=\u201ddefault\u201d global_colors_info=\u201d{}\u201d]<\/p>\n<h2 style=\"text-align: center;\">TOIMITUS<\/h2>\n<p>[\/et_pb_text][et_pb_text _builder_version=\u201d4.8.2\u2033 _module_preset=\u201ddefault\u201d custom_margin=\u201d|20px||20px|false|false\u201d custom_padding=\u201d||||false|false\u201d global_colors_info=\u201d{}\u201d]<\/p>\n<div>Toimitamme pentuja uusiin perheisiin 99.0%-koteloissa. T\u00e4m\u00e4n ansiosta voimme toimittaa ne stressitt\u00f6m\u00e4sti paikalle aikuisen koiran seurassa. Pentu p\u00e4\u00e4see t\u00e4llaiseen uuteen ymp\u00e4rist\u00f6\u00f6n ilman ongelmia, koska olemme h\u00e4nen kanssaan. Lis\u00e4ksi aikuinen koira n\u00e4ytt\u00e4\u00e4 kuinka tutustuu uuteen ymp\u00e4rist\u00f6\u00f6n. Matkustamme koiran kanssa, joka on koulutettu ja tuntee tietyt toimenpiteet, joten emme pelk\u00e4\u00e4, ett\u00e4 jokin menee pieleen. Koulutamme jatkuvasti uusia koiria t\u00e4h\u00e4n suuntaan. T\u00e4m\u00e4n l\u00e4hestymistavan ansiosta ei tapahdu pes\u00e4st\u00e4 ulosvet\u00e4mist\u00e4 ja napanuoran \u00e4killist\u00e4 katkaisua. J\u00e4t\u00e4mme sinut kotiin, kun olet l\u00e4p\u00e4issyt hyv\u00e4n annoksen tietoa ja kun pentu on rauhallinen, rentoutunut ja hyv\u00e4ksyy uuden tilanteen.<\/div>\n<div><u>Olemme t\u00e4m\u00e4n l\u00e4hestymistavan edelt\u00e4j\u00e4 australialaisten labradoodleiden ja muiden kasvattamisessa. Olemme eritt\u00e4in iloisia, ett\u00e4 muut kennelit seuraavat esimerkki\u00e4mme ja laajaa sosiaalistamista.<\/u><\/div>\n<p>[\/et_pb_text][\/et_pb_column][\/et_pb_row][et_pb_row _builder_version=\u201d4.8.2\u2033 _module_preset=\u201ddefault\u201d global_colors_info=\u201d{}\u201d][et_pb_column type=\u201d4_4\u2033 module type=\u201d4_4\u2033\u201dmodul. oletus\u201d global_colors_info=\u201d{}\u201d][et_pb_divider _builder_version=\u201d4.8.2\u2033 _module_preset=\u201ddefault\u201d global_colors_info=\u201d{}\u201d][\/et_pb_divider][\/et_pb_column][\/et_pb_row][et_builder_8][et_b.b.4. \u2033 _module_preset=\u201ddefault\u201d global_colors_info=\u201d{}\u201d][et_pb_column type=\u201d4_4\u2033 _builder_version=\u201d4.8.2\u2033 _module_preset=\u201ddefault\u201d global_colors_info=\u201d{}\u201d][et_pb_\u201d8painike=text button\u201d \u201d _builder_version=\u201d4.14.8\u2033 _module_preset=\u201ddefault\u201d custom_button=\u201don\u201d button_text_size=\u201d20px\u201d button_text_color=\u201d#FFFFFF\u201d button_bg_color=\u201d#bcb840\u2033 global=\u2033 global_use=\u201d \u201d button_b order_radius =\u201d12px\u201d sticky_enabled=\u201d0\u2033][\/et_pb_button][et_pb_text _builder_version=\u201d4.8.2\u2033 _module_preset=\u201ddefault\u201d global_colors_info=\u201d{}\u201d]<\/p>\n<h2 style=\"text-align: center;\">KYSY\u00c4<\/h2>\n<p>[\/et_pb_text][et_pb_text _builder_version=\u201d4.8.2\u2033 _module_preset=\u201ddefault\u201d custom_margin=\u201d|20px||20px|false|false\u201d custom_padding=\u201d||||false|false\u201d global_colors_info=\u201d{}\u201d]<\/p>\n<p><span>Olemme aina valmiita vastaamaan kysymyksiisi ja auttamaan sinua pentujen &quot;kasvatuksessa&quot;.<\/span><\/p>\n<p>[\/et_pb_text][\/et_pb_column][\/et_pb_row][et_pb_row _builder_version=\u201d4.8.2\u2033 _module_preset=\u201ddefault\u201d global_colors_info=\u201d{}\u201d][et_pb_column type=\u201d4_4\u2033 module type=\u201d4_4\u2033\u201dmodul. oletus\u201d global_colors_info=\u201d{}\u201d][et_pb_divider _builder_version=\u201d4.8.2\u2033 _module_preset=\u201ddefault\u201d global_colors_info=\u201d{}\u201d][\/et_pb_divider][\/et_pb_column][\/et_pb_row][et_builder_8][et_b.b.4. \u2033 _module_preset=\u201ddefault\u201d global_colors_info=\u201d{}\u201d][et_pb_column type=\u201d4_4\u2033 _builder_version=\u201d4.8.2\u2033 _module_preset=\u201ddefault\u201d global_colors_info=\u201d{}\u201d][et_pb_\u201dIMTON-painike\u201d \u201d _builder_version=\u201d4.14.8\u2033 _module_preset=\u201ddefault\u201d custom_button=\u201don\u201d button_text_size=\u201d20px\u201d button_text_color=\u201d#FFFFFF\u201d button_bg_color=\u201d#C5310D\u201d button_use_color_ button_0}off\u201d border_radi us =\u201d12px\u201d sticky_enabled=\u201d0\u2033][\/et_pb_button][et_pb_text _builder_version=\u201d4.8.2\u2033 _module_preset=\u201ddefault\u201d global_colors_info=\u201d{}\u201d]<\/p>\n<h2 style=\"text-align: center;\">TESTIT<\/h2>\n<p>[\/et_pb_text][et_pb_text _builder_version=\u201d4.8.2\u2033 _module_preset=\u201ddefault\u201d custom_margin=\u201d|20px||20px|false|false\u201d custom_padding=\u201d||||false|false\u201d global_colors_info=\u201d{}\u201d]<\/p>\n<div>Teemme jalostuskoirillemme laajaa geneettist\u00e4 tutkimusta. T\u00e4ss\u00e4kin voimme ylpeill\u00e4 uraauurtavasta l\u00e4hestymistavasta Puolassa ja jopa joissakin Euroopan maissa.<\/div>\n<div><\/div>\n<div>Koiramme testataan yli 200 erilaisen geneettisen sairauden varalta (pakollisia lantion, kyyn\u00e4rp\u00e4iden ja silmien testej\u00e4 lukuun ottamatta - PRCD-PRA).<\/div>\n<div><\/div>\n<div>N\u00e4iden testien ansiosta tied\u00e4mme tarkalleen, mitk\u00e4 koirat voimme yhdist\u00e4\u00e4 toisiinsa. T\u00e4m\u00e4n ansiosta eliminoimme monia mahdollisia geneettisi\u00e4 sairauksia, joita koirallesi voi sattua.\u00a0<\/div>\n<div>Tunnemme v\u00e4rien ja turkkityyppien geneettiset koodit, joiden ansiosta pystymme ennustamaan pentueiden v\u00e4rit - vaikka se ei koskaan tule olemaan meille prioriteetti.\u00a0<\/div>\n<div><\/div>\n<div>Ja mik\u00e4 t\u00e4rkeint\u00e4, jokainen jalostuskoiramme testataan prosenttiosuuden m\u00e4\u00e4ritt\u00e4miseksi. Eli rodut, jotka muodostavat australialaisen labradoodlen yksil\u00f6n. Koska australialainen labradoodle ei ole yksinkertainen labradorin ja villakoiran risteytys!\u00a0<\/div>\n<p>[\/et_pb_text][\/et_pb_column][\/et_pb_row][et_pb_row _builder_version=\u201d4.8.2\u2033 _module_preset=\u201ddefault\u201d global_colors_info=\u201d{}\u201d][et_pb_column type=\u201d4_4\u2033 module type=\u201d4_4\u2033\u201dmodul. oletus\u201d global_colors_info=\u201d{}\u201d][et_pb_cta button_url=\u201dhttps:\/\/labradoodle.pl\/kontakt\/\u201d button_text=\u201dVaraa pentu\u201d _builder_version=\u201d4.14.8\u2033 background_color=\u201d#ffffff\u201d custom_button=\u201don\u201d button_text_size = \u201d22px\u201d button_bg_color=\u201d#bcb840\u2033 hover_enabled=\u201d0\u2033 global_colors_info=\u201d{}\u201d button_border_radius=\u201d12px\u201d sticky_enabled=\u201d0\u2033][\/et_pb_cta][\/et_pb_colum][\/et_pb_colum]<\/p>","protected":false},"excerpt":{"rendered":"<p>Australian Labradoodle - varauslomakeEnsimm\u00e4inen vaihe on t\u00e4ytt\u00e4\u00e4 kelpoisuuslomake. Laitamme sen saataville verkkosivuilla, kun jonotuslista avautuu. Se kannattaa t\u00e4ytt\u00e4\u00e4 rehellisesti ja kattavasti, sill\u00e4 sen ansiosta opimme tuntemaan toisemme paremmin ja tunnen oloni rauhallisemmaksi, kun tied\u00e4n, mihin k\u00e4siin pentuni mahdollisesti p\u00e4\u00e4tyy HYV\u00c4KSY lomakkeen t\u00e4ytt\u00e4misen j\u00e4lkeen saat tiet\u00e4\u00e4 alkuhyv\u00e4ksynn\u00e4st\u00e4 (tai ei - ei [\u2026]<\/p>","protected":false},"author":3,"featured_media":0,"parent":0,"menu_order":0,"comment_status":"closed","ping_status":"closed","template":"","meta":{"_et_pb_use_builder":"on","_et_pb_old_content":"","_et_gb_content_width":"","footnotes":""},"class_list":["post-3661","page","type-page","status-publish","hentry"],"_links":{"self":[{"href":"https:\/\/labradoodle.pl\/fi\/wp-json\/wp\/v2\/pages\/3661","targetHints":{"allow":["GET"]}}],"collection":[{"href":"https:\/\/labradoodle.pl\/fi\/wp-json\/wp\/v2\/pages"}],"about":[{"href":"https:\/\/labradoodle.pl\/fi\/wp-json\/wp\/v2\/types\/page"}],"author":[{"embeddable":true,"href":"https:\/\/labradoodle.pl\/fi\/wp-json\/wp\/v2\/users\/3"}],"replies":[{"embeddable":true,"href":"https:\/\/labradoodle.pl\/fi\/wp-json\/wp\/v2\/comments?post=3661"}],"version-history":[{"count":19,"href":"https:\/\/labradoodle.pl\/fi\/wp-json\/wp\/v2\/pages\/3661\/revisions"}],"predecessor-version":[{"id":4911,"href":"https:\/\/labradoodle.pl\/fi\/wp-json\/wp\/v2\/pages\/3661\/revisions\/4911"}],"wp:attachment":[{"href":"https:\/\/labradoodle.pl\/fi\/wp-json\/wp\/v2\/media?parent=3661"}],"curies":[{"name":"wp","href":"https:\/\/api.w.org\/{rel}","templated":true}]}}