{"id":3658,"date":"2018-03-25T22:35:37","date_gmt":"2018-03-25T20:35:37","guid":{"rendered":"https:\/\/labradoodle.pl\/?page_id=3658"},"modified":"2022-04-07T13:09:11","modified_gmt":"2022-04-07T11:09:11","slug":"dieta","status":"publish","type":"page","link":"https:\/\/labradoodle.pl\/fi\/dieta\/","title":{"rendered":"Ruokavalio"},"content":{"rendered":"<p>. _PB_Column type=\u201d4_4\u2033 _builder_version=\u201d4.16\u2033 custom_padding=\u201d|||\u201d global_colors_info=&quot;{}&quot; custom_padding__hover=&quot;|||&quot;][et_pb_text _builder_version=&quot;4.16\u2033 text_font=&quot;|300|||||||&quot; text_font_size=\u201d18\u2033 global_colors_info=\u201d{}\u201d]<\/p>\n<h1>Australian labradoodlit ja niiden ruokavalio<\/h1>\n<p>&nbsp;<\/p>\n<h3>Mit\u00e4 ruokkia australialainen labradoodle?<\/h3>\n<p>&nbsp;<\/p>\n<p>Kenneliss\u00e4ni ruokkin koiria vain hyvien tuottajien kuivaruoalla. Jokainen kodistani l\u00e4htev\u00e4 pentu saa suuren pussin Acana Heritage Puppy Foodia, jota riitt\u00e4\u00e4 noin 2 kuukaudeksi.<br \/>Pentujen ravinnolla on eritt\u00e4in t\u00e4rke\u00e4 vaikutus niiden oikeaan kehitykseen, terveyteen ja hyv\u00e4\u00e4n kuntoon. Uskomme, ett\u00e4 tarjoamalla laajan ravintop\u00f6yd\u00e4n, perheet jatkavat saman ruoan sy\u00f6mist\u00e4 my\u00f6s tulevaisuudessa.<\/p>\n<p>&nbsp;<\/p>\n<h3>Onko ruokavaihtoehtoja?<\/h3>\n<p>&nbsp;<\/p>\n<p>On olemassa useita tapoja ruokkia koiria:<\/p>\n<p>\u2013 Viime aikoina suosittu BARF<br \/>\u2013 Omistajan valmistama keitetty ruoka<\/p>\n<p>Molemmissa tapauksissa on t\u00e4rke\u00e4\u00e4, ett\u00e4 kaikki ravintoaineet valitaan koiran i\u00e4n, painon, aktiivisuuden mukaan ja ovat oikeassa suhteessa toisiinsa (esim. oikea kalsiumin ja fosforin suhde). T\u00e4m\u00e4 on haaste, johon tavallisen omistajan on yksinkertaisesti vaikea vastata.<\/p>\n<p>T\u00e4llaista ruokavaliota k\u00e4ytett\u00e4ess\u00e4 tulee muistaa s\u00e4\u00e4nn\u00f6lliset verikokeet yksitt\u00e4isten mikroelementtien tasolle kehossa. En vastusta t\u00e4llaista ravintoa, kunhan se on oikein tasapainotettua, MUTTA en koskaan suosittele perheille sellaisen ruokavalion k\u00e4ytt\u00f6\u00f6nottoa ennen kuin koira on 14 kuukauden ik\u00e4inen.<\/p>\n<p>&nbsp;<\/p>\n<h3>Miksi?<\/h3>\n<p>&nbsp;<\/p>\n<p>Ensimm\u00e4isen\u00e4 el\u00e4m\u00e4njaksona haluamme varmistaa, ett\u00e4 tarjoamme Labradoodle-pennullemme kaikki luuston kehitykseen tarvittavat mikroravinteet. Sek\u00e4 niiden puute ett\u00e4 ylim\u00e4\u00e4r\u00e4 voivat aiheuttaa paljon vahinkoa nuorelle, kehittyv\u00e4lle luurangolle. Vahinko, joka voi olla peruuttamaton.<\/p>\n<p>&nbsp;<\/p>\n<h3>Voinko antaa herkkuja koiralleni?<\/h3>\n<p>&nbsp;<\/p>\n<p>Kyll\u00e4, mutta mieluiten luonnollisia, ei kaupallisia, jotka ovat t\u00e4ynn\u00e4 kemikaaleja. Voit tarjoilla keitetty\u00e4 porkkanaa, omenaa, suolakurkkua, kuivattua naudanlihaa, munia, keitetty\u00e4 kalkkunaa. Kaikki leikataan pieniksi kuutioiksi. MUISTAA! Herkkuja ei saa koskaan olla enemp\u00e4\u00e4 kuin 10%-20% p\u00e4ivitt\u00e4isen ruoka-annoksen painosta. Muuten h\u00e4iritsemme ruokavaliota ja koiramme vain odottaa herkkuja, kielt\u00e4ytyy ruoasta ja olemme h\u00e4vi\u00f6ss\u00e4.<\/p>\n<p>[\/et_pb_text][dmg_masonry_gallery gallery=\u201d3982,3981,3980,3885,3904,3906\u2033 gutter=\u201d3\u2033 modal_title=\u201din_title\u201d hover_overlay_effect=\u201doverlay\u201d color=\u201d#FFFFFF\u201d show_overlay_ caption=\u201d off \u201d overlay_caption_size=\u201d14px\u201d pagination_buttons_background=\u201dRGBA(255,255,255,0)\u201d pagination_buttons_background_active=\u201d#bcb840\u2033 columns_tablet| .16. 0\u2033_module_preset=\u201doletus \u201d pagination_text_color=\u201d#bcb840\u2033 pagination_font_size=\u201d12px\u201d pagination_active_text_color=\u201d#71615b\u201d pagination_active_font_size=\u201d12px\u201d hover_enabled=\u201d0\u20332pxxxi| border_radii_pagin ation=\u201don|6px|6px|6px |6px \u201d border_radii_pagination_active=\u201don|6px|6px|6px|6px\u201d box_shadow_style_pagination=\u201dpreset1\u2033 global_colors_info=\u201d{}\u201d theme_builder_area=\u201dpost_content][ sticky_enabled=_mllepnry] pb_row] [\/ et_pb_section]<\/p>","protected":false},"excerpt":{"rendered":"<p>Australian Labradoodles ja heid\u00e4n ruokavalionsa Mit\u00e4 ruokkia Australian Labradoodles?  Kasvatustilallani sy\u00f6t\u00e4n koirille vain hyvien valmistajien kuivaruokaa. Jokainen kodistani l\u00e4htev\u00e4 pentu saa ison pussin Acana Heritage Puppy Foodia, jota riitt\u00e4\u00e4 noin 2 kuukaudeksi Pentujen ravinnolla on eritt\u00e4in t\u00e4rke\u00e4 vaikutus niiden oikeaan kehitykseen, terveyteen ja hyv\u00e4\u00e4n kuntoon. Uskomme, ett\u00e4 tarjoamalla [\u2026]<\/p>","protected":false},"author":3,"featured_media":0,"parent":0,"menu_order":0,"comment_status":"closed","ping_status":"closed","template":"","meta":{"_et_pb_use_builder":"on","_et_pb_old_content":"","_et_gb_content_width":"","footnotes":""},"class_list":["post-3658","page","type-page","status-publish","hentry"],"_links":{"self":[{"href":"https:\/\/labradoodle.pl\/fi\/wp-json\/wp\/v2\/pages\/3658","targetHints":{"allow":["GET"]}}],"collection":[{"href":"https:\/\/labradoodle.pl\/fi\/wp-json\/wp\/v2\/pages"}],"about":[{"href":"https:\/\/labradoodle.pl\/fi\/wp-json\/wp\/v2\/types\/page"}],"author":[{"embeddable":true,"href":"https:\/\/labradoodle.pl\/fi\/wp-json\/wp\/v2\/users\/3"}],"replies":[{"embeddable":true,"href":"https:\/\/labradoodle.pl\/fi\/wp-json\/wp\/v2\/comments?post=3658"}],"version-history":[{"count":10,"href":"https:\/\/labradoodle.pl\/fi\/wp-json\/wp\/v2\/pages\/3658\/revisions"}],"predecessor-version":[{"id":5470,"href":"https:\/\/labradoodle.pl\/fi\/wp-json\/wp\/v2\/pages\/3658\/revisions\/5470"}],"wp:attachment":[{"href":"https:\/\/labradoodle.pl\/fi\/wp-json\/wp\/v2\/media?parent=3658"}],"curies":[{"name":"wp","href":"https:\/\/api.w.org\/{rel}","templated":true}]}}