{"id":3653,"date":"2018-03-22T22:19:44","date_gmt":"2018-03-22T21:19:44","guid":{"rendered":"https:\/\/labradoodle.pl\/?page_id=3653"},"modified":"2022-04-07T13:24:03","modified_gmt":"2022-04-07T11:24:03","slug":"wzorzec-rasy","status":"publish","type":"page","link":"https:\/\/labradoodle.pl\/fi\/wzorzec-rasy\/","title":{"rendered":"Rotustandardi"},"content":{"rendered":"<p>. _PB_Column type=\u201d4_4\u2033 _builder_version=\u201d4.16\u2033 custom_padding=\u201d|||\u201d global_colors_info=&quot;{}&quot; custom_padding__hover=&quot;|||&quot;][et_pb_text _builder_version=&quot;4.16\u2033 text_font_size=&quot;18\u2033 global_colors_info=&quot;{}&quot;]<\/p>\n<h1><strong>Rotustandardi<\/strong><\/h1>\n<p>&nbsp;<\/p>\n<p><span style=\"font-weight: 400;\">Siro, kompakti ja tasapainoinen. Yst\u00e4v\u00e4llinen ja eritt\u00e4in iloinen k\u00e4yt\u00f6s eritt\u00e4in \u00e4lykk\u00e4\u00e4ll\u00e4 ilmeell\u00e4. Intuitiivinen temperamentti, kevytjalkainen ja urheilullinen samaan aikaan. <\/span><\/p>\n<p><span style=\"font-weight: 400;\">Mittojen ja painon suhde<\/span><\/p>\n<p><span style=\"font-weight: 400;\">Todellinen koko ei ole yht\u00e4 t\u00e4rke\u00e4 kuin ei liioitteleminen ja yleinen tasapaino. Se on hieman pidempi kuin pitk\u00e4, kymmenest\u00e4 kahteentoista.<\/span><\/p>\n<p><span style=\"font-weight: 400;\"><br \/><\/span><span style=\"font-weight: 400;\"><strong>Kokoja on kolme:<\/strong><\/span><\/p>\n<p><span style=\"font-weight: 400;\">Miniatyyri - alle 45 cm<br \/><\/span><span style=\"font-weight: 400;\">Keskipitk\u00e4 - 45-60 cm<br \/><\/span><span style=\"font-weight: 400;\">Vakio - yli 60 cm<\/span><\/p>\n<p><span style=\"font-weight: 400;\">Selk\u00e4 ja kylkiluut eiv\u00e4t saa tuntua turkin alla eik\u00e4 paino saa olla liian raskas.<\/span><\/p>\n<p>[\/et_pb_text][dmg_masonry_gallery gallery=\u201d5146,4984,4824,3919,3369,5147\u2033 gutter=\u201d3\u2033 modal_title=\u201din_title\u201d hover_overlay_effect=\u201doverlay\u201d color=\u201d#FFFFFF\u201d show_overlay_ caption=\u201d off \u201d overlay_caption_size=\u201d14px\u201d pagination_buttons_background=\u201dRGBA(255,255,255,0)\u201d pagination_buttons_background_active=\u201d#bcb840\u2033 columns_tablet| .16. 0\u2033_module_preset=\u201doletus \u201d pagination_text_color=\u201d#bcb840\u2033 pagination_font_size=\u201d12px\u201d pagination_active_text_color=\u201d#71615b\u201d pagination_active_font_size=\u201d12px\u201d hover_enabled=\u201d0\u20332pxxxi| border_radii_pagin ation=\u201don|6px|6px|6px |6px \u201d border_radii_pagination_active=\u201don|6px|6px|6px|6px\u201d box_shadow_style_pagination=\u201dpreset1\u2033 global_colors_info=\u201d{}\u201d theme_builder_area=\u201dpost_content\u201d [ sticky_enabled=\u201d0\u2033_bbillemaster n=\u201d4,16\u2033 text_font _size=\u201d 18\u2033 global_colors_info=\u201d{}\u201d]<\/p>\n<h3><span style=\"font-weight: 400;\">Temperamentti<\/span><\/h3>\n<p>&nbsp;<\/p>\n<p><span style=\"font-weight: 400;\">Yst\u00e4v\u00e4llinen, eloisa, ihmisten kanssa yhteisty\u00f6t\u00e4 tekev\u00e4, katsekontaktia etsiv\u00e4 ja ennen kaikkea ihmisl\u00e4heinen.\u00a0<\/span><\/p>\n<p>&nbsp;<\/p>\n<h3><span style=\"font-weight: 400;\">P\u00e4\u00e4<\/span><\/h3>\n<p>&nbsp;<\/p>\n<p><span style=\"font-weight: 400;\">Kallo, jossa on muotoiltu niskakyhmy, kohtalaisen leve\u00e4, ei esiinny. Hieman pidempi nen\u00e4st\u00e4 niskakyhmyyn kuin kallon yl\u00e4osasta niskakyhmyyn. Huomattavan leve\u00e4 kuono-osa, jossa hyvin kiinnittyneet huulet ja k\u00e4rp\u00e4set. Mehukas ja suuri kirsu - eritt\u00e4in ominainen (ei ole suositeltavaa tehd\u00e4 siit\u00e4 pient\u00e4, ter\u00e4v\u00e4\u00e4, kapeaa tai puristettua). <\/span><\/p>\n<p><span style=\"font-weight: 400;\">Utelias ja lempe\u00e4, eloisa ja samalla suloinen kuono. Etsii selke\u00e4sti ja aktiivisesti katsekontaktia.<\/span><\/p>\n<p>&nbsp;<\/p>\n<h3><span style=\"font-weight: 400;\">Silm\u00e4t<\/span><\/h3>\n<p>&nbsp;<\/p>\n<p><span style=\"font-weight: 400;\">Aseta leve\u00e4sti toisistaan, py\u00f6re\u00e4 tai soikea. Ne eiv\u00e4t saa olla painuneita tai pullistuneita, ja silm\u00e4luomien roikkuminen on vakava vika. Pitk\u00e4t silm\u00e4ripset ovat koiralle tyypillinen piirre. <\/span><\/p>\n<p><span style=\"font-weight: 400;\">Niiden v\u00e4rin tulee viitata koiran pigmenttiin. P\u00e4hkin\u00e4nruskeat silm\u00e4t l\u00f6ytyv\u00e4t koirista, joilla on suklaata, karamellia ja kahvia maitopigmenttien kanssa. Musta ja kermanv\u00e4rinen pigmentti on yleisin tummanruskea silmien v\u00e4ri. Siniset tai kahden eriv\u00e4riset silm\u00e4t hyl\u00e4t\u00e4\u00e4n jalostukseen. L\u00e4p\u00e4isev\u00e4, ter\u00e4v\u00e4 tai ilmeet\u00f6n ilme on vakava virhe. <\/span><\/p>\n<p><span style=\"font-weight: 400;\">\u00a0<\/span><\/p>\n<h3><span style=\"font-weight: 400;\">Korvat<\/span><\/h3>\n<p>&nbsp;<\/p>\n<p><span style=\"font-weight: 400;\">Asetettu erilleen p\u00e4\u00e4n sivuille, roikkuu hieman kallon tason alapuolella ja hieman kohotettuna tyvest\u00e4 paremman ilmankierron takaamiseksi.<\/span><\/p>\n<p>&nbsp;<\/p>\n<h3><span style=\"font-weight: 400;\">Okkluusio<\/span><\/h3>\n<p>&nbsp;<\/p>\n<p><span style=\"font-weight: 400;\">Leikkaava purenta on ehdottomasti parempi, mutta tietyn yksil\u00f6n ulkon\u00e4\u00f6n tai luonteen kannalta purenta on hyv\u00e4ksytt\u00e4v\u00e4. Ienet ja hampaat terveet ja vahvat. Vino purenta, yli- ja alahaara ovat valitettavasti puutteita, jotka est\u00e4v\u00e4t jalostuksen.<\/span><\/p>\n<p>&nbsp;<\/p>\n<h3><span style=\"font-weight: 400;\">Kaula ja sel\u00e4n yl\u00e4linja<\/span><\/h3>\n<p>&nbsp;<\/p>\n<p><span style=\"font-weight: 400;\">Kaula on hieman kaareva, lihaksikas ja vahva, kohtalaisen pitk\u00e4. Siro venytetty vartalon yl\u00e4linjaan. Rungon yl\u00e4linja on vaakasuora, laskeutuu hieman s\u00e4k\u00e4n taakse, hieman viisto lantion yli kohti matalaa h\u00e4nt\u00e4\u00e4. Runko, jossa suuret mittasuhteet, rintakeh\u00e4 hieman syv\u00e4, mutta ei liioiteltu. H\u00e4nt\u00e4 on sapelin muotoinen ja asettunut matalalle hieman viistosta lantiosta. Kiihtyneen\u00e4 sit\u00e4 voidaan kantaa iloisesti yl\u00e4linjaa korkeammalle, mutta yl\u00e4linjan taipuminen ja kiertyminen on vika.<\/span><\/p>\n<p>&nbsp;<\/p>\n<h3><span style=\"font-weight: 400;\">Raajat<\/span><\/h3>\n<p>&nbsp;<\/p>\n<ol>\n<li><span style=\"font-weight: 400;\">etuosa<\/span><\/li>\n<\/ol>\n<p><span style=\"font-weight: 400;\">Lihaksikkaat olkap\u00e4\u00e4t, t\u00e4ydellisesti kehittyneet, eiv\u00e4t raskaat. Suhteellisen pitk\u00e4, leve\u00e4 vakiomuotoilulla. Kyyn\u00e4rp\u00e4\u00e4t eiv\u00e4t ole sis\u00e4\u00e4n- eiv\u00e4tk\u00e4 ulosp\u00e4in k\u00e4\u00e4ntyneet, hyvin asettuneet kylkiluiden eteen. Eturaajat ovat hyvin luustoiset, pystysuorat maahan n\u00e4hden, lyhyet mutta vahvat k\u00e4mmenet. Eturaajat eiv\u00e4t saa olla liian lyhyet, koska se vet\u00e4\u00e4 koiraa alasp\u00e4in, rasittaa j\u00e4nteit\u00e4 ja niveli\u00e4 ja alentaa sen arvoa. <\/span><\/p>\n<ol>\n<li><span style=\"font-weight: 400;\">Takaosa<\/span><\/li>\n<\/ol>\n<p><span style=\"font-weight: 400;\">Leve\u00e4t, vahvat ja hyvin lihaksikkaat reidet. Tasapainoinen vastaisku. Polvinivel kintereeseen on pidempi kuin kinnerivel maahan n\u00e4hden.<\/span><\/p>\n<p>&nbsp;<\/p>\n<h3><span style=\"font-weight: 400;\">Tassut<\/span><\/h3>\n<p>&nbsp;<\/p>\n<p><span style=\"font-weight: 400;\">Tiukka ja vahva, hyvin kaareutuneet varpaat, soikeat tai py\u00f6re\u00e4t. Paksut pehmusteet, lyhyet kynnet. Koira syntyy ilman takakynsi\u00e4. J\u00e4niksen tassut ovat valitettavasti suuri haitta.<\/span><\/p>\n<p>&nbsp;<\/p>\n<h3><span style=\"font-weight: 400;\">Kaapu<\/span><\/h3>\n<p>&nbsp;<\/p>\n<p><span style=\"font-weight: 400;\">Yksikerroksisia takkeja on kahta tyyppi\u00e4: villa ja fleece.\u00a0<\/span><span style=\"font-weight: 400;\">Karva on jokaiselle koiralle hyvin tyypillinen piirre, joten se on etusijalla ulkon\u00e4\u00f6n ja luonteen j\u00e4lkeen. <\/span><\/p>\n<p><span style=\"font-weight: 400;\">Takin tyyppi: Villa<\/span><\/p>\n<p><span style=\"font-weight: 400;\">Turkin ulkon\u00e4k\u00f6 ja rakenne muistuttaa eniten villakoiraa. Turkin pituus leikataan samankokoiseksi raajoissa ja vartalossa. Tassujen turkki on ajeltu lyhyeksi, ei nilkoihin asti. H\u00e4nt\u00e4 on t\u00e4ysin karvainen. P\u00e4\u00e4n ja kuonon hiuksia ei tule ajaa, vaan ne voidaan leikata saksilla. <\/span><\/p>\n<p><span style=\"font-weight: 400;\">Takin tyyppi: Fleece<\/span><\/p>\n<p><span style=\"font-weight: 400;\">Hieman kihara tai aaltoileva, samanpituinen raajoissa ja rungossa. Esiintyy runsaana ja pitk\u00e4n\u00e4. Takki tulee leikata kasvoilla silmien paljastamiseksi. Tassut ajeltu lyhyeksi, mutta vain kantap\u00e4\u00e4n korkeuteen asti. Ajeltuja tassujen osia peitt\u00e4\u00e4 karva, joka roikkuu alas raajojen yl\u00e4osista. Tassuja ei saa ajella nilkkoja my\u00f6ten, kuten villakoiralla tehd\u00e4\u00e4n. H\u00e4nn\u00e4n turkin tulee olla pidempi ja vapaa.<\/span><\/p>\n<p>&nbsp;<\/p>\n<h3><span style=\"font-weight: 400;\">Koira liikkeess\u00e4<\/span><\/h3>\n<p>&nbsp;<\/p>\n<p><span style=\"font-weight: 400;\">Lenkkeilyn aikana saamme vaikutelman, ett\u00e4 koira leijuu maan p\u00e4\u00e4ll\u00e4 ilman ponnistelua. H\u00e4n liikkuu ketter\u00e4sti, urheilullisesti ja samalla eritt\u00e4in kevyesti antaen vaikutelman, ett\u00e4 h\u00e4n seuraa iloisesti tiettyyn suuntaan. Katsoessamme koiraa takaa tai edest\u00e4, emme n\u00e4e jalkoja kiertyneen\u00e4, ei sis\u00e4\u00e4np\u00e4in tai ulosp\u00e4in. Koiran askel juoksun aikana laskeutuu kohti painopisteen linjaa. Sivulta katsottuna h\u00e4nen raajojensa tulisi ulottua tasaisesti loppuun asti. Niiden ei pit\u00e4isi nousta tai taipua korkealle. Kintereet ovat lyhyet ja vahvat, hyvin kallistuneet ja vartalon alla eteenp\u00e4in venyneet.<\/span><\/p>\n<p>&nbsp;<\/p>\n<h3><span style=\"font-weight: 400;\">V\u00e4rit:<\/span><\/h3>\n<p>&nbsp;<\/p>\n<ul>\n<li style=\"font-weight: 400;\"><span style=\"font-weight: 400;\">laventeli<\/span><\/li>\n<li style=\"font-weight: 400;\"><span style=\"font-weight: 400;\">rupi<\/span><\/li>\n<li style=\"font-weight: 400;\"><span style=\"font-weight: 400;\">hopea<\/span><\/li>\n<li style=\"font-weight: 400;\"><span style=\"font-weight: 400;\">musta<\/span><\/li>\n<li style=\"font-weight: 400;\"><span style=\"font-weight: 400;\">sininen<\/span><\/li>\n<li style=\"font-weight: 400;\"><span style=\"font-weight: 400;\">suklaa<\/span><\/li>\n<li style=\"font-weight: 400;\"><span style=\"font-weight: 400;\">kerman, karamellin ja aprikoosin s\u00e4vyj\u00e4<\/span><\/li>\n<li style=\"font-weight: 400;\"><span style=\"font-weight: 400;\">punainen <\/span><\/li>\n<li style=\"font-weight: 400;\"><span style=\"font-weight: 400;\">kahvi maidolla<\/span><\/li>\n<\/ul>\n<p><span style=\"font-weight: 400;\">Hyv\u00e4ksytt\u00e4v\u00e4, mutta ei mainostettava, on my\u00f6s ns. osav\u00e4ri, eli jonkin edell\u00e4 mainitun v\u00e4rin yhdistelm\u00e4t kerman tai valkoisen kanssa.<\/span><\/p>\n<p>&nbsp;<\/p>\n<h3><span style=\"font-weight: 400;\">Yhteenveto haitoista:<\/span><\/h3>\n<p>&nbsp;<\/p>\n<p><span style=\"font-weight: 400;\">Urokset, joiden kivekset ovat kehittym\u00e4tt\u00f6m\u00e4t kuuden kuukauden ik\u00e4isill\u00e4 tai vanhemmilla, ja kaikki poikkeamat rotustandardista.<\/span><\/p>\n<p><em><span style=\"font-weight: 400;\">L\u00e4hde: Puolan rotujen koirakerhon &quot;Kynologia&quot; nelj\u00e4nnesvuosikatsaus, 1\/2012(31)<\/span><\/em><\/p>\n<p>[\/et_pb_text][\/et_pb_column][\/et_pb_row][\/et_pb_section]<\/p>","protected":false},"excerpt":{"rendered":"<p>Rotustandardi: Siro, kompakti ja tasapainoinen. Yst\u00e4v\u00e4llinen ja eritt\u00e4in iloinen k\u00e4yt\u00f6s eritt\u00e4in \u00e4lykk\u00e4\u00e4ll\u00e4 ilmeell\u00e4. Intuitiivinen temperamentti, kevytjalkainen ja samalla urheilullinen. Koko ja painosuhde Todellinen koko ei ole yht\u00e4 t\u00e4rke\u00e4 kuin liioittelua ja yleist\u00e4 tasapainoa puute. Se on hieman pitempi kuin korkea, kymmenest\u00e4 kahteentoista. Kokoja on kolme: Miniatyyri \u2013 [\u2026]<\/p>","protected":false},"author":2,"featured_media":0,"parent":0,"menu_order":0,"comment_status":"closed","ping_status":"closed","template":"","meta":{"_et_pb_use_builder":"on","_et_pb_old_content":"","_et_gb_content_width":"","footnotes":""},"class_list":["post-3653","page","type-page","status-publish","hentry"],"_links":{"self":[{"href":"https:\/\/labradoodle.pl\/fi\/wp-json\/wp\/v2\/pages\/3653","targetHints":{"allow":["GET"]}}],"collection":[{"href":"https:\/\/labradoodle.pl\/fi\/wp-json\/wp\/v2\/pages"}],"about":[{"href":"https:\/\/labradoodle.pl\/fi\/wp-json\/wp\/v2\/types\/page"}],"author":[{"embeddable":true,"href":"https:\/\/labradoodle.pl\/fi\/wp-json\/wp\/v2\/users\/2"}],"replies":[{"embeddable":true,"href":"https:\/\/labradoodle.pl\/fi\/wp-json\/wp\/v2\/comments?post=3653"}],"version-history":[{"count":10,"href":"https:\/\/labradoodle.pl\/fi\/wp-json\/wp\/v2\/pages\/3653\/revisions"}],"predecessor-version":[{"id":5474,"href":"https:\/\/labradoodle.pl\/fi\/wp-json\/wp\/v2\/pages\/3653\/revisions\/5474"}],"wp:attachment":[{"href":"https:\/\/labradoodle.pl\/fi\/wp-json\/wp\/v2\/media?parent=3653"}],"curies":[{"name":"wp","href":"https:\/\/api.w.org\/{rel}","templated":true}]}}