{"id":3649,"date":"2018-03-20T21:49:53","date_gmt":"2018-03-20T20:49:53","guid":{"rendered":"https:\/\/labradoodle.pl\/?page_id=3649"},"modified":"2022-04-07T12:33:07","modified_gmt":"2022-04-07T10:33:07","slug":"temperament","status":"publish","type":"page","link":"https:\/\/labradoodle.pl\/fi\/temperament\/","title":{"rendered":"Temperamentti"},"content":{"rendered":"<p>. _PB_Column type=\u201d4_4\u2033 _builder_version=\u201d4.16\u2033 custom_padding=\u201d|||\u201d global_colors_info=&quot;{}&quot; custom_padding__hover=&quot;|||&quot;][et_pb_text _builder_version=&quot;4.16\u2033 text_font_size=&quot;18\u2033 global_colors_info=&quot;{}&quot;]<\/p>\n<h1><strong>Luonne - onko t\u00e4m\u00e4 koira sinulle?<\/strong><\/h1>\n<p>&nbsp;<\/p>\n<p><span style=\"font-weight: 400;\">Australian labradoodles ovat hauskoja perhekoiria. Mutta sopivatko ne kaikille? Ei todellakaan, sill\u00e4 jokaisella rodulla on hyv\u00e4t ja huonot puolensa. Kaikki eiv\u00e4t olisi iloisia t\u00e4llaisesta koirasta, mutta jokainen Labradoodle ei my\u00f6sk\u00e4\u00e4n voi tuntea olonsa hyv\u00e4ksi joka perheess\u00e4.<\/span><\/p>\n<p><span style=\"font-weight: 400;\">Erottelemme kaksi Australian labradoodle-linjaa<\/span><\/p>\n<ul>\n<li style=\"font-weight: 400;\"><span style=\"font-weight: 400;\">toimiva linja<\/span><\/li>\n<li style=\"font-weight: 400;\"><span style=\"font-weight: 400;\">terapeuttinen linja<\/span><\/li>\n<\/ul>\n<p><span style=\"font-weight: 400;\">Ty\u00f6linja on koiria, jotka ovat eritt\u00e4in aktiivisia ja haluavat aina tehd\u00e4 jotain. He kantavat jatkuvasti jotain suussaan, tuovat erilaisia esineit\u00e4 omistajalle. He ovat aina valmiita teht\u00e4v\u00e4\u00e4n. Voit k\u00e4ytt\u00e4\u00e4 t\u00e4llaisen koiran potentiaalia loistavasti ja ne sopivat erinomaisesti &quot;ty\u00f6h\u00f6n&quot; eri aloilla (mantrailing, nen\u00e4ty\u00f6, tottelevaisuus, ty\u00f6skentely py\u00f6r\u00e4tuolilla). \u00c4lyllisesti tyytym\u00e4tt\u00f6min\u00e4 he etsiv\u00e4t muuta viihdett\u00e4 - esineiden tuhoamista, pakenemista jne. <\/span><\/p>\n<p><span style=\"font-weight: 400;\">Terapialinja on luonnollisesti rauhallisempi koira. He haluavat olla l\u00e4hell\u00e4 omistajiaan ja usein lep\u00e4\u00e4v\u00e4t p\u00e4\u00e4ns\u00e4 syliss\u00e4\u00e4n tai lep\u00e4\u00e4v\u00e4t jaloillaan. N\u00e4m\u00e4 koirat puolestaan sopivat terapeuttiseen ty\u00f6h\u00f6n, koska ihmisl\u00e4heisyys on heille eritt\u00e4in t\u00e4rke\u00e4\u00e4. Heist\u00e4 ei koskaan tule Obi-mestareita, koska heill\u00e4 ei ole sellaista ty\u00f6h\u00f6ns\u00e4. He p\u00e4rj\u00e4\u00e4v\u00e4t hyvin hiljaisessa toiminnassa. <\/span><\/p>\n<p><span style=\"font-weight: 400;\">Joka tapauksessa se on rotu, joka vaatii omistajaltaan paljon huomiota. He vain haluavat olla h\u00e4nen l\u00e4sn\u00e4olossaan, he haluavat olla l\u00e4hell\u00e4. Niiden m\u00e4rk\u00e4\u00e4 kielt\u00e4 on vaikea ravistella. Nauroin, ett\u00e4 niit\u00e4 pit\u00e4isi itse asiassa kutsua Lickerdoodleksi. Kun annamme heille liikaa huomiota emmek\u00e4 koskaan j\u00e4t\u00e4 heit\u00e4 kotiin yksin, he voivat kehitt\u00e4\u00e4 eroahdistusta. Ne ovat eritt\u00e4in herkki\u00e4 sille, koska se on eritt\u00e4in herkk\u00e4 rotu.<\/span><\/p>\n<p><span style=\"font-weight: 400;\">Ne vaativat paljon aikaa turkkinsa hoitamiseen. Ennen ensimm\u00e4ist\u00e4 vuotta on hiusten vaihtojakso ja sitten ne alkavat sotkeutua. Henkil\u00f6st\u00e4 riippuen he tarvitsevat jopa 3 kertaa harjauksen viikossa. Pidemm\u00e4ll\u00e4 turkkillaan he tuovat kotiin oksia, hiekkaa, ohdakkeita ja talvella lumipalloja.<\/span><\/p>\n<p><span style=\"font-weight: 400;\">Niiden nivelist\u00e4 tulee huolehtia kunnolla, sill\u00e4 ylikuormitetut nivelet voivat aiheuttaa dysplasiaa tai muita luustosairauksia. Ole eritt\u00e4in varovainen ensimm\u00e4isten 14 kuukauden aikana. My\u00f6s korvat tarvitsevat asianmukaista hoitoa.\u00a0<\/span><\/p>\n<p>&nbsp;<\/p>\n<h3>Sosiaalinen raidallinen labradoodle<\/h3>\n<p>&nbsp;<\/p>\n<p><span style=\"font-weight: 400;\">He ovat hyvin seurallisia ja pit\u00e4v\u00e4t muista ihmisist\u00e4. K\u00e4velyill\u00e4 he haluavat tervehti\u00e4 kaikkia, se on heid\u00e4n luonteensa, ja omistajien on usein vaikea opettaa heit\u00e4 olemaan tekem\u00e4tt\u00e4 niin. Hypp\u00e4\u00e4minen tervehtim\u00e4\u00e4n on my\u00f6s suuri ongelma. Muukalaisen tai yst\u00e4v\u00e4n kanssa koirasi tervehtii sinua mielell\u00e4\u00e4n kahdella jalalla. Siksi on t\u00e4rke\u00e4\u00e4 oppia oikea k\u00e4yt\u00f6s ajoissa. <\/span><\/p>\n<p><span style=\"font-weight: 400;\">He rakastavat muita koiria ja vet\u00e4ytyv\u00e4t hihnassa tervehti\u00e4kseen niit\u00e4. Oppiminen olemaan hihnassa vet\u00e4m\u00e4tt\u00e4 kannattaa aloittaa ensimm\u00e4isin\u00e4 p\u00e4ivin\u00e4 pennun saamisen j\u00e4lkeen. <\/span><\/p>\n<p><span style=\"font-weight: 400;\">He ker\u00e4\u00e4v\u00e4t mit\u00e4 tahansa kadulta, joten kuten edell\u00e4, sinun tulee huolehtia t\u00e4st\u00e4 k\u00e4yt\u00f6ksest\u00e4 hyvin nuoresta i\u00e4st\u00e4 l\u00e4htien. <\/span><\/p>\n<p><span style=\"font-weight: 400;\">Kissat on esitelty ja yst\u00e4vystynyt riitt\u00e4v\u00e4n aikaisin, joten ne tulevat hyvin toimeen kissojen kanssa. Muuten he jahtaavat niit\u00e4 mielell\u00e4\u00e4n, mink\u00e4 vuoksi &quot;muistamisen&quot; oppiminen on v\u00e4ltt\u00e4m\u00e4t\u00f6nt\u00e4, muuten he vain eksyv\u00e4t takaa-ajoon.<\/span><\/p>\n<p><span style=\"font-weight: 400;\">Vaikka se ei olekaan &quot;vaikea&quot; rotu, sit\u00e4 ei voida ehdottomasti sanoa olevan &quot;helppo&quot;, ja varhainen koulutus on v\u00e4ltt\u00e4m\u00e4t\u00f6nt\u00e4. En tarkoita vain koiran p\u00e4iv\u00e4kotia 2 kuukauden ajan, vaan jatkokoulutusta ensimm\u00e4iseen elinvuoteen asti. He oppivat nopeasti, mutta huomaavat kaikki virheemme ja ep\u00e4johdonmukaisuutemme ja muuttavat ne omaksi.<\/span><\/p>\n<p><span style=\"font-weight: 400;\">Oletko edelleen kiinnostunut Labradoodlesta? Hienoa, sinut palkitaan koirasuukoilla ;)<\/span><\/p>\n<p>[\/et_pb_text] lay_image_data\u201d overlay_title_size= \u201d19px\u201d overlay_title_color=\u201d#FFFFFF\u201d show_overlay_caption=\u201doff\u201d overlay_caption_size=\u201d14px\u201d pagination_buttons_background=\u201dRGBA(255,255,255,0)\u201d pagenation_buttons_background_active=c\u2033s\u2033s\u2033s\u2033s\u2033s\u201d18 _phone=\u201d2 \u2033 columns_last_edited=&quot;on|desktop&quot; _builder_version=\u201d4.16.0\u2033 _module_preset=\u201ddefault\u201d pagination_text_color=\u201d#bcb840\u2033 pagination_font_size=\u201d12px\u201d pagination_active_text_color=\u201d#71615b=\u201d#71615b\u201d_font_pxize\u201dfi \u2033 border_radii_image =&quot;on|12px|12px|12px|12px&quot; border_radii_pagination=\u201don|6px|6px|6px|6px\u201d border_radii_pagination_active=\u201don|6px|6px|6px|6px\u201d box_shadow_style_pagination=\u201dpreset1\u2033 global_colors_info=\u201d{}\u201d\u2033\u2033 global_colors_info=\u201d{}\u201d\u2033\u2033 theme_colors_info=\u201d{}\u201d\u2033\u2033\u2033\u2033\u2033postaus dmg_masonry_gallery][\/et_pb_column][\/et_pb_row][\/et_pb_section]<\/p>","protected":false},"excerpt":{"rendered":"<p>Luonne - onko t\u00e4m\u00e4 koira sinulle? Australian labradoodles ovat hauskoja perhekoiria. Mutta sopivatko ne kaikille? Ei todellakaan, sill\u00e4 jokaisella rodulla on hyv\u00e4t ja huonot puolensa. Kaikki eiv\u00e4t olisi iloisia t\u00e4llaisesta koirasta, mutta jokainen Labradoodle ei my\u00f6sk\u00e4\u00e4n voi tuntea olonsa hyv\u00e4ksi joka perheess\u00e4. Erottelemme kaksi Australian Labradoodle-linjaa [\u2026]<\/p>","protected":false},"author":3,"featured_media":0,"parent":0,"menu_order":0,"comment_status":"closed","ping_status":"closed","template":"","meta":{"_et_pb_use_builder":"on","_et_pb_old_content":"","_et_gb_content_width":"","footnotes":""},"class_list":["post-3649","page","type-page","status-publish","hentry"],"_links":{"self":[{"href":"https:\/\/labradoodle.pl\/fi\/wp-json\/wp\/v2\/pages\/3649","targetHints":{"allow":["GET"]}}],"collection":[{"href":"https:\/\/labradoodle.pl\/fi\/wp-json\/wp\/v2\/pages"}],"about":[{"href":"https:\/\/labradoodle.pl\/fi\/wp-json\/wp\/v2\/types\/page"}],"author":[{"embeddable":true,"href":"https:\/\/labradoodle.pl\/fi\/wp-json\/wp\/v2\/users\/3"}],"replies":[{"embeddable":true,"href":"https:\/\/labradoodle.pl\/fi\/wp-json\/wp\/v2\/comments?post=3649"}],"version-history":[{"count":7,"href":"https:\/\/labradoodle.pl\/fi\/wp-json\/wp\/v2\/pages\/3649\/revisions"}],"predecessor-version":[{"id":5464,"href":"https:\/\/labradoodle.pl\/fi\/wp-json\/wp\/v2\/pages\/3649\/revisions\/5464"}],"wp:attachment":[{"href":"https:\/\/labradoodle.pl\/fi\/wp-json\/wp\/v2\/media?parent=3649"}],"curies":[{"name":"wp","href":"https:\/\/api.w.org\/{rel}","templated":true}]}}