{"id":3646,"date":"2018-03-20T21:42:27","date_gmt":"2018-03-20T20:42:27","guid":{"rendered":"https:\/\/labradoodle.pl\/?page_id=3646"},"modified":"2022-02-25T11:53:14","modified_gmt":"2022-02-25T10:53:14","slug":"historia-rasy","status":"publish","type":"page","link":"https:\/\/labradoodle.pl\/fi\/historia-rasy\/","title":{"rendered":"Rodun historia"},"content":{"rendered":"<p>[et_pb_section fb_built=\u201d1\u2033 _builder_version=\u201d3.22\u2033 global_colors_info=\u201d{}\u201d][et_pb_row _builder_version=\u201d3.25\u2033 background_size=\u201dcolor\u201d background_position=\u201dtop_left\u201d global_position=\u201dtop_left\u201d global_repeat=\u201db_repeat\u201dn type=\u201d4_4\u2033 _builder_version=\u201d3.25\u2033 custom_padding=\u201d|||\u201d global_colors_info=\u201d{}\u201d custom_padding__hover=\u201d|||\u201d][et_pb_text _builder_version=\u201d3.27.4\u2033 text_font_size=\u201d18\u2033 global_colors_info=\u201d{}\u201d]<\/p>\n<h1>Australian Labradoodle - Rodun historia<\/h1>\n<p>&nbsp;<\/p>\n<p><span style=\"font-weight: 400;\">Valikoivan kasvatuksen ja koulutuksen avulla ihminen on oppinut k\u00e4ytt\u00e4m\u00e4\u00e4n koiria tiettyjen rooleiden t\u00e4ytt\u00e4miseen. Perinteisten teht\u00e4vien, kuten kasvatuksen, mets\u00e4styksen, j\u00e4ljityksen ja vartioinnin lis\u00e4ksi koiria alettiin viime vuosisadan aikana k\u00e4ytt\u00e4\u00e4 muihin teht\u00e4viin. <\/span><\/p>\n<p><span style=\"font-weight: 400;\">Nyky\u00e4\u00e4n olemme tekemisiss\u00e4 koiraoppaiden, terapeuttien, kadonneita henkil\u00f6it\u00e4 etsivien, huumeita tai r\u00e4j\u00e4hteit\u00e4 etsivien koirien kanssa.<\/span><\/p>\n<p><span style=\"font-weight: 400;\">Autenttisella australialaislabradoodlella on kaksi koiralinjaa:<\/span><\/p>\n<ul>\n<li style=\"font-weight: 400;\"><span style=\"font-weight: 400;\">toimiva linja<\/span><\/li>\n<li style=\"font-weight: 400;\"><span style=\"font-weight: 400;\">terapeuttinen linja<\/span><\/li>\n<\/ul>\n<p><span style=\"font-weight: 400;\">ja niit\u00e4 on k\u00e4ytetty menestyksekk\u00e4\u00e4sti useiden vuosien ajan edell\u00e4 mainittuihin tarkoituksiin. erikoisteht\u00e4vi\u00e4.<\/span><\/p>\n<p><span style=\"font-weight: 400;\">Alun perin australialainen labradoode oli labradorinnoutaja\/villakoira hybridi, mutta viime vuosikymmenin\u00e4 on kuitenkin otettu k\u00e4ytt\u00f6\u00f6n muiden rotujen infuusiota tiettyihin tarkoituksiin. <\/span><\/p>\n<p><span style=\"font-weight: 400;\">1970-luvulla Australian Blind Organization teki ensimm\u00e4iset yritykset yhdist\u00e4\u00e4 villakoiran \u00e4lykkyys ja labradorinnoutajalle tyypillinen vahva ihmiskeskeisyys. Jotkut t\u00e4m\u00e4n yhdistelm\u00e4n yksil\u00f6t olivat helppoja kouluttaa, he eiv\u00e4t vuodattaneet eik\u00e4 niill\u00e4 ollut tyypillist\u00e4 koiran hajua. <\/span><\/p>\n<p><span style=\"font-weight: 400;\">Aluksi n\u00e4it\u00e4 positiivisia ominaisuuksia ei huomattu. Vasta vuonna 1989 instituutti sai pyynn\u00f6n sokealle naiselle opaskoirasta. Sen t\u00e4ytyi kuitenkin olla koira, joka ei aiheuttanut allergista reaktiota miehelleen. <\/span><\/p>\n<p><span style=\"font-weight: 400;\">Wally Conron, Royal Victorian Guide Dogs Associationin (Australian avustajakoirien j\u00e4rjest\u00f6n nimi tuolloin nimi) vastuullinen kasvattaja muisti t\u00e4m\u00e4n yhdistelm\u00e4n ja p\u00e4\u00e4tti toistaa sen. Ensimm\u00e4iseen pentueeseen kuului kolme pentua ja kaikilla ei ollut toivottuja ominaisuuksia.<\/span><\/p>\n<p>&nbsp;<\/p>\n<h3>J\u00e4lkel\u00e4iset<\/h3>\n<p>&nbsp;<\/p>\n<p><span style=\"font-weight: 400;\">Conron antoi j\u00e4lkel\u00e4isille nimen LABRADOODLE. Monien testien j\u00e4lkeen vain yksi pennuista osoittautui allergiayst\u00e4v\u00e4lliseksi, mutta valitettavasti se oli irtoamassa. <\/span><\/p>\n<p><span style=\"font-weight: 400;\">T\u00e4st\u00e4 menestyksest\u00e4 uutisoitiin suurella innolla Australian mediassa. Median kiinnostuksen vuoksi Labradoodlen erityispiirteit\u00e4 kohtaan rodusta tuli yht\u00e4kki\u00e4 eritt\u00e4in suosittu. Wally Conron toisti yhdistelm\u00e4n useita kertoja. Mutta Reader&#039;s Digestin haastattelussa h\u00e4n kertoi haastateltavalle, ett\u00e4 monilla labradoodleilla oli vaikea ja itsep\u00e4inen luonne, ja t\u00e4st\u00e4 syyst\u00e4 h\u00e4n p\u00e4\u00e4tti useiden yritysten j\u00e4lkeen lopettaa jalostusohjelman. <\/span><\/p>\n<p><span style=\"font-weight: 400;\">Risteytyst\u00e4 ymp\u00e4r\u00f6iv\u00e4n julkisuuden ansiosta labradoodlesta on tullut suosittu koira Australiassa ja Yhdysvalloissa. Julkisuus inspiroi kahta australialaista kasvattajaa, Beverley Mannersia ja h\u00e4nen tyt\u00e4rt\u00e4\u00e4n Angelaa, jotka p\u00e4\u00e4ttiv\u00e4t jatkaa Conronin aloittamaa ty\u00f6t\u00e4. He halusivat luoda koiran, joka on ei-aggressiivinen, allergiayst\u00e4v\u00e4llinen, ty\u00f6haluinen ja helppo kouluttaa ty\u00f6- tai terapiakoiraksi.<\/span><\/p>\n<p><span style=\"font-weight: 400;\">Molemmat kasvattajat ostivat ensimm\u00e4iset labradoodlensa Don Evans-nimiselt\u00e4 maanviljelij\u00e4lt\u00e4, joka oli jo kasvattanut useita sukupolvia. N\u00e4ist\u00e4 labradoodleista ja muista infuusioista (villakoira, F1) tuli perusta heid\u00e4n jalostusohjelmalleen.<\/span><\/p>\n<p><span style=\"font-weight: 400;\">Geenipoolin kasvattamiseksi molemmat kasvattajat loivat uuden Labradoodle-perusmateriaalin, joka esitteli minivillakoiran olemassa oleviin Australian jalostuslinjoihin. N\u00e4in luotiin pienempi\u00e4 versioita Labradoodlesta. <\/span><\/p>\n<p><span style=\"font-weight: 400;\">Huolimatta valikoivasta jalostuksesta parhaiden j\u00e4lkel\u00e4isten kanssa, hyperaktiivinen ja itsep\u00e4inen luonne s\u00e4ilyi. \u00c4iti ja tyt\u00e4r p\u00e4\u00e4ttiv\u00e4t, ett\u00e4 infuusio toisen rodun kanssa oli tarpeen luonteen pehment\u00e4miseksi.<\/span><\/p>\n<p><span style=\"font-weight: 400;\">Ja niin Irlannin vesispanieli liittyi geneettiseen pooliin, jota seurasivat englantilaiset ja amerikkalaiset cockerspanielit. \u00a0<\/span><\/p>\n<p><span style=\"font-weight: 400;\">Valitettavasti moniin pentueisiin alkoi kuitenkin ilmesty\u00e4 lyhytkarvaisia pentuja, eik\u00e4 koira muistuttanut yht\u00e4\u00e4n labradoodlea.<\/span><\/p>\n<p>&nbsp;<\/p>\n<h3>Symbrogit<\/h3>\n<p>&nbsp;<\/p>\n<p><span style=\"font-weight: 400;\">Vasta hein\u00e4kuussa 2012 Cymbrogi, hollantilainen australialaisten labradoodlesien kasvattaja, l\u00f6ysi omituisen turkkityypin, joka johtui RSPO2-geenin geneettisest\u00e4 mutaatiosta. <\/span><\/p>\n<p><span style=\"font-weight: 400;\">Kasvattajat Australiassa, Yhdysvalloissa, Isossa-Britanniassa ja muualla alkoivat kopioida australialaisten pioneerien onnistunutta jalostusohjelmaa. Erottaakseen ainutlaatuiset koiransa muista labradoodleista Beverley Manners ja h\u00e4nen tytt\u00e4rens\u00e4 antoivat kasvatuslinjansa nimeksi Australian Labradoodles ja sitten ASD Australian Labradoodles. ASD on lyhenne sanoista Australian Service Dog. <\/span><\/p>\n<p><span style=\"font-weight: 400;\">Viimeisin linjaan tuotu infuusio oli vuonna 2004 lis\u00e4tty Soft Coated Irish Wheaten -infuusio. <\/span><\/p>\n<p><span style=\"font-weight: 400;\">T\u00e4m\u00e4n infuusion tarkoituksena oli parantaa turkin rakennetta. Australian Labradoodlesin turkissa, joka on rikastettu viimeisell\u00e4 infuusiolla, on helpompi hoitaa turkki. <\/span><\/p>\n<p><span style=\"font-weight: 400;\">L\u00e4hde: <\/span><\/p>\n<p><span style=\"font-weight: 400;\">Rodun historia - ALFA-EUROPE (https:\/\/www.alfa-europe.org\/puppy-buyer\/breed-history.html)<\/span><br \/>\n[\/et_pb_text][\/et_pb_column][\/et_pb_row][\/et_pb_section]<\/p>","protected":false},"excerpt":{"rendered":"<p>Australian Labradoodle - Rodun historia Selektiivisen jalostuksen ja koulutuksen avulla ihmiset ovat oppineet k\u00e4ytt\u00e4m\u00e4\u00e4n koiria tiettyjen teht\u00e4vien hoitamiseen. Perinteisten teht\u00e4vien, kuten kasvatuksen, mets\u00e4styksen, j\u00e4ljitt\u00e4misen ja vartioinnin lis\u00e4ksi koiria on viime vuosisadan aikana k\u00e4ytetty muihin teht\u00e4viin. Nyky\u00e4\u00e4n meill\u00e4 on koiraoppaita, terapeutteja, koiria etsim\u00e4ss\u00e4 kadonneita ihmisi\u00e4, havaitsemassa huumeita tai [\u2026]<\/p>","protected":false},"author":3,"featured_media":0,"parent":0,"menu_order":0,"comment_status":"closed","ping_status":"closed","template":"","meta":{"_et_pb_use_builder":"on","_et_pb_old_content":"","_et_gb_content_width":"","footnotes":""},"class_list":["post-3646","page","type-page","status-publish","hentry"],"_links":{"self":[{"href":"https:\/\/labradoodle.pl\/fi\/wp-json\/wp\/v2\/pages\/3646","targetHints":{"allow":["GET"]}}],"collection":[{"href":"https:\/\/labradoodle.pl\/fi\/wp-json\/wp\/v2\/pages"}],"about":[{"href":"https:\/\/labradoodle.pl\/fi\/wp-json\/wp\/v2\/types\/page"}],"author":[{"embeddable":true,"href":"https:\/\/labradoodle.pl\/fi\/wp-json\/wp\/v2\/users\/3"}],"replies":[{"embeddable":true,"href":"https:\/\/labradoodle.pl\/fi\/wp-json\/wp\/v2\/comments?post=3646"}],"version-history":[{"count":9,"href":"https:\/\/labradoodle.pl\/fi\/wp-json\/wp\/v2\/pages\/3646\/revisions"}],"predecessor-version":[{"id":4912,"href":"https:\/\/labradoodle.pl\/fi\/wp-json\/wp\/v2\/pages\/3646\/revisions\/4912"}],"wp:attachment":[{"href":"https:\/\/labradoodle.pl\/fi\/wp-json\/wp\/v2\/media?parent=3646"}],"curies":[{"name":"wp","href":"https:\/\/api.w.org\/{rel}","templated":true}]}}