{"id":3632,"date":"2018-03-18T21:33:08","date_gmt":"2018-03-18T20:33:08","guid":{"rendered":"https:\/\/labradoodle.pl\/?page_id=3632"},"modified":"2022-04-07T10:31:41","modified_gmt":"2022-04-07T08:31:41","slug":"jak-wybieram-szczeniaka-dla","status":"publish","type":"page","link":"https:\/\/labradoodle.pl\/fi\/jak-wybieram-szczeniaka-dla\/","title":{"rendered":"Kuinka valitsen sinulle koiranpennun"},"content":{"rendered":"<p>. _PB_Column type=\u201d4_4\u2033 _builder_version=\u201d4.16\u2033 custom_padding=\u201d|||\u201d global_colors_info=&quot;{}&quot; custom_padding__hover=&quot;|||&quot;][et_pb_text _builder_version=&quot;4.16\u2033 text_font=&quot;|300|||||||&quot; text_font_size=\u201d18\u2033 global_colors_info=\u201d{}\u201d]<\/p>\n<h1>Kuinka valitsen sinulle koiranpennun<\/h1>\n<p>&nbsp;<\/p>\n<p>Ennen kuin valitsen sinulle australialaisen labradoodlen pennun, meid\u00e4n on opittava tuntemaan toisemme hyvin. Siksi kutsun sinut etuk\u00e4teen sovitulle vierailulle taloomme. T\u00e4llaisen vierailun aikana ei vain sinulla ole mahdollisuutta tavata koiriamme ja kysy\u00e4 vaivaavia kysymyksi\u00e4.<br \/>Ensinn\u00e4kin opin tuntemaan sinut, tapasi olla, perhedynamiikkaa ja temperamenttejasi. N\u00e4en my\u00f6s milt\u00e4 sinusta tuntuu koirien seurassa ja kuinka he reagoivat sinuun.<\/p>\n<p>Haastattelu on eritt\u00e4in t\u00e4rke\u00e4, mutta ei todellakaan ratkaiseva, sill\u00e4 t\u00e4llaisen vierailun aikana opin enemm\u00e4n kuin puhelimitse tehdyst\u00e4 kuivasta haastattelusta. Ymm\u00e4rr\u00e4n kuitenkin, ett\u00e4 et\u00e4isyys voi olla rajoittava. Mutta min\u00e4 olen<br \/>vakuuttunut siit\u00e4, ett\u00e4 jos joku todella v\u00e4litt\u00e4\u00e4, h\u00e4n voittaa t\u00e4llaisen et\u00e4isyyden. Puhun t\u00e4ss\u00e4 Puolassa sijaitsevista perheist\u00e4.<br \/>Viimeisen\u00e4 keinona on haastattelu SKYPEss\u00e4, jossa minulla on mahdollisuus n\u00e4hd\u00e4 perheenj\u00e4seni\u00e4 ja keskustella heid\u00e4n kanssaan. Siit\u00e4 huolimatta sit\u00e4 harjoitetaan yleens\u00e4 Puolan ulkopuolella asuvien perheiden kanssa.<\/p>\n<p>Sinuun tutustuminen on vain osa ty\u00f6t\u00e4, joka minun on teht\u00e4v\u00e4. Labradoodlen pentujen syntym\u00e4n j\u00e4lkeen seuraan niit\u00e4 tarkasti ensimm\u00e4iset 7 viikkoa. 49. el\u00e4m\u00e4np\u00e4iv\u00e4n\u00e4 teemme temperamenttitestej\u00e4, jotka ovat yleens\u00e4 vahvistus aiemmista havainnoista. Ne eiv\u00e4t kuitenkaan koskaan ole lopullisia. Arvostan pentueen havainnointia enemm\u00e4n kuin testituloksia. Miksi? Koska uskon, ett\u00e4 jotta ne olisivat uskottavia, ne on toistettava useita kertoja.<\/p>\n<p>&nbsp;<\/p>\n<h3>Pentu muoto<\/h3>\n<p>&nbsp;<\/p>\n<p>Joskus voi k\u00e4yd\u00e4 niin, ett\u00e4 koiranpentu ei ole parhaassa kunnossa testeihin, esim. se on liian v\u00e4synyt (yleens\u00e4 viimeksi testatut pennut), sy\u00f6nyt, n\u00e4lk\u00e4inen, siin\u00e4 on jotain vialla jne. Tuloksilla on todella v\u00e4li\u00e4 monien tekij\u00f6iden vaikutuksesta . Sitten istun alas testitulosten, hyv\u00e4n kahvin tai teen kanssa;) ja tarkistan kaiken, mit\u00e4 tied\u00e4n perheist\u00e4 ja pennuista. Joskus t\u00e4m\u00e4 prosessi kest\u00e4\u00e4 useita p\u00e4ivi\u00e4, joskus minun on otettava uudelleen yhteytt\u00e4 muutamaan perheeseen varmistaakseni muutama asia, kysy\u00e4 tietoja.<\/p>\n<p>Se ei ole helppo prosessi, mutta se on aina tunteellinen. Minun on katsottava globaalisti ja samalla yksil\u00f6llisesti kaikkia perheit\u00e4 ja heid\u00e4n tarpeitaan.<br \/>Joskus joku kysyy, vaikuttaako se hoopoen sukupuoleen tai v\u00e4riin. Joskus joku on hyvin huolellinen, jopa antaa nen\u00e4n v\u00e4rin. Tietysti voin ottaa joitakin ehdotuksia huomioon, mutta varoitan perhett\u00e4ni aina, ett\u00e4 minulle luonteenvalinta on t\u00e4rkeint\u00e4. Siksi t\u00e4llaisen perheen on yksinkertaisesti varauduttava siihen, ett\u00e4 sille ei tule pentua tietyss\u00e4 pentueessa. Sanalla sanoen mit\u00e4 enemm\u00e4n meihin luotat, sen parempi :)<\/p>\n<p>Prosessin p\u00e4\u00e4tytty\u00e4 kaikki perheet saavat minulta viestin tarjouksella, jonka he voivat tietysti kielt\u00e4yty\u00e4. Emme pakota mit\u00e4\u00e4n.<\/p>\n<p>[\/et_pb_text][dmg_masonry_gallery gallery=\u201d3883,3908,3887,3818,3890,3892\u2033 gutter=\u201d3\u2033 modal_title=\u201din_title\u201d hover_overlay_effect=\u201doverlay\u201d _color=\u201d#FFFFFF\u201d show_ overlay_caption=\u201d off \u201d overlay_caption_size=\u201d14px\u201d pagination_buttons_background=\u201dRGBA(255,255,255,0)\u201d pagination_buttons_background_active=\u201d#bcb840\u2033 columns_tablet=\u201d3\u2033 last columns_phone=\u201donbuutin_4version\u201d 16.0 \u2033 _module_preset=&quot;oletus &quot; pagination_text_color=&quot;#bcb840\u2033 pagination_font_size=&quot;12px&quot; pagination_active_text_color=&quot;#71615b&quot; pagination_active_font_size=&quot;12px&quot; hover_enabled=&quot;0\u2033 border_radii_image_ border1&quot;px1p2px21pxi|2| sivutus=&quot; he|6px|6px|6px| 6px \u201d border_radii_pagination_active=\u201don|6px|6px|6px|6px\u201d box_shadow_style_pagination=\u201dpreset1\u2033 global_colors_info=\u201d{}\u201d theme_builder_area=\u201dpost_content\u201d][ sticky_enabled=\u201d0\u2033bg_ col\/coll\/d_mllepnetry _pb_row][ \/ et_pb_section]<\/p>","protected":false},"excerpt":{"rendered":"<p>Kuinka valitsen sinulle koiranpennun Ennen kuin valitsen sinulle australialaisen labradoodlen pennun, meid\u00e4n on opittava tuntemaan toisemme hyvin. Siksi kutsun sinut ennalta sovitulle vierailulle taloomme. T\u00e4llaisen vierailun aikana ei vain sinulla ole mahdollisuutta tavata koiriamme ja kysy\u00e4 kiusallisia kysymyksi\u00e4.Ensinn\u00e4kin tutustun sinuun, tapaasi olemiseen, perhedynamiikkaan ja temperamentteihin. N\u00e4en my\u00f6s [\u2026]<\/p>","protected":false},"author":3,"featured_media":0,"parent":0,"menu_order":0,"comment_status":"closed","ping_status":"closed","template":"","meta":{"_et_pb_use_builder":"on","_et_pb_old_content":"","_et_gb_content_width":"","footnotes":""},"class_list":["post-3632","page","type-page","status-publish","hentry"],"_links":{"self":[{"href":"https:\/\/labradoodle.pl\/fi\/wp-json\/wp\/v2\/pages\/3632","targetHints":{"allow":["GET"]}}],"collection":[{"href":"https:\/\/labradoodle.pl\/fi\/wp-json\/wp\/v2\/pages"}],"about":[{"href":"https:\/\/labradoodle.pl\/fi\/wp-json\/wp\/v2\/types\/page"}],"author":[{"embeddable":true,"href":"https:\/\/labradoodle.pl\/fi\/wp-json\/wp\/v2\/users\/3"}],"replies":[{"embeddable":true,"href":"https:\/\/labradoodle.pl\/fi\/wp-json\/wp\/v2\/comments?post=3632"}],"version-history":[{"count":11,"href":"https:\/\/labradoodle.pl\/fi\/wp-json\/wp\/v2\/pages\/3632\/revisions"}],"predecessor-version":[{"id":5437,"href":"https:\/\/labradoodle.pl\/fi\/wp-json\/wp\/v2\/pages\/3632\/revisions\/5437"}],"wp:attachment":[{"href":"https:\/\/labradoodle.pl\/fi\/wp-json\/wp\/v2\/media?parent=3632"}],"curies":[{"name":"wp","href":"https:\/\/api.w.org\/{rel}","templated":true}]}}