{"id":3629,"date":"2018-03-18T21:25:17","date_gmt":"2018-03-18T20:25:17","guid":{"rendered":"https:\/\/labradoodle.pl\/?page_id=3629"},"modified":"2022-11-28T13:47:02","modified_gmt":"2022-11-28T12:47:02","slug":"alergie-linienie","status":"publish","type":"page","link":"https:\/\/labradoodle.pl\/fi\/alergie-linienie\/","title":{"rendered":"Allergiat \/ irtoaminen"},"content":{"rendered":"<p>. _PB_Column type=\u201d4_4\u2033 _builder_version=\u201d4.16\u2033 custom_padding=\u201d|||\u201d global_colors_info=\u201d{}\u201d custom_padding__hover=\u201d|||\u201d][et_pb_text _builder_version=\u201d4.18.0\u2033 text_font_size=\u201d18\u2033 hover_enabled=\u201d0\u2033 global_colors_info=\u201d{}\u201d sticky_enabled]=\u201d0\u201d<\/p>\n<h1>Allergiat \/ irtoaminen<\/h1>\n<h3><strong>T\u00e4ss\u00e4 artikkelissa kannattaa k\u00e4sitell\u00e4 erilaisia asioita<\/strong><\/h3>\n<p>Ensinn\u00e4kin, jos haluat olla varma siit\u00e4, ett\u00e4 koira ei herkisty, sinun tulee valita kennel, joka sallii vain usean sukupolven australian labradoodleen lis\u00e4\u00e4ntymisen. Labradoodlen varhaisissa sukupolvissa (F1, F1B sek\u00e4 kaikki uudet vehn\u00e4-, spanieli- ja muita infuusiot) et voi koskaan olla niin varma. Lis\u00e4ksi voit vied\u00e4 kotiin koiranpennun, joka ei tee sinusta allergista, ja vuoden kuluttua, ensimm\u00e4isen turkinvaihdon j\u00e4lkeen, sinun on luovutettava koira, koska se aiheuttaa voimakkaita allergisia reaktioita.<\/p>\n<p>Australian Labradoodle -kennelisi on rekister\u00f6it\u00e4v\u00e4 kansainv\u00e4liseen organisaatioon, joka tarjoaa l\u00e4pin\u00e4kyv\u00e4\u00e4 tietoa pentujen sukupolvesta. ALFA-Europe ei salli uusia infuusioita ja varhaisten sukupolvien australialaisia labradoodleja.<\/p>\n<p>Toiseksi allergia on todella yksil\u00f6llinen asia. Henkil\u00f6 voi olla allerginen turkille, orvaskelle, syljelle, virtsalle tai muille eritteille. Rodun luojien oletusten mukaan allergiat sylkelle ja turkille tulisi eliminoida. K\u00e4yt\u00e4nn\u00f6ss\u00e4 syljen kanssa voi olla toisin, joten kenneliss\u00e4 kannattaa k\u00e4yd\u00e4 joka kerta.<\/p>\n<p>Jos koira on hyvin hoidettu, hyvin ravittu ja orvaskesi ei kuori liikaa, sen ei pit\u00e4isi olla ongelma. Erilaiset koiranhoitotuotteet, kuten PENTALCLEANSE, voivat auttaa. Havaintojeni mukaan ongelmallisimpia ovat allergiat virtsan sis\u00e4lt\u00e4mille proteiineille. Siksi allergisen tulisi aina k\u00e4yd\u00e4 kenneliss\u00e4 ja viett\u00e4\u00e4 aikaa aikuisten ja el\u00e4inten kanssa<br \/>pennut. Teen t\u00e4llaisen k\u00e4ynnin aina kahdessa vaiheessa, jotta voin olla varma, milloin allergia ilmenee, onko kyseess\u00e4 virtsaallergia vai ei. T\u00e4m\u00e4 on avainasia, sill\u00e4 virtsa poistuu nopeasti ymp\u00e4rist\u00f6st\u00e4mme koiran kasvaessa. Jotta t\u00e4ss\u00e4 ei menisi yksityiskohtiin, ilmoitan kiinnostuneille perheille koko prosessista. T\u00e4ss\u00e4 asiassa minun t\u00e4ytyy luottaa luottamukseenne, m\u00e4\u00e4r\u00e4ys<br \/>testaus ja vinkkini ovat eritt\u00e4in t\u00e4rkeit\u00e4 asioita prosessissa ja voivat vaikuttaa siihen, p\u00e4\u00e4tyyk\u00f6 pentu luoksesi vai ei.<\/p>\n<h3>Allergiavapaa australialainen labradoodle<\/h3>\n<p>Voisin kirjoittaa allergioista tuntikausia. Olen oppinut paljon vuosien varrella. Alku ei ollut helppo, sill\u00e4 n\u00e4m\u00e4 ovat asioita, joissa perheen l\u00e4hestymistapa ja kasvattajan apu ovat eritt\u00e4in t\u00e4rkeit\u00e4. Siksi huolehdimme kaikista allergisista perheist\u00e4 erityisell\u00e4 tavalla. T\u00e4m\u00e4n ansiosta meill\u00e4 ei ole viimeisen 5 vuoden aikana ollut tilannetta, jossa olisimme joutuneet vaihtamaan pennun kotia allergioiden takia.<\/p>\n<p>[\/et_pb_text][\/et_pb_column][\/et_pb_row][et_pb_row _builder_version=\u201d4.18.0\u2033 _module_preset=\u201ddefault\u201d column_structure=\u201d3_5,2_5\u2033][et_pb_column\u201d _pres_4.1.8. tyyppi= \u201d3_5\u2033][et_pb_text _builder_version=\u201d4.18.0\u2033 _module_preset=\u201ddefault\u201d hover_enabled=\u201d0\u2033 sticky_enabled=\u201d0\u2033]<\/p>\n<p>Mit\u00e4 tulee irtoamiseen, labradoodles eiv\u00e4t ole koiria, jotka irtoavat kuten muut rodut. Toisaalta kuolleet hiukset tulisi poistaa kampaamalla. Muuten muodostuu solmuja. Karvat voivat l\u00e4hte\u00e4 useissa tapauksissa - hormonaaliset muutokset (jalostusnartuilla, erityisesti pentueen j\u00e4lkeen), riitt\u00e4m\u00e4t\u00f6n ruokavalio, kun koira on sairas.<\/p>\n<p>Minun on my\u00f6s viitattava t\u00e4ss\u00e4 Australian labradoodleiden eri sukupolviin. Emme tietenk\u00e4\u00e4n voi taata varhaisten sukupolvien vuotamista ja erilaisia infuusioita. Silloin nuoret pennut eiv\u00e4t yleens\u00e4 karsi ja vuoden kuluttua, ensimm\u00e4isen turkinvaihdon j\u00e4lkeen, ratsastus alkaa.<\/p>\n<p>[\/et_pb_text][\/et_pb_column][et_pb_column _builder_version=\u201d4.18.0\u2033 _module_preset=\u201ddefault\u201d type=\u201d2_5\u2033][et_pb_image src=\u201dhttps:\/\/labradoodle.pl\/wp-load0\/20\/2 \/MuMu-1.jpg\u201d _builder_version=\u201d4.18.0\u2033 _module_preset=\u201ddefault\u201d alt=\u201dAllergiat \u2013 Australian Labradoodle\u201d title_text=\u201dAllergiat \u2013 Australian Labradoodle\u201d border_radii=\u201don|12px|12px|12px\u201d height=2px| \u201d350px\u201d max_height=\u201d350px\u201d module_alignment=\u201dright\u201d hover_enabled=\u201d0\u2033 sticky_enabled=\u201d0\u2033 align=\u201dright\u201d][\/et_pb_image][\/et_pb_column][\/et_pb_row][\/et_pb_section]<\/p>","protected":false},"excerpt":{"rendered":"<p>Allergiat\/irtoaminen T\u00e4ss\u00e4 artikkelissa kannattaa mainita useita asioita.Ensinn\u00e4kin, jos haluat olla varma siit\u00e4, ett\u00e4 koirallesi ei tule allergioita, kannattaa valita jalostustila, joka sallii jalostukseen vain usean sukupolven australialaiset labradoodleet. Varhaisten Labradoodle-sukupolvien (F1, F1B sek\u00e4 kaikki uudet vehn\u00e4-, spanieli- jne.) infuusiot et voi koskaan olla niin varma. Lis\u00e4ksi voit vied\u00e4 kotiin pennun, joka [\u2026]<\/p>","protected":false},"author":2,"featured_media":0,"parent":0,"menu_order":0,"comment_status":"closed","ping_status":"closed","template":"","meta":{"_et_pb_use_builder":"on","_et_pb_old_content":"","_et_gb_content_width":"","footnotes":""},"class_list":["post-3629","page","type-page","status-publish","hentry"],"_links":{"self":[{"href":"https:\/\/labradoodle.pl\/fi\/wp-json\/wp\/v2\/pages\/3629","targetHints":{"allow":["GET"]}}],"collection":[{"href":"https:\/\/labradoodle.pl\/fi\/wp-json\/wp\/v2\/pages"}],"about":[{"href":"https:\/\/labradoodle.pl\/fi\/wp-json\/wp\/v2\/types\/page"}],"author":[{"embeddable":true,"href":"https:\/\/labradoodle.pl\/fi\/wp-json\/wp\/v2\/users\/2"}],"replies":[{"embeddable":true,"href":"https:\/\/labradoodle.pl\/fi\/wp-json\/wp\/v2\/comments?post=3629"}],"version-history":[{"count":10,"href":"https:\/\/labradoodle.pl\/fi\/wp-json\/wp\/v2\/pages\/3629\/revisions"}],"predecessor-version":[{"id":5833,"href":"https:\/\/labradoodle.pl\/fi\/wp-json\/wp\/v2\/pages\/3629\/revisions\/5833"}],"wp:attachment":[{"href":"https:\/\/labradoodle.pl\/fi\/wp-json\/wp\/v2\/media?parent=3629"}],"curies":[{"name":"wp","href":"https:\/\/api.w.org\/{rel}","templated":true}]}}