{"id":3622,"date":"2018-03-18T21:01:38","date_gmt":"2018-03-18T20:01:38","guid":{"rendered":"https:\/\/labradoodle.pl\/?page_id=3622"},"modified":"2022-04-07T12:11:25","modified_gmt":"2022-04-07T10:11:25","slug":"projekt-rodzina-zastepcza","status":"publish","type":"page","link":"https:\/\/labradoodle.pl\/fi\/projekt-rodzina-zastepcza\/","title":{"rendered":"Projekti \u2013 sijaisperhe"},"content":{"rendered":"<p>. _PB_Column type=\u201d4_4\u2033 _builder_version=\u201d4.16\u2033 custom_padding=\u201d|||\u201d global_colors_info=\u201d{}\u201d custom_padding__hover=\u201d|||\u201d][et_pb_text _builder_version=\u201d4.16\u2033 text_font=\u201d|300|||||||\u201d text_font_size=\u201d18\u2033 header_font=\u201dRaleway||||||||\u201d global_colors_info=\u201d{}\u201d]<\/p>\n<h1><strong>Projekti - sijaisperhe<\/strong><\/h1>\n<p>&nbsp;<\/p>\n<p><span style=\"font-weight: 400;\">Selvyyden vuoksi, en ole t\u00e4ysin sijaisperheit\u00e4 vastaan. Vastustan kuitenkin j\u00e4rjestelm\u00e4\u00e4, jossa raskaana oleva naaraskoira otetaan sijaisperheest\u00e4 ja pidet\u00e4\u00e4n kasvattajan luona muutaman seuraavan viikon ajan. <\/span><\/p>\n<p><span style=\"font-weight: 400;\">Sivustollani www.wlochata-pasja.com.pl puhuin stressihormonien vaikutuksesta siki\u00f6n kehittymiseen. Ero omistajasta on nartulle aina stressaavaa, valitettavasti, ellei kasvattajan koti olisi h\u00e4nen toinen kotinsa. Mik\u00e4 on\u2026 valitettavasti ep\u00e4realistista j\u00e4rjestelmiss\u00e4, joissa on monia sijaisperheit\u00e4 ja kasvattaja el\u00e4\u00e4 normaalia perhe-el\u00e4m\u00e4\u00e4. \u00c4l\u00e4 huijaa itse\u00e4si. <\/span><\/p>\n<p><span style=\"font-weight: 400;\">Valitettavasti stressihormonien vaikutus kehittyviin siki\u00f6ihin on suuri, ja t\u00e4llaisessa synnytyst\u00e4 edelt\u00e4v\u00e4ss\u00e4 ymp\u00e4rist\u00f6ss\u00e4 olemisesta johtuvat sairaudet voivat ilmet\u00e4 vasta vuosien kuluttua. <\/span><\/p>\n<p><span style=\"font-weight: 400;\">Geenit + ymp\u00e4rist\u00f6 + ravitsemus on pyh\u00e4 kolminaisuus. Riitt\u00e4\u00e4, kun jokin n\u00e4ist\u00e4 elementeist\u00e4 h\u00e4iriintyy, ja koiran vastustuskyky heikkenee tilap\u00e4isesti ja koko j\u00e4rjestelm\u00e4 alkaa hajota. T\u00e4st\u00e4 syyst\u00e4 lyhyt tie erilaisiin sairauksiin, jotka ovat usein parantumattomia tai vaativat hoitoa koko el\u00e4m\u00e4n. <\/span><\/p>\n<p><span style=\"font-weight: 400;\">Ja t\u00e4st\u00e4 kaikki alkaa, eik\u00f6 niin? Synnytyst\u00e4 edelt\u00e4v\u00e4ss\u00e4 el\u00e4m\u00e4ss\u00e4. Joten miksi emme voi antaa n\u00e4ille pennuille kaikkea parasta hyv\u00e4\u00e4 alkua varten? Se on niin t\u00e4rke\u00e4\u00e4, ja otamme heilt\u00e4 jotain niin t\u00e4rke\u00e4\u00e4 heti alusta alkaen. <\/span><\/p>\n<p><span style=\"font-weight: 400;\">Se on minun asemani. Lis\u00e4ksi el\u00e4inten hyvinvoinnin alan tuomioistuimen asiantuntijana ampuisin itse\u00e4ni jalkaan, jos yritt\u00e4isin vakuuttaa jonkun toisin. <\/span><\/p>\n<p><span style=\"font-weight: 400;\">Meill\u00e4 on varmasti sijaisperheet australialaislabradoodleillemme. T\u00e4h\u00e4n asti perheess\u00e4mme oli yksi tyt\u00f6ist\u00e4mme - Molly, mutta kuten tied\u00e4tte, pennut syntyiv\u00e4t siell\u00e4 ja kasvoivat siell\u00e4. Olen aina osallistunut synnytykseen ja auttanut sosialisoinnissa. Kun pennut olivat tarpeeksi vanhoja eroamaan perheest\u00e4, he tulivat luokseni jatkoseuraamista varten.\u00a0\u00a0<\/span><\/p>\n<p>[\/et_pb_text][dmg_masonry_gallery gallery=\u201d5160,5151,5107,5119,5192,5177\u2033 gutter=\u201d3\u2033 modal_title=\u201din_title\u201d hover_overlay_effect=\u201doverlay\u201d _color=\u201d#FFFFFF\u201d show_overlay _caption=\u201d off \u201d overlay_caption_size=\u201d14px\u201d pagination_buttons_background=\u201dRGBA(255,255,255,0)\u201d pagination_buttons_background_active=\u201d#bcb840\u2033 columns_tablet=\u201d2\u2033 last columns_phone=\u201dversion|on_editktopn\u201d 4.16 .0\u2033 _module_preset=\u201doletus \u201d pagination_text_color=\u201d#bcb840\u2033 pagination_font_size=\u201d12px\u201d pagination_active_text_color=\u201d#71615b\u201d pagination_active_font_size=\u201d12px\u201d hover_enabled=\u201d0\u2033px border_xpx21p1| \u201d border_radii_p agination=\u201don|6px|6px|6px |6px \u201d border_radii_pagination_active=\u201don|6px|6px|6px|6px\u201d box_shadow_style_pagination=\u201dpreset1\u2033 global_colors_info=\u201d{}\u201d theme_builder_area=\u201dpost_content\u201d][ sticky_enabled=\u201d0\u2033\u2033\/coll\/d_mlleppnetry\/ _pb_row] [\/ et_pb_section]<\/p>","protected":false},"excerpt":{"rendered":"<p>Projekti \u2013 sijaisperhe Selvyyden vuoksi, en ole t\u00e4ysin sijaisperheit\u00e4 vastaan. Vastustan kuitenkin suunnitelmaa, jossa tiineen\u00e4 oleva naaraskoira otetaan sijaisperheest\u00e4 ja pidet\u00e4\u00e4n kasvattajan luona seuraavat pari viikkoa. Sivuillani www.wlochata-pasja.com.pl puhuin stressihormonien vaikutuksesta kehittyviin siki\u00f6ihin. Ero omistajasta on [\u2026]<\/p>","protected":false},"author":2,"featured_media":0,"parent":0,"menu_order":0,"comment_status":"closed","ping_status":"closed","template":"","meta":{"_et_pb_use_builder":"on","_et_pb_old_content":"","_et_gb_content_width":"","footnotes":""},"class_list":["post-3622","page","type-page","status-publish","hentry"],"_links":{"self":[{"href":"https:\/\/labradoodle.pl\/fi\/wp-json\/wp\/v2\/pages\/3622","targetHints":{"allow":["GET"]}}],"collection":[{"href":"https:\/\/labradoodle.pl\/fi\/wp-json\/wp\/v2\/pages"}],"about":[{"href":"https:\/\/labradoodle.pl\/fi\/wp-json\/wp\/v2\/types\/page"}],"author":[{"embeddable":true,"href":"https:\/\/labradoodle.pl\/fi\/wp-json\/wp\/v2\/users\/2"}],"replies":[{"embeddable":true,"href":"https:\/\/labradoodle.pl\/fi\/wp-json\/wp\/v2\/comments?post=3622"}],"version-history":[{"count":12,"href":"https:\/\/labradoodle.pl\/fi\/wp-json\/wp\/v2\/pages\/3622\/revisions"}],"predecessor-version":[{"id":5452,"href":"https:\/\/labradoodle.pl\/fi\/wp-json\/wp\/v2\/pages\/3622\/revisions\/5452"}],"wp:attachment":[{"href":"https:\/\/labradoodle.pl\/fi\/wp-json\/wp\/v2\/media?parent=3622"}],"curies":[{"name":"wp","href":"https:\/\/api.w.org\/{rel}","templated":true}]}}