{"id":3494,"date":"2018-03-12T22:00:41","date_gmt":"2018-03-12T21:00:41","guid":{"rendered":"https:\/\/labradoodle.pl\/?page_id=3494"},"modified":"2023-06-15T15:07:38","modified_gmt":"2023-06-15T13:07:38","slug":"kodeks-etyczny","status":"publish","type":"page","link":"https:\/\/labradoodle.pl\/fi\/kodeks-etyczny\/","title":{"rendered":"Eettinen koodi"},"content":{"rendered":"<p>. _PB_Column type=\u201d4_4\u2033 _builder_version=\u201d4.16\u2033 custom_padding=\u201d|||\u201d global_colors_info=\u201d{}\u201d custom_padding__hover=\u201d|||\u201d][et_pb_text _builder_version=\u201d4.18.0\u2033 text_font_size=\u201d18\u2033 hover_enabled=\u201d0\u2033 global_colors_info=\u201d{}\u201d sticky_enabled]=\u201d0\u201d<\/p>\n<h1>Eettinen koodi<\/h1>\n<p><span style=\"font-weight: 400;\">Olen ollut tekemisiss\u00e4 Australian Labradoodlesin kanssa 16 vuotta. Aika, kuten tied\u00e4t, tarkistaa n\u00e4kym\u00e4t, muuttaa suunnitelmia :)<\/span><\/p>\n<p><span style=\"font-weight: 400;\">Polkujen luominen ei ole helppoa, mutta minulla oli hyv\u00e4t mentorit. Olen oppinut paljon vuosien varrella, vaikka alkuper\u00e4iset oletukseni ovat pysyneet samoina. Eettiset s\u00e4\u00e4nn\u00f6t, joihin sitouduin 16 vuotta sitten, ovat edelleen samat.<\/span><\/p>\n<p><span style=\"font-weight: 400;\">T\u00e4n\u00e4\u00e4n:<\/span><\/p>\n<ol>\n<li><span style=\"font-weight: 400;\"> Se jatkaa ohjelmaa rodun luojan oletusten mukaisesti, mit\u00e4 tulee Australian labradoodlen edist\u00e4miseen ty\u00f6koirana, joka on yst\u00e4v\u00e4llinen allergikoille.<\/span><\/li>\n<li><span style=\"font-weight: 400;\"> Pid\u00e4n huolta sek\u00e4 koirieni ett\u00e4 pentujen terveydest\u00e4, en tietoisesti salli sellaisten koirien lis\u00e4\u00e4ntymist\u00e4, joiden terveyteen liittyy ep\u00e4ilyksi\u00e4. Teen jalostuskoirilleni terveystestej\u00e4.<\/span><\/li>\n<li><span style=\"font-weight: 400;\"><span style=\"font-weight: 400;\"> Minulla on niin monta koiria kuin se pystyy kattamaan &quot;asuntoni&quot;, jotta olosuhteet ovat kaikille mukavat. En pid\u00e4 koiria h\u00e4keiss\u00e4, ne ovat perheen t\u00e4ysivaltaisia j\u00e4seni\u00e4. Osallistun heid\u00e4n kanssaan erilaisiin koulutuksiin p\u00e4ivitt\u00e4in.\u00a0<\/span><\/span><\/li>\n<li>Sosialisoin pennut oikein laaditun sosialisointisuunnitelman mukaan.<\/li>\n<li>Teen pennuilleni huolellisen uusien omistajien valinnan.<\/li>\n<li>Valitsen pentuja perheisiin ottaen huomioon heid\u00e4n yksil\u00f6lliset tarpeensa luonteen ja k\u00e4ytt\u00f6kelpoisuuden suhteen.<\/li>\n<li>Varustan jokaiselle pennulle terveystakuun geneettisi\u00e4 vikoja vastaan.<\/li>\n<li>Saan jatkuvasti uutta tietoa seurael\u00e4inten k\u00e4ytt\u00e4ytymisest\u00e4 osallistumalla lukuisiin seminaareihin ja ty\u00f6pajoihin.<span style=\"font-weight: 400;\">Labradoodle-kennelini on rekister\u00f6ity Australian Labradoodle ALFA-Europe -j\u00e4rjest\u00f6\u00f6n.<\/span><\/li>\n<\/ol>\n<p>&nbsp;<\/p>\n<p>&nbsp;<\/p>\n<p>[\/et_pb_text][dmg_masonry_gallery gallery=\u201d5200,5153,5138,5117,5120,5141\u2033 gutter=\u201d3\u2033 modal_title=\u201din_title\u201d hover_overlay_effect=\u201doverlay\u201d color=\u201d#FFFFFF\u201d show_overlay_ caption=\u201d off \u201d overlay_caption_size=\u201d14px\u201d pagination_buttons_background=\u201dRGBA(255,255,255,0)\u201d pagination_buttons_background_active=\u201d#bcb840\u2033 columns_tablet| .16. 0\u2033_module_preset=\u201doletus \u201d pagination_text_color=\u201d#bcb840\u2033 pagination_font_size=\u201d12px\u201d pagination_active_text_color=\u201d#71615b\u201d pagination_active_font_size=\u201d12px\u201d border_radii_image=\u201don|12px1_pxon px|6p x|6px|6px\u201d border_radii_pagination_active= \u201don |6px|6px|6px|6px\u201d box_shadow_style_pagination=\u201dpreset1\u2033 global_colors_info=\u201d{}\u201d][\/dmg_masonry_gallery][\/et_pb_column][\/et_pb_row][\/et_pb_section]<\/p>","protected":false},"excerpt":{"rendered":"<p>Eettiset s\u00e4\u00e4nn\u00f6t Olen ollut tekemisiss\u00e4 Australian Labradoodlesin kanssa 16 vuotta. Aika, kuten tied\u00e4mme, tarkistaa n\u00e4kemykset ja muuttaa suunnitelmia :) Polkuja ei ole helppo loihtia, mutta minulla oli hyv\u00e4t mentorit. Olen oppinut paljon vuosien varrella, vaikka alkuper\u00e4iset oletukseni pysyiv\u00e4t ennallaan. Eettiset s\u00e4\u00e4nn\u00f6t, joihin sitouduin 16 vuotta sitten, ovat edelleen samat. T\u00e4n\u00e4\u00e4n: jatkaa ohjelmaa [\u2026]<\/p>","protected":false},"author":2,"featured_media":0,"parent":0,"menu_order":0,"comment_status":"closed","ping_status":"closed","template":"","meta":{"_et_pb_use_builder":"on","_et_pb_old_content":"","_et_gb_content_width":"","footnotes":""},"class_list":["post-3494","page","type-page","status-publish","hentry"],"_links":{"self":[{"href":"https:\/\/labradoodle.pl\/fi\/wp-json\/wp\/v2\/pages\/3494","targetHints":{"allow":["GET"]}}],"collection":[{"href":"https:\/\/labradoodle.pl\/fi\/wp-json\/wp\/v2\/pages"}],"about":[{"href":"https:\/\/labradoodle.pl\/fi\/wp-json\/wp\/v2\/types\/page"}],"author":[{"embeddable":true,"href":"https:\/\/labradoodle.pl\/fi\/wp-json\/wp\/v2\/users\/2"}],"replies":[{"embeddable":true,"href":"https:\/\/labradoodle.pl\/fi\/wp-json\/wp\/v2\/comments?post=3494"}],"version-history":[{"count":25,"href":"https:\/\/labradoodle.pl\/fi\/wp-json\/wp\/v2\/pages\/3494\/revisions"}],"predecessor-version":[{"id":5914,"href":"https:\/\/labradoodle.pl\/fi\/wp-json\/wp\/v2\/pages\/3494\/revisions\/5914"}],"wp:attachment":[{"href":"https:\/\/labradoodle.pl\/fi\/wp-json\/wp\/v2\/media?parent=3494"}],"curies":[{"name":"wp","href":"https:\/\/api.w.org\/{rel}","templated":true}]}}