{"id":3483,"date":"2018-03-09T22:20:44","date_gmt":"2018-03-09T21:20:44","guid":{"rendered":"https:\/\/labradoodle.pl\/?p=3483"},"modified":"2022-04-07T13:39:07","modified_gmt":"2022-04-07T11:39:07","slug":"wskazniki-inbredu","status":"publish","type":"page","link":"https:\/\/labradoodle.pl\/fi\/wskazniki-inbredu\/","title":{"rendered":"Sukusiitosindikaattorit"},"content":{"rendered":"<p>. _PB_Column type=\u201d4_4\u2033 _builder_version=\u201d4.16\u2033 custom_padding=\u201d|||\u201d global_colors_info=&quot;{}&quot; custom_padding__hover=&quot;|||&quot;][et_pb_text _builder_version=&quot;4.16\u2033 text_font_size=&quot;18\u2033 global_colors_info=&quot;{}&quot;]<\/p>\n<h1><strong>Sukusiitosindikaattori<\/strong><\/h1>\n<p>&nbsp;<\/p>\n<p><span style=\"font-weight: 400;\">Alfa-Europe-j\u00e4rjest\u00f6, johon olen rekister\u00f6itynyt, on varsin tiukka terveysasioissa, mink\u00e4 vuoksi muun muassa sukusiitosaste pidet\u00e4\u00e4n alhaisella tasolla. Australian Labradoodlen luoja hyv\u00e4ksyy ohjelmassaan enimm\u00e4issiitoskertoimen 10%.<\/span><\/p>\n<p><span style=\"font-weight: 400;\">Useimmissa tapauksissa se kuitenkin vaihtelee v\u00e4lill\u00e4 0,5% ja 3%.<\/span><\/p>\n<p><span style=\"font-weight: 400;\">Etsimme jatkuvasti uutta geenipoolia, mik\u00e4 ei ole helppoa Labradoodlen maailmassa. Maailmassa on erilaisia organisaatioita, eiv\u00e4tk\u00e4 kaikki ole luotu samaa tarkoitusta varten.<\/span><\/p>\n<p><span style=\"font-weight: 400;\">T\u00e4st\u00e4 tulee v\u00e4h\u00e4n mieleen Puolan tilanne vuonna 2012, jolloin uusi el\u00e4insuojelulaki tuli voimaan ja uusia &quot;Rasowe&quot; koira- ja kissayhdistuksia perustettiin massaksi.<\/span><\/p>\n<p>&nbsp;<\/p>\n<h3>yhdistykset<\/h3>\n<p>&nbsp;<\/p>\n<p><span style=\"font-weight: 400;\">Lauantaina torilla sata, maanantaina 2000 - koska se oli rekister\u00f6ity &quot;yhdistykseen&quot;, jota viikkoa aiemmin ei ollut viel\u00e4 olemassa. Pal deucen terveystestit, DNA, tutkimus, pentuearvostelut. T\u00e4rke\u00e4\u00e4 on, ett\u00e4 organisaatio antoi &quot;sukukirjoituksen&quot; eli paperin, jossa oli keksittyj\u00e4 nimi\u00e4, jotka eiv\u00e4t tied\u00e4 mist\u00e4 ne ovat tulleet, mutta jos se on ostajalle niin t\u00e4rke\u00e4\u00e4, antakoon se h\u00e4nelle.<\/span><\/p>\n<p><span style=\"font-weight: 400;\">N\u00e4in on Australian Labradoodlea yhdist\u00e4vien organisaatioiden kanssa. Niit\u00e4 on yksinkertaisesti paljon, jotkut niist\u00e4 on luotu jaloa tarkoitusta varten, toiset eiv\u00e4t niin paljon. Ainoa ongelma on, ett\u00e4 keskiverto Kowalski ei tied\u00e4, koska mist\u00e4 h\u00e4nen pit\u00e4isi tiet\u00e4\u00e4, ett\u00e4 t\u00e4m\u00e4 on todellisuutta. Kunnianhimoisempi kaivaa syvemm\u00e4lle ja k\u00e4y ilmi, ett\u00e4 h\u00e4n on adoptoinut seoksen, jolla ei ole mit\u00e4\u00e4n tekemist\u00e4 australialaisen labradoodlen kanssa.<\/span><\/p>\n<p><span style=\"font-weight: 400;\">Sain paljon puheluita mahdollisilta asiakkailta: &quot;koska teimme virheen&quot;, &quot;sen piti olla labradoodle&quot;, &quot;mutta ainakin pelastimme pennun tuolta ilke\u00e4lt\u00e4 kasvattajalta&quot;. Puhumattakaan siit\u00e4, kuinka monta kysymyst\u00e4 minulla oli apua k\u00e4ytt\u00e4ytymisongelmiin, kuten omien ulosteiden sy\u00f6miseen, aggressiivisuuteen jne.<\/span><\/p>\n<p><span style=\"font-weight: 400;\">Toisaalta on vaikea olla yll\u00e4ttynyt ihmisist\u00e4, itsekin p\u00e4\u00e4sin totuuteen useiden kuukausien ajan. Hyv\u00e4n, terveen is\u00e4n etsint\u00e4 kesti kuitenkin reilun vuoden.<\/span><\/p>\n<p>[\/et_pb_text][dmg_masonry_gallery gallery=\u201d5150,5137,5108,4974,4003,3994\u2033 gutter=\u201d3\u2033 modal_title=\u201din_title\u201d hover_overlay_effect=\u201doverlay\u201d _color=\u201d#FFFFFF\u201d show_overlay _caption=\u201d off \u201d overlay_caption_size=\u201d14px\u201d pagination_buttons_background=\u201dRGBA(255,255,255,0)\u201d pagination_buttons_background_active=\u201d#bcb840\u2033 columns_tablet=\u201d2\u2033 last columns_phone=\u201dversion|on_editktopn\u201d 4.16 .0\u2033 _module_preset=\u201doletus \u201d pagination_text_color=\u201d#bcb840\u2033 pagination_font_size=\u201d12px\u201d pagination_active_text_color=\u201d#71615b\u201d pagination_active_font_size=\u201d12px\u201d hover_enabled=\u201d0\u2033p2p2 border_xpx21p21| \u201d border_radii_p agination=\u201don|6px|6px|6px |6px \u201d border_radii_pagination_active=\u201don|6px|6px|6px|6px\u201d box_shadow_style_pagination=\u201dpreset1\u2033 global_colors_info=\u201d{}\u201d theme_builder_area=\u201dpost_content\u201d][ sticky_enabled=\u201d0\u2033mass\/coll\/d_mlleppnetry\/ _pb_row] [\/ et_pb_section]<\/p>","protected":false},"excerpt":{"rendered":"<p>Sukusiitosindeksi Alfa-Europe-j\u00e4rjest\u00f6, johon olen rekister\u00f6itynyt, on varsin tiukka terveysasioissa, mink\u00e4 vuoksi muun muassa sukusiitosindeksi pidet\u00e4\u00e4n matalalla tasolla. Australian Labradoodlesin luoja hyv\u00e4ksyy ohjelmassaan enimm\u00e4issiitoskertoimen 10%. Useimmissa tapauksissa se kuitenkin vaihtelee v\u00e4lill\u00e4 0,5% ja 3%. Etsimme jatkuvasti uutta geenipoolia, joka [\u2026]<\/p>","protected":false},"author":2,"featured_media":0,"parent":0,"menu_order":0,"comment_status":"open","ping_status":"open","template":"","meta":{"_et_pb_use_builder":"on","_et_pb_old_content":"","_et_gb_content_width":"","footnotes":""},"class_list":["post-3483","page","type-page","status-publish","hentry"],"_links":{"self":[{"href":"https:\/\/labradoodle.pl\/fi\/wp-json\/wp\/v2\/pages\/3483","targetHints":{"allow":["GET"]}}],"collection":[{"href":"https:\/\/labradoodle.pl\/fi\/wp-json\/wp\/v2\/pages"}],"about":[{"href":"https:\/\/labradoodle.pl\/fi\/wp-json\/wp\/v2\/types\/page"}],"author":[{"embeddable":true,"href":"https:\/\/labradoodle.pl\/fi\/wp-json\/wp\/v2\/users\/2"}],"replies":[{"embeddable":true,"href":"https:\/\/labradoodle.pl\/fi\/wp-json\/wp\/v2\/comments?post=3483"}],"version-history":[{"count":13,"href":"https:\/\/labradoodle.pl\/fi\/wp-json\/wp\/v2\/pages\/3483\/revisions"}],"predecessor-version":[{"id":5481,"href":"https:\/\/labradoodle.pl\/fi\/wp-json\/wp\/v2\/pages\/3483\/revisions\/5481"}],"wp:attachment":[{"href":"https:\/\/labradoodle.pl\/fi\/wp-json\/wp\/v2\/media?parent=3483"}],"curies":[{"name":"wp","href":"https:\/\/api.w.org\/{rel}","templated":true}]}}