{"id":3476,"date":"2018-03-09T21:44:23","date_gmt":"2018-03-09T20:44:23","guid":{"rendered":"https:\/\/labradoodle.pl\/?p=3476"},"modified":"2022-04-07T13:34:38","modified_gmt":"2022-04-07T11:34:38","slug":"rasowy-czy-kundel-2","status":"publish","type":"page","link":"https:\/\/labradoodle.pl\/fi\/rasowy-czy-kundel-2\/","title":{"rendered":"Puhdasrotuinen tai mutt"},"content":{"rendered":"<p>. _PB_Column type=\u201d4_4\u2033 _builder_version=\u201d4.16\u2033 custom_padding=\u201d|||\u201d global_colors_info=&quot;{}&quot; custom_padding__hover=&quot;|||&quot;][et_pb_text _builder_version=&quot;4.16\u2033 text_font_size=&quot;18\u2033 global_colors_info=&quot;{}&quot;]<\/p>\n<h1>Puhdasrotuinen tai mutt<\/h1>\n<h3><\/h3>\n<h3>Suuri rikokseni<\/h3>\n<p>&nbsp;<\/p>\n<p><span style=\"font-weight: 400;\">Kymmenen vuotta sitten tein suuren rikoksen. Kyll\u00e4! Valtava! Toin australialaisen labradoodlen Australiasta Puolaan. J\u00e4rkyttynyt Internet vapisi keskusteluista henkil\u00f6\u00f6ni kohdistuvan lynkkauksen tyypeist\u00e4. En vain lue sellaisia asioita, tied\u00e4n, ett\u00e4 HEJT on aina ollut, on ja tulee olemaan. Ja koska ensimm\u00e4isell\u00e4 on aina vaikeita polkuja, yrit\u00e4n seurata tietty\u00e4 totuutta el\u00e4m\u00e4ss\u00e4.<\/span><\/p>\n<p><span style=\"font-weight: 400;\">&quot;Jokainen totuus k\u00e4y l\u00e4pi kolme vaihetta: ensin sit\u00e4 pilkataan, sitten se kiellet\u00e4\u00e4n ja lopuksi se otetaan itsest\u00e4\u00e4nselvyyten\u00e4.&quot; T\u00e4m\u00e4 on suosikkini Schopenhauer-lainauksesta. Ja olen vakuuttunut, ett\u00e4 monet n\u00e4ist\u00e4 viimeisten 10 vuoden vaihteessa rodusta kiinnostuneista nettivihaajista ovat jo onnistuneet ottamaan minuun yhteytt\u00e4.<\/span><\/p>\n<p><span style=\"font-weight: 400;\">Tied\u00e4n, ett\u00e4 totuus, intohimo, rakkaus siihen, mit\u00e4 teet, mutta my\u00f6s vilpit\u00f6n aikeet, puolustavat aina itse\u00e4\u00e4n. Aina.<\/span><\/p>\n<p><span style=\"font-weight: 400;\">Olen jo esitt\u00e4nyt kantani siit\u00e4, onko kyseess\u00e4 puhdasrotuinen vai mutka toisessa artikkelissa.<\/span><\/p>\n<p>&nbsp;<\/p>\n<blockquote class=\"wp-embedded-content\" data-secret=\"Ki1FkjAYXC\"><p><a href=\"https:\/\/www.wlochata-pasja.com.pl\/australijskie-labradoodle\/informacje-o-rasie\/rasowy-czy-kundel\/\" target=\"_blank\" rel=\"noopener\">ROTTU TAI \u00c4ITI<\/a><\/p><\/blockquote>\n<p><iframe class=\"wp-embedded-content\" sandbox=\"allow-scripts\" security=\"restricted\" style=\"position: absolute; clip: rect(1px, 1px, 1px, 1px);\" src=\"https:\/\/www.wlochata-pasja.com.pl\/australijskie-labradoodle\/informacje-o-rasie\/rasowy-czy-kundel\/embed\/#?secret=Ki1FkjAYXC\" data-secret=\"Ki1FkjAYXC\" width=\"600\" height=\"338\" title=\"&amp;quot;&lt;span class=&quot;caps&quot;&gt;T&Auml;YSIVERINEN&lt;\/span&gt; &lt;span class=&quot;caps&quot;&gt;JOS&lt;\/span&gt; &lt;span class=&quot;caps&quot;&gt;MONGREL&lt;\/span&gt;&rdquo; &mdash; Australian Labradoodle &ndash; Australian Labradoodle koirankasvatus\" frameborder=\"0\" marginwidth=\"0\" marginheight=\"0\" scrolling=\"no\"><\/iframe><\/p>\n<p><span style=\"font-weight: 400;\">Uusia koiraroduja luodaan ja rekister\u00f6id\u00e4\u00e4n edelleen. Meill\u00e4 jo tuttuja rotuja tuhotaan edelleen tehokkaasti (kuonojen litistyminen, takajalat kulmikkaat). Luulen, ett\u00e4 jos ihmiset huolehtisivat itsest\u00e4\u00e4n ja kiillottaisivat timanttejaan joka p\u00e4iv\u00e4, maailma n\u00e4ytt\u00e4isi erilaiselta.<\/span><\/p>\n<p>&nbsp;<\/p>\n<h3>Alfa-Europe toisen organisaation kanssa<\/h3>\n<p>&nbsp;<\/p>\n<p><span style=\"font-weight: 400;\">Alfa-Europe yhdess\u00e4 toisen australialaisen organisaation kanssa yritti rekister\u00f6id\u00e4 australialaisia labradoodleja kotimaassaan. Valitettavasti jouduimme kuitenkin vet\u00e4ytym\u00e4\u00e4n projektista muiden n\u00e4kemysten vuoksi. Kyse ei ole varsinaisesti rekister\u00f6innist\u00e4 sen itsens\u00e4 vuoksi, vaan erityisist\u00e4 syist\u00e4, joiden mielest\u00e4ni pit\u00e4isi olla rodun suojeleminen ja puhtaana pit\u00e4minen. Joten organisaatio, joka v\u00e4lttelee DNA-testien tekemist\u00e4 pennuille, ei ole oikea kumppani meille. H\u00e4n ei my\u00f6sk\u00e4\u00e4n ole sopiva rodun suojelija. <\/span><\/p>\n<p>&nbsp;<br \/>\n[\/et_pb_text][dmg_masonry_gallery gallery=\u201d3448,3447,3446,3442,3445,3440\u2033 gutter=\u201d3\u2033 modal_title=\u201din_title\u201d hover_overlay_effect=\u201doverlay\u201d _color=\u201d#FFFFFF\u201d show_overlay _caption=\u201d off \u201d overlay_caption_size=\u201d14px\u201d pagination_buttons_background=\u201dRGBA(255,255,255,0)\u201d pagination_buttons_background_active=\u201d#bcb840\u2033 columns_tablet=\u201d2\u2033 last columns_phone=\u201dversion|on_editktopn\u201d 4.16 .0\u2033 _module_preset=\u201doletus \u201d pagination_text_color=\u201d#bcb840\u2033 pagination_font_size=\u201d12px\u201d pagination_active_text_color=\u201d#71615b\u201d pagination_active_font_size=\u201d12px\u201d hover_enabled=\u201d0\u2033px border_xpx21p1| \u201d border_radii_p agination=\u201don|6px|6px|6px |6px \u201d border_radii_pagination_active=\u201don|6px|6px|6px|6px\u201d box_shadow_style_pagination=\u201dpreset1\u2033 global_colors_info=\u201d{}\u201d theme_builder_area=\u201dpost_content\u201d][ sticky_enabled=\u201d0\u2033\u2033\/coll\/d_mlleppnetry\/ _pb_row] [\/ et_pb_section]<\/p>","protected":false},"excerpt":{"rendered":"<p>Puhdasrotuinen tai sekarotuinen Suuri rikokseni Kymmenen vuotta sitten tein suuren rikoksen. Kyll\u00e4! Valtava! Toin australialaisen labradoodlen Australiasta Puolaan. J\u00e4rkyttynyt Internet vapisi keskusteluista minua vastaan kohdistuvista lynkkaustyypeist\u00e4. En vain lue sellaisia asioita, tied\u00e4n, ett\u00e4 VIHA on aina ollut, on ja tulee olemaan. Ja koska ensimm\u00e4isess\u00e4 on [\u2026]<\/p>","protected":false},"author":2,"featured_media":0,"parent":0,"menu_order":0,"comment_status":"open","ping_status":"open","template":"","meta":{"_et_pb_use_builder":"on","_et_pb_old_content":"","_et_gb_content_width":"","footnotes":""},"class_list":["post-3476","page","type-page","status-publish","hentry"],"_links":{"self":[{"href":"https:\/\/labradoodle.pl\/fi\/wp-json\/wp\/v2\/pages\/3476","targetHints":{"allow":["GET"]}}],"collection":[{"href":"https:\/\/labradoodle.pl\/fi\/wp-json\/wp\/v2\/pages"}],"about":[{"href":"https:\/\/labradoodle.pl\/fi\/wp-json\/wp\/v2\/types\/page"}],"author":[{"embeddable":true,"href":"https:\/\/labradoodle.pl\/fi\/wp-json\/wp\/v2\/users\/2"}],"replies":[{"embeddable":true,"href":"https:\/\/labradoodle.pl\/fi\/wp-json\/wp\/v2\/comments?post=3476"}],"version-history":[{"count":13,"href":"https:\/\/labradoodle.pl\/fi\/wp-json\/wp\/v2\/pages\/3476\/revisions"}],"predecessor-version":[{"id":5479,"href":"https:\/\/labradoodle.pl\/fi\/wp-json\/wp\/v2\/pages\/3476\/revisions\/5479"}],"wp:attachment":[{"href":"https:\/\/labradoodle.pl\/fi\/wp-json\/wp\/v2\/media?parent=3476"}],"curies":[{"name":"wp","href":"https:\/\/api.w.org\/{rel}","templated":true}]}}