{"id":3471,"date":"2018-03-07T22:44:40","date_gmt":"2018-03-07T21:44:40","guid":{"rendered":"https:\/\/labradoodle.pl\/?p=3471"},"modified":"2022-04-07T12:40:08","modified_gmt":"2022-04-07T10:40:08","slug":"pielegnacja-okrywy-wlosowej","status":"publish","type":"page","link":"https:\/\/labradoodle.pl\/fi\/pielegnacja-okrywy-wlosowej\/","title":{"rendered":"Takin hoito"},"content":{"rendered":"<p>. _PB_Column type=\u201d4_4\u2033 _builder_version=\u201d4.16\u2033 custom_padding=\u201d|||\u201d global_colors_info=&quot;{}&quot; custom_padding__hover=&quot;|||&quot;][et_pb_text _builder_version=&quot;4.16\u2033 text_font_size=&quot;18\u2033 global_colors_info=&quot;{}&quot;]<\/p>\n<h1>Takin hoito<\/h1>\n<h3>Australialainen labradoodle-takki<\/h3>\n<p><span style=\"font-weight: 400;\">T\u00f6rm\u00e4sin Australian Labradoodle-turkkiin ensimm\u00e4isen kerran vuonna 2008 Australiassa, kun vietin 5 viikkoa Rutland Manor -kenneliss\u00e4. Kun kammasin Beverleyn koiria, mietin, kuinka voit kasvattaa sellaisen koiran? Sotku sotkussa, kampaus kesti useita tunteja p\u00e4iv\u00e4ss\u00e4.<\/span><\/p>\n<p><span style=\"font-weight: 400;\">Sitten sain ensimm\u00e4isen pentuni kauniilla, kiharalla aprikoosin s\u00e4vyill\u00e4. Se oli pehme\u00e4, silkkinen eik\u00e4 vaatinut kampaamista ollenkaan! Hoidin h\u00e4nen turkkiaan, kammasin sit\u00e4 ahkerasti joka viikko. Kunnes\u2026.vain\u2026.kunnes h\u00e4n oli 10 kuukautta vanha. Silloin karamelli alkoi sotkeutua. Minusta tuntuu, ett\u00e4 se tapahtui yhdess\u00e4 y\u00f6ss\u00e4. Mit\u00e4 enemm\u00e4n kampasin, sit\u00e4 enemm\u00e4n sotkuja ilmestyi. Sitten muistin, mit\u00e4 Beverley oli sanonut minulle er\u00e4\u00e4n\u00e4 iltana iltakeskusteluissa: &quot;Ne voivat sotkeutua y\u00f6n yli&quot;, &quot;Joo... ajattelin itsekseni.&quot; Ja minulla oli omani.<\/span><\/p>\n<p><span style=\"font-weight: 400;\">Annoin periksi ja ensimm\u00e4inen Labradoodleni oli\u2026 SHAVED. Voi kuinka katuin sit\u00e4, en vain malttanut odottaa, ett\u00e4 n\u00e4m\u00e4 hiukset kasvavat takaisin. H\u00e4n on kasvanut takaisin\u2026. mutta se ei en\u00e4\u00e4 koskaan ollut sama kuin pennun turkki.<\/span><\/p>\n<p>[\/et_pb_text][dmg_masonry_gallery gallery=\u201d4012,4014,4015,4016,4018,4019,4013\u2033 gutter=\u201d3\u2033 modal_title=\u201din_title\u201d hover_overlay_effect_x lay_title_color=\u201d#FFFFFF \u201d show_overlay_caption= \u201doff\u201d overlay_caption_size=\u201d14px\u201d pagination_buttons_background=\u201dRGBA(255,255,255,0)\u201d pagination_buttons_background_active=\u201d#bcb840\u2033 columns_tablet=\u201d2\u2033 last columns_phone=versio _edesittopn\u201d \u201d4. 16.0\u2033 _module_preset=\u201d oletus\u201d pagination_text_color=\u201d#bcb840\u2033 pagination_font_size=\u201d12px\u201d pagination_active_text_color=\u201d#71615b\u201d pagination_active_font_size=\u201d12px\u201d hover_enabled=\u201d0\u20332p1pxx\u201d1|p1pxxx\u201di| x\u201d border_radii _pagination=\u201don|6px|6px| 6px |6px\u201d border_radii_pagination_active=\u201don|6px|6px|6px|6px\u201d box_shadow_style_pagination=\u201dpreset1\u2033 global_colors_info=\u201d{}\u201d theme_builder_area=\u201dpost_content\u201d][ sticky\u2032enabled=ondg_g_try\/0pg_lle builder_version=\u201d4.16 \u2033 text_font_size =\u201d18\u2033 global_colors_info=\u201d{}\u201d]<\/p>\n<h3>Totuta pentu harjaukseen<\/h3>\n<p><span style=\"font-weight: 400;\">Sinun t\u00e4ytyy tiet\u00e4\u00e4, ett\u00e4 hankkimasi pennun turkki on kaunis, kiilt\u00e4v\u00e4, silkkinen. On vaikea uskoa, ett\u00e4 jonain p\u00e4iv\u00e4n\u00e4 se alkaa sotkeutua. Noin 8-11 kuukauden i\u00e4ss\u00e4 turkki kuitenkin vaihtuu ja vaatii sen j\u00e4lkeen huolellista hoitoa. Mit\u00e4 olen oppinut vuosien varrella?<\/span><\/p>\n<p><span style=\"font-weight: 400;\">Ensinn\u00e4kin, jotta koiranpentu tottuu harjaamiseen pienest\u00e4 pit\u00e4en. \u00c4l\u00e4 kiusaa\u2026..aaah, meill\u00e4 on viel\u00e4 aikaa, sill\u00e4 jonain p\u00e4iv\u00e4n\u00e4 turkki alkaa yksinkertaisesti sotkeutua eik\u00e4 koirasi voi olla niin pitk\u00e4\u00e4n trimmausp\u00f6yd\u00e4ll\u00e4.<\/span><\/p>\n<p><span style=\"font-weight: 400;\">Toiseksi, \u00e4l\u00e4 ajele koiranpennun turkkia ennen h\u00e4nen ensimm\u00e4ist\u00e4 syntym\u00e4p\u00e4iv\u00e4\u00e4. Joku kertoi minulle kerran, ett\u00e4 se muuttaa hiusten rakennetta. En tied\u00e4, en ole asiantuntija t\u00e4ll\u00e4 alalla, mutta jotain siin\u00e4 on. Kuvittele, ett\u00e4 t\u00e4m\u00e4 ensimm\u00e4inen pentukarva on vain kammattava pois. H\u00e4n ei putoa itse. Jos ajelet koirasi, koska se sotkeutuu, et valitettavasti kampaa sit\u00e4 vaativaa karvaa.<\/span><\/p>\n<p><span style=\"font-weight: 400;\">Kolmanneksi, \u00e4l\u00e4 harjaa hiuksiasi villakoiralla joka p\u00e4iv\u00e4. T\u00e4m\u00e4 menettely tuhoaa my\u00f6s niiden rakenteen. Jos haluat (ja my\u00f6s koirasi) harrastaa t\u00e4llaista toimintaa, valitse koiran kampa (se ei toimi sotkujen kanssa).<\/span><\/p>\n<p><span style=\"font-weight: 400;\">Nelj\u00e4nneksi, \u00e4l\u00e4 pese koiraasi usein. Toistuva kylpeminen poistaa suojaavan esteen ja hiuksista tulee entist\u00e4 likaisempia. Hiekka ja muta voidaan poistaa huuhtelemalla puhtaalla vedell\u00e4 tai k\u00e4ytt\u00e4m\u00e4ll\u00e4 ns doodlebooster (sit\u00e4 lis\u00e4\u00e4 my\u00f6hemmin).<\/span><\/p>\n<p><span style=\"font-weight: 400;\">Viidenneksi, k\u00e4yt\u00e4 hyvi\u00e4 shampoita, hoitoaineita ja irrotusaineita. Hiusten p\u00e4\u00e4t eiv\u00e4t halkeile niin helposti.<\/span><\/p>\n<h3>Leikkaa hiuksesi<\/h3>\n<p><span style=\"font-weight: 400;\">Kuudenneksi leikkaa hiuksesi s\u00e4\u00e4nn\u00f6llisesti. Tied\u00e4n, ett\u00e4 mit\u00e4 pidempi se on, sit\u00e4 kauniimpi se on, mutta se ei tarkoita, ett\u00e4 se olisi terveemp\u00e4\u00e4, mukavampaa koiralle ja k\u00e4yt\u00e4nn\u00f6llisemp\u00e4\u00e4 omistajalle. Pitk\u00e4t hiukset yksinkertaisesti halkeilevat (me ihmiset leikkaamme my\u00f6s latvat). Koira voi my\u00f6s olla liian l\u00e4mmin kes\u00e4ll\u00e4, ja syksyll\u00e4 se kest\u00e4\u00e4 oksia, ohdakkeita ja Jumala tiet\u00e4\u00e4 mit\u00e4 muuta.<\/span><\/p>\n<p><span style=\"font-weight: 400;\">Seitsem\u00e4nneksi, \u00e4l\u00e4 leikkaa koiraasi liian lyhyeksi talvea varten. H\u00e4n on kylm\u00e4 ja t\u00e4\u00e4lt\u00e4 virtsarakon tulehdukseen ei todellakaan ole pitk\u00e4 matka.<\/span><\/p>\n<p><span style=\"font-weight: 400;\">Kahdeksanneksi harjaa koiraa s\u00e4\u00e4nn\u00f6llisesti, niin paljon kuin koira tarvitsee, jotta se ei johda suuriin sotkuihin. Turkin tyypist\u00e4 riippuen 2-3 kertaa viikossa (joillekin kerta riitt\u00e4\u00e4).<\/span><\/p>\n<p><span style=\"font-weight: 400;\">Yhdeks\u00e4nneksi, k\u00e4yt\u00e4 hyvi\u00e4, hyv\u00e4ksi havaittuja siveltimi\u00e4, jotka on mukautettu hiustyyppiin ja sen kuntoon (harjat p\u00e4ivitt\u00e4iseen hoitoon, harjat sotkujen poistamiseen).<\/span><\/p>\n<p><span style=\"font-weight: 400;\">Kymmenenneksi, kuivaa hiuksesi jokaisen kylvyn j\u00e4lkeen. \u00c4l\u00e4 mene lankaan, ett\u00e4 on kes\u00e4 ja ne kuivuvat itsest\u00e4\u00e4n. Hiuss\u00e4ikeet, jotka kuivuvat omalla k\u00e4prist\u00e4\u00e4n ja tarttuvat yhteen. Valitettavasti kampaamattomat hiukset sotkeutuvat kylvyn j\u00e4lkeen hyvin nopeasti. Kun kuivaat hiuksiasi, kampaa ne. T\u00e4llaisella hoidolla hiukset suoristuvat ja p\u00f6rr\u00f6istyv\u00e4t, mutta kaikki palautuu nopeasti normaaliksi.<\/span><\/p>\n<p><span style=\"font-weight: 400;\">Yhdestoista, k\u00e4yt\u00e4 hyvi\u00e4 Omega 3, 6, 9 rasvahappoja, jotka eiv\u00e4t ainoastaan tee koirasi turkista kauniiksi ja kiilt\u00e4v\u00e4ksi, vaan ovat my\u00f6s hyvi\u00e4 luiden kehittymiselle. K\u00e4ytin tuolloin EFFEKTRI PIENI KOIRA -lis\u00e4\u00e4. Valitettavasti se on saatavilla vain ulkomailla (Alankomaat, Suomi)<\/span><\/p>\n<h3><strong>No, sain melkein 10 k\u00e4sky\u00e4 :-)<\/strong><\/h3>\n<p><span style=\"font-weight: 400;\">Hyv\u00e4 uutinen on se, ett\u00e4 ahkeralla ty\u00f6ll\u00e4 noin 3-vuotiaana turkki on taas helpompi hoitaa (edellytt\u00e4en, ett\u00e4 koiraa ei ajettu joka kerta kun se tattui, mutta harjasimme pennun turkkinsa kunnolla). Siit\u00e4 ei tietenk\u00e4\u00e4n koskaan tule pennun turkkia, helppohoitoinen - sinun ei tarvitse huijata itse\u00e4si. Varmasti se ei kuitenkaan sotkeudu niin paljon kuin pennun karvanvaihdon aikana. Esimerkiksi aikuiset koirani voidaan harjata kerran kuukaudessa.<\/span><\/p>\n<p><span style=\"font-weight: 400;\">\u00c4l\u00e4 my\u00f6sk\u00e4\u00e4n anna itsellesi kertoa, ett\u00e4 steriloidut ja steriloidut labradoodlit muuttavat turkin rakennetta ja siit\u00e4 tulee hallitsematon. T\u00e4m\u00e4 on valtavaa h\u00f6lynp\u00f6ly\u00e4. Sek\u00e4 steriloituja ett\u00e4 kastroimattomia koiria on vaikea yll\u00e4pit\u00e4\u00e4 ensimm\u00e4isen vuoden j\u00e4lkeen. Kyll\u00e4 on, oli ja tulee olemaan. Olen n\u00e4hnyt ja koskettanut paljon steriloitujen koirien karvoja, eik\u00e4 niiden rakenteessa ole eroa steriloimattomiin koiriin verrattuna.<\/span><\/p>\n<p><span style=\"font-weight: 400;\">Hiusten ongelmat johtuvat laiminly\u00f6nnist\u00e4 ja yll\u00e4 olevien s\u00e4\u00e4nt\u00f6jen tunnollisesta noudattamatta j\u00e4tt\u00e4misest\u00e4. Mist\u00e4 tied\u00e4n sen? Koska itse\u00e4ni oppiessani tein yll\u00e4 olevat virheet ja n\u00e4en eron &quot;henkil\u00f6kohtaisissa&quot; koirissani.<\/span><\/p>\n<h3><strong>Ja nyt jotain k\u00e4ytt\u00e4mist\u00e4ni ty\u00f6kaluista<\/strong><\/h3>\n<p><span style=\"font-weight: 400;\">Les Poochs (Acti vet) \u2013 villakoiraharjat. K\u00e4yt\u00e4n violettia tavalliseen harjaukseen ja punaista mattapintaisiin hiuksiin. (kuva vieress\u00e4 olevassa baarissa)<\/span><\/p>\n<p><span style=\"font-weight: 400;\">Kuten n\u00e4ette, n\u00e4it\u00e4 laatikoita on kahta kokoa, enk\u00e4 osaa neuvoa kumpi on parempi. Miksi en voi? Koska jokainen kiinnitt\u00e4\u00e4 huomiota johonkin muuhun.<\/span><\/p>\n<p><span style=\"font-weight: 400;\">Aluksi ajattelin, ett\u00e4 pienempi harja oli liian pieni. Harjasin koiriani tuntikausia.<\/span><\/p>\n<p><span style=\"font-weight: 400;\">Sitten hankin isommat. N\u00e4m\u00e4 puolestaan tuntuivat raskaalta. En p\u00e4\u00e4ssyt kaikkialle. Ne ovat kovia, heill\u00e4 ei ole liikkuvaa p\u00e4\u00e4t\u00e4, minusta n\u00e4ytt\u00e4\u00e4 silt\u00e4, ett\u00e4 ne ovat &quot;aggressiivisia&quot; koiralle. Mutta tied\u00e4n ihmisi\u00e4, jotka k\u00e4ytt\u00e4v\u00e4t isompia eiv\u00e4tk\u00e4 koskaan eroaisi niist\u00e4.<\/span><\/p>\n<p><span style=\"font-weight: 400;\">Minulle Furmunatorin SLICKER BRUSHista tuli v\u00e4liratkaisu (kuva vieress\u00e4 olevasta palkista). Siin\u00e4 on liikkuva p\u00e4\u00e4, ja vaikka se on suuri, sen yl\u00e4osa on kapea. Minulle se on siisti, k\u00e4tev\u00e4 ja nopeasti kammattava. Jokainen tuleva koiranomistaja saa minulta sellaisen harjan. Kuulin kuitenkin mielipiteen henkil\u00f6lt\u00e4, jota t\u00e4m\u00e4 villakoira ei kiehtonut ja suosii Les Poochia.<\/span><\/p>\n<p><span style=\"font-weight: 400;\">Sakset. Olen k\u00e4ytt\u00e4nyt ROSE LINE 82066 ja 88080 saksia vuosia ja olen niihin eritt\u00e4in tyytyv\u00e4inen. K\u00e4yt\u00e4n niit\u00e4 kenneliss\u00e4ni ja niill\u00e4 on todella pitk\u00e4 mittarilukema;) (kuva vieress\u00e4 olevassa baarissa).<\/span><\/p>\n<p><span style=\"font-weight: 400;\">Parranajokone. K\u00e4ytt\u00e4m\u00e4ni parranajokone on ANDIS AGR+ (kuva vieress\u00e4 olevasta tangosta), keraaminen ter\u00e4 numero 10. Kilometrej\u00e4 on my\u00f6s paljon ja ter\u00e4n vaihdoin vasta nyt, 8 vuoden ty\u00f6n j\u00e4lkeen :)<\/span><\/p>\n<p><span style=\"font-weight: 400;\">Hiustenkuivaaja. T\u00e4ss\u00e4 minun t\u00e4ytyy suositella upeita laitteita. Sen nimi on Doodle Booster (palkin kuva). T\u00e4ydellinen mudassa ja hiekassa k\u00e4velyyn. Se poistaa silm\u00e4nr\u00e4p\u00e4yksess\u00e4 hiekkaa koiran jaloista ja vatsasta. Se toimii my\u00f6s hyvin est\u00e4m\u00e4\u00e4n sotkeutumista.<\/span><\/p>\n<p><span style=\"font-weight: 400;\">Argumentteja vastaan - korkea hinta ja melu. Koska se on meluisa laite, koirien on totuttava siihen suhteellisen aikaisin.<\/span><\/p>\n<p><span style=\"font-weight: 400;\">Doodle Booster on hieno, mutta ei tietenk\u00e4\u00e4n pakollinen. Kaikkien ei tarvitse omistaa t\u00e4llaisia laitteita. Suosittelen niille, joilla on enemm\u00e4n koiria ja heid\u00e4n on vain vaikea hoitaa koiraa, joka tuo pitk\u00e4lle turkkilleen paljon hiekkaa ja mutaa lenkilt\u00e4.<\/span><\/p>\n<p><span style=\"font-weight: 400;\">Ollakseni rehellinen, k\u00e4ytin vuosia tavallista &quot;ihmisen&quot; hiustenkuivaajaa koirani kuivaamiseen kylvyn j\u00e4lkeen. Kyll\u00e4, se vie silloin paljon enemm\u00e4n aikaa kuin tyypillisesti koirille suunniteltu kuivausrumpu, mutta se my\u00f6s toimii.<\/span><\/p>\n<p><span style=\"font-weight: 400;\">Viimeisin villitys on hollantilaisen kasvattajan keksim\u00e4 automaattiharja. T\u00e4m\u00e4 harja on suunniteltu Australian Labradoodlen hiuksille. Koska minulla ei itsell\u00e4ni ole sit\u00e4, neuvottelin ulkomaisia asiakkaita, jotka k\u00e4ytt\u00e4v\u00e4t sit\u00e4. Ja kuten aina, mielipiteet jakautuvat. Jotkut rakastavat sit\u00e4 eiv\u00e4tk\u00e4 koskaan eroaisi siit\u00e4, ja jotkut ovat juuri myyneet sen ;) Se sopii erityisen hyvin pitkille hiuksille, ei v\u00e4ltt\u00e4m\u00e4tt\u00e4 lyhyille hiuksille. T\u00e4m\u00e4 iso harja ei tietenk\u00e4\u00e4n ylet\u00e4 joihinkin kolkoihin, koska se on yksinkertaisesti ep\u00e4mukavaa ja silloin on k\u00e4ytett\u00e4v\u00e4 eri harjaa.<\/span><\/p>\n<h3><strong>Takinhoitotuotteet?<\/strong><\/h3>\n<p><span style=\"font-weight: 400;\">Suosittelen PSH-hoitotuotteita ja upeaa ARTERO-hoitoainetta<\/span><\/p>\n<p><span style=\"font-weight: 400;\">Kiva l\u00e4\u00e4ke, joka auttaa allergikoita, on PENTALCLEANSE (kuva vieress\u00e4 olevassa palkissa). Ihmisten allergioita ehk\u00e4isev\u00e4 puhdistusneste kissoille ja pienille el\u00e4imille on tuote, joka eliminoi turkista Fel D1 herkist\u00e4v\u00e4t aineet ja kuoriutuneen orvaskeden.<\/span><\/p>\n<p><span style=\"font-weight: 400;\">Suosittelen my\u00f6s yst\u00e4v\u00e4ni kirjaa Labradoodlen hoidosta<\/span><\/p>\n<p><span style=\"font-weight: 400;\">Wanda Klompin &quot;From Scruffy to Lovely&quot; - englanninkielinen versio. Wanda j\u00e4rjest\u00e4\u00e4 my\u00f6s ammattimaisia hoitoty\u00f6pajoja australialaisille labradoodlen omistajille.<\/span><\/p>\n<p><span style=\"font-weight: 400;\">Miten trimmaat koirasi nyt? Sanon t\u00e4m\u00e4n, ett\u00e4 Internetiss\u00e4 on useita kuvia tarkalla kuviolla. Sivuillani haluaisin kuitenkin keskitty\u00e4 siihen, miten koiran turkki trimmataan ja hoidetaan niin, ett\u00e4 se tuntuu mukavalta siin\u00e4.<\/span><\/p>\n<h3><strong>P\u00e4\u00e4<\/strong><\/h3>\n<p><span style=\"font-weight: 400;\">Muistamme harjan trimmauksen, sill\u00e4 silmien yli putoava rajoittaa koiran n\u00e4k\u00f6kyky\u00e4. Kun odotamme liian kauan trimmaamista, koira alkaa ty\u00f6skennell\u00e4 enemm\u00e4n nen\u00e4ll\u00e4\u00e4n, ja sitten karvanpoiston j\u00e4lkeen se yht\u00e4kki\u00e4 pelk\u00e4\u00e4 maailmaa. Valitettavasti koiran on n\u00e4ht\u00e4v\u00e4 ja viritett\u00e4v\u00e4 erilaisia visuaalisia \u00e4rsykkeit\u00e4 varsinkin sosiaalistumis- ja kasvuvaiheessa. Karvat kasvavat my\u00f6s kuonosta kohti silmi\u00e4 - t\u00e4m\u00e4 tulee leikata s\u00e4\u00e4nn\u00f6llisesti. P\u00e4\u00e4lle tulee antaa py\u00f6re\u00e4 muoto, leikkaamalla otsatukkaiden lis\u00e4ksi my\u00f6s korvien ja parran hiukset. Jatkuvasti kosteat korvat ja l\u00e4mmin, kostea kuono (vesikulhoon liotamisesta) ovat loistava elinymp\u00e4rist\u00f6 hiivalle.<\/span><\/p>\n<p><span style=\"font-weight: 400;\">Jotta korvat tulisivat tuulettumaan, kannattaa parranajokoneella ajella korvasta korvaan niskan l\u00e4pi kulkeva nauha. T\u00e4llainen menettely ei heikenn\u00e4 koiran ulkon\u00e4k\u00f6\u00e4, mutta varmistaa asianmukaisen ilmankierron.<\/span><\/p>\n<p><span style=\"font-weight: 400;\">Hiukset korvissa - HUOMIO - emme ved\u00e4 pois! Kyll\u00e4, emme nypi! Huolimatta yleisesti tunnetusta el\u00e4inl\u00e4\u00e4k\u00e4reiden ja groomers levitt\u00e4m\u00e4st\u00e4 n\u00e4kemyksest\u00e4. Siin\u00e4 korvassa on hiuksia. Ehk\u00e4 se on suoja mikro-organismeja vastaan?<\/span><\/p>\n<p><span style=\"font-weight: 400;\">Tied\u00e4n monia hoopoja, jotka saivat korvatulehduksen hiustenlevityksen j\u00e4lkeen. Onyxessani on joskus pensas, joka sotkeutuu, sitten my\u00f6nn\u00e4n sen, leikkaan sit\u00e4 hieman, mutta en koskaan ved\u00e4 sit\u00e4 ulos.<\/span><\/p>\n<p><span style=\"font-weight: 400;\">Emme puhdista koiran korvia joka viikko. Korvat tulee pest\u00e4, kun ne ovat likaiset. Puhdista ulkokorva - riippuva osa. Ei tarvitse kaivaa syv\u00e4lle. Opin itse, ett\u00e4 niill\u00e4 koirilla, joita pesin, oli usein ongelmia korvansa kanssa. Muiden kenneliini liittyneiden koirien kanssa toimin eri tavalla. Ja niinp\u00e4 Onyxella (9v) ei ole koskaan ollut otiittia, h\u00e4nen korvissaan on pensaita ja pensaita, ja puhdistin ne ehk\u00e4 8 kertaa el\u00e4m\u00e4ni aikana. Eik\u00e4 siksi, ett\u00e4 olisin laiska, mutta siihen ei yksinkertaisesti ollut tarvetta.<\/span><\/p>\n<p><span style=\"font-weight: 400;\">Karamelli Pesin liian innokkaasti korviani kerran viikossa ja n\u00e4m\u00e4 korvat... no, ne ovat ongelmallisia ja hiiva palaa useita kertoja vuodessa.<\/span><\/p>\n<p><span style=\"font-weight: 400;\">Mukava korval\u00e4\u00e4ke on CUE (voidaan ostaa tavallisesta apteekista). K\u00e4yt\u00e4n sit\u00e4, kun korva alkaa likaantua (2 tippaa kumpaankin korvaan kahdesti viikossa). Huomautus - ei voida antaa puhdistuksen \u00e4rsyyntyneeseen korvaan.<\/span><\/p>\n<p><span style=\"font-weight: 400;\">Nivus. On ok ajaa koirasi nivusalue. Rintaa ja vatsaa vasten hankaavat raajat yksinkertaisesti sotkevat turkin n\u00e4iss\u00e4 paikoissa. Sotket vet\u00e4\u00e4 ihoa, se satuttaa koiraa.<\/span><\/p>\n<p><span style=\"font-weight: 400;\">Tassut - kynnet tulee leikata s\u00e4\u00e4nn\u00f6llisesti. K\u00e4rkien v\u00e4lisi\u00e4 hiuksia tulee lyhent\u00e4\u00e4. Varsinkin talvella, kun lumipalloja tarttuu n\u00e4ihin paikkoihin. Silloin koiran on vaikea k\u00e4vell\u00e4. Jotkut ihmiset leikkaavat tassujen karvat hyvin lyhyiksi kuten villakoira (kuva alla).<\/span><\/p>\n<p><span style=\"font-weight: 400;\">Turkkia tulee lyhent\u00e4\u00e4 s\u00e4\u00e4nn\u00f6llisesti koko pituudelta - se voi olla hieman pidempi raajoissa. Lyhyempi karva on k\u00e4tev\u00e4 sek\u00e4 koiralle ett\u00e4 omistajalle. Ne eiv\u00e4t ota pois koiran vieh\u00e4tyst\u00e4 ollenkaan. Katso itse:<\/span><\/p>\n<p>[\/et_pb_text][dmg_masonry_gallery gallery=\u201d5010,4983,4973,4885,4832,4825\u2033 gutter=\u201d3\u2033 modal_title=\u201din_title\u201d hover_overlay_effect=\u201doverlay\u201d _color=\u201d#FFFFFF\u201d show_overlay _caption=\u201d off \u201d overlay_caption_size=\u201d14px\u201d pagination_buttons_background=\u201dRGBA(255,255,255,0)\u201d pagination_buttons_background_active=\u201d#bcb840\u2033 columns_tablet=\u201d3\u2033 last columns_phone=\u201d versio on_editktopn\u201d 4.16 .0\u2033 _module_preset=\u201doletus \u201d pagination_text_color=\u201d#bcb840\u2033 pagination_font_size=\u201d12px\u201d pagination_active_text_color=\u201d#71615b\u201d pagination_active_font_size=\u201d12px\u201d hover_enabled=\u201d0\u2033p2p2 border_xpx21p21| \u201d border_radii_p agination=\u201don|6px|6px|6px |6px \u201d border_radii_pagination_active=\u201don|6px|6px|6px|6px\u201d box_shadow_style_pagination=\u201dpreset1\u2033 global_colors_info=\u201d{}\u201d theme_builder_area=\u201dpost_content\u201d][ sticky_enabled=\u201d0\u2033mass\/coll\/d_mlleppnetry\/ _pb_row] [\/ et_pb_section]<\/p>","protected":false},"excerpt":{"rendered":"<p>Coat Care Australian Labradoodle Coat Tapasin Australian Labradoodlen turkin ensimm\u00e4isen kerran vuonna 2008 Australiassa, kun vietin 5 viikkoa Rutland Manor -kenneliss\u00e4. Kun harjasin Beverleyn koiria, ihmettelin, miten koira voi kasvaa niin pitk\u00e4ksi? Tangle sotkun per\u00e4\u00e4n, kampaus kesti useita tunteja p\u00e4iv\u00e4ss\u00e4. Sitten sain ensimm\u00e4isen pennun [\u2026]<\/p>","protected":false},"author":2,"featured_media":0,"parent":0,"menu_order":0,"comment_status":"open","ping_status":"open","template":"","meta":{"_et_pb_use_builder":"on","_et_pb_old_content":"","_et_gb_content_width":"","footnotes":""},"class_list":["post-3471","page","type-page","status-publish","hentry"],"_links":{"self":[{"href":"https:\/\/labradoodle.pl\/fi\/wp-json\/wp\/v2\/pages\/3471","targetHints":{"allow":["GET"]}}],"collection":[{"href":"https:\/\/labradoodle.pl\/fi\/wp-json\/wp\/v2\/pages"}],"about":[{"href":"https:\/\/labradoodle.pl\/fi\/wp-json\/wp\/v2\/types\/page"}],"author":[{"embeddable":true,"href":"https:\/\/labradoodle.pl\/fi\/wp-json\/wp\/v2\/users\/2"}],"replies":[{"embeddable":true,"href":"https:\/\/labradoodle.pl\/fi\/wp-json\/wp\/v2\/comments?post=3471"}],"version-history":[{"count":17,"href":"https:\/\/labradoodle.pl\/fi\/wp-json\/wp\/v2\/pages\/3471\/revisions"}],"predecessor-version":[{"id":5466,"href":"https:\/\/labradoodle.pl\/fi\/wp-json\/wp\/v2\/pages\/3471\/revisions\/5466"}],"wp:attachment":[{"href":"https:\/\/labradoodle.pl\/fi\/wp-json\/wp\/v2\/media?parent=3471"}],"curies":[{"name":"wp","href":"https:\/\/api.w.org\/{rel}","templated":true}]}}