{"id":3468,"date":"2018-03-07T22:14:11","date_gmt":"2018-03-07T21:14:11","guid":{"rendered":"https:\/\/labradoodle.pl\/?p=3468"},"modified":"2022-04-07T13:26:58","modified_gmt":"2022-04-07T11:26:58","slug":"organizacje-zrzeszajace","status":"publish","type":"page","link":"https:\/\/labradoodle.pl\/fi\/organizacje-zrzeszajace\/","title":{"rendered":"Liit\u00e4nn\u00e4isj\u00e4rjest\u00f6t"},"content":{"rendered":"<p>. _PB_Column type=\u201d4_4\u2033 _builder_version=\u201d4.16\u2033 custom_padding=\u201d|||\u201d global_colors_info=&quot;{}&quot; custom_padding__hover=&quot;|||&quot;][et_pb_text _builder_version=&quot;4.16\u2033 text_font=&quot;|300|||||||&quot; text_font_size=\u201d18\u2033 global_colors_info=\u201d{}\u201d]<\/p>\n<h1><strong>Jalostuskoirani ja heid\u00e4n j\u00e4lkel\u00e4iseni on rekister\u00f6ity ALFA-EUROPE- ja ALFA-POLAND-j\u00e4rjest\u00f6ihin<\/strong><\/h1>\n<p>&nbsp;<\/p>\n<p><span style=\"font-weight: 400;\">Oivaltavat luultavasti tiet\u00e4v\u00e4t, ett\u00e4 Australian Labradoodleen liittyy monia j\u00e4rjest\u00f6j\u00e4. Niin monta ja niin samankaltaisilla nimill\u00e4, ett\u00e4 joskus on todella vaikea seurata niit\u00e4 kaikkia.<\/span><\/p>\n<p><span style=\"font-weight: 400;\">T\u00e4m\u00e4n artikkelin tarkoitus ei ole mainita heit\u00e4 nimell\u00e4 ja vertailla niit\u00e4, en halua mainostaa tai tehd\u00e4 mustaa PR:t\u00e4 kenellek\u00e4\u00e4n.<\/span><\/p>\n<p><span style=\"font-weight: 400;\">Kuten kirjoitin toisessa artikkelissa, kaikkia n\u00e4it\u00e4 j\u00e4rjest\u00f6j\u00e4 ei perustettu jaloa tarkoitusta varten edist\u00e4\u00e4 puhdasta, usean sukupolven, allergiayst\u00e4v\u00e4llist\u00e4 ty\u00f6koiraa. J\u00e4senet j\u00e4ttiv\u00e4t osan organisaatioista ja perustivat toisia saadakseen nopeaa voittoa. No, ei vain puolalainen juonitele...<\/span><\/p>\n<p>[\/et_pb_text][dmg_masonry_gallery gallery=\u201d5201,5167,5195,5164,5153,5138\u2033 gutter=\u201d3\u2033 modal_title=\u201din_title\u201d hover_overlay_effect=\u201doverlay\u201d color=\u201d#FFFFFF\u201d show_overlay_ caption=\u201d off \u201d overlay_caption_size=\u201d14px\u201d pagination_buttons_background=\u201dRGBA(255,255,255,0)\u201d pagination_buttons_background_active=\u201d#bcb840\u2033 columns_tablet| .16. 0\u2033_module_preset=\u201doletus \u201d pagination_text_color=\u201d#bcb840\u2033 pagination_font_size=\u201d12px\u201d pagination_active_text_color=\u201d#71615b\u201d pagination_active_font_size=\u201d12px\u201d hover_enabled=\u201d0\u20332pxxxi| border_radii_pagin ation=\u201don|6px|6px|6px |6px \u201d border_radii_pagination_active=\u201don|6px|6px|6px|6px\u201d box_shadow_style_pagination=\u201dpreset1\u2033 global_colors_info=\u201d{}\u201d theme_builder_area=\u201dpost_content][ sticky_enabled=_mllepnry] pb_row] [et_pb_row _builder_version=\u201d4.16\u2033 background_size=\u201dinitial\u201d background_position=\u201dtop_left\u201d background_repeat=\u201drepeat\u201d global_colors_info=\u201d{}\u201d][et_pb_column type=\u201d4_4\u2033 _builder_version=\u201d4.16\u201d| global_colors_info=\u201d{}\u201d custom_padding__hover=\u201d|||\u201d][et_pb_text _builder_version=\u201d4.16\u2033 text_font_size=\u201d18\u2033 global_colors_info=\u201d{}\u201d]<\/p>\n<h3>Organisaatiot<\/h3>\n<p>&nbsp;<\/p>\n<p><span style=\"font-weight: 400;\">Muistan tilanteen, kun vuonna 2012 tuli voimaan uusi el\u00e4insuojelulaki, jonka mukaan vain valtakunnalliseen j\u00e4rjest\u00f6\u00f6n rekister\u00f6ityj\u00e4 el\u00e4imi\u00e4 saa kasvattaa ja myyd\u00e4 voittoa tavoittelemalla. Ja mit\u00e4 sitten tapahtui? Koiria ja kissoja rekister\u00f6ivi\u00e4 yhdistyksi\u00e4, joita vasta eilen myytiin torilla sadalla tai kahdella, syntyi massaksi. Sitten sellainen ylpe\u00e4 kasvattaja selv\u00e4sti korotti hinnan 2 tuhanteen - koska mit\u00e4, koska nyt h\u00e4nell\u00e4 on sukutaulu, eik\u00f6 niin? Mutta kenen\/mit\u00e4 sukutaulu ja sukupuu? No, emme tied\u00e4. Asia on siin\u00e4, ett\u00e4 asiakas on tyytyv\u00e4inen, koska h\u00e4n sai paperin k\u00e4teens\u00e4. Sitten vasta t\u00e4ll\u00e4 paperilla h\u00e4n meni ZwKP:lle ja siell\u00e4 h\u00e4n yll\u00e4ttyi, ettei koiralla ollut rekister\u00f6intioikeutta. Vakavasti, niin ihmiset ajattelevat. Ja mik\u00e4 loukkaantunut mies tuli esiin, ett\u00e4 h\u00e4n ei voinut rekister\u00f6id\u00e4 koiraa ja silti sukutaulu oli MA.<\/span><\/p>\n<p><span style=\"font-weight: 400;\">Sama tapahtui Australian Labradoodlesin kanssa. On luotu organisaatioita, jotka rekister\u00f6iv\u00e4t eri sukupolvien labradoodleja - n\u00e4m\u00e4 multigeenit ja ne F1 (\u00e4iti on labradori ja is\u00e4 villakoira tai p\u00e4invastoin). Tai mik\u00e4 viel\u00e4 parempaa, organisaatiot, jotka sallivat labradoodleiden pariuttamisen sellaisten rotujen kanssa, kuten vehn\u00e4, villakoira tai kokerspanieli. Ja kaikki olisi hyvin, jos se ei johda ihmisi\u00e4 harhaan. Jos n\u00e4m\u00e4 kasvattajat sanoisivat avoimesti: &quot;Katso, hinta on paljon halvempi, mutta et voi odottaa, ett\u00e4 koira ei sulkisi, herkistyy ja periaatteessa et edes tied\u00e4 milt\u00e4 se n\u00e4ytt\u00e4\u00e4 ja k\u00e4ytt\u00e4ytyy aikuisena koirana.&quot; Kuinka t\u00e4llainen kasvattaja voi tiet\u00e4\u00e4 hybridisaation vaikutuksen? Monet heist\u00e4 n\u00e4ytt\u00e4v\u00e4t ylpe\u00e4n\u00e4 sukutauluja kauniilla, hienoilla nimill\u00e4, mutta mist\u00e4 tied\u00e4t, mink\u00e4 rotuisia ne kaikki paperilla olevat koirat olivat?<\/span><\/p>\n<p>&nbsp;<\/p>\n<h3>Mik\u00e4 sukutaulu<\/h3>\n<p>&nbsp;<\/p>\n<p><span style=\"font-weight: 400;\">Tai viel\u00e4 parempaa, kun saan sukutaulun (en kerro kenelt\u00e4, mutta Labradoodle-maailmassa hyvin tunnettu kasvattaja) katson 4. sukupolvea nartusta &quot;UNKNOWN&quot;. MIT\u00c4 SE KOSKEE? Jos et tied\u00e4, tied\u00e4t todenn\u00e4k\u00f6isesti mit\u00e4 se on.<\/span><\/p>\n<p><span style=\"font-weight: 400;\">Olen jo puhunut useiden t\u00e4llaisten perheiden kanssa: &quot;En tiennyt&quot;, &quot;Sen piti olla Labradoodle&quot;, &quot;Minun piti antaa se tarhalle&quot;, &quot;Auttakaa Labradoodleani, jolla on ongelma... .&quot;<\/span><\/p>\n<p><span style=\"font-weight: 400;\">Siksi on v\u00e4ltt\u00e4m\u00e4t\u00f6nt\u00e4 tutkia perusteellisesti r\u00f6ntgenkuva organisaatio, josta aiomme ottaa pentumme. Salliiko organisaatio Labradoodlesin parittamiseen muihin rotuihin? Jos on, mist\u00e4 tied\u00e4n, kun adoptoin koirani?<\/span><\/p>\n<p><span style=\"font-weight: 400;\">Seuraava asia, jota vaadin, on DNA-testaus jokaiselle koiranpennulle. Miksi? Koska sinun t\u00e4ytyy tiet\u00e4\u00e4, ovatko h\u00e4nen is\u00e4ns\u00e4 ja \u00e4itins\u00e4 kasvattajan ilmoittamia koiria. Organisaation tulee VADATTAA t\u00e4t\u00e4 j\u00e4senilt\u00e4\u00e4n. Muuten voi k\u00e4yd\u00e4 niin, ett\u00e4 puolen pentueen is\u00e4 on toinen is\u00e4nt\u00e4 ja toinen puolisko toinen.<\/span><\/p>\n<p><span style=\"font-weight: 400;\">\u00c4l\u00e4 luota kasvattajan rehellisyyteen, koska yksinkertaisesti lasket v\u00e4\u00e4rin. Joissakin maissa parittelu kahden uroksen kanssa on SALLITTUA. Olen itse todistamassa tilannetta, jossa siitoskoira lensi AUSTRALIASTA (en mainitse kasvattajaa) Alankomaihin. Kasvattaja, huolimatta siit\u00e4, ett\u00e4 h\u00e4n kasvatti 2 eri urosta, ei halunnut tehd\u00e4 DNA-testej\u00e4, koska h\u00e4n p\u00e4\u00e4tti, ett\u00e4 ..... HUOM .... h\u00e4n tiet\u00e4\u00e4 kuka t\u00e4m\u00e4n pennun is\u00e4 on, koska se voi olla n\u00e4hty. VAKAVASTI? Ymm\u00e4rr\u00e4n monen vuoden k\u00e4yt\u00e4nn\u00f6n... Lopulta kokeet isojen osumien j\u00e4lkeen tehtiin, mutta voitteko kuvitella tilannetta, jossa kasvattaja k\u00e4ytt\u00e4\u00e4 ep\u00e4varmaa alkuper\u00e4\u00e4 olevaa nastaa? Mik\u00e4 se on? Ruokakauppa, jossa k\u00e4yn, etk\u00e4 tied\u00e4 onko se puolalaista vai kiinalaista valkosipulia (?)\u2026. Min\u00e4kin menet\u00e4n pikkuhiljaa mieleni.<\/span><\/p>\n<p>&nbsp;<\/p>\n<h3>Alfa-Europe ja yhteisty\u00f6 Australian kanssa<\/h3>\n<p>&nbsp;<\/p>\n<p><span style=\"font-weight: 400;\">Vuonna 2014 ALFA-Europe aloitti yhteisty\u00f6n australialaisen FCI:n kanssa. T\u00e4m\u00e4n yhteisty\u00f6n tavoitteena oli luoda kirjoja ja sis\u00e4llytt\u00e4\u00e4 australialaiset labradoodlit sukutaulukoiriksi ensisijaisesti maassa, josta ne tulevat. Se oli pitk\u00e4 ja kuoppainen tie. Lukuisia tapaamisia, j\u00e4rjestelyj\u00e4 mit\u00e4 ja miten. Ty\u00f6skentele jalostuss\u00e4\u00e4nt\u00f6jen ja eettisten s\u00e4\u00e4nt\u00f6jen parissa. T\u00e4m\u00e4n seurauksena k\u00e4vi ilmi, ett\u00e4 organisaatio vet\u00e4ytyy aikaisemmista j\u00e4rjestelyist\u00e4 ja kuitenkin:<\/span><\/p>\n<ol>\n<li><span style=\"font-weight: 400;\"> Ensimm\u00e4isten sukupolvien sallittu rekister\u00f6inti (F1)<\/span><\/li>\n<li><span style=\"font-weight: 400;\"> Se antoi kasvattajille vapaat k\u00e4det, halusivatko he tehd\u00e4 DNA-testauksen vai eiv\u00e4t<\/span><\/li>\n<\/ol>\n<p><span style=\"font-weight: 400;\">Koska ALFA Europelle t\u00e4llainen tilanne oli askel taaksep\u00e4in, vet\u00e4ydyimme yhteisty\u00f6st\u00e4 t\u00e4m\u00e4n organisaation kanssa.<\/span><\/p>\n<p><span style=\"font-weight: 400;\">Organisaatio meni jopa niin pitk\u00e4lle, ett\u00e4 muutti koirarodun nimen ja p\u00e4\u00e4tti, ett\u00e4 t\u00e4st\u00e4 l\u00e4htien n\u00e4m\u00e4 todelliset &quot;Australian Labradoodles&quot; (nyt toisella nimell\u00e4) risteytet\u00e4\u00e4n SOFT COATED IRISH WHEATEN -vehn\u00e4ll\u00e4. Toiset eiv\u00e4t ole en\u00e4\u00e4 &quot;oikeita&quot; (no, ellei niit\u00e4 ole rekister\u00f6ity ennen jonkin aikaa, niit\u00e4 voidaan silti pit\u00e4\u00e4 todellisina).<\/span><\/p>\n<p><span style=\"font-weight: 400;\">Voitko eksy\u00e4 tiedon sokkeloon? Tied\u00e4n, muistan polkuni alun ja nyt mit\u00e4 syvemm\u00e4lle tunnen, sit\u00e4 enemm\u00e4n olen s\u00e4\u00e4liksi uusia ostajia, jotka haluaisivat ker\u00e4t\u00e4 luotettavaa tietoa. Olen pahoillani, mutta meid\u00e4n jokaisen on teht\u00e4v\u00e4 &quot;kotiteht\u00e4v\u00e4mme&quot; ja r\u00f6ntgenkuvattava kasvattajamme hyvin.\u00a0<\/span><\/p>\n<p>[\/et_pb_text][\/et_pb_column][\/et_pb_row][\/et_pb_section]<\/p>","protected":false},"excerpt":{"rendered":"<p>Jalostuskoirani ja heid\u00e4n j\u00e4lkel\u00e4iseni ovat rekister\u00f6ityj\u00e4 ALFA-EUROPE- ja ALFA-POLAND-j\u00e4rjest\u00f6ihin. Taitavat ihmiset varmaan tiet\u00e4v\u00e4t, ett\u00e4 Australian labradoodleja yhdist\u00e4\u00e4 monia j\u00e4rjest\u00f6j\u00e4. Niin monta ja niin samankaltaisilla nimill\u00e4, ett\u00e4 joskus on todella vaikea ymm\u00e4rt\u00e4\u00e4 kaikkea. T\u00e4m\u00e4n artikkelin tarkoitus ei ole mainita niit\u00e4 nimell\u00e4 ja vertailla niit\u00e4, en halua [...]<\/p>","protected":false},"author":2,"featured_media":0,"parent":0,"menu_order":0,"comment_status":"open","ping_status":"open","template":"","meta":{"_et_pb_use_builder":"on","_et_pb_old_content":"","_et_gb_content_width":"","footnotes":""},"class_list":["post-3468","page","type-page","status-publish","hentry"],"_links":{"self":[{"href":"https:\/\/labradoodle.pl\/fi\/wp-json\/wp\/v2\/pages\/3468","targetHints":{"allow":["GET"]}}],"collection":[{"href":"https:\/\/labradoodle.pl\/fi\/wp-json\/wp\/v2\/pages"}],"about":[{"href":"https:\/\/labradoodle.pl\/fi\/wp-json\/wp\/v2\/types\/page"}],"author":[{"embeddable":true,"href":"https:\/\/labradoodle.pl\/fi\/wp-json\/wp\/v2\/users\/2"}],"replies":[{"embeddable":true,"href":"https:\/\/labradoodle.pl\/fi\/wp-json\/wp\/v2\/comments?post=3468"}],"version-history":[{"count":13,"href":"https:\/\/labradoodle.pl\/fi\/wp-json\/wp\/v2\/pages\/3468\/revisions"}],"predecessor-version":[{"id":5475,"href":"https:\/\/labradoodle.pl\/fi\/wp-json\/wp\/v2\/pages\/3468\/revisions\/5475"}],"wp:attachment":[{"href":"https:\/\/labradoodle.pl\/fi\/wp-json\/wp\/v2\/media?parent=3468"}],"curies":[{"name":"wp","href":"https:\/\/api.w.org\/{rel}","templated":true}]}}