{"id":3308,"date":"2017-02-15T10:09:04","date_gmt":"2017-02-15T09:09:04","guid":{"rendered":"https:\/\/labradoodle.pl\/?page_id=3308"},"modified":"2018-04-09T09:12:53","modified_gmt":"2018-04-09T07:12:53","slug":"galeria-australijskie-labradoodle","status":"publish","type":"page","link":"https:\/\/labradoodle.pl\/fi\/galeria-australijskie-labradoodle\/","title":{"rendered":"Australialainen labradoodle-galleria"},"content":{"rendered":"<p>[et_pb_section transparent_background=\u201doff\u201d allow_player_pause=\u201doff\u201d inner_shadow=\u201doff\u201d parallax=\u201doff\u201d parallax_method=\u201don\u201d custom_padding=\u201d0px|0px|0px|0px\u201d make_fullwidth=\u201doff\u201d use_custom=\u201dwidthunit\u201d \u201doff\u201d custom_width_px=\u201d1080px\u201d custom_width_percent=\u201d80%\u201d make_equal=\u201doff\u201d use_custom_gutter=\u201doff\u201d fullwidth=\u201don\u201d specialty=\u201doff\u201d admin_label=\u201dOsa\u201d poistettu k\u00e4yt\u00f6st\u00e4=\u201doff\u201d][et_pb_fullder\u201d showonth_sli\u201d \u201d show_pagination=\u201don\u201d auto=\u201doff\u201d auto_speed=\u201d7000\u2033 auto_ignore_hover=\u201doff\u201d parallax=\u201doff\u201d parallax_method=\u201doff\u201d remove_inner_shadow=\u201doff\u201d background_position=\u201ddefault\u201d background_size=\u201ddefault\u201d top_padding=\u201d0 \u201d bottom_padding=\u201d200px\u201d hide_content_on_mobile=\u201doff\u201d hide_cta_on_mobile=\u201doff\u201d show_image_video_mobile=\u201doff\u201d admin_label=\u201dFull Width Slider\u201d custom_button=\u201doff\u201d button_text_size=\u201d20\u2033=use_coni button\u201d icon_placement= \u201dright\u201d button_on_hover=\u201don\u201d button_letter_spacing_hover=\u201d0\u2033 enabled=\u201doff\u201d][et_pb_slide heading=\u201dBenji\u201d button_link=\u201d#\u201d background_image=\u201dhttps:\/\/labradoodle.pl\/wp-content\/uploads\/2017\/ 02\/Australian-Labradoodle-Benji.jpg\u201d background_position=\u201ddefault\u201d background_size=\u201ddefault\u201d background_color=\u201d#ffffff\u201d use_bg_overlay=\u201doff\u201d use_text_overlay=\u201doff\u201d alignment=\u201dcenter\u201d background_layout=\u201ddark\u201d enable_off\u201d_pause text_border_radius=\u201d3\u2033 header_font=\u201d||||\u201d body_font=\u201d||||\u201d custom_button=\u201doff\u201d button_font=\u201d||||\u201d button_use_icon=\u201ddefault\u201d button_icon_placement=\u201doikea\u201d button_on_hover=\u201don\u201d Disabled=\u201doff\u201d] [\/et_pb_slide][\/et_pb_fullwidth_slider][\/et_pb_section][et_pb_section transparent_background=\u201doff\u201d enable_play_5\u201dT inner_shadow=\u201doff\u201d parallax=\u201doff\u201d parallax_method=\u201don\u201d make_fullwidth=\u201doff\u201d use_custom_width=\u201doff\u201d width_unit=\u201doff\u201d custom_width_px=\u201d1080px\u201d custom_width_percent=\u201d801TP33T\u201doff\u201d make_equa\u201dloff\u201d fullwidth=\u201doff\u201d specialty=\u201doff\u201d enabled=\u201doff\u201d][et_pb_row make_fullwidth=\u201doff\u201d use_custom_width=\u201doff\u201d width_unit=\u201doff\u201d custom_width_px=\u201d1080px\u201d custom_width_percent=\u201d80%\u201d=use_width_gutter=custom_thgutter \u201d3\u2033 allow_player_pause=\u201doff\u201d parallax=\u201doff\u201d parallax_method=\u201don\u201d make_equal=\u201doff\u201d parallax_1=\u201doff\u201d parallax_method_1=\u201don\u201d parallax_2=\u201doff\u201d parallax_method_2=\u201don\u201d parallax_3=\u201dmethod\u201d parallax_3=\u201dpois\u201d \u201don\u201d parallax_4=\u201doff\u201d parallax_method_4=\u201don\u201d enabled=\u201doff\u201d][et_pb_column type=\u201d4_4\u2033 enabled=\u201doff\u201d parallax=\u201doff\u201d parallax_method=\u201don\u201d][et_pb_gallery gallery_ids=\u201d3306,324 &quot; \u2033 orientation=\u201dportrait\u201d show_title_and_caption=\u201doff\u201d show_pagination=\u201don\u201d background_layout=\u201dlight\u201d auto=\u201doff\u201d auto_speed=\u201d7000\u2033 use_border_color=\u201doff\u201d border_color=\u201d#ffffff\u201d border_width=\u201d1px\u201dsolid \u201d Disabled=\u201doff\u201d][\/et_pb_gallery][\/et_pb_column][\/et_pb_row][\/et_pb_section]<\/p>","protected":false},"excerpt":{"rendered":"","protected":false},"author":3,"featured_media":0,"parent":0,"menu_order":0,"comment_status":"closed","ping_status":"closed","template":"","meta":{"_et_pb_use_builder":"on","_et_pb_old_content":"","_et_gb_content_width":"","footnotes":""},"class_list":["post-3308","page","type-page","status-publish","hentry"],"_links":{"self":[{"href":"https:\/\/labradoodle.pl\/fi\/wp-json\/wp\/v2\/pages\/3308","targetHints":{"allow":["GET"]}}],"collection":[{"href":"https:\/\/labradoodle.pl\/fi\/wp-json\/wp\/v2\/pages"}],"about":[{"href":"https:\/\/labradoodle.pl\/fi\/wp-json\/wp\/v2\/types\/page"}],"author":[{"embeddable":true,"href":"https:\/\/labradoodle.pl\/fi\/wp-json\/wp\/v2\/users\/3"}],"replies":[{"embeddable":true,"href":"https:\/\/labradoodle.pl\/fi\/wp-json\/wp\/v2\/comments?post=3308"}],"version-history":[{"count":4,"href":"https:\/\/labradoodle.pl\/fi\/wp-json\/wp\/v2\/pages\/3308\/revisions"}],"predecessor-version":[{"id":3782,"href":"https:\/\/labradoodle.pl\/fi\/wp-json\/wp\/v2\/pages\/3308\/revisions\/3782"}],"wp:attachment":[{"href":"https:\/\/labradoodle.pl\/fi\/wp-json\/wp\/v2\/media?parent=3308"}],"curies":[{"name":"wp","href":"https:\/\/api.w.org\/{rel}","templated":true}]}}