{"id":2164,"date":"2013-03-26T13:24:39","date_gmt":"2013-03-26T12:24:39","guid":{"rendered":"https:\/\/www.wlochata-pasja.com.pl\/cookie-policy\/"},"modified":"2019-09-30T22:27:16","modified_gmt":"2019-09-30T20:27:16","slug":"polityka-prywatnosci","status":"publish","type":"page","link":"https:\/\/labradoodle.pl\/fi\/polityka-prywatnosci\/","title":{"rendered":"Tietosuojak\u00e4yt\u00e4nt\u00f6"},"content":{"rendered":"<p>[et_pb_section fb_built=\u201d1\u2033 _builder_version=\u201d3.0.47\u2033][et_pb_row _builder_version=\u201d3.19.11\u2033 background_size=\u201dinitial\u201d background_position=\u201dtop_left\u201d background_repeat=\u201drepeat\u201d col.3 \u201d 3.0.47\u2033 parallax=\u201doff\u201d parallax_method=\u201don\u201d][et_pb_text _builder_version=\u201d3.2.2\u2033 text_font_size=\u201d18\u2033]<\/p>\n<h2 class=\"headline font-special fontsize-l fontweight-700 lh-inherit align-left transform-uppercase\">Ev\u00e4stepolitiikka<\/h2>\n<div class=\"divider divider5\"><\/div>\n<div class=\"wpb_text_column wpb_content_element\">\n<div class=\"wpb_wrapper\">\n<h1 class=\"entry-title main_title\"><span style=\"font-size: 18px; color: #666666; font-weight: 500;\">www.labradoodle.pl -sivusto saattaa k\u00e4ytt\u00e4\u00e4 ev\u00e4steit\u00e4 (niin kutsuttuja &quot;ev\u00e4steit\u00e4&quot;)<\/span><\/h1>\n<div class=\"entry-content\">\n<p>Ev\u00e4steet ovat palvelinten k\u00e4ytt\u00e4j\u00e4n p\u00e4\u00e4telaitteelle tallentamia tietoja, jotka palvelimet voivat lukea joka kerta, kun ne muodostavat yhteyden t\u00e4h\u00e4n p\u00e4\u00e4telaitteeseen. Ev\u00e4steet sis\u00e4lt\u00e4v\u00e4t yleens\u00e4 sen verkkosivuston nimen, jolta ne tulevat, niiden tallennusajan p\u00e4\u00e4telaitteella ja yksil\u00f6llisen numeron.<\/p>\n<p><strong>Ev\u00e4steit\u00e4 k\u00e4ytet\u00e4\u00e4n:<\/strong><\/p>\n<ul>\n<li>verkkosivujen sis\u00e4ll\u00f6n mukauttaminen k\u00e4ytt\u00e4jien mieltymyksiin ja verkkosivustojen k\u00e4yt\u00f6n optimointi; erityisesti n\u00e4iden tiedostojen avulla voidaan tunnistaa verkkosivuston k\u00e4ytt\u00e4j\u00e4n laite ja n\u00e4ytt\u00e4\u00e4 verkkosivusto oikein r\u00e4\u00e4t\u00e4l\u00f6ityn\u00e4 h\u00e4nen yksil\u00f6llisiin tarpeisiinsa;<\/li>\n<li>tilastojen luominen, jotka auttavat ymm\u00e4rt\u00e4m\u00e4\u00e4n, kuinka verkkosivuston k\u00e4ytt\u00e4j\u00e4t k\u00e4ytt\u00e4v\u00e4t verkkosivustoja, mik\u00e4 mahdollistaa niiden rakenteen ja sis\u00e4ll\u00f6n parantamisen;<\/li>\n<li>verkkosivuston k\u00e4ytt\u00e4j\u00e4n istunnon yll\u00e4pit\u00e4minen (sis\u00e4\u00e4nkirjautumisen j\u00e4lkeen), jonka ansiosta k\u00e4ytt\u00e4j\u00e4n ei tarvitse sy\u00f6tt\u00e4\u00e4 k\u00e4ytt\u00e4j\u00e4tunnusta ja salasanaa uudelleen jokaiselle verkkosivuston alasivulle;<\/li>\n<\/ul>\n<p><strong>Verkkosivustolla voidaan k\u00e4ytt\u00e4\u00e4 seuraavan tyyppisi\u00e4 ev\u00e4steit\u00e4:<\/strong><\/p>\n<ul>\n<li>&quot;tarvittavat&quot; ev\u00e4steet, jotka mahdollistavat verkkosivustolla olevien palvelujen k\u00e4yt\u00f6n, esim. todennusev\u00e4steet, joita k\u00e4ytet\u00e4\u00e4n todennusta vaativiin palveluihin verkkosivustolla;<\/li>\n<li>ev\u00e4steet, joita k\u00e4ytet\u00e4\u00e4n turvallisuuden takaamiseen, esimerkiksi petosten havaitsemiseen verkkosivuston todennuksen alalla;<\/li>\n<li>&quot;suorituskykyev\u00e4steet&quot;, jotka mahdollistavat tietojen ker\u00e4\u00e4misen verkkosivuston sivujen k\u00e4yt\u00f6st\u00e4;<\/li>\n<li>&quot;funktionaaliset&quot; ev\u00e4steet, jotka mahdollistavat k\u00e4ytt\u00e4j\u00e4n valitsemien asetusten &quot;muistamisen&quot; ja k\u00e4ytt\u00f6liittym\u00e4n mukauttamisen esimerkiksi valitun kielen tai alueen, josta k\u00e4ytt\u00e4j\u00e4 tulee, kirjasinkoon, verkkosivuston ulkoasun jne.<\/li>\n<\/ul>\n<p>Verkkosivuston k\u00e4ytt\u00e4j\u00e4t voivat muuttaa ev\u00e4steasetuksia. N\u00e4it\u00e4 asetuksia voidaan muuttaa erityisesti siten, ett\u00e4 se est\u00e4\u00e4 ev\u00e4steiden automaattisen k\u00e4sittelyn verkkoselaimen asetuksissa tai ilmoittaa jokaisesta ev\u00e4steiden asettamisesta verkkosivuston k\u00e4ytt\u00e4j\u00e4n laitteelle. Yksityiskohtaiset tiedot ev\u00e4steiden k\u00e4sittelymahdollisuuksista ja tavoista l\u00f6ytyv\u00e4t verkkoselaimen asetuksista.<\/p>\n<p>Ev\u00e4steiden ja verkkosivuston tietojen hallinta yksitt\u00e4isiss\u00e4 selaimissa:<\/p>\n<p>selaimessa\u00a0<a href=\"http:\/\/support.google.com\/chrome\/bin\/answer.py?hl=pl&amp;answer=95647\" target=\"_blank\" rel=\"noopener\">Kromi<\/a><\/p>\n<p>selaimessa\u00a0<a href=\"http:\/\/support.mozilla.org\/pl\/kb\/ciasteczka?esab=a&amp;s=wy%C5%82%C4%85cz+ciasteczka&amp;r=0&amp;as=s\" target=\"_blank\" rel=\"noopener\">Firefox<\/a><\/p>\n<p>selaimessa\u00a0<a href=\"http:\/\/windows.microsoft.com\/pl-pl\/windows7\/block-enable-or-allow-cookies\" target=\"_blank\" rel=\"noopener\">Internet Explorer<\/a><\/p>\n<p>selaimessa\u00a0<a href=\"http:\/\/help.opera.com\/Windows\/12.10\/pl\/cookies.html\" target=\"_blank\" rel=\"noopener\">Ooppera<\/a><\/p>\n<p>selaimessa\u00a0<a href=\"http:\/\/support.apple.com\/kb\/PH5042?viewlocale=en_US&amp;locale=en_US\" target=\"_blank\" rel=\"noopener\">Safari<\/a><\/p>\n<p>Lis\u00e4tietoja ev\u00e4steist\u00e4 on my\u00f6s saatavilla osoitteessa\u00a0<a href=\"http:\/\/wszystkoociasteczkach.pl\/\" target=\"_blank\" rel=\"noopener\">http:\/\/wszystkoociasteczkach.pl\/<\/a>.<\/p>\n<p>Sivuston yll\u00e4pit\u00e4j\u00e4 ilmoittaa, ett\u00e4 ev\u00e4steiden k\u00e4yt\u00f6n rajoitukset voivat vaikuttaa joihinkin sivuston toiminnoista.<\/p>\n<p>Ev\u00e4steiden k\u00e4ytt\u00f6\u00e4 koskevan suostumuksen saamismenettelyn hyv\u00e4ksyminen johtuu 22.3.2013 voimaan tulleen televiestint\u00e4lain s\u00e4\u00e4nn\u00f6ksist\u00e4.<\/p>\n<\/div>\n<p>&nbsp;<\/p>\n<\/div>\n<\/div>\n<div class=\"spacer\"><\/div>\n<h2 class=\"headline font-special fontsize-l fontweight-700 lh-inherit align-left transform-uppercase\">Henkil\u00f6tietojen suoja<\/h2>\n<div class=\"divider divider5\"><\/div>\n<div class=\"wpb_text_column wpb_content_element\">\n<div class=\"wpb_wrapper\">\n<p><strong>LOGI<\/strong><\/p>\n<p>Verkkosivuston k\u00e4ytt\u00e4minen sis\u00e4lt\u00e4\u00e4 kyselyjen l\u00e4hett\u00e4misen palvelimelle, jolla verkkosivusto sijaitsee. Jokainen palvelimelle osoitettu pyynt\u00f6 tallennetaan lokeihin, jotka sis\u00e4lt\u00e4v\u00e4t mm. IP-osoite, palvelimen p\u00e4iv\u00e4m\u00e4\u00e4r\u00e4 ja aika, tiedot k\u00e4ytt\u00e4m\u00e4st\u00e4si selaimesta ja k\u00e4ytt\u00f6j\u00e4rjestelm\u00e4st\u00e4. Palvelimen lokeihin tallennetut tiedot eiv\u00e4t liity mihink\u00e4\u00e4n tiettyyn henkil\u00f6\u00f6n ja ovat vain hallintaan k\u00e4ytetty\u00e4 apumateriaalia, eik\u00e4 niiden sis\u00e4lt\u00f6\u00e4 paljasteta kenellek\u00e4\u00e4n muulle kuin Kei.pl:n palvelimen hallintaan valtuutetuille henkil\u00f6ille.<\/p>\n<p><strong style=\"font-size: 18px;\">UUTISKIRJE<\/strong><\/p>\n<p>Jos suostut tietojen k\u00e4sittelyyn muihin tarkoituksiin, kuten markkinointiin ja kaupallisten tietojen l\u00e4hett\u00e4miseen - niit\u00e4 k\u00e4ytet\u00e4\u00e4n vain tietos\u00e4hk\u00f6postien l\u00e4hett\u00e4miseen I am Interactive -sivustolta. N\u00e4m\u00e4 tiedot tallennetaan HubSpot-j\u00e4rjestelm\u00e4\u00e4n. Muilla kolmansilla osapuolilla ei ole p\u00e4\u00e4sy\u00e4 niihin.<\/p>\n<p><strong>KOMMENTIT\u00a0<\/strong><\/p>\n<p>Jos lis\u00e4\u00e4t kommentin verkkosivustollani olevaan artikkeliin, annettuja tietoja ei k\u00e4ytet\u00e4 markkinointitarkoituksiin. N\u00e4m\u00e4 tiedot tallennetaan WordPressiin Kei.pl-palvelimelle.<\/p>\n<p><strong>YHTEYDENOTTOLOMAKE<\/strong><\/p>\n<p>Jos l\u00e4het\u00e4t minulle viestin yhteydenottolomakkeen kautta - antamiasi tietoja ei k\u00e4ytet\u00e4 uutiskirjeen tilaamiseen, vaan niit\u00e4 voidaan k\u00e4ytt\u00e4\u00e4 markkinointitarkoituksiin, mik\u00e4li s\u00e4hk\u00f6postiisi vastaus vaatii. N\u00e4m\u00e4 tiedot tallennetaan s\u00e4hk\u00f6postilaatikkooni s\u00e4hk\u00f6postin hallintaa ja s\u00e4hk\u00f6postivastauksen l\u00e4hett\u00e4mist\u00e4 varten. Kolmannet osapuolet eiv\u00e4t p\u00e4\u00e4se niihin k\u00e4siksi.<\/p>\n<p>\u00a0<strong style=\"font-size: 18px;\">VAPAAEHTOINEN TIETOJEN ANTAMINEN<\/strong><\/p>\n<p>Henkil\u00f6tietojen luovuttaminen markkinointi- ja kaupallisiin tarkoituksiin on vapaaehtoista. Voit tarkastella henkil\u00f6tietojasi, korjata niit\u00e4 ja pyyt\u00e4\u00e4 niiden poistamista milloin tahansa. T\u00e4t\u00e4 tarkoitusta varten ota minuun yhteytt\u00e4 tai, jos kyseess\u00e4 on uutiskirje, paina sopivaa peruutuslinkki\u00e4 l\u00e4hett\u00e4m\u00e4ss\u00e4ni uutiskirjeess\u00e4.<\/p>\n<p>Henkil\u00f6tietojen yll\u00e4pit\u00e4j\u00e4 olen min\u00e4, Edyta Gajewska, Hodowla W\u0142ochyta Pasja, jonka kotipaikka on Rogo\u017anik, ul.Parkowa 20<\/p>\n<p>Yll\u00e4pit\u00e4j\u00e4 ilmoittaa t\u00e4ten K\u00e4ytt\u00e4j\u00e4lle, ett\u00e4 h\u00e4n uskoo henkil\u00f6tietojen k\u00e4sittelyn seuraaville tahoille:<\/p>\n<ul>\n<li><span>HubSpot, Inc.\u00a0<\/span><span>25 First Street, 2. kerros,\u00a0<\/span><span>Cambridge, MA 02141 USA tallentaaksesi yhteystiedot CRM-j\u00e4rjestelm\u00e4\u00e4n<\/span><\/li>\n<li>\n<p>KEI.PL Sp. z o. o., ul. Zakopia\u0144ska 9, 30-418 Krakova tietojen tallentamiseksi palvelimelle<\/p>\n<\/li>\n<\/ul>\n<\/div>\n<\/div>\n<p>[\/et_pb_text][\/et_pb_column][et_pb_column type=\u201d1_3\u2033 _builder_version=\u201d3.0.47\u2033 parallax=\u201doff\u201d parallax_method=\u201don\u201d][et_pb_gallery gallery_ids=\u201d4022,6=4,23_2,5=4,23,2,404 \u201d5\u2033 show_title_and_caption=\u201doff\u201d zoom_icon_color=\u201d#bab723\u2033 _builder_version=\u201d3.0.105\u2033 pagination_font_size_tablet=\u201d51\u2033 pagination_line_height_tablet=\u201d2_petry _row][\/et_pb_ section]<\/p>","protected":false},"excerpt":{"rendered":"<p>Ev\u00e4stek\u00e4yt\u00e4nt\u00f6 Sivusto www.labradoodle.pl saattaa k\u00e4ytt\u00e4\u00e4 ev\u00e4steit\u00e4 (ns. &quot;ev\u00e4steet&quot;). Ev\u00e4steet sis\u00e4lt\u00e4v\u00e4t yleens\u00e4 sen verkkosivuston nimen, jolta ne tulevat, niiden s\u00e4ilytysajan p\u00e4\u00e4telaitteella ja yksil\u00f6llisen numeron. Ev\u00e4steit\u00e4 k\u00e4ytet\u00e4\u00e4n [\u2026]<\/p>","protected":false},"author":3,"featured_media":0,"parent":0,"menu_order":0,"comment_status":"closed","ping_status":"closed","template":"","meta":{"_et_pb_use_builder":"on","_et_pb_old_content":"This site uses cookies - small text files that are placed on your machine to help the site provide a better user experience. In general, cookies are used to retain user preferences, store information for things like shopping carts, and provide anonymised tracking data to third party applications like Google Analytics.\n\nAs a rule, cookies will make your browsing experience better. However, you may prefer to disable cookies on this site and on others. The most effective way to do this is to disable cookies in your browser. We suggest consulting the Help section of your browser or taking a look at <a href=\"http:\/\/www.aboutcookies.org\">the About Cookies website<\/a> which offers guidance for all modern browsers.","_et_gb_content_width":"","footnotes":""},"class_list":["post-2164","page","type-page","status-publish","hentry"],"_links":{"self":[{"href":"https:\/\/labradoodle.pl\/fi\/wp-json\/wp\/v2\/pages\/2164","targetHints":{"allow":["GET"]}}],"collection":[{"href":"https:\/\/labradoodle.pl\/fi\/wp-json\/wp\/v2\/pages"}],"about":[{"href":"https:\/\/labradoodle.pl\/fi\/wp-json\/wp\/v2\/types\/page"}],"author":[{"embeddable":true,"href":"https:\/\/labradoodle.pl\/fi\/wp-json\/wp\/v2\/users\/3"}],"replies":[{"embeddable":true,"href":"https:\/\/labradoodle.pl\/fi\/wp-json\/wp\/v2\/comments?post=2164"}],"version-history":[{"count":5,"href":"https:\/\/labradoodle.pl\/fi\/wp-json\/wp\/v2\/pages\/2164\/revisions"}],"predecessor-version":[{"id":4281,"href":"https:\/\/labradoodle.pl\/fi\/wp-json\/wp\/v2\/pages\/2164\/revisions\/4281"}],"wp:attachment":[{"href":"https:\/\/labradoodle.pl\/fi\/wp-json\/wp\/v2\/media?parent=2164"}],"curies":[{"name":"wp","href":"https:\/\/api.w.org\/{rel}","templated":true}]}}