{"id":185,"date":"2009-02-09T10:57:22","date_gmt":"2009-02-09T09:57:22","guid":{"rendered":"https:\/\/wlochata-pasja.home.pl\/www\/?page_id=185"},"modified":"2024-02-01T12:13:08","modified_gmt":"2024-02-01T11:13:08","slug":"australijski-labradoodle","status":"publish","type":"page","link":"https:\/\/labradoodle.pl\/fi\/australijski-labradoodle\/","title":{"rendered":"Australialainen labradoodle"},"content":{"rendered":"<p>[et_pb_section fb_built=\u201d1\u2033 fullwidth=\u201don\u201d next_background_color=\u201d#ffffff\u201d admin_label=\u201dOtsikkoosio\u201d _builder_version=\u201d4.23\u2033 background_color=\u201d#FFFFFF\u201d bottom_divider_fider_style=\u201dlip_jakaja\u201dhori abled=\u201d0\u2033 global_ colours_info = \u201d{}\u201d theme_builder_area=\u201dpost_content\u201d sticky_enabled=\u201d0\u2033][et_pb_fullwidth_header title=\u201dAustralian Labradoodle\u201d admin_label=\u201dFullwidth Header\u201d _builder_version=\u201d4.23\u2033Raleway|7|0 title_font|| title_text_align=\u201dcenter\u201d title_font_size=\u201d70px\u201d title_line_height=\u201d1.1em\u201d content_font=\u201dRaleway||||||||\u201d content_text_color=\u201d#FFFFFF\u201d content_font_size=\u201d50px\u201d content_line_height=\u201d1.1em\u201d subhead_font=\u201dRaleway|700|||||||\u201d subhead_font_size=\u201d70px\u201d subhead_line_height=\u201d1.1em\u201d background_color=\u201d#c0b740\u2033 background_enable_image=\u201doff\u201d background_blend=\u201doverlay\u201d custom_button_one=\u201don\u201d button_one_text_size=\u201d16px\u201d button_one_text_size=\u201d16px\u201d button_one\u201dffg.5 24 153,0, 0.83)\u201d button_one_border_width=\u201d15px\u201d button_one_border_color=\u201drgba(0,0,0,0)\u201d button_one_border_radius=\u201d100px\u201d button_one_letter_spacing=\u201d3px\u201d button_one_font=\u201dOswald|||\u201don|| button_one_use_icon=\u201doff\u201d custom_button_two=\u201don\u201d button_two_text_size=\u201d16px\u201d button_two_text_color=\u201d#ffffff\u201d button_two_bg_color=\u201drgba(224,153,0,0.83)\u201d button_two_border_wop0\u201d 0,0) \u201d button_two_border_radius=\u201d100px\u201d button_two_letter_spacing=\u201d3px\u201d button_two_font=\u201dOswald|||on|||||\u201d button_two_use_icon=\u201doff\u201d custom_margin=\u201d|||\u201d custom_padding=\u201d3vw||3vw||true|\u201d hover_enabled=\u201d0\u2033 content_font_size_tablet=\u201d50px\u201d content_font_size_phone=\u201d25px\u201d content_font_size_last_edited=\u201don|desktop\u201d subhead_font_size_tablet=\u201d80px\u201d subhead_font_size_head=destop_5 \u201d title_text_shadow_style=\u201dpreset4 \u2033 title_text_shadow_color=\u201d#000000\u2033 content_text_shadow_style =\u201dpreset2\u2033 content_text_shadow_color=\u201d#000000\u2033 subhead_text_shadow_style=\u201dpreset4\u2033 text_shadow_style=\u201dpreset4\u2033 button_one_border_radius_hover=\u201d100px\u201d button_one_bg_color_hobtg_ ver=\u201d#d2 9f68\u2033 global_colors_info=\u201d{}\u201d button_one_text_size__hover_enabled=\u201doff\u201d button_two_text_size__hover_enabled=\u201doff \u201d button_one_text_color__hover_enabled=\u201doff\u201d button_two_text_color__hover_enabled=\u201doff\u201d button_one_border_width__hover_enabled=\u201doff\u201d button_two_border_width__hover_enabled=\u201doff\u201d button_one_border_color_color_wover \u201doff\u201d button_one_border_radius __hover_enabled=\u201doff\u201d button_one_border_radius__hover=\u201d100px\u201d button_two_border_radius__hover_enabled=\u201doff\u201d button_one_letter_spacing__hover_enabled=\u201d off\u201d button_two_letter_spacing__hover_enabled=\u201doff\u201d button_one_bg_color__hover_enabled=\u201don\u201d button_one_bg_color__hover=\u201d#d87c6c\u201d button_two_bg_color__hover_enabled=\u201don\u201d button_two_hob _area=\u201dpost_content\u201d title_font _size_last_edited=\u201don|desktop\u201d sticky_enabled=\u201d0\u2033 title_font_size_phone=\u201d50px\u201d otsikko version=\u201d4.16\u2033 background_size=\u201d origin\u201d background_position=\u201dtop_left\u201d background_repeat=\u201drepeat\u201d global_colors_info=\u201d{}\u201d][et_pb_column type=\u201d4_4\u2033 _builder_version=\u201d4.16\u2033 custom_padding=\u201d|||\u201d global_colors_info=\u201d{}\u201d custom_padding__hover=\u201d|||\u201d][et_pb_text admin_label=\u201dTeksti\u201d _builder_version=\u201d4.23\u2033 text_font=\u201d|300|||||||\u201d background_size=\u201dinitial\u201d background_position=\u201dtop_left\u201d background_repeat=\u201drepeat\u201d hover_enabled=\u201d0\u2033 global_colors_info=\u201d{}\u201d sticky_enabled=\u201d0\u2033]<\/p>\n<h1>Australialainen labradoodle<\/h1>\n<h3 style=\"text-align: justify;\">Jotain historiaa<\/h3>\n<p style=\"text-align: justify;\">Viimeisten useiden vuosien ajan <strong>Australialainen labradoodle<\/strong>, on tullut yksi suosituimmista roduista Yhdysvalloissa. Niist\u00e4 on tulossa yh\u00e4 yleisempi\u00e4 my\u00f6s Euroopassa. Monet ihmiset kiinnostuivat hoopoista p\u00e4\u00e4asiassa niiden irtoamattoman ja allergiayst\u00e4v\u00e4llisen turkin vuoksi. <strong>Australialainen labradoodle<\/strong> ne ovat koiria, jotka kaipaavat ihmisten yhteisty\u00f6t\u00e4, oppivat nopeasti ja osoittavat suurta kiintymyst\u00e4 ihmislaumaansa.<br \/>Se on yksi harvoista luokkaan kuuluvista roduista - <a href=\"https:\/\/labradoodle.pl\/fi\/australijskie-labradoodle-dla-alergikow\/\">HYPOALLERGINEN<\/a>. Suurin osa allergikoista suhtautuu koirien omistamiseen hyvin skeptisesti. Tied\u00e4n t\u00e4m\u00e4n omasta kokemuksestani, kun jouduin etsim\u00e4\u00e4n sijaiskoteja yksi kerrallaan, ensin papukaijalleni ja sitten bassetilleni. Voin vain suositella vierailua Hairy Passionissa, jonka avulla voit varmasti n\u00e4hd\u00e4, tuleeko koirille allerginen reaktio vai ei.<br \/>Allergiani kasvoi vuosi vuodelta, sitten astma ilmaantui ja allergologi kehotti voimakkaasti olemaan hankkimatta koiraa. Minut l\u00e4hetettiin kokeisiin, jotka tietysti vahvistivat pelkoni. Pelk\u00e4sin, etten koskaan pystyisi toteuttamaan intohimoani, joka on koirat ja heid\u00e4n kanssaan ty\u00f6skentely. Luin paljon allergiayst\u00e4v\u00e4llisist\u00e4 koirista ja olin edelleen hyvin skeptinen sen suhteen. Ennen kuin p\u00e4\u00e4tin hankkia t\u00e4llaisen koiran, k\u00e4vin kenneliss\u00e4 useita kertoja katsomassa, tulisiko minulla allergisia reaktioita.<\/p>\n<p>[\/et_pb_text] x\u201d overlay_title_color=\u201d# FFFFFF \u201d show_overlay_caption=\u201doff\u201d overlay_caption_size=\u201d14px\u201d pagination_buttons_background=\u201dRGBA(255,255,255,0)\u201d pagination_buttons_background_active=\u201d#bcb840\u201d |ty\u00f6p\u00f6yt\u00e4\u201d _builder_version=\u201d4.18.0 \u2033 _module_preset=\u201ddefault\u201d pagination_text_color=\u201d#bcb840\u2033 pagination_font_size=\u201d12px\u201d pagination_active_text_color=\u201d#71615b\u201d pagination_active_font_size=\u201d12pxima\u201dxxge=1p12pxxxp| 2px\u201d border_radii_ pagination=\u201don|6px|6px|6px |6px \u201d border_radii_pagination_active=\u201don|6px|6px|6px|6px\u201d box_shadow_style_pagination=\u201dpreset1\u2033 global_colors_info=\u201d{}\u201d][\/dmg_masonry_gallery][et_pb_text _moduler_pres_8.\u2033.\u201det=text_0.\u201det=text_0 =\u201d| 300| ||||||&quot; global_colors_info=\u201d{}\u201d]<\/p>\n<p style=\"text-align: justify;\">Viel\u00e4 jokin aika sitten yleis\u00f6n tietoisuus t\u00e4llaisten rotujen olemassaolosta oli hyvin v\u00e4h\u00e4ist\u00e4. Kun etsin selainta (tieto puolalaisilla verkkosivuilla oli eritt\u00e4in huonoa), t\u00f6rm\u00e4sin yhteen foorumeista (rodun, joka on luokiteltu hypoallergeeniseksi), josta l\u00f6ysin hauskan m\u00e4\u00e4ritelm\u00e4n sanalle HYPOALLERGINEN. HIPO - se on eritt\u00e4in, valtavasti, suuresti, t\u00e4\u00e4ll\u00e4 jopa verrattiin virtahepoon. ALLERGINEN, allergiaa aiheuttava, herkist\u00e4v\u00e4 = voimakkaasti (voimakkaasti) herkist\u00e4v\u00e4 koira. Aika hassua, kuinka jotkut voivat rakentaa omia teorioitaan, eik\u00f6 niin?<br \/>Jonkin aikaa p\u00e4\u00e4t\u00e4ni vaivasi yksi ajatus - maailmassa on niin monia ihmisi\u00e4, joilla on ongelma, jonka kanssa kamppailen, ja valitettavasti kaikki viittaa siihen, ett\u00e4 heit\u00e4 tulee viel\u00e4 lis\u00e4\u00e4. Mietin, kuinka monta vammaista, joka tarvitsee avustajakoiran, on t\u00e4ss\u00e4 altaassa? Kuinka moni allerginen tai astmaatikko tarvitsee ty\u00f6koiran? Tavoitteenani oli l\u00f6yt\u00e4\u00e4 rotu, joka soveltuu ihmisten kanssa ty\u00f6skentelyyn ja jolla on siihen kaikki mahdollisuudet, ja samalla rotu, joka on yst\u00e4v\u00e4llinen allergikoille.<br \/>Jonkin ajan kuluttua t\u00f6rm\u00e4sin kuukausijulkaisussa &quot;M\u00f3j Pies&quot; Magda Urbanin &quot;Psia Wachta&quot; -s\u00e4\u00e4ti\u00f6lt\u00e4 kirjoittamaan artikkeliin. Se oli artikkeli Beverley Mannersista Australiasta ja h\u00e4nen upeista australialaisista labradoodleistaan, ja tiesin, ett\u00e4 t\u00e4m\u00e4 oli mit\u00e4 etsin. En ep\u00e4r\u00f6inyt pitk\u00e4\u00e4n, ja teimme fantastisen tuttavuuden. Beverley jakoi arvokkaita kokemuksiaan kanssani noin vuoden ajan. T\u00e4n\u00e4\u00e4n tunnen oloni riitt\u00e4v\u00e4n itsevarmaksi jatkaakseni h\u00e4nen ohjelmaa ja luodakseni Australian Labradoodlesin historiaa Puolassa.<\/p>\n<p style=\"text-align: justify;\">Minun teht\u00e4v\u00e4ni on auttaa niit\u00e4, joille Beverley p\u00e4\u00e4tti luoda rodun.<\/p>\n<p style=\"text-align: justify;\">Edyta Gajewska<\/p>\n<p>[\/et_pb_text][\/et_pb_column][\/et_pb_row][\/et_pb_section]<\/p>","protected":false},"excerpt":{"rendered":"<p>Australian Labradoodle Hieman historiaa Viimeisten kymmenen vuoden aikana australialaisista labradoodleista on tullut yksi suosituimmista roduista Yhdysvalloissa. Niit\u00e4 kuullaan my\u00f6s Euroopassa yh\u00e4 useammin. Monet ihmiset ovat kiinnostuneita duoodleista p\u00e4\u00e4asiassa niiden irtoamattoman ja allergiayst\u00e4v\u00e4llisen turkin vuoksi. Australian labradoodles ovat koiria, jotka haluavat tehd\u00e4 yhteisty\u00f6t\u00e4 ihmisten kanssa, oppia nopeasti ja [\u2026]<\/p>","protected":false},"author":2,"featured_media":0,"parent":0,"menu_order":0,"comment_status":"closed","ping_status":"closed","template":"","meta":{"_et_pb_use_builder":"on","_et_pb_old_content":"<h1>Australijski Labradoodle<\/h1>\n<p style=\"text-align: justify;\"><img class=\"size-full wp-image-188 alignleft\" style=\"border: 5px solid white; margin-top: 10px; margin-bottom: 10px;\" title=\"W\u0142ochata Pasja - Australijski Labradoodle\" alt=\"labradoore-info\" src=\"http:\/\/wlochata-pasja.home.pl\/www\/wp-content\/uploads\/2009\/02\/labradoore-info.png\" width=\"270\" height=\"73\" \/><\/p>\n<p style=\"text-align: justify;\">Przez ostatnie kilka lat <strong>Australijskie Labradoodle<\/strong>, sta\u0142y si\u0119 jedn\u0105 z najbardziej popularnych ras w Stanach Zjednoczonych. Coraz cz\u0119\u015bciej o nich s\u0142ycha\u0107 tak\u017ce w Europie. Wielu ludzi zainteresowa\u0142o si\u0119 dudlami g\u0142\u00f3wnie ze wzgl\u0119du na ich nie liniej\u0105c\u0105 i\u00a0przyjazn\u0105 alergikom\u00a0sier\u015b\u0107. <strong>Australijskie Labradoodle<\/strong> to psy, kt\u00f3re pragn\u0105 wsp\u00f3\u0142pracy z cz\u0142owiekiem, szybko si\u0119 ucz\u0105 a swojej ludzkiej sforze okazuj\u0105 du\u017ce przywi\u0105zanie.\nJest to jedna z nielicznych ras nale\u017c\u0105cych do kategorii - HIPOALERGICZNY. Wi\u0119kszo\u015b\u0107 alergik\u00f3w bardzo sceptycznie podchodzi do posiadania ps\u00f3w. Znam to z w\u0142asnego do\u015bwiadczenia, kiedy po kolei musia\u0142am szuka\u0107 dom\u00f3w zast\u0119pczych, najpierw dla mojej papugi a potem psa rasy basset hound. Mog\u0119 jedynie zaproponowa\u0107 wizyt\u0119 we W\u0142ochatej Pasji, kt\u00f3ra na pewno pozwoli si\u0119 Pa\u0144stwu przekona\u0107 czy wyst\u0105pi reakcja alergiczna na psy czy te\u017c nie.\nMoje alergie nasila\u0142y si\u0119 z roku na rok, potem pojawi\u0142a si\u0119 astma a lekarz alergolog stanowczo odradzi\u0142 posiadanie psa. Zosta\u0142am wys\u0142ana na badania, kt\u00f3re oczywi\u015bcie potwierdzi\u0142y moje obawy. Ba\u0142am si\u0119, \u017ce nigdy nie b\u0119d\u0119 w stanie realizowa\u0107 swojej pasji, pasji kt\u00f3r\u0105 w\u0142a\u015bnie s\u0105 psy i praca z nimi. Bardzo du\u017co czyta\u0142am o psach przyjaznych alergikom a i tak podchodzi\u0142am do tematu bardzo sceptycznie. Zanim zdecydowa\u0142am si\u0119 na takiego psa odwiedzi\u0142am hodowl\u0119 kilka razy, aby zaobserwowa\u0107 czy wyst\u0105pi\u0105 u mnie reakcje alergiczne.\nJeszcze trzy lata temu, \u015bwiadomo\u015b\u0107 spo\u0142ecze\u0144stwa na temat istnienia takich ras by\u0142a bardzo niska. Kiedy przeszukiwa\u0142am przegl\u0105dark\u0119 (na polskich stronach informacje by\u0142y bardzo ubogie) natkn\u0119\u0142am si\u0119 na jedno z forum (w\u0142a\u015bnie rasy, kt\u00f3ra jest zaliczana do hipoalergicznych), na kt\u00f3rym znalaz\u0142am zabawn\u0105 definicj\u0119 s\u0142owa HIPOALERGICZNY. HIPO - czyli bardzo, ogromnie, wielce, tutaj nawet pad\u0142o przyr\u00f3wnanie do hipopotama. ALERGICZNY, powoduj\u0105cy alergi\u0119, uczulaj\u0105cy = pies kt\u00f3ry silnie (mocno) uczula. Dosy\u0107 zabawne, jak niekt\u00f3rzy potrafi\u0105 budowa\u0107 swoje w\u0142asne teorie, nieprawda\u017c?\nPrzez jaki\u015b czas moja g\u0142owa by\u0142a zaprz\u0105tni\u0119ta jedn\u0105 my\u015bl\u0105 - na \u015bwiecie jest tak wiele os\u00f3b z problemem z jakim i ja si\u0119 borykam, a niestety wszystko wskazuje na to, \u017ce przyb\u0119dzie ich jeszcze wi\u0119cej. Zastanawia\u0142am si\u0119 ile w tej puli znajdzie si\u0119 os\u00f3b niepe\u0142nosprawnych potrzebuj\u0105cych psa asystuj\u0105cego? Ilu alergik\u00f3w czy astmatyk\u00f3w b\u0119dzie potrzebowa\u0142o psa pracuj\u0105cego? Za cel postanowi\u0142am sobie znale\u017a\u0107 ras\u0119 odpowiedni\u0105 do pracy z lud\u017ami i posiadaj\u0105c\u0105 wszelki potencja\u0142 ku temu, a jednocze\u015bnie ras\u0119 kt\u00f3ra jest przyjazna alergikom.\nPo jakim\u015b czasie,\u00a0w miesi\u0119czniku \"M\u00f3j Pies\" natkn\u0119\u0142am sie na artyku\u0142 napisany przez Magd\u0119 Urban z Fundacji \"Psia Wachta\"\u00a0. By\u0142 to artyku\u0142 o Beverley Manners z Australii i jej cudownych Australijskich Labradoodlach wiedzia\u0142am, \u017ce to jest to czego szuka\u0142am. D\u0142ugo nie zwleka\u0142am i nawi\u0105za\u0142y\u015bmy ze sob\u0105 fantastyczn\u0105 znajomo\u015b\u0107. Beverley przez oko\u0142o rok czasu dzieli\u0142a si\u0119 ze mn\u0105 swoimi cennymi do\u015bwiadczeniami. Dzi\u015b czuj\u0119 si\u0119 na tyle pewnie, aby kontynuowa\u0107 jej program i tworzy\u0107 histori\u0119 Australijskich Labradoodli w Polsce.<\/p>\n<p style=\"text-align: justify;\">Moj\u0105 misj\u0105 jest niesienie pomocy tym, z my\u015bl\u0105 o kt\u00f3rych Beverley podj\u0119\u0142a decyzj\u0119 o stworzeniu rasy.<\/p>\nHodowl\u0105 Australijskich Labradoodli w Polsce zajmuje si\u0119 moja mama <strong>El\u017cbieta Gajewska<\/strong>, ja wspieram j\u0105 na etapach, w kt\u00f3rych wsparcie behawiorysty zwierz\u0119cego jest niezb\u0119dne. Sama z kolei zapraszam serdecznie do mojego dzia\u0142u \u201ebehawiorystka\u201d, gdzie zamieszczam artyku\u0142y swojego autorstwa.\n<p style=\"text-align: justify;\">Edyta Gajewska<\/p>\n<p style=\"text-align: justify;\"><span style=\"font-size: medium;\">Odwied\u017a <strong><a title=\"Australijskie labradoodle - zdj\u0119cia\" href=\"https:\/\/labradoodle.pl\" target=\"_blank\">galeri\u0119 australijskich labradoodle<\/a><\/strong><\/span><\/p>\n------------------------------------------------------------------------------------------------------------------------------------------------------------------------------------------------------------------\n\nW\u0142ochata Pasja\nHodowla Australijskich Labradoodli w Polsce\nPierwsze Australijskie Labradoodle w Polsce\n\n------------------------------------------------------------------------------------------------------------------------------------------------------------------------------------------------------------------","_et_gb_content_width":"","footnotes":""},"class_list":["post-185","page","type-page","status-publish","hentry"],"_links":{"self":[{"href":"https:\/\/labradoodle.pl\/fi\/wp-json\/wp\/v2\/pages\/185","targetHints":{"allow":["GET"]}}],"collection":[{"href":"https:\/\/labradoodle.pl\/fi\/wp-json\/wp\/v2\/pages"}],"about":[{"href":"https:\/\/labradoodle.pl\/fi\/wp-json\/wp\/v2\/types\/page"}],"author":[{"embeddable":true,"href":"https:\/\/labradoodle.pl\/fi\/wp-json\/wp\/v2\/users\/2"}],"replies":[{"embeddable":true,"href":"https:\/\/labradoodle.pl\/fi\/wp-json\/wp\/v2\/comments?post=185"}],"version-history":[{"count":5,"href":"https:\/\/labradoodle.pl\/fi\/wp-json\/wp\/v2\/pages\/185\/revisions"}],"predecessor-version":[{"id":9905,"href":"https:\/\/labradoodle.pl\/fi\/wp-json\/wp\/v2\/pages\/185\/revisions\/9905"}],"wp:attachment":[{"href":"https:\/\/labradoodle.pl\/fi\/wp-json\/wp\/v2\/media?parent=185"}],"curies":[{"name":"wp","href":"https:\/\/api.w.org\/{rel}","templated":true}]}}