{"id":4126,"date":"2018-05-15T13:40:41","date_gmt":"2018-05-15T11:40:41","guid":{"rendered":"https:\/\/labradoodle.pl\/?page_id=4126"},"modified":"2022-04-07T13:46:18","modified_gmt":"2022-04-07T11:46:18","slug":"australijski-labradoodle-dobry-dla-dzieci","status":"publish","type":"page","link":"https:\/\/labradoodle.pl\/en\/australian-labradoodle-good-for-children\/","title":{"rendered":"Australian Labradoodle good for children"},"content":{"rendered":"<p>[et_pb_section fb_built=\u201d1\u2033 admin_label=\u201dsection\u201d _builder_version=\u201d4.16\u2033 global_colors_info=\u201d{}\u201d][et_pb_row _builder_version=\u201d4.16\u2033 _module_preset=\u201ddefault\u201d global_colors_info=\u201d{}\u201d][et_pb_column type=\u201d4_4\u2033 _builder_version=\u201d4.16\u2033 _module_preset=\u201ddefault\u201d global_colors_info=\u201d{}\u201d][et_pb_text _builder_version=\u201d4.16\u2033 _module_preset=\u201ddefault\u201d text_font=\u201d|300|||||||&quot; global_colors_info=\u201d{}\u201d]<\/p>\n<h1>Australian Labradoodle good for children. Is it true?<\/h1>\n<p>[\/et_pb_text][et_pb_text _builder_version=\u201d4.16\u2033 _module_preset=\u201ddefault\u201d text_font=\u201d|300|||||||&quot; global_colors_info=\u201d{}\u201d]<\/p>\n<p><strong>Australian Labradoodle good for children.<\/strong><span>\u00a0<\/span>I often hear this sentence. Correction - no, not all dogs of this breed will be suitable for families with children. You can&#039;t throw all the dogs in one sack - they should be friendly. In each litter there are different temperaments and the breeder should watch the developing puppies. You can also use the help of a behaviorist and do temperament tests. These tests determine the predisposition and then you can easily assess the puppy - whether a given family will cope with it, or will it be happy in a given family.<\/p>\n<p>I emphasize, however - tests determine certain predispositions of the puppy and the further direction of work with him. They are not a prophecy and we must be aware that what our puppy will be like is in our hands. Only. We need to know that what we do with him and what we don&#039;t do will affect his future temperament.<\/p>\n<p>Another issue is our work and socialization.<\/p>\n<p>Imagine a puppy who had no contact with the breeder. The new owner didn&#039;t do much about the subject either. Suddenly a baby is born, and the dog gets restrictions from day to day that he didn&#039;t have before. From now on, he is not allowed to get on the sofa, into the bedroom (where the newborn is staying), he is not allowed to smell the baby, although the new smells seem so intriguing. The BABY = SAME BAD combination appears in the brain of such a dog. After all, since that little screeching appeared, my life changed - for the worse. Add to this anxiety - I have never seen anything like that, is it safe? Small screeching begins to crawl, pulls the dog&#039;s coat, stomps on the tail. It turns out very quickly that it&#039;s not - it&#039;s not safe. And what can I do - I will choose escape (moving away from the unpleasant situation), but when I have the opportunity to escape I will not have the last option - I will bite. I will remove danger and feel better for a moment.<\/p>\n<p>[\/et_pb_text][dmg_masonry_gallery gallery=\u201d4978,4979,4977,4818,4827,3344\u2033 gutter=\u201d3\u2033 modal_title=\u201din_title\u201d hover_overlay_effect=\u201doverlay_image_data\u201d overlay_title_size=\u201d19px\u201d overlay_title_color=\u201d#FFFFFF\u201d show_ overlay_caption=\u201doff \u201d overlay_caption_size=\u201d14px\u201d pagination_buttons_background=\u201dRGBA(255,255,255,0)\u201d pagination_buttons_background_active=\u201d#bcb840\u2033 columns_tablet=\u201d2\u2033 columns_phone=\u201d2\u2033 columns_last_edited=\u201don|desktop\u201d _builder_version=\u201d4.16. 0\u2033 _module_preset=\u201ddefault\u201d pagination_text_color=&quot;#bcb840\u2033 pagination_font_size=&quot;12px&quot; pagination_active_text_color=&quot;#71615b&quot; pagination_active_font_size=&quot;12px&quot; hover_enabled=&quot;0\u2033 border_radii_image=&quot;on|12px|12px|12px|12px&quot; border_radii_pagination=&quot; he|6px|6px|6px|6px \u201d border_radii_pagination_active=\u201don|6px|6px|6px|6px\u201d box_shadow_style_pagination=\u201dpreset1\u2033 global_colors_info=\u201d{}\u201d theme_builder_area=\u201dpost_content\u201d sticky_enabled=\u201d0\u2033][\/dmg_masonry_gallery][\/et_pb_column][\/et_pb_row][\/ et_pb_section]<\/p>","protected":false},"excerpt":{"rendered":"<p>Australian Labradoodle good with children. Is this true? The Australian Labradoodle is good with children. I hear this phrase often. Correction - no, not all dogs of this breed will be suitable for families with children. You can&#039;t throw all the dogs into one sack - because they should be friendly. There are different temperaments in each litter and the breeder should watch the developing [\u2026]<\/p>","protected":false},"author":3,"featured_media":0,"parent":0,"menu_order":0,"comment_status":"closed","ping_status":"closed","template":"","meta":{"_et_pb_use_builder":"on","_et_pb_old_content":"<h1>Australijski Labradoodle dobry dla dzieci. Czy to prawda?<\/h1>\r\n<strong>Australijski Labradoodle dobry dla dzieci.<\/strong> Cz\u0119sto s\u0142ysz\u0119 to zdanie. Poprawka \u2013 \u00a0nie, nie \u00a0wszystkie psy tej rasy\u00a0b\u0119d\u0105 nadawa\u0142y si\u0119 do rodzin z dzie\u0107mi. Nie mo\u017cna wszystkich psiak\u00f3w wrzuci\u0107 do jednego wora \u2013 bo przyjazne powinny by\u0107. W ka\u017cdym miocie zdarzaj\u0105 si\u0119 r\u00f3\u017cne temperamenty a hodowca powinien obserwowa\u0107 rozwijaj\u0105ce si\u0119 szczeniaki. Mo\u017cna te\u017c skorzysta\u0107 z pomocy behawiorysty i zrobi\u0107 testy temperamentu. Testy te okre\u015blaj\u0105 predyspozycje i w\u00f3wczas bez problemu mo\u017cna oceni\u0107 szczeniaka \u2013 czy dana rodzina sobie z nim poradzi, czy b\u0119dzie on szcz\u0119\u015bliwy u danej rodziny.\r\n\r\nPodkre\u015blam jednak \u2013 testy okre\u015blaj\u0105 pewne predyspozycje szczeniaka i dalszy kierunek pracy z nim. Nie s\u0105 one proroctwem i musimy zdawa\u0107 sobie spraw\u0119, \u017ce to jaki b\u0119dzie nasz szczeniak le\u017cy w naszych r\u0119kach. Tylko i wy\u0142\u0105cznie. Musimy wiedzie\u0107, \u017ce to co z nim zrobimy, oraz to czego nie zrobimy wp\u0142ynie na jego przysz\u0142y temperament.\r\n\r\nInn\u0105 kwesti\u0105 jest kwestia naszej pracy i socjalizacji.\r\n\r\nWyobra\u017amy sobie szczeniaka, kt\u00f3ry u hodowcy nie mia\u0142 styczno\u015bci z dzie\u0107mi. Nowy w\u0142a\u015bciciel r\u00f3wnie\u017c nie zrobi\u0142 za wiele w temacie. Nagle rodzi si\u0119 dziecko, a pies z dnia na dzie\u0144 dostaje ograniczenia, kt\u00f3rych wcze\u015bniej nie mia\u0142. Od teraz nie wolno wchodzi\u0107 mu na kanap\u0119, do sypialni (gdzie przebywa noworodek), nie wolno dziecka w\u0105cha\u0107, cho\u0107 nowe zapachy wydaj\u0105 si\u0119 tak intryguj\u0105ce. W m\u00f3zgu takiego psa pojawia si\u0119 skojarzenie NIEMOWLAK = SAMO Z\u0141O. Przecie\u017c od tego momentu kiedy pojawi\u0142 si\u0119 \u00a0ten ma\u0142y skrzecz\u0105cy, moje \u017cycie zmieni\u0142o si\u0119 \u2013 na gorsze. \u00a0Do tego dochodzi\u0107 mo\u017ce l\u0119k \u2013 nigdy czego\u015b takiego nie widzia\u0142em, czy to jest bezpieczne? Ma\u0142e skrzecz\u0105ce zaczyna raczkowa\u0107, ci\u0105gie\u00a0psa za sier\u015b\u0107, nadepnie na ogon. Bardzo szybko okazuje si\u0119, \u017ce nie \u2013 nie jest bezpieczne. A co ja mog\u0119 zrobi\u0107 \u2013 wybior\u0119 ucieczk\u0119 (odej\u015bcie od przykrej sytuacji), ale kiedy mo\u017cliwo\u015bci ucieczki mia\u0142 nie b\u0119d\u0119 pozostaje mi ostatnie wyj\u015bcie \u2013 ugryz\u0119. \u00a0Odsun\u0119 od siebie niebezpiecze\u0144stwo i cho\u0107 na chwil\u0119 poczuj\u0119 si\u0119 lepiej.","_et_gb_content_width":"","footnotes":""},"class_list":["post-4126","page","type-page","status-publish","hentry"],"_links":{"self":[{"href":"https:\/\/labradoodle.pl\/en\/wp-json\/wp\/v2\/pages\/4126","targetHints":{"allow":["GET"]}}],"collection":[{"href":"https:\/\/labradoodle.pl\/en\/wp-json\/wp\/v2\/pages"}],"about":[{"href":"https:\/\/labradoodle.pl\/en\/wp-json\/wp\/v2\/types\/page"}],"author":[{"embeddable":true,"href":"https:\/\/labradoodle.pl\/en\/wp-json\/wp\/v2\/users\/3"}],"replies":[{"embeddable":true,"href":"https:\/\/labradoodle.pl\/en\/wp-json\/wp\/v2\/comments?post=4126"}],"version-history":[{"count":7,"href":"https:\/\/labradoodle.pl\/en\/wp-json\/wp\/v2\/pages\/4126\/revisions"}],"predecessor-version":[{"id":5485,"href":"https:\/\/labradoodle.pl\/en\/wp-json\/wp\/v2\/pages\/4126\/revisions\/5485"}],"wp:attachment":[{"href":"https:\/\/labradoodle.pl\/en\/wp-json\/wp\/v2\/media?parent=4126"}],"curies":[{"name":"wp","href":"https:\/\/api.w.org\/{rel}","templated":true}]}}