{"id":4124,"date":"2018-05-15T13:37:19","date_gmt":"2018-05-15T11:37:19","guid":{"rendered":"https:\/\/labradoodle.pl\/?page_id=4124"},"modified":"2022-02-25T12:18:17","modified_gmt":"2022-02-25T11:18:17","slug":"australijskie-labradoodle-dla-alergikow","status":"publish","type":"page","link":"https:\/\/labradoodle.pl\/en\/australian-labradoodle-for-allergy-sufferers\/","title":{"rendered":"Australian Labradoodle for allergy sufferers"},"content":{"rendered":"<p>[et_pb_section fb_built=\u201d1\u2033 admin_label=\u201dsection\u201d _builder_version=\u201d3.22\u2033 global_colors_info=\u201d{}\u201d][et_pb_row admin_label=\u201drow\u201d _builder_version=\u201d3.25\u2033 background_size=\u201dinitial\u201d background_position=\u201dtop_left\u201d background_repeat=\u201drepeat \u201d global_colors_info=\u201d{}\u201d][et_pb_column type=\u201d4_4\u2033 _builder_version=\u201d3.25\u2033 custom_padding=\u201d|||\u201d global_colors_info=\u201d{}\u201d custom_padding__hover=\u201d|||\u201d][et_pb_text admin_label=\u201dText\u201d _builder_version=\u201d4.14.8\u2033 background_size=\u201dinitial\u201d background_position=\u201dtop_left\u201d background_repeat=\u201drepeat\u201d hover_enabled=\u201d0\u2033 global_colors_info= \u201d{}\u201d text_font=\u201d|300|||||||\u201d text_font_size=\u201d18px\u201d sticky_enabled=\u201d0\u2033]<\/p>\n<h1><strong>Australian Labradoodle for allergy sufferers? <\/strong><\/h1>\n<h3><strong>Non-moulting dogs?<\/strong><strong><\/strong><\/h3>\n<p>[\/et_pb_text][et_pb_text _builder_version=\u201d4.14.8\u2033 _module_preset=\u201ddefault\u201d text_font=\u201d|300|||||||\u201d text_font_size=\u201d18px\u201d hover_enabled=\u201d0\u2033 sticky_enabled=\u201d0\u2033]<\/p>\n<p><strong>Australian Labradoodle for allergy sufferers.<\/strong> \u00a0As you probably already know, the Australian Labradoodle is not only a cross between Labrador and Poodle.<\/p>\n<p>Being tempted to buy a dog from the first generation (for example Labrador + Poodle or Labradoodle + Poodle etc.) or multi-generational ALD again crossed with a Labrador or Cocker Spaniel, unfortunately we run the risk of unpleasantness. After a year, even (after the first exchange of our Labradoodle puppy&#039;s coat), it may turn out that the dog has made us feel sensitive and will moult us.<\/p>\n<p>Why is this happening? Well, you never know what genes will inherit our puppy. Maybe it will have moulting Labrador mum or Cocker Spaniel dad?<\/p>\n<p>Generally, organizations should move away from the early generations of Australian Labradoodle. They should also not introduce any new infusions. However, I am aware that not all organizations have such regulations. Unfortunately, we can still meet &quot;Australian Labradoodle&quot;, whose daddy is Poodle, Cocker Spaniel or Soft Coated Irish Wheaten. In this case, we must take into account that our dog may be allergic and moult. Unfortunately, it may turn out only after a year of time, i.e. after the first hair exchange. That is why it is particularly important not to opt for a dog from such early generations and it is best to choose an organization that does not allow such crosswords. Then we are sure that we are buying a good quality dog.<\/p>\n<p>The second issue is the allergic person himself. Not everyone is allergic to hair. A person may be sensitive to allergens contained in saliva, the epidermis, hair and even urine. In my experience, white allergies in urine are the strongest. In this case, the breeder should first allow meeting the adult in allergen-free conditions. Then he should provide complete information about how to handle the puppy in a way that will minimize the risk of any allergies. Inadequate nutrition of the dog, not caring for his coat, letting the puppy do it at home can cause allergic reactions.<\/p>\n<p>Australian Labradoodle for allergy sufferers<\/p>\n<p>[\/et_pb_text][\/et_pb_column][\/et_pb_row][\/et_pb_section]<\/p>","protected":false},"excerpt":{"rendered":"<p>Australian Labradoodle for allergy sufferers? Non-shedding dogs? Australian Labradoodle for allergy sufferers. As you probably already know, the Australian Labradoodle is not just a cross between a Labrador and a Poodle. If we are tempted to buy a dog from the first generations (e.g. Labrador + Poodle or Labradoodle + Poodle, etc.) or a multi-generational ALD again crossed with a Labrador or Cocker Spaniel, we unfortunately run the risk of [\u2026]<\/p>","protected":false},"author":3,"featured_media":0,"parent":0,"menu_order":0,"comment_status":"closed","ping_status":"closed","template":"","meta":{"_et_pb_use_builder":"on","_et_pb_old_content":"<h2><strong>Australijskie Labradoodle dla alergik\u00f3w? <\/strong><\/h2>\r\n<h3><strong>Psy nie liniej\u0105ce?<\/strong><\/h3>\r\n<strong>Australijskie Labradoodle dla alergik\u00f3w.<\/strong> \u00a0Jak\u00a0Pa\u0144stwo zapewne ju\u017c wiecie, Australijski Labradoodle to nie tylko krzy\u017c\u00f3wka Labradora i Pudla.\r\n\r\nPokusiwszy si\u0119 na zakup psa z pierwszych generacji (na przyk\u0142ad Labrador + Pudel czy Labradoodle + Pudel itp.) lub te\u017c wielopokoleniowego ALD ponownie skrzy\u017cowanego z Labradorem lub Cocker Spanielem, niestety nara\u017camy si\u0119 na nieprzyjemno\u015bci. Po roku czasu nawet (po pierwszej wymianie sier\u015bci naszego szczeniaka Labradoodle) mo\u017ce si\u0119 okaza\u0107 bowiem, \u017ce nas pies nas uczuli i b\u0119dzie linia\u0142.\r\n\r\nDlaczego tak si\u0119 dzieje?\u00a0Ot\u00f3\u017c nigdy nie wiadomo jakie geny odziedziczy nasze szczeni\u0119. A mo\u017ce akurat b\u0119dzie mia\u0142o liniej\u0105c\u0105 sier\u015b\u0107 mamy Labradora czy taty Cocker Spaniela?\r\n\r\nGeneralnie organizacje powinny odchodzi\u0107 od wczesnych generacji Australijskiego Labradoodle. Nie powinny te\u017c wprowadza\u0107 \u017cadnych nowych infuzji. Zdaj\u0119 sobie jednak spraw\u0119, \u017ce nie wszystkie organizacje maj\u0105 takie regulaminy. Niestety jeszcze mo\u017cemy spotka\u0107 \u201eAustralijskiego Labradoodle\u201d, kt\u00f3rego tatusiem jest Pudel, Cocker Spaniel czy Soft Coated Irish Wheaten. W takim wypadku musimy liczy\u0107 si\u0119 z tym, \u017ce nasz pies mo\u017ce uczula\u0107 i linie\u0107. Niestety to mo\u017ce okaza\u0107 si\u0119 dopiero po roku czasu, czyli po pierwszej wymianie sier\u015bci. Dlatego szczeg\u00f3lnie istotne jest aby nie decydowa\u0107 si\u0119 na psa z tak wczesnych pokole\u0144 a najlepiej wybra\u0107 organizacj\u0119, kt\u00f3ra na takie krzy\u017c\u00f3wki nie pozwala. Wtedy mamy pewno\u015b\u0107, \u017ce kupujemy dobrego jako\u015bciowo psa.\r\n\r\nDrug\u0105 kwesti\u0105 jest sam alergik. Nie ka\u017cdy uczulony jest tylko na sier\u015b\u0107. Cz\u0142owiek mo\u017ce by\u0107 wra\u017cliwy na alergeny zawarte w \u015blinie, nask\u00f3rku, sier\u015bci a nawet w moczu. Z mojego do\u015bwiadczenia wynika, \u017ce alergie na bia\u0142o zawarte w moczu s\u0105 najsilniejsze. W tym wypadku hodowca powinien w pierwszej kolejno\u015bci umo\u017cliwi\u0107 spotkanie z doros\u0142ym osobnikiem w warunkach wolnych od alergen\u00f3w. Nast\u0119pnie \u00a0powinien udzieli\u0107 kompletnych informacji odno\u015bnie post\u0119powania ze szczeniakiem w spos\u00f3b, kt\u00f3ry \u00a0zminimalizuje ryzyko wyst\u0105pienia jakichkolwiek alergii. Nieodpowiednie od\u017cywianie psa bowiem, nie dbanie o jego sier\u015b\u0107, pozwalanie aby szczeni\u0119 za\u0142atwia\u0142o si\u0119 w domu mo\u017ce spowodowa\u0107 i\u017c reakcje alergiczne wyst\u0105pi\u0105.\r\n\r\nAustralijskie Labradoodle dla alergik\u00f3w","_et_gb_content_width":"","footnotes":""},"class_list":["post-4124","page","type-page","status-publish","hentry"],"_links":{"self":[{"href":"https:\/\/labradoodle.pl\/en\/wp-json\/wp\/v2\/pages\/4124","targetHints":{"allow":["GET"]}}],"collection":[{"href":"https:\/\/labradoodle.pl\/en\/wp-json\/wp\/v2\/pages"}],"about":[{"href":"https:\/\/labradoodle.pl\/en\/wp-json\/wp\/v2\/types\/page"}],"author":[{"embeddable":true,"href":"https:\/\/labradoodle.pl\/en\/wp-json\/wp\/v2\/users\/3"}],"replies":[{"embeddable":true,"href":"https:\/\/labradoodle.pl\/en\/wp-json\/wp\/v2\/comments?post=4124"}],"version-history":[{"count":3,"href":"https:\/\/labradoodle.pl\/en\/wp-json\/wp\/v2\/pages\/4124\/revisions"}],"predecessor-version":[{"id":4922,"href":"https:\/\/labradoodle.pl\/en\/wp-json\/wp\/v2\/pages\/4124\/revisions\/4922"}],"wp:attachment":[{"href":"https:\/\/labradoodle.pl\/en\/wp-json\/wp\/v2\/media?parent=4124"}],"curies":[{"name":"wp","href":"https:\/\/api.w.org\/{rel}","templated":true}]}}