{"id":4118,"date":"2018-05-15T13:21:37","date_gmt":"2018-05-15T11:21:37","guid":{"rendered":"https:\/\/labradoodle.pl\/?page_id=4118"},"modified":"2022-02-25T12:37:50","modified_gmt":"2022-02-25T11:37:50","slug":"cena-australijskiego-labradoodle","status":"publish","type":"page","link":"https:\/\/labradoodle.pl\/en\/australian-labradoodle-price\/","title":{"rendered":"Price of Australian Labradoodle"},"content":{"rendered":"<p>[et_pb_section fb_built=\u201d1\u2033 admin_label=\u201dsection\u201d _builder_version=\u201d3.22\u2033 global_colors_info=\u201d{}\u201d][et_pb_row admin_label=\u201drow\u201d _builder_version=\u201d3.25\u2033 background_size=\u201dinitial\u201d background_position=\u201dtop_left\u201d background_repeat=\u201drepeat\u201d global_colors_info =\u201d{}\u201d][et_pb_column type=\u201d4_4\u2033 _builder_version=\u201d3.25\u2033 custom_padding=\u201d|||\u201d global_colors_info=&quot;{}&quot; custom_padding__hover=&quot;|||&quot;][et_pb_text _builder_version=&quot;4.14.8\u2033 _module_preset=&quot;default&quot; hover_enabled=&quot;0\u2033 sticky_enabled=&quot;0\u2033]<\/p>\n<h1>Price of Australian Labradoodle<\/h1>\n<p>[\/et_pb_text][et_pb_text admin_label=\u201dText\u201d _builder_version=\u201d4.14.8\u2033 background_size=\u201dinitial\u201d background_position=\u201dtop_left\u201d background_repeat=\u201drepeat\u201d hover_enabled=\u201d0\u2033 global_colors_info=\u201d{}\u201d text_font=\u201d|300|||||||&quot; sticky_enabled=\u201d0\u2033]<\/p>\n<p><strong>The price of Australian Labradoodle is high<\/strong>, but it reflects all the costs associated with health tests, purchasing, bringing healthy and good breeding lines. Registrations in a reputable organization and even know about and how to carry out the initial socialization of puppies by the breeder.<\/p>\n<p><strong>Price differences<\/strong> they should always cause the red lamp to light up and thoroughly analyze what they depend on. Unfortunately, the line, the line is not equal and many genetic diseases already appear in some of the Australian Labradoodle lines. It took me 1.5 years to look for a good and healthy Labradoodle line (imported to diversify the genetic pool), and I have been &quot;sitting&quot; on Australian Labradoodle for 8 years. , quick earnings - we know a similar situation in Poland after the amendment to the Animal Protection Act), which imposes on breeders to carry out very thorough health tests of their puppies, or even DNA tests - all this is unfortunately very expensive.<\/p>\n<p>If the organization is interested in breed development and research, then there is the cost of other studies (e.g. Improper Coat) that are covered by breeders.<\/p>\n<p>What about socialization? Can anyone do it? Of course! The only question is what effect? Knowledge of dog brain development and critical periods is key knowledge in socializing puppies. All stimuli that we give to puppies must be balanced and adapted to the specific period of development. Each puppy is different. And what about it? A true breeder improves his knowledge all the time, participates in various seminars and conferences. We live in an era where knowledge about animal behavior flourishes. Every now and then new facts come to us, but also great from the animal world - ethologists or behaviorists can have different opinions, opinions, and suppositions. And very good - thanks to that we have progress. Only you must not stop at one seminar or training. And such - in addition, carried out by people from abroad are very expensive. But the breeder&#039;s knowledge pays - pays for your puppy, simply.<\/p>\n<p>[\/et_pb_text][\/et_pb_column][\/et_pb_row][\/et_pb_section]<\/p>","protected":false},"excerpt":{"rendered":"<p>The price of the Australian LabradoodleThe price of the Australian Labradoodle is high, but it reflects all the costs related to health tests, purchase, importation of healthy and good breeding lines. Registrations in a reputable organization and even knowledge about and how to carry out the primary socialization of puppies by the breeder. Price differences should always trigger a red flag and a thorough analysis of what they depend on. [\u2026]<\/p>","protected":false},"author":3,"featured_media":0,"parent":0,"menu_order":0,"comment_status":"closed","ping_status":"closed","template":"","meta":{"_et_pb_use_builder":"on","_et_pb_old_content":"<strong>Cena Australijskiego Labradoodle jest wysoka<\/strong>, ale odzwierciedla ona wszystkie koszty zwi\u0105zane z testami zdrowotnymi, zakupem, sprowadzeniem zdrowych i dobrych linii hodowlanych. Rejestracjom w renomowanej organizacji a nawet wiedz\u0105 na temat i sposobem przeprowadzania pierwotnej socjalizacji szczeni\u0105t przez hodowc\u0119.\r\n\r\n<strong>R\u00f3\u017cnice cenowe<\/strong> zawsze powinny spowodowa\u0107 zapalenie czerwonej lampki i wnikliw\u0105 analiz\u0119 od czego one zale\u017c\u0105. Niestety linia, linii nie jest r\u00f3wna i ju\u017c w niekt\u00f3rych z linii Australijskich Labradoodle pojawia si\u0119 wiele chor\u00f3b genetycznych. Mnie samej szukanie dobrej i zdrowej linii Labradoodle (sprowadzanej w celu urozmaicenia puli genetycznej) zaj\u0119\u0142o 1,5 roku, a w temacie Australijskich Labradoodle \u201esiedz\u0119\u201d ju\u017c od lat 8. Nast\u0119pn\u0105 kwesti\u0105 jest kwestia Organizacji Kynologicznej (jest ich kilka, wiele powsta\u0142o z ch\u0119ci du\u017cego, szybkiego zarobku \u2013 wiadomo, podobn\u0105 sytuacj\u0119 mo\u017cemy obserwowa\u0107 w Polsce po zmianie Ustawy o Ochronie Zwierz\u0105t), kt\u00f3ra nak\u0142ada na hodowc\u00f3w przeprowadzania bardzo wnikliwych test\u00f3w zdrowotnych swoich szczeni\u0105t, czy cho\u0107by test\u00f3w DNA \u2013 to wszystko jest niestety bardzo kosztowne.\r\n\r\nJe\u017celi organizacja jest zainteresowana rozwojem i badaniami nad ras\u0105 \u2013 dochodz\u0105 do tego koszty innych bada\u0144 (na przyk\u0142ad Improper Coat), kt\u00f3re pokrywaj\u0105 hodowcy.\r\n\r\nA co z socjalizacj\u0105? Czy mo\u017ce j\u0105 wykona\u0107 ka\u017cdy? Oczywi\u015bcie! Pytanie tylko z jakim skutkiem? Wiedza na temat rozwoju m\u00f3zgu psa i krytycznych okres\u00f3w jest wiedz\u0105 kluczow\u0105 w socjalizacji szczeni\u0105t. Wszystkie bod\u017ace, kt\u00f3re zapodajemy szczeniakom musz\u0105 by\u0107 wywa\u017cone i dostosowane do konkretnego okresu rozwoju. Ka\u017cde szczeni\u0119 jest inne. Co w zwi\u0105zku z tym? Prawdziwy hodowca swoj\u0105 wiedz\u0119 ca\u0142y czas doskonali, bierze udzia\u0142 w r\u00f3\u017cnych seminariach, konferencjach. \u017byjemy w czasach, w kt\u00f3rych wiedza na temat behawioru zwierz\u0105t kwitnie. Co chwil\u0119 docieraj\u0105 do nas nowe fakty, ale i te\u017c wielcy ze \u015bwiata zwierz\u0105t \u2013 etolodzy czy behawiory\u015bci potrafi\u0105 mie\u0107 r\u00f3\u017cne zdania, opinie, przypuszczenia. No i bardzo dobrze \u2013 dzi\u0119ki temu mamy post\u0119p. Tylko nie wolno poprzesta\u0107 na jednym seminarium czy na jednym szkoleniu. A takie \u2013 w dodatku przeprowadzane przez osoby z zagranicy s\u0105 bardzo kosztowne. Ale wiedza hodowcy procentuje \u2013 procentuje w Waszym szczeniaku, po prostu.","_et_gb_content_width":"","footnotes":""},"class_list":["post-4118","page","type-page","status-publish","hentry"],"_links":{"self":[{"href":"https:\/\/labradoodle.pl\/en\/wp-json\/wp\/v2\/pages\/4118","targetHints":{"allow":["GET"]}}],"collection":[{"href":"https:\/\/labradoodle.pl\/en\/wp-json\/wp\/v2\/pages"}],"about":[{"href":"https:\/\/labradoodle.pl\/en\/wp-json\/wp\/v2\/types\/page"}],"author":[{"embeddable":true,"href":"https:\/\/labradoodle.pl\/en\/wp-json\/wp\/v2\/users\/3"}],"replies":[{"embeddable":true,"href":"https:\/\/labradoodle.pl\/en\/wp-json\/wp\/v2\/comments?post=4118"}],"version-history":[{"count":6,"href":"https:\/\/labradoodle.pl\/en\/wp-json\/wp\/v2\/pages\/4118\/revisions"}],"predecessor-version":[{"id":4938,"href":"https:\/\/labradoodle.pl\/en\/wp-json\/wp\/v2\/pages\/4118\/revisions\/4938"}],"wp:attachment":[{"href":"https:\/\/labradoodle.pl\/en\/wp-json\/wp\/v2\/media?parent=4118"}],"curies":[{"name":"wp","href":"https:\/\/api.w.org\/{rel}","templated":true}]}}