{"id":185,"date":"2009-02-09T10:57:22","date_gmt":"2009-02-09T09:57:22","guid":{"rendered":"https:\/\/wlochata-pasja.home.pl\/www\/?page_id=185"},"modified":"2024-02-01T12:13:08","modified_gmt":"2024-02-01T11:13:08","slug":"australijski-labradoodle","status":"publish","type":"page","link":"https:\/\/labradoodle.pl\/en\/australijski-labradoodle\/","title":{"rendered":"Australian Labradoodle"},"content":{"rendered":"<p>[et_pb_section fb_built=\u201d1\u2033 fullwidth=\u201don\u201d next_background_color=\u201d#ffffff\u201d admin_label=\u201dHeader Section\u201d _builder_version=\u201d4.23\u2033 background_color=\u201d#FFFFFF\u201d bottom_divider_style=\u201dramp2\u2033 bottom_divider_flip=\u201dhorizontal\u201d hover_enabled=\u201d0\u2033 global_ colors_info= \u201d{}\u201d theme_builder_area=\u201dpost_content\u201d sticky_enabled=\u201d0\u2033][et_pb_fullwidth_header title=\u201dAustralian Labradoodle\u201d admin_label=\u201dFullwidth Header\u201d _builder_version=\u201d4.23\u2033 title_font=\u201dRaleway|700|||||||\u201d title_text_align=\u201dcenter\u201d title_font_size=\u201d70px\u201d title_line_height=\u201d1.1em\u201d content_font=\u201dRaleway||||||||\u201d content_text_color=\u201d#FFFFFF\u201d content_font_size=\u201d50px\u201d content_line_height=\u201d1.1em\u201d subhead_font=\u201dRaleway|700|||||||\u201d subhead_font_size=\u201d70px\u201d subhead_line_height=\u201d1.1em\u201d background_color=\u201d#c0b740\u2033 background_enable_image=\u201doff\u201d background_blend=\u201doverlay\u201d custom_button_one=\u201don\u201d button_one_text_size=\u201d16px\u201d button_one_text_color=\u201d#ffffff\u201d button_one_bg_color=\u201drgba(224 ,153.0, 0.83)\u201d button_one_border_width=\u201d15px\u201d button_one_border_color=\u201drgba(0,0,0,0)\u201d button_one_border_radius=\u201d100px\u201d button_one_letter_spacing=\u201d3px\u201d button_one_font=\u201dOswald|||on|||||\u201d button_one_use_icon=\u201doff\u201d custom_button_two=\u201don\u201d button_two_text_size=\u201d16px\u201d button_two_text_color=\u201d#ffffff\u201d button_two_bg_color=\u201drgba(224,153,0,0.83)\u201d button_two_border_width=\u201d15px\u201d button_two_border_color=\u201drgba(0,0,0,0) \u201d button_two_border_radius=\u201d100px\u201d button_two_letter_spacing=\u201d3px\u201d button_two_font=\u201dOswald|||on|||||\u201d button_two_use_icon=\u201doff\u201d custom_margin=\u201d|||\u201d custom_padding=\u201d3vw||3vw||true|\u201d hover_enabled=\u201d0\u2033 content_font_size_tablet=\u201d50px\u201d content_font_size_phone=\u201d25px\u201d content_font_size_last_edited=\u201don|desktop\u201d subhead_font_size_tablet=\u201d80px\u201d subhead_font_size_phone=\u201d35px\u201d subhead_font_size_last_edited=\u201don|desktop\u201d title_text_shadow_style=\u201dpreset4 \u2033 title_text_shadow_color=\u201d#000000\u2033 content_text_shadow_style =\u201dpreset2\u2033 content_text_shadow_color=\u201d#000000\u2033 subhead_text_shadow_style=\u201dpreset4\u2033 text_shadow_style=\u201dpreset4\u2033 button_one_border_radius_hover=\u201d100px\u201d button_one_bg_color_hover=\u201d#cc8d66\u2033 button_two_bg_color_hover=\u201d#d2 9f68\u2033 global_colors_info=\u201d{}\u201d button_one_text_size__hover_enabled=\u201doff\u201d button_two_text_size__hover_enabled=\u201doff\u201d button_one_text_color__hover_enabled=\u201doff\u201d button_two_text_color__hover_enabled=\u201doff\u201d button_one_border_width__hover_enabled=\u201doff\u201d button_two_border_width__hover_enabled=\u201doff\u201d button_one_border_color__hover_enabled=\u201doff\u201d button_two_border_color__hover_enabled=\u201doff\u201d button_one_border_radius __hover_enabled=\u201doff\u201d button_one_border_radius__hover=\u201d100px\u201d button_two_border_radius__hover_enabled=\u201doff\u201d button_one_letter_spacing__hover_enabled=\u201doff\u201d button_two_letter_spacing__hover_enabled=\u201doff\u201d button_one_bg_color__hover_enabled=\u201don\u201d button_one_bg_color__hover=\u201d#d87c6c\u201d button_two_bg_color__hover_enabled=\u201don\u201d button_two_bg_color__hover=\u201d#d87c6c\u201d theme_builder_area=\u201dpost_content\u201d title_font _size_last_edited=\u201don|desktop\u201d sticky_enabled=\u201d0\u2033 title_font_size_phone=\u201d50px\u201d title_font_size_tablet=\u201d 70px\u201d][\/et_pb_fullwidth_header][\/et_pb_section][et_pb_section fb_built=\u201d1\u2033 admin_label=\u201dsection\u201d _builder_version=\u201d4.16\u2033 global_colors_info=\u201d{}\u201d][et_pb_row admin_label=\u201drow\u201d _builder_version=\u201d4.16\u2033 background_size=\u201d initial\u201d background_position=\u201dtop_left\u201d background_repeat=\u201drepeat\u201d global_colors_info=\u201d{}\u201d][et_pb_column type=\u201d4_4\u2033 _builder_version=\u201d4.16\u2033 custom_padding=\u201d|||\u201d global_colors_info=\u201d{}\u201d custom_padding__hover=\u201d|||\u201d][et_pb_text admin_label=\u201dText\u201d _builder_version=\u201d4.23\u2033 text_font=\u201d|300|||||||\u201d background_size=\u201dinitial\u201d background_position=\u201dtop_left\u201d background_repeat=\u201drepeat\u201d hover_enabled=\u201d0\u2033 global_colors_info=\u201d{}\u201d sticky_enabled=\u201d0\u2033]<\/p>\n<h1>Australian Labradoodle<\/h1>\n<h3 style=\"text-align: justify;\">Some history<\/h3>\n<p style=\"text-align: justify;\">For the last several years <strong>Australian Labradoodle<\/strong>, have become one of the most popular breeds in the United States. They are becoming more and more common in Europe as well. Many people became interested in hoopoes mainly because of their non-shedding and allergy-friendly coat. <strong>Australian Labradoodle<\/strong> they are dogs that crave human cooperation, learn quickly and show great attachment to their human pack.<br \/>It is one of the few breeds belonging to the category - <a href=\"https:\/\/labradoodle.pl\/en\/australian-labradoodle-for-allergy-sufferers\/\">HYPOALLERGIC<\/a>. Most allergy sufferers are very skeptical about owning dogs. I know this from my own experience, when I had to look for foster homes one by one, first for my parrot and then for my basset hound. I can only suggest a visit to Hairy Passion, which will certainly allow you to see whether there will be an allergic reaction to dogs or not.<br \/>My allergies grew from year to year, then asthma appeared and the allergist strongly advised against having a dog. I was sent for tests, which of course confirmed my fears. I was afraid that I would never be able to pursue my passion, which is dogs and working with them. I read a lot about allergy-friendly dogs and I was still very skeptical about it. Before I decided to get such a dog, I visited the kennel several times to see if I would have any allergic reactions.<\/p>\n<p>[\/et_pb_text][dmg_masonry_gallery gallery=\u201d5199,5191,5145,4982,4985,4885\u2033 columns=\u201d6\u2033 gutter=\u201d3\u2033 modal_title=\u201din_title\u201d hover_overlay_effect=\u201doverlay_image_data\u201d overlay_title_size=\u201d19px\u201d overlay_title_color=\u201d1TP 5TFFFFFF \u201d show_overlay_caption=\u201doff\u201d overlay_caption_size=\u201d14px\u201d pagination_buttons_background=\u201dRGBA(255,255,255,0)\u201d pagination_buttons_background_active=\u201d#bcb840\u2033 columns_tablet=\u201d2\u2033 columns_phone=\u201d2\u2033 columns_last_edit=\u201don|desktop\u201d_ builder_version=\u201d4.18.0\u2033 _module_preset=&quot;default&quot; pagination_text_color=&quot;#bcb840\u2033 pagination_font_size=&quot;12px&quot; pagination_active_text_color=&quot;#71615b&quot; pagination_active_font_size=&quot;12px&quot; border_radii_image=&quot;on|12px|12px|12px|12px&quot; border_radii_pagination= \u201don|6px|6px|6px|6px \u201d border_radii_pagination_active=\u201don|6px|6px|6px|6px\u201d box_shadow_style_pagination=\u201dpreset1\u2033 global_colors_info=\u201d{}\u201d][\/dmg_masonry_gallery][et_pb_text _builder_version=\u201d4.18.0\u2033 _module_preset=\u201ddefault\u201d text_font=\u201d|300| ||||||&quot; global_colors_info=\u201d{}\u201d]<\/p>\n<p style=\"text-align: justify;\">Until some time ago, public awareness of the existence of such breeds was very low. When I was searching the browser (information on Polish websites was very poor) I came across one of the forums (of a race that is classified as hypoallergenic), where I found a funny definition of the word HYPOALLERGIC. HIPO - that is very, hugely, greatly, here even a comparison to a hippopotamus was made. ALLERGIC, causing allergy, sensitizing = a dog that strongly (strongly) sensitizes. Pretty funny how some people can build their own theories, isn&#039;t it?<br \/>For some time my head was occupied with one thought - there are so many people in the world with the problem I am struggling with, and unfortunately, everything indicates that there will be even more of them. I was wondering how many people with disabilities who need an assistance dog will be in this pool? How many allergy sufferers or asthmatics will need a working dog? My goal was to find a breed suitable for working with people and having all the potential for this, and at the same time a breed that is friendly to allergy sufferers.<br \/>After some time, in the monthly &quot;M\u00f3j Pies&quot; I came across an article written by Magda Urban from the &quot;Psia Wachta&quot; Foundation. It was an article about Beverley Manners from Australia and her wonderful Australian Labradoodles and I knew this was what I was looking for. I didn&#039;t hesitate for a long time and we made a fantastic acquaintance. Beverley shared her valuable experiences with me for about a year. Today I feel confident enough to continue her program and create the history of Australian Labradoodles in Poland.<\/p>\n<p style=\"text-align: justify;\">My mission is to help those for whom Beverley decided to create the breed.<\/p>\n<p style=\"text-align: justify;\">Edyta Gajewska<\/p>\n<p>[\/et_pb_text][\/et_pb_column][\/et_pb_row][\/et_pb_section]<\/p>","protected":false},"excerpt":{"rendered":"<p>Australian Labradoodle A bit of history Over the past several years, the Australian Labradoodle has become one of the most popular breeds in the United States. They are becoming more and more common in Europe as well. Many people became interested in hoopoes mainly because of their non-shedding and allergy-friendly coat. Australian Labradoodles are dogs that want human cooperation, learn quickly and [\u2026]<\/p>","protected":false},"author":2,"featured_media":0,"parent":0,"menu_order":0,"comment_status":"closed","ping_status":"closed","template":"","meta":{"_et_pb_use_builder":"on","_et_pb_old_content":"<h1>Australijski Labradoodle<\/h1>\n<p style=\"text-align: justify;\"><img class=\"size-full wp-image-188 alignleft\" style=\"border: 5px solid white; margin-top: 10px; margin-bottom: 10px;\" title=\"W\u0142ochata Pasja - Australijski Labradoodle\" alt=\"labradoore-info\" src=\"http:\/\/wlochata-pasja.home.pl\/www\/wp-content\/uploads\/2009\/02\/labradoore-info.png\" width=\"270\" height=\"73\" \/><\/p>\n<p style=\"text-align: justify;\">Przez ostatnie kilka lat <strong>Australijskie Labradoodle<\/strong>, sta\u0142y si\u0119 jedn\u0105 z najbardziej popularnych ras w Stanach Zjednoczonych. Coraz cz\u0119\u015bciej o nich s\u0142ycha\u0107 tak\u017ce w Europie. Wielu ludzi zainteresowa\u0142o si\u0119 dudlami g\u0142\u00f3wnie ze wzgl\u0119du na ich nie liniej\u0105c\u0105 i\u00a0przyjazn\u0105 alergikom\u00a0sier\u015b\u0107. <strong>Australijskie Labradoodle<\/strong> to psy, kt\u00f3re pragn\u0105 wsp\u00f3\u0142pracy z cz\u0142owiekiem, szybko si\u0119 ucz\u0105 a swojej ludzkiej sforze okazuj\u0105 du\u017ce przywi\u0105zanie.\nJest to jedna z nielicznych ras nale\u017c\u0105cych do kategorii - HIPOALERGICZNY. Wi\u0119kszo\u015b\u0107 alergik\u00f3w bardzo sceptycznie podchodzi do posiadania ps\u00f3w. Znam to z w\u0142asnego do\u015bwiadczenia, kiedy po kolei musia\u0142am szuka\u0107 dom\u00f3w zast\u0119pczych, najpierw dla mojej papugi a potem psa rasy basset hound. Mog\u0119 jedynie zaproponowa\u0107 wizyt\u0119 we W\u0142ochatej Pasji, kt\u00f3ra na pewno pozwoli si\u0119 Pa\u0144stwu przekona\u0107 czy wyst\u0105pi reakcja alergiczna na psy czy te\u017c nie.\nMoje alergie nasila\u0142y si\u0119 z roku na rok, potem pojawi\u0142a si\u0119 astma a lekarz alergolog stanowczo odradzi\u0142 posiadanie psa. Zosta\u0142am wys\u0142ana na badania, kt\u00f3re oczywi\u015bcie potwierdzi\u0142y moje obawy. Ba\u0142am si\u0119, \u017ce nigdy nie b\u0119d\u0119 w stanie realizowa\u0107 swojej pasji, pasji kt\u00f3r\u0105 w\u0142a\u015bnie s\u0105 psy i praca z nimi. Bardzo du\u017co czyta\u0142am o psach przyjaznych alergikom a i tak podchodzi\u0142am do tematu bardzo sceptycznie. Zanim zdecydowa\u0142am si\u0119 na takiego psa odwiedzi\u0142am hodowl\u0119 kilka razy, aby zaobserwowa\u0107 czy wyst\u0105pi\u0105 u mnie reakcje alergiczne.\nJeszcze trzy lata temu, \u015bwiadomo\u015b\u0107 spo\u0142ecze\u0144stwa na temat istnienia takich ras by\u0142a bardzo niska. Kiedy przeszukiwa\u0142am przegl\u0105dark\u0119 (na polskich stronach informacje by\u0142y bardzo ubogie) natkn\u0119\u0142am si\u0119 na jedno z forum (w\u0142a\u015bnie rasy, kt\u00f3ra jest zaliczana do hipoalergicznych), na kt\u00f3rym znalaz\u0142am zabawn\u0105 definicj\u0119 s\u0142owa HIPOALERGICZNY. HIPO - czyli bardzo, ogromnie, wielce, tutaj nawet pad\u0142o przyr\u00f3wnanie do hipopotama. ALERGICZNY, powoduj\u0105cy alergi\u0119, uczulaj\u0105cy = pies kt\u00f3ry silnie (mocno) uczula. Dosy\u0107 zabawne, jak niekt\u00f3rzy potrafi\u0105 budowa\u0107 swoje w\u0142asne teorie, nieprawda\u017c?\nPrzez jaki\u015b czas moja g\u0142owa by\u0142a zaprz\u0105tni\u0119ta jedn\u0105 my\u015bl\u0105 - na \u015bwiecie jest tak wiele os\u00f3b z problemem z jakim i ja si\u0119 borykam, a niestety wszystko wskazuje na to, \u017ce przyb\u0119dzie ich jeszcze wi\u0119cej. Zastanawia\u0142am si\u0119 ile w tej puli znajdzie si\u0119 os\u00f3b niepe\u0142nosprawnych potrzebuj\u0105cych psa asystuj\u0105cego? Ilu alergik\u00f3w czy astmatyk\u00f3w b\u0119dzie potrzebowa\u0142o psa pracuj\u0105cego? Za cel postanowi\u0142am sobie znale\u017a\u0107 ras\u0119 odpowiedni\u0105 do pracy z lud\u017ami i posiadaj\u0105c\u0105 wszelki potencja\u0142 ku temu, a jednocze\u015bnie ras\u0119 kt\u00f3ra jest przyjazna alergikom.\nPo jakim\u015b czasie,\u00a0w miesi\u0119czniku \"M\u00f3j Pies\" natkn\u0119\u0142am sie na artyku\u0142 napisany przez Magd\u0119 Urban z Fundacji \"Psia Wachta\"\u00a0. By\u0142 to artyku\u0142 o Beverley Manners z Australii i jej cudownych Australijskich Labradoodlach wiedzia\u0142am, \u017ce to jest to czego szuka\u0142am. D\u0142ugo nie zwleka\u0142am i nawi\u0105za\u0142y\u015bmy ze sob\u0105 fantastyczn\u0105 znajomo\u015b\u0107. Beverley przez oko\u0142o rok czasu dzieli\u0142a si\u0119 ze mn\u0105 swoimi cennymi do\u015bwiadczeniami. Dzi\u015b czuj\u0119 si\u0119 na tyle pewnie, aby kontynuowa\u0107 jej program i tworzy\u0107 histori\u0119 Australijskich Labradoodli w Polsce.<\/p>\n<p style=\"text-align: justify;\">Moj\u0105 misj\u0105 jest niesienie pomocy tym, z my\u015bl\u0105 o kt\u00f3rych Beverley podj\u0119\u0142a decyzj\u0119 o stworzeniu rasy.<\/p>\nHodowl\u0105 Australijskich Labradoodli w Polsce zajmuje si\u0119 moja mama <strong>El\u017cbieta Gajewska<\/strong>, ja wspieram j\u0105 na etapach, w kt\u00f3rych wsparcie behawiorysty zwierz\u0119cego jest niezb\u0119dne. Sama z kolei zapraszam serdecznie do mojego dzia\u0142u \u201ebehawiorystka\u201d, gdzie zamieszczam artyku\u0142y swojego autorstwa.\n<p style=\"text-align: justify;\">Edyta Gajewska<\/p>\n<p style=\"text-align: justify;\"><span style=\"font-size: medium;\">Odwied\u017a <strong><a title=\"Australijskie labradoodle - zdj\u0119cia\" href=\"https:\/\/labradoodle.pl\" target=\"_blank\">galeri\u0119 australijskich labradoodle<\/a><\/strong><\/span><\/p>\n------------------------------------------------------------------------------------------------------------------------------------------------------------------------------------------------------------------\n\nW\u0142ochata Pasja\nHodowla Australijskich Labradoodli w Polsce\nPierwsze Australijskie Labradoodle w Polsce\n\n------------------------------------------------------------------------------------------------------------------------------------------------------------------------------------------------------------------","_et_gb_content_width":"","footnotes":""},"class_list":["post-185","page","type-page","status-publish","hentry"],"_links":{"self":[{"href":"https:\/\/labradoodle.pl\/en\/wp-json\/wp\/v2\/pages\/185","targetHints":{"allow":["GET"]}}],"collection":[{"href":"https:\/\/labradoodle.pl\/en\/wp-json\/wp\/v2\/pages"}],"about":[{"href":"https:\/\/labradoodle.pl\/en\/wp-json\/wp\/v2\/types\/page"}],"author":[{"embeddable":true,"href":"https:\/\/labradoodle.pl\/en\/wp-json\/wp\/v2\/users\/2"}],"replies":[{"embeddable":true,"href":"https:\/\/labradoodle.pl\/en\/wp-json\/wp\/v2\/comments?post=185"}],"version-history":[{"count":5,"href":"https:\/\/labradoodle.pl\/en\/wp-json\/wp\/v2\/pages\/185\/revisions"}],"predecessor-version":[{"id":9905,"href":"https:\/\/labradoodle.pl\/en\/wp-json\/wp\/v2\/pages\/185\/revisions\/9905"}],"wp:attachment":[{"href":"https:\/\/labradoodle.pl\/en\/wp-json\/wp\/v2\/media?parent=185"}],"curies":[{"name":"wp","href":"https:\/\/api.w.org\/{rel}","templated":true}]}}