{"id":9977,"date":"2025-03-24T15:19:54","date_gmt":"2025-03-24T14:19:54","guid":{"rendered":"https:\/\/labradoodle.pl\/?page_id=9977"},"modified":"2025-03-24T15:26:01","modified_gmt":"2025-03-24T14:26:01","slug":"artykuly","status":"publish","type":"page","link":"https:\/\/labradoodle.pl\/de\/artykuly\/","title":{"rendered":"Artikel"},"content":{"rendered":"<p>[et_pb_section fb_built=\u201d1\u2033 _builder_version=\u201d4.23\u2033 _module_preset=\u201ddefault\u201d global_colors_info=\u201d{}\u201d][et_pb_row _builder_version=\u201d4.23\u2033 _module_preset=\u201ddefault\u201d global_colors_info=\u201d{}\u201d][et_pb_column type=\u201d4_4\u2033 _builder_version=\u201d4.23\u2033 _module_preset=\u201ddefault\u201d global_colors_info=\u201d{}\u201d][et_pb_text _builder_version=\u201d4.23\u2033 _module_preset=\u201ddefault\u201d global_colors_info=\u201d{}\u201d]<\/p>\n<h1 style=\"text-align: center;\">Artikel<\/h1>\n<p>[\/et_pb_text][et_pb_text _builder_version=\u201d4.23\u2033 _module_preset=\u201ddefault\u201d global_colors_info=\u201d{}\u201d]<\/p>\n<p><span>Dies ist ein Ort f\u00fcr Liebhaber australischer Labradoodles und alle Hundebesitzer! Hier finden Sie verl\u00e4ssliche Informationen rund um Zucht, Gesundheit, Verhalten und Erziehung von Haustieren. Fachkundige Ratschl\u00e4ge, bew\u00e4hrte Methoden und interessante Fakten helfen Ihnen, Ihr Haustier besser zu verstehen und aufzuziehen.<\/span><\/p>\n<p>[\/et_pb_text][\/et_pb_column][\/et_pb_row][et_pb_row _builder_version=\u201d4.23\u2033 _module_preset=\u201ddefault\u201d hover_enabled=\u201d0\u2033 global_colors_info=\u201d{}\u201d sticky_enabled=\u201d0\u2033][et_pb_column type=\u201d4_4\u2033 _builder_version=\u201d4.23\u2033 _module_preset=\u201ddefault\u201d global_colors_info=\u201d{}\u201d][et_pb_blog include_categories=\u201d91\u2033 _builder_version=\u201d4.23\u2033 _module_preset=\u201ddefault\u201d hover_enabled=\u201d0\u2033 global_colors_info=\u201d{}\u201d show_more=\u201don\u201d fullwidth=&quot;off&quot; sticky_enabled=\u201d0\u2033][\/et_pb_blog][\/et_pb_column][\/et_pb_row][\/et_pb_section]<\/p>","protected":false},"excerpt":{"rendered":"<p>ArtikelHier sind Australian-Labradoodle-Liebhaber und alle Hundebesitzer richtig! Hier finden Sie zuverl\u00e4ssige Informationen zu Zucht, Gesundheit, Verhalten und Ausbildung von Vierbeinern. Expertenrat, bew\u00e4hrte Methoden und interessante Fakten helfen Ihnen, Ihr Haustier besser zu verstehen und zu erziehen.<\/p>","protected":false},"author":3,"featured_media":0,"parent":0,"menu_order":0,"comment_status":"closed","ping_status":"closed","template":"","meta":{"_et_pb_use_builder":"on","_et_pb_old_content":"","_et_gb_content_width":"","footnotes":""},"class_list":["post-9977","page","type-page","status-publish","hentry"],"_links":{"self":[{"href":"https:\/\/labradoodle.pl\/de\/wp-json\/wp\/v2\/pages\/9977","targetHints":{"allow":["GET"]}}],"collection":[{"href":"https:\/\/labradoodle.pl\/de\/wp-json\/wp\/v2\/pages"}],"about":[{"href":"https:\/\/labradoodle.pl\/de\/wp-json\/wp\/v2\/types\/page"}],"author":[{"embeddable":true,"href":"https:\/\/labradoodle.pl\/de\/wp-json\/wp\/v2\/users\/3"}],"replies":[{"embeddable":true,"href":"https:\/\/labradoodle.pl\/de\/wp-json\/wp\/v2\/comments?post=9977"}],"version-history":[{"count":4,"href":"https:\/\/labradoodle.pl\/de\/wp-json\/wp\/v2\/pages\/9977\/revisions"}],"predecessor-version":[{"id":9982,"href":"https:\/\/labradoodle.pl\/de\/wp-json\/wp\/v2\/pages\/9977\/revisions\/9982"}],"wp:attachment":[{"href":"https:\/\/labradoodle.pl\/de\/wp-json\/wp\/v2\/media?parent=9977"}],"curies":[{"name":"wp","href":"https:\/\/api.w.org\/{rel}","templated":true}]}}