{"id":5762,"date":"2022-10-21T13:18:23","date_gmt":"2022-10-21T11:18:23","guid":{"rendered":"https:\/\/labradoodle.pl\/?page_id=5762"},"modified":"2022-11-29T09:32:20","modified_gmt":"2022-11-29T08:32:20","slug":"testy-zdrowotne","status":"publish","type":"page","link":"https:\/\/labradoodle.pl\/de\/testy-zdrowotne\/","title":{"rendered":"Gesundheitstests"},"content":{"rendered":"<p>[et_pb_section fb_built=\u201c1\u2033 admin_label=\u201csection\u201c _builder_version=\u201c4.16\u2033 global_colors_info=\u201c{}\u201c][et_pb_row admin_label=\u201crow\u201c _builder_version=\u201c4.16\u2033background_size=\u201cinitial\u201cbackground_position=\u201ctop_left\u201cbackground_repeat=\u201crepeat \u201d global_colors_info=\u201c{}\u201c][et_pb_column type=\u201c4_4\u2033 _builder_version=\u201c4.16\u2033 custom_padding=\u201c|||\u201c global_colors_info=\u201c{}\u201c custom_padding__hover=\u201c|||\u201c][et_pb_text _builder_version=\u201c4.18.0\u201c _module_preset=\u201cdefault\u201c global_colors_info=\u201c{}\u201c]<\/p>\n<h1>Gesundheitstests<\/h1>\n<p>[\/et_pb_text][et_pb_text admin_label=\u201cText\u201c _builder_version=\u201c4.18.0\u2033 text_font=\u201c|300|||||||\u201c background_size=\u201cinitial\u201c background_position=\u201ctop_left\u201c background_repeat=\u201crepeat\u201c global_colors_info=\u201c{}\u201c]<\/p>\n<h4>Australischer Labradoodle und Gesundheitstests. Auf folgende Krankheiten testen wir unsere Hunde:<\/h4>\n<div><\/div>\n<div><strong>Haupts\u00e4chlich:<\/strong><strong><\/strong><\/div>\n<div><strong><\/strong><\/div>\n<div>\u2013 H\u00fcft- und Ellenbogendysplasie (FCI-Standards)<\/div>\n<div>\u2013 Falsches Fell<\/div>\n<div>\u2013 Von-Willebrand-Krankheit Typ I, Typ I vWD (VWF)<br \/>\u2013 Elliptozytose des Hundes (SPTB Exon 30)<br \/>\u2013 Pyruvatkinase-Mangel (PKLR Exon 7, Labrador-Retriever-Variante)<br \/>\u2013 Progressive Netzhautatrophie, prcd (PRCD Exon 1)<br \/>\u2013 Golden Retriever Progressive Netzhautatrophie 2, GR-PRA2 (TTC8)<br \/>\u2013 Progressive Netzhautatrophie, crd4\/cord1 (RPGRIP1)<br \/>\u2013 Achromatopsie (CNGA3 Exon 7, Labrador-Retriever-Variante)<br \/>\u2013 Makula-Hornhaut-Dystrophie, MCD (CHST6)<br \/>\u2013 Hyperurikosurie und Hyperurik\u00e4mie oder Urolithiasis, HUU (SLC2A9)<br \/>\u2013 Angeborene Keratokonjunktivitis Sicca und Ichthyosiforme Dermatose, trockenes, lockiges Fell am Auge<br \/>\u2013 Syndrom, CKCSID (FAM83H Exon 5)<br \/>\u2013 GM2-Gangliosidose (HEXB, Pudelvariante)<br \/>\u2013 Alexander-Krankheit (GFAP)<br \/>\u2013 Degenerative Myelopathie, DM (SOD1A)<br \/>\u2013 Neonatale Enzephalopathie mit Anf\u00e4llen, NEWS (ATF2)<br \/>\u2013 Narkolepsie (HCRTR2 Intron 6, Labrador-Retriever-Variante)<br \/>\u2013 Muskeldystrophie (DMD, Cavalier King Charles Spaniel Variante 1)<br \/>\u2013 Ullrich-\u00e4hnliche angeborene Muskeldystrophie (COL6A3 Exon 10, Labrador-Retriever-Variante)<br \/>\u2013 Zentronukle\u00e4re Myopathie, CNM (PTPLA)<br \/>\u2013 Belastungsinduzierter Kollaps, EIC (DNM1)<br \/>\u2013 Myotubul\u00e4re Myopathie 1, X-chromosomale myotubul\u00e4re Myopathie, XL-MTM (MTM1, Labrador Retriever<br \/>Variante)<\/div>\n<p>[\/et_pb_text] [dmg_masonry_gallery _builder_version = \u201d4.18.0 &#039;&#039; _title = &quot;in_title&quot; hover_overlay_effect=\u201coverlay_image_data\u201c overlay_title_size=\u201c19px\u201c overlay_title_color=\u201c#FFFFFF\u201c show_overlay_caption=\u201coff\u201c overlay_caption_size=\u201c14px\u201c pagination_buttons_background=\u201cRGBA(255,255,255,0)\u201c pagination_buttons_background_active=\u201c#bcb8 40 \u2033 columns_tablet=\u201c2\u2033 columns_phone=\u201c2 \u2033 columns_last_edited=\u201con|desktop\u201c _builder_version=\u201c4.18.0\u201c _module_preset=\u201cdefault\u201c pagination_text_color=\u201c#bcb840\u201c pagination_font_size=\u201c12px\u201c pagination_active_text_color=\u201c#71615b\u201c pagination_active_font_size=\u201c12px\u201c hover_en able d=\u201c0\u2033 border_radii_image=\u201con |12px |12px|12px|12px\u201c border_radii_pagination=\u201con|6px|6px|6px|6px\u201c border_radii_pagination_active=\u201con|6px|6px|6px|6px\u201c box_shadow_style_pagination=\u201cpreset1\u2033 global_colors_info=\u201c{}\u201c theme_builder_area=\u201cpost_content \u201esticky_enabled =\u201c0\u2033][\/dmg_masonry_gallery][et_pb_text _builder_version=\u201c4.18.0\u201c _module_preset=\u201cdefault\u201c text_font=\u201c|300|||||||\u201c header_font=\u201c|300|||||||\u201c global_colors_info=\u201c{}\u201c]<\/p>\n<div><strong>Der Rest:<\/strong><\/div>\n<div><\/div>\n<div>MDR1-Arzneimittelsensitivit\u00e4t (ABCB1)<\/div>\n<div>P2Y12-Rezeptor-Thrombozyten-St\u00f6rung (P2Y12)<\/div>\n<div>Faktor-IX-Mangel,<\/div>\n<div>H\u00e4mophilie B (F9 Exon 7, Terrier-Variante) Faktor IX-Mangel,<\/div>\n<div>H\u00e4mophilie B (F9 Exon 7, Rhodesian Ridgeback-Variante) Faktor VII-Mangel (F7 Exon 5) Faktor VIII-Mangel,<\/div>\n<div>H\u00e4mophilie A (F8 Exon 10, Boxer-Variante) Faktor VIII-Mangel,<\/div>\n<div>H\u00e4mophilie A (F8 Exon 11, Deutscher Sch\u00e4ferhund Variante 1) Faktor VIII-Mangel, H\u00e4mophilie A (F8 Exon 1, Deutscher Sch\u00e4ferhund Variante 2)<\/div>\n<div>Thrombopathie (RASGRP1 Exon 5, Basset Hound-Variante)<\/div>\n<div>Thrombopathie (RASGRP1 Exon 8, Landseer-Variante)<\/div>\n<div>Thrombopathie (RASGRP1 Exon 5, Variante des amerikanischen Eskimohundes)<\/div>\n<div>Von-Willebrand-Krankheit Typ III, Typ III vWD (VWF Exon 4, Terrier-Variante)<\/div>\n<div>Von-Willebrand-Krankheit Typ III, Typ III vWD (VWF Exon 7, Shetland Sheepdog-Variante)<\/div>\n<div>Von-Willebrand-Krankheit Typ II, Typ II vWD (VWF, Pointer-Variante)<\/div>\n<div>Hunde-Leukozytenadh\u00e4sionsdefizit Typ I,<\/div>\n<div>CLAD I (ITGB2, Setter-Variante) Hunde-Leukozytenadh\u00e4sionsdefizit Typ III,<\/div>\n<div>CLAD III (FERMT3, Variante Deutscher Sch\u00e4ferhund)<\/div>\n<div>Angeborene Makrothrombozytopenie (TUBB1 Exon 1, Cairn- und Norfolk-Terrier-Variante)<\/div>\n<div>Glanzmann-Thrombasthenie Typ I (ITGA2B Exon 13, Variante der Gro\u00dfen Pyren\u00e4en)<\/div>\n<div>Glanzmann-Thrombasthenie Typ I (ITGA2B Exon 12, Otterhound-Variante)<\/div>\n<div>May-Hegglin-Anomalien (MYH9)<\/div>\n<div>Zus\u00e4tzliche getestete Bedingungen: Pr\u00e4kallikrein-Mangel (KLKB1 Exon 8)<\/div>\n<div>Pyruvatkinase-Mangel (PKLR Exon 5, Basenji-Variante)<\/div>\n<div>Pyruvatkinase-Mangel (PKLR Exon 7, Mops-Variante)<\/div>\n<div>Pyruvatkinase-Mangel (PKLR Exon 7, Beagle-Variante)<\/div>\n<div>Pyruvatkinase-Mangel (PKLR Exon 10, Terrier-Variante)<\/div>\n<div>Trapped-Neutrophil-Syndrom,<\/div>\n<div>TNS (VPS13B) Ligne\u00f6se Membranitis,<\/div>\n<div>LM (PLG) Thrombozytenfaktor-X-Rezeptor-Mangel,<\/div>\n<div>Scott-Syndrom (TMEM16F)<\/div>\n<div>Meth\u00e4moglobin\u00e4mie (CYB5R3)<\/div>\n<div>Angeborene Hypothyreose (TPO, Tenterfield-Terrier-Variante)<\/div>\n<div>Angeborene Hypothyreose (TPO, Ratte, Toy, Hairless Terrier-Variante)<\/div>\n<div>Komplement-3-Mangel,<\/div>\n<div>C3-Mangel (C3) Schwerer kombinierter Immundefekt,<\/div>\n<div>SCID (PRKDC, Terrier-Variante) Schwerer kombinierter Immundefekt,<\/div>\n<div>SCID (RAG1, Wetterhoun-Variante) X-chromosomaler schwerer kombinierter Immundefekt,<\/div>\n<div>X-SCID (IL2RG Exon 1, Basset Hound-Variante)<\/div>\n<div>X-chromosomaler schwerer kombinierter Immundefekt,<\/div>\n<div>X-SCID (IL2RG, Corgi-Variante)<\/div>\n<div>Progressive Netzhautatrophie, rcd1 (PDE6B Exon 21, Irish-Setter-Variante)<\/div>\n<div>Progressive Netzhautatrophie, rcd3 (PDE6A)<\/div>\n<div>Progressive Netzhautatrophie, CNGA (CNGA1 Exon 9)<\/div>\n<div>Progressive Netzhautatrophie, PRA1 (CNGB1)<\/div>\n<div>Zus\u00e4tzliche getestete Bedingungen Progressive Netzhautatrophie (SAG)<\/div>\n<div>Golden Retriever Progressive Netzhautatrophie 1,<\/div>\n<div>GR-PRA1 (SLC4A3) Progressive Netzhautatrophie,<\/div>\n<div>crd1 (PDE6B, American Staffordshire Terrier-Variante)<\/div>\n<div>X-chromosomale progressive Netzhautatrophie 1,<\/div>\n<div>XL-PRA1 (RPGR) Progressive Netzhautatrophie,<\/div>\n<div>PRA3 (FAM161A) Collie-Augenanomalien,<\/div>\n<div>Aderhauthypoplasie,<\/div>\n<div>CEA (NHEJ1) Tagesblindheit,<\/div>\n<div>Kegeldegeneration,<\/div>\n<div>Achromatopsie (CNGB3 Exon 6, Variante des Deutschen Kurzhaarzeigers)<\/div>\n<div>Achromatopsie (CNGA3 Exon 7, Variante Deutscher Sch\u00e4ferhund)<\/div>\n<div>Autosomal-dominante progressive Netzhautatrophie (RHO)<\/div>\n<div>Multifokale Retinopathie beim Hund, cmr1 (BEST1 Exon 2)<\/div>\n<div>Multifokale Retinopathie beim Hund, cmr2 (BEST1 Exon 5, Variante Coton de Tulear)<\/div>\n<div>Multifokale Retinopathie beim Hund, cmr3 (BEST1 Exon 10-Deletion,<\/div>\n<div>Finnischer und schwedischer Lapphund, lapponische Herder-Variante)<\/div>\n<div>Glaukom prim\u00e4rer offener Winkel (ADAMTS10 Exon 9, norwegische Elchhund-Variante)<\/div>\n<div>Glaukom prim\u00e4rer offener Winkel (ADAMTS10 Exon 17, Beagle-Variante)<\/div>\n<div>Glaukom prim\u00e4rer offener Winkel (ADAMTS17 Exon 11, Variante Basset Fauve de Bretagne)<\/div>\n<div>Prim\u00e4res Offenwinkelglaukom und prim\u00e4re Linsenluxation (ADAMTS17 Exon 2, chinesische Shar-Pei-Variante)<\/div>\n<div>Goniodysgenese und Glaukom,<\/div>\n<div>Dysplasie des pektin\u00e4ren Bandes,<\/div>\n<div>PLD (OLFM3) Erblicher Katarakt,<\/div>\n<div>Fr\u00fchauftretender Katarakt,<\/div>\n<div>Juvenile Katarakte (HSF4 Exon 9, Australian Shepherd-Variante)<\/div>\n<div>Prim\u00e4re Linsenluxation (ADAMTS17)<\/div>\n<div>Angeborene station\u00e4re Nachtblindheit (RPE65, Briard-Variante)<\/div>\n<div>Zus\u00e4tzliche getestete Bedingungen: Angeborene station\u00e4re Nachtblindheit (LRIT3, Beagle-Variante)<\/div>\n<div>2,8-Dihydroxyadenin-Urolithiasis,<\/div>\n<div>2,8-DHA Urolithiasis (APRT) Cystinurie Typ IA (SLC3A1, Neufundland-Variante)<\/div>\n<div>Cystinurie Typ II-A (SLC3A1, Australian Cattle Dog-Variante)<\/div>\n<div>Cystinurie Typ II-B (SLC7A9, Zwergpinscher-Variante)<\/div>\n<div>Polyzystische Nierenerkrankung,<\/div>\n<div>PKD (PKD1) Prim\u00e4re Hyperoxalurie<\/div>\n<div>(AGXT) Proteinverlustnephropathie,<\/div>\n<div>PLN (NPHS1) X-chromosomale heredit\u00e4re Nephropathie,<\/div>\n<div>XLHN (COL4A5 Exon 35, Samojede Variante 2)<\/div>\n<div>Autosomal rezessive heredit\u00e4re Nephropathie,<\/div>\n<div>famili\u00e4re Nephropathie,<\/div>\n<div>ARHN (COL4A4 Exon 3, Cocker Spaniel-Variante)<\/div>\n<div>Prim\u00e4re Ziliardyskinesie, PCD (CCDC39 Exon 3, Old English Sheepdog-Variante)<\/div>\n<div>Prim\u00e4re Ziliardyskinesie, PCD (NME5, Alaskan Malamute-Variante)<\/div>\n<div>X-chromosomale ektodermale Dysplasie,<\/div>\n<div>Anhidrotische ektodermale Dysplasie,<\/div>\n<div>XHED (EDA Intron 8) Nierenzystadenokarzinom und nodul\u00e4re Dermatofibrose,<\/div>\n<div>RCND (FLCN Exon 7)<\/div>\n<div>Hunde-Fukosidose (FUCA1), Glykogenspeicherkrankheit Typ II,<\/div>\n<div>Morbus Pompe,<\/div>\n<div>GSD II (GAA, finnischer und schwedischer Lapphund, lapponische Herder-Variante)<\/div>\n<div>Glykogenspeicherkrankheit Typ IA,<\/div>\n<div>Von-Gierke-Krankheit,<\/div>\n<div>GSD IA (G6PC, maltesische Variante)<\/div>\n<div>Glykogenspeicherkrankheit Typ IIIA,<\/div>\n<div>GSD IIIA (AGL, Curly Coated Retriever-Variante)<\/div>\n<div>Mukopolysaccharidose Typ IIIA,<\/div>\n<div>Sanfilippo-Syndrom Typ A,<\/div>\n<div>MPS IIIA (SGSH Exon 6, Dachshund-Variante) Mukopolysaccharidose Typ IIIA,<\/div>\n<div>Sanfilippo-Syndrom Typ A,<\/div>\n<div>MPS IIIA (SGSH Exon 6, neuseel\u00e4ndische Huntaway-Variante)<\/div>\n<div>Zus\u00e4tzliche getestete Bedingungen: Mukopolysaccharidose Typ VII,<\/div>\n<div>Sly-Syndrom,<\/div>\n<div>MPS VII (GUSB Exon 5, Terrier Brasileiro-Variante)<\/div>\n<div>Mukopolysaccharidose Typ VII,<\/div>\n<div>Sly-Syndrom,<\/div>\n<div>MPS VII (GUSB Exon 3, Variante Deutscher Sch\u00e4ferhund)<\/div>\n<div>Glykogenspeicherkrankheit Typ VII,<\/div>\n<div>Phosphofructokinase-Mangel,<\/div>\n<div>PFK-Mangel (PFKM, Whippet- und English Springer Spaniel-Variante)<\/div>\n<div>Glykogenspeicherkrankheit Typ VII,<\/div>\n<div>Phosphofructokinase-Mangel,<\/div>\n<div>PFK-Mangel (PFKM, Wachtelhund-Variante)<\/div>\n<div>Lagotto-Speicherkrankheit (ATG4D)<\/div>\n<div>Neuronale Ceroid-Lipofuszinose 1, NCL 1 (PPT1 Exon 8, Dachshund-Variante 1)<\/div>\n<div>Neuronale Ceroid-Lipofuszinose 2, NCL 2 (TPP1 Exon 4, Dachshund-Variante 2)<\/div>\n<div>Neuronale Ceroid-Lipofuszinose,<\/div>\n<div>Kleinhirnataxie, NCL4A (ARSG Exon 2, Variante American Staffordshire Terrier)<\/div>\n<div>Neuronale Ceroid-Lipofuszinose 5, NCL 5 (CLN5 Exon 4 SNP, Border-Collie-Variante)<\/div>\n<div>Neuronale Ceroid-Lipofuszinose 6, NCL 6 (CLN6 Exon 7, Australian Shepherd-Variante)<\/div>\n<div>Neuronale Ceroid-Lipofuszinose 8, NCL 8 (CLN8 Exon 2, englische Setter-Variante)<\/div>\n<div>Neuronale Ceroid-Lipofuszinose 7, NCL 7 (MFSD8, Chihuahua- und Chinese Crested-Variante)<\/div>\n<div>Neuronale Ceroid-Lipofuszinose 8, NCL 8 (CLN8, Australian Shepherd-Variante)<\/div>\n<div>Neuronale Ceroid-Lipofuszinose 10, NCL 10 (CTSD Exon 5, American-Bulldog-Variante)<\/div>\n<div>Neuronale Ceroid-Lipofuszinose 5, NCL 5 (CLN5-Exon-4-Deletion, Golden-Retriever-Variante)<\/div>\n<div>Neuronale Ceroid-Lipofuszinose mit Beginn im Erwachsenenalter, NCL A, NCL 12 (ATP13A2, Tibet-Terrier-Variante)<\/div>\n<div>Sp\u00e4t einsetzende neuronale Ceroid-Lipofuszinose, NCL 12 (ATP13A2, Australian Cattle Dog-Variante)<\/div>\n<div>GM1-Gangliosidose (GLB1-Exon 15, Shiba-Inu-Variante)<\/div>\n<div>GM1-Gangliosidose (GLB1-Exon 15, Alaskan-Husky-Variante)<\/div>\n<div>GM1-Gangliosidose (GLB1 Exon 2, Variante des portugiesischen Wasserhundes) Zus\u00e4tzliche getestete Bedingungen<\/div>\n<div>GM2-Gangliosidose (HEXA, japanische Chin-Variante)<\/div>\n<div>Globoidzell-Leukodystrophie,<\/div>\n<div>Krabbe-Krankheit (GALC Exon 5, Terrier-Variante)<\/div>\n<div>Autosomal-rezessive Amelogenesis Imperfecta,<\/div>\n<div>Famili\u00e4re Schmelzhypoplasie (ENAM-Deletion, italienische Greyhound-Variante)<\/div>\n<div>Autosomal-rezessive Amelogenesis Imperfecta,<\/div>\n<div>Famili\u00e4re Schmelzhypoplasie (ENAM SNP, Parson-Russell-Terrier-Variante)<\/div>\n<div>Anhaltendes M\u00fcller-Ductus-Syndrom,<\/div>\n<div>PMDS (AMHR2) Taubheit und Vestibularsyndrom des Dobermanns,<\/div>\n<div>DVDob, DINGS (MYO7A) Autoinflammatorische Shar-Pei-Krankheit,<\/div>\n<div>SPAID,<\/div>\n<div>Shar-Pei-Fieber (MTBP)<\/div>\n<div>Neonatale interstitielle Lungenerkrankung (LAMP3)<\/div>\n<div>Alaskan-Husky-Enzephalopathie,<\/div>\n<div>Subakute nekrotisierende Enzephalomyelopathie (SLC19A3)<\/div>\n<div>Kleinhirn-Abiotrophie,<\/div>\n<div>Neugeborene zerebell\u00e4re kortikale Degeneration,<\/div>\n<div>NCCD (SPTBN2, Beagle-Variante)<\/div>\n<div>Kleinhirnataxie,<\/div>\n<div>Progressive fr\u00fch einsetzende zerebell\u00e4re Ataxie (SEL1L, Variante des finnischen Laufhundes)<\/div>\n<div>Kleinhirnhypoplasie (VLDLR, Eurasier-Variante)<\/div>\n<div>Spinozerebell\u00e4re Ataxie,<\/div>\n<div>Sp\u00e4t einsetzende Ataxie,<\/div>\n<div>LoSCA (CAPN1)<\/div>\n<div>Spinozerebell\u00e4re Ataxie mit Myokymie und\/oder Krampfanf\u00e4llen (KCNJ10)<\/div>\n<div>Heredit\u00e4re Ataxie,<\/div>\n<div>Kleinhirndegeneration (RAB24, Old English Sheepdog- und Gordon-Setter-Variante)<\/div>\n<div>Gutartige famili\u00e4re jugendliche Epilepsie,<\/div>\n<div>Remittierende fokale Epilepsie (LGI2)<\/div>\n<div>Fetal beginnende neonatale neuroaxonale Dystrophie (MFN2, Riesenschnauzer-Variante)<\/div>\n<div>Hypomyelinisierung und Zittern (FNIP2, Weimaraner-Variante)<\/div>\n<div>Shaking-Puppy-Syndrom,<\/div>\n<div>X-chromosomales generalisiertes Tremor-Syndrom (PLP1, englische Springer-Spaniel-Variante)<\/div>\n<div>Neuroaxonale Dystrophie,<\/div>\n<div>NAD (TECPR2, spanische Wasserhundvariante)<\/div>\n<div>Zus\u00e4tzliche getestete Bedingungen Neuroaxonale Dystrophie,<\/div>\n<div>NAD (VPS11, Rottweiler-Variante)<\/div>\n<div>L-2-Hydroxyglutarazidurie,<\/div>\n<div>L2HGA (L2HGDH,<\/div>\n<div>Staffordshire-Bullterrier-Variante)<\/div>\n<div>Alaskan Malamute-Polyneuropathie,<\/div>\n<div>AMPN (NDRG1 SNP)<\/div>\n<div>Narkolepsie (HCRTR2 Exon 1, Dackelvariante)<\/div>\n<div>Progressive neuronale Abiotrophie,<\/div>\n<div>Degeneration des multiplen Systems beim Hund,<\/div>\n<div>CMSD (SERAC1 Exon 15, Kerry Blue Terrier-Variante)<\/div>\n<div>Progressive neuronale Abiotrophie,<\/div>\n<div>Degeneration des multiplen Systems beim Hund,<\/div>\n<div>CMSD (SERAC1 Exon 4, Chinese Crested-Variante)<\/div>\n<div>Juvenile Kehlkopfl\u00e4hmung und Polyneuropathie,<\/div>\n<div>Polyneuropathie mit Augenanomalien und neuronaler Vakuolisierung,<\/div>\n<div>POANV (RAB3GAP1, Rottweiler-Variante)<\/div>\n<div>Heredit\u00e4re sensorische autonome Neuropathie,<\/div>\n<div>Akrales Verst\u00fcmmelungssyndrom,<\/div>\n<div>AMS (GDNF-AS, Spaniel- und Pointer-Variante)<\/div>\n<div>Sensorische Neuropathie (FAM134B, Border-Collie-Variante)<\/div>\n<div>Juvenile Polyneuropathie,<\/div>\n<div>Leonberger Polyneuropathie 1,<\/div>\n<div>LPN1 (LPN1, ARHGEF10)<\/div>\n<div>Juvenile myoklonische Epilepsie (DIRAS1)<\/div>\n<div>Juvenile Polyneuropathie,<\/div>\n<div>Leonberger Polyneuropathie 2,<\/div>\n<div>LPN2 (GJA9) Schwammige Degeneration mit Kleinhirnataxie 1,<\/div>\n<div>SDCA1,<\/div>\n<div>SeSAME\/EAST-Syndrom (KCNJ10)<\/div>\n<div>Schwammige Degeneration mit Kleinhirnataxie 2,<\/div>\n<div>SDCA2 (ATP1B2) Dilatative Kardiomyopathie,<\/div>\n<div>DCM1 (PDK4, Dobermann Pinscher Variante 1)<\/div>\n<div>dilatative Kardiomyopathie,<\/div>\n<div>DCM2 (TTN, Dobermann Pinscher Variante 2)<\/div>\n<div>Long-QT-Syndrom (KCNQ1)<\/div>\n<div>Kardiomyopathie und Jugendsterblichkeit (YARS2)<\/div>\n<div>Muskeldystrophie (DMD, Golden-Retriever-Variante)<\/div>\n<div>Gliedma\u00dfeng\u00fcrtel-Muskeldystrophie (SGCD, Boston-Terrier-Variante)<\/div>\n<div>Zus\u00e4tzliche getestete Bedingungen: Vererbte Myopathie der Deutschen Dogge (BIN1)<\/div>\n<div>Myostatinmangel,<\/div>\n<div>Bully-Whippet-Syndrom (MSTN)<\/div>\n<div>Myotonia Congenita (CLCN1 Exon 7, Zwergschnauzer-Variante)<\/div>\n<div>Myotonia congenita (CLCN1 Exon 23, Australian Cattle Dog Variante)<\/div>\n<div>Entz\u00fcndliche Myopathie (SLC25A12) Hypokatalasie,<\/div>\n<div>Akatalas\u00e4mie (CAT)<\/div>\n<div>Pyruvat-Dehydrogenase-Mangel (PDP1, Spaniel-Variante)<\/div>\n<div>Maligne Hyperthermie (RYR1)<\/div>\n<div>Imerslund-Grasbeck-Syndrom,<\/div>\n<div>Selektive Cobalamin-Malabsorption (CUBN Exon 53, Border-Collie-Variante)<\/div>\n<div>Imerslund-Grasbeck-Syndrom,<\/div>\n<div>Selektive Cobalamin-Malabsorption (CUBN Exon 8, Beagle-Variante)<\/div>\n<div>Vererbte ausgew\u00e4hlte Cobalamin-Malabsorption mit Proteinurie (CUBN, Komondor-Variante)<\/div>\n<div>Lundehund-Syndrom (LEPREL1)<\/div>\n<div>Angeborenes Myasthenisches Syndrom,<\/div>\n<div>CMS (CHAT, altd\u00e4nische Vorstehhundvariante)<\/div>\n<div>Angeborenes Myasthenisches Syndrom,<\/div>\n<div>CMS (CHRNE, Jack-Russell-Terrier-Variante),<\/div>\n<div>CMS (COLQ, Golden Retriever-Variante)<\/div>\n<div>Myasthenia Gravis-\u00e4hnliches Syndrom (CHRNE, Heideterrier-Variante)<\/div>\n<div>Paroxysmale Dyskinesie,<\/div>\n<div>PxD (PIGN)<\/div>\n<div>Demyelinisierende Polyneuropathie (SBF2\/MTRM13)<\/div>\n<div>Dystrophische Epidermolysis bullosa (COL7A1, Golden Retriever-Variante)<\/div>\n<div>Dystrophische Epidermolysis bullosa (COL7A1, zentralasiatische Sch\u00e4ferhundvariante)<\/div>\n<div>Zus\u00e4tzliche getestete Bedingungen Ektodermale Dysplasie,<\/div>\n<div>Hautfragilit\u00e4tssyndrom (PKP1, Chesapeake Bay Retriever-Variante) Ichthyose,<\/div>\n<div>Epidermolytische Hyperkeratose (KRT10, Terrier-Variante)<\/div>\n<div>Ichthyose ICH1 (PNPLA1, Golden Retriever-Variante)<\/div>\n<div>Ichthyose (SLC27A4, Variante der Deutschen Dogge)<\/div>\n<div>Ichthyose (NIPAL4, American-Bulldog-Variante)<\/div>\n<div>Heredit\u00e4re Fu\u00dfballenhyperkeratose (FAM83G, Terrier- und Kromfohrlander-Variante)<\/div>\n<div>Heredit\u00e4re Fu\u00dfballenhyperkeratose (DSG1, Rottweiler-Variante)<\/div>\n<div>Musladin-Lueke-Syndrom,<\/div>\n<div>MLS (ADAMTSL2) Okulokutaner Albinismus,<\/div>\n<div>OCA (SLC45A2, Variante f\u00fcr kleine Rassen)<\/div>\n<div>Glatze-Oberschenkel-Syndrom (IGFBP5)<\/div>\n<div>t\u00f6dliche Akrodermatitis,<\/div>\n<div>LAD (MKLN1)<\/div>\n<div>Ehlers Danlos (ADAMTS2, Dobermann-Pinscher-Variante)<\/div>\n<div>Lippen- und\/oder Gaumenspalte (ADAMTS20, Variante Nova Scotia Duck Tolling Retriever)<\/div>\n<div>Heredit\u00e4re Vitamin-D-resistente Ricketts (VDR) Osteogenesis Imperfecta,<\/div>\n<div>\n<div>Glasknochenkrankheit (COL1A2, Beagle-Variante) Osteogenesis Imperfecta,<\/div>\n<div>Glasknochenkrankheit (SERPINH1, Dackelvariante)<\/div>\n<div>Osteogenesis imperfecta,<\/div>\n<div>Glasknochenkrankheit (COL1A1, Golden Retriever-Variante)<\/div>\n<div>Craniomandibul\u00e4re Osteopathie,<\/div>\n<div>CMO (SLC37A2) Raine-Syndrom,<\/div>\n<div>Zahnhypomineralisationssyndrom beim Hund (FAM20C)<\/div>\n<div>Chondrodystrophie (ITGA10,<\/div>\n<div>Norwegischer Elchhund und Karelischer B\u00e4renhund (Variante)<\/div>\n<\/div>\n<p>[\/et_pb_text][\/et_pb_column][\/et_pb_row][\/et_pb_section]<\/p>","protected":false},"excerpt":{"rendered":"<p>GesundheitstestsAustralian Labradoodle und Gesundheitstests. Hier sind die Krankheiten, auf die wir unsere Hunde testen: Die wichtigsten: \u2013 H\u00fcft- und Ellenbogendysplasie (FCI-Standards) \u2013 Falsches Fell \u2013 Von-Willebrand-Krankheit Typ I, Typ I vWD (VWF) \u2013 Elliptozytose des Hundes (SPTB Exon 30) \u2013 Pyruvatkinase-Mangel (PKLR) Exon 7, Labrador Retriever-Variante) \u2013 Progressive Netzhautatrophie, prcd (PRCD Exon [\u2026]<\/p>","protected":false},"author":3,"featured_media":0,"parent":0,"menu_order":0,"comment_status":"closed","ping_status":"closed","template":"","meta":{"_et_pb_use_builder":"on","_et_pb_old_content":"","_et_gb_content_width":"","footnotes":""},"class_list":["post-5762","page","type-page","status-publish","hentry"],"_links":{"self":[{"href":"https:\/\/labradoodle.pl\/de\/wp-json\/wp\/v2\/pages\/5762","targetHints":{"allow":["GET"]}}],"collection":[{"href":"https:\/\/labradoodle.pl\/de\/wp-json\/wp\/v2\/pages"}],"about":[{"href":"https:\/\/labradoodle.pl\/de\/wp-json\/wp\/v2\/types\/page"}],"author":[{"embeddable":true,"href":"https:\/\/labradoodle.pl\/de\/wp-json\/wp\/v2\/users\/3"}],"replies":[{"embeddable":true,"href":"https:\/\/labradoodle.pl\/de\/wp-json\/wp\/v2\/comments?post=5762"}],"version-history":[{"count":6,"href":"https:\/\/labradoodle.pl\/de\/wp-json\/wp\/v2\/pages\/5762\/revisions"}],"predecessor-version":[{"id":5845,"href":"https:\/\/labradoodle.pl\/de\/wp-json\/wp\/v2\/pages\/5762\/revisions\/5845"}],"wp:attachment":[{"href":"https:\/\/labradoodle.pl\/de\/wp-json\/wp\/v2\/media?parent=5762"}],"curies":[{"name":"wp","href":"https:\/\/api.w.org\/{rel}","templated":true}]}}