{"id":4694,"date":"2020-07-30T14:06:16","date_gmt":"2020-07-30T12:06:16","guid":{"rendered":"https:\/\/labradoodle.pl\/?page_id=4694"},"modified":"2020-07-30T14:14:28","modified_gmt":"2020-07-30T12:14:28","slug":"nabici-w-butelke","status":"publish","type":"page","link":"https:\/\/labradoodle.pl\/de\/nabici-w-butelke\/","title":{"rendered":"Gef\u00fcllt in einer Flasche"},"content":{"rendered":"<p>[ET_PB_SECTION FB_BUILT = \u201d1 \u2033 _builder_version =\u201d 3.22 \u2033] [et_pb_row _builder_version = \u201d3.25 \u2033 background_size =\u201d initial \u201dHintergrund_Position =\u201d top_left \u201dbackyrepeat =\u201d Repeat \u201d = \u201d|||\u201d custom_padding__hover=\u201c|||\u201c][et_pb_text _builder_version=\u201c4.4.1\u2033]<\/p>\n<h1><b>IN EINER FLASCHE GESTEMPELT, WIE EIN \u201eAUSTRALISCHES LABRADOODLE\u201c<\/b><\/h1>\n<p>[\/et_pb_text][et_pb_image src=\u201chttps:\/\/labradoodle.pl\/wp-content\/uploads\/2020\/07\/COLAVSPOLOCOCTA.png\u201c align=\u201ccenter\u201c _builder_version=\u201c4.4.1\u2033 min_height=\u201c362px\u201c][ \/et_pb_image][et_pb_text _builder_version=\u201c4.4.1\u2033 text_font_size=\u201c18\u2033]<\/p>\n<p><span style=\"font-weight: 400;\">Fast das gleiche? Macht fast einen gro\u00dfen Unterschied. Das wissen wir aber schon aus einer bestimmten Werbung\u2026.<\/span><\/p>\n<p><span style=\"font-weight: 400;\">An dieser Stelle m\u00f6chte ich ein f\u00fcr alle Mal den Unterschied erkl\u00e4ren <\/span><b>Labradoodle<\/b><span style=\"font-weight: 400;\"> Und <\/span><b>generations\u00fcbergreifend <\/b><b>australisch<\/b><b> Labradoodle<\/b><span style=\"font-weight: 400;\">. Ich wei\u00df, ich wei\u00df, es ist nicht so klar, wie es scheint. Ich war selbst an deiner Stelle...einmal. Und bevor ich den Unterschied verstand, dauerte es einige Zeit.\u00a0<\/span><\/p>\n<p><span style=\"font-weight: 400;\">Fakten:<\/span><\/p>\n<p><span style=\"font-weight: 400;\">Der australische Labradoodle wurde in Australien geschaffen. Und obwohl die erste Paarung von Labrador und Pudel nicht, wie es hei\u00dft, von Walley Conron initiiert wurde, soll es doch f\u00fcr einen Moment so sein. Nun, dieser Mann hat die Verbindung hergestellt <\/span><span style=\"font-weight: 400;\">Labrador<\/span><span style=\"font-weight: 400;\"> Und <\/span><span style=\"font-weight: 400;\">Pudel,<\/span><span style=\"font-weight: 400;\"> um bestimmte w\u00fcnschenswerte Eigenschaften zu erhalten und bestimmte Bed\u00fcrfnisse zu erf\u00fcllen.\u00a0<\/span><\/p>\n<p><span style=\"font-weight: 400;\">Der ber\u00fchmte Sultan wurde geboren und war der einzige aus dem Wurf, der die gew\u00fcnschten Eigenschaften aufwies (er l\u00f6ste keine Allergien aus und er hatte die richtige Veranlagung, mit einer blinden Person zu arbeiten). Als Einziger aus dem Wurf? Ein bisschen schwach, oder? Da es in diesem Wurf nur 3 Welpen gab \u2013 33.33333% mit w\u00fcnschenswerten Eigenschaften \u2013 handelt es sich nicht um eine Rakete ins All? Heutzutage ist es f\u00fcr einige so <\/span><span style=\"font-weight: 400;\">ausreichend<\/span><span style=\"font-weight: 400;\">Ihnen f\u00fcr einen Welpen 1500 - 2000 Euro in Rechnung zu stellen. Selbst wenn das Gl\u00fcck Ihres Hundes in diesen 66.66666% liegt, die leider nach einem Jahr h\u00f6llisch haaren, niesen Sie, k\u00f6nnen Ihr hyperaktives Temperament nicht kontrollieren und m\u00fcssen Ihre kranke H\u00fcfte f\u00fcr 5.000 Euro ersetzen.<\/span><\/p>\n<p><span style=\"font-weight: 400;\">Nun, woher soll Ihr Z\u00fcchter wissen, wie Ihr Welpe in Zukunft sein wird (er hat eine Erkl\u00e4rung \u2013 tats\u00e4chlich unschuldig!) Vielleicht haben Sie Gl\u00fcck, vielleicht auch nicht. Dann nein..... du wirst dich ein bisschen beschweren, oooj h\u00f6chstens gibst du es ins Tierheim, wenn du keine Luft mehr bekommst und erstickst. UM! Sonst verlierst du es! Und obwohl Ihr Hund einen Chip hat (nicht registriert), werden Sie ihn in FB-Anzeigen nicht zugeben ... Ich bin hart geworden, oder? Aber das sind die Realit\u00e4ten! So sieht die Welt dieser armen, hastig geschaffenen und auf schnellen Profit ausgerichteten Hybriden aus.<\/span><\/p>\n<h2><b>ERINNERN !<\/b><\/h2>\n<p><span style=\"font-weight: 400;\">Die Vorfahren eines echten, generationen\u00fcbergreifenden australischen Labradoodle von. Die Sch\u00f6pfer der Rasse Beverley Mannors sind:<\/span><\/p>\n<p><span style=\"font-weight: 400;\">-Labrador<br \/><\/span><span style=\"font-weight: 400;\">-Pudel<br \/><\/span><span style=\"font-weight: 400;\">- Weizenterrier<br \/><\/span><span style=\"font-weight: 400;\">-Irischer Wasserspaniel<br \/><\/span><span style=\"font-weight: 400;\">-Englischer Cocker Spaniel<br \/><\/span><span style=\"font-weight: 400;\">- Amerikanischer Cocker Spaniel\u00a0<\/span><\/p>\n<p><span style=\"font-weight: 400;\">All diese Rennen! \u2013 Beverley, der das Rutland Manor Research Centre leitete, hat sie alle untergebracht <\/span><b>BESONDERER ZWECK.\u00a0<\/b><\/p>\n<p><span style=\"font-weight: 400;\">(Einige Organisationen akzeptieren den Wheat Terrier nicht, erkennen daf\u00fcr aber den Curly Coated Retriever an.) Alfa Europe ist gerade in die vom Sch\u00f6pfer der Rasse angegebene Richtung gegangen ... Dies \u00e4ndert jedoch nichts an einer Tatsache: Die Vorfahren des australischen Labradoodles sind nicht nur zwei Rassen (Labrador und Pudel)!\u00a0<\/span><\/p>\n<p>[\/et_pb_text][et_pb_text _builder_version=\u201c4.4.1\u2033]<\/p>\n<h2><b>WAS IST AUSTRALISCHER LABRADOODLE?<\/b><\/h2>\n<p>[\/et_pb_text][et_pb_image src=\u201chttps:\/\/labradoodle.pl\/wp-content\/uploads\/2020\/07\/Czym-jest-Australian-Labradoodle.png\u201c align=\u201ccenter\u201c _builder_version=\u201c4.4.1\u2033] [\/et_pb_image][et_pb_text _builder_version=\u201c4.4.1\u2033]<\/p>\n<h2><b>WAS <span style=\"color: #ff0000;\">NEIN<\/span> IST DER AUSTRALISCHE LABRADOODLE?<\/b><\/h2>\n<p>[\/et_pb_text][et_pb_image src=\u201chttps:\/\/labradoodle.pl\/wp-content\/uploads\/2020\/07\/to-nie-labradoodle.png\u201c align=\u201ccenter\u201c _builder_version=\u201c4.4.1\u2033][\/ et_pb_image][et_pb_text _builder_version=\u201c4.4.1\u2033]<\/p>\n<h2><b>WAS <\/b><b>STILL <span style=\"color: #ff0000;\">IST NICHT!!!<\/span><\/b><b> AUSTRALISCHES LABRADOODLE? <\/b><\/h2>\n<p>[\/et_pb_text][et_pb_text _builder_version=\u201c4.4.1\u2033]<\/p>\n<p>&nbsp;<\/p>\n<table>\n<tbody>\n<tr>\n<td>\n<p><b>Kreuzwortr\u00e4tsel<\/b><\/p>\n<\/td>\n<td>\n<p><b>GENERATIONEN<\/b><\/p>\n<\/td>\n<\/tr>\n<tr>\n<td>\n<p><span style=\"font-weight: 400;\">LABRADOR + BOX<\/span><\/p>\n<\/td>\n<td>\n<p><span style=\"font-weight: 400;\">F1 (ERSTE GENERATION)<\/span><\/p>\n<\/td>\n<\/tr>\n<tr>\n<td>\n<p><span style=\"font-weight: 400;\">F1 + BOX<\/span><\/p>\n<\/td>\n<td>\n<p><span style=\"font-weight: 400;\">F1B<\/span><\/p>\n<\/td>\n<\/tr>\n<tr>\n<td>\n<p><span style=\"font-weight: 400;\">F1b + BOX<\/span><\/p>\n<\/td>\n<td>\n<p><span style=\"font-weight: 400;\">F1BB<\/span><\/p>\n<\/td>\n<\/tr>\n<tr>\n<td>\n<p><span style=\"font-weight: 400;\">F1 + F1<\/span><\/p>\n<\/td>\n<td>\n<p><span style=\"font-weight: 400;\">F2 (ANSCHLUSS NICHT EMPFOHLEN!)<\/span><\/p>\n<\/td>\n<\/tr>\n<tr>\n<td>\n<p><span style=\"font-weight: 400;\">F1B +F1<\/span><\/p>\n<\/td>\n<td>\n<p><span style=\"font-weight: 400;\">F2<\/span><\/p>\n<\/td>\n<\/tr>\n<tr>\n<td>\n<p><span style=\"font-weight: 400;\">F1B + F1B<\/span><\/p>\n<\/td>\n<td>\n<p><span style=\"font-weight: 400;\">F2<\/span><\/p>\n<\/td>\n<\/tr>\n<tr>\n<td>\n<p><span style=\"font-weight: 400;\">F1 + F1BB<\/span><\/p>\n<\/td>\n<td>\n<p><span style=\"font-weight: 400;\">F2<\/span><\/p>\n<\/td>\n<\/tr>\n<tr>\n<td>\n<p><span style=\"font-weight: 400;\">F1BB + F1BB<\/span><\/p>\n<\/td>\n<td>\n<p><span style=\"font-weight: 400;\">F2<\/span><\/p>\n<\/td>\n<\/tr>\n<tr>\n<td>\n<p><span style=\"font-weight: 400;\">F1 + F2<\/span><\/p>\n<\/td>\n<td>\n<p><span style=\"font-weight: 400;\">F2<\/span><\/p>\n<\/td>\n<\/tr>\n<tr>\n<td>\n<p><span style=\"font-weight: 400;\">F1 + F3<\/span><\/p>\n<\/td>\n<td>\n<p><span style=\"font-weight: 400;\">F2<\/span><\/p>\n<\/td>\n<\/tr>\n<tr>\n<td>\n<p><span style=\"font-weight: 400;\">F1 + MULTIGEN<\/span><\/p>\n<\/td>\n<td>\n<p><span style=\"font-weight: 400;\">F2<\/span><\/p>\n<\/td>\n<\/tr>\n<tr>\n<td>\n<p><span style=\"font-weight: 400;\">F1B + F2<\/span><\/p>\n<\/td>\n<td>\n<p><span style=\"font-weight: 400;\">F2<\/span><\/p>\n<\/td>\n<\/tr>\n<tr>\n<td>\n<p><span style=\"font-weight: 400;\">F1B + F3<\/span><\/p>\n<\/td>\n<td>\n<p><span style=\"font-weight: 400;\">F2<\/span><\/p>\n<\/td>\n<\/tr>\n<tr>\n<td>\n<p><span style=\"font-weight: 400;\">F1B + MULTIGEN<\/span><\/p>\n<\/td>\n<td>\n<p><span style=\"font-weight: 400;\">F2<\/span><\/p>\n<\/td>\n<\/tr>\n<tr>\n<td>\n<p><span style=\"font-weight: 400;\">F1BB + F2<\/span><\/p>\n<\/td>\n<td>\n<p><span style=\"font-weight: 400;\">F2<\/span><\/p>\n<\/td>\n<\/tr>\n<tr>\n<td>\n<p><span style=\"font-weight: 400;\">F1BB + F3<\/span><\/p>\n<\/td>\n<td>\n<p><span style=\"font-weight: 400;\">F2<\/span><\/p>\n<\/td>\n<\/tr>\n<tr>\n<td>\n<p><span style=\"font-weight: 400;\">F1BB+ MULTIGEN<\/span><\/p>\n<\/td>\n<td>\n<p><span style=\"font-weight: 400;\">F2<\/span><\/p>\n<\/td>\n<\/tr>\n<tr>\n<td><\/td>\n<td><\/td>\n<\/tr>\n<tr>\n<td>\n<p><span style=\"font-weight: 400;\">F2 + BOX<\/span><\/p>\n<\/td>\n<td>\n<p><span style=\"font-weight: 400;\">F2B<\/span><\/p>\n<\/td>\n<\/tr>\n<tr>\n<td>\n<p><span style=\"font-weight: 400;\">F2 + F2<\/span><\/p>\n<\/td>\n<td>\n<p><span style=\"font-weight: 400;\">F3<\/span><\/p>\n<\/td>\n<\/tr>\n<tr>\n<td>\n<p><span style=\"font-weight: 400;\">F2 + F3<\/span><\/p>\n<\/td>\n<td>\n<p><span style=\"font-weight: 400;\">F3<\/span><\/p>\n<\/td>\n<\/tr>\n<tr>\n<td>\n<p><span style=\"font-weight: 400;\">F2 + MULTIGEN<\/span><\/p>\n<\/td>\n<td>\n<p><span style=\"font-weight: 400;\">F3<\/span><\/p>\n<\/td>\n<\/tr>\n<tr>\n<td>\n<p><span style=\"font-weight: 400;\">F2B + F2<\/span><\/p>\n<\/td>\n<td>\n<p><span style=\"font-weight: 400;\">F3<\/span><\/p>\n<\/td>\n<\/tr>\n<tr>\n<td>\n<p><span style=\"font-weight: 400;\">F2B + F2B<\/span><\/p>\n<\/td>\n<td>\n<p><span style=\"font-weight: 400;\">F3<\/span><\/p>\n<\/td>\n<\/tr>\n<tr>\n<td>\n<p><span style=\"font-weight: 400;\">F2B + F3<\/span><\/p>\n<\/td>\n<td>\n<p><span style=\"font-weight: 400;\">F3<\/span><\/p>\n<\/td>\n<\/tr>\n<tr>\n<td>\n<p><span style=\"font-weight: 400;\">F2B + MULTIGEN<\/span><\/p>\n<\/td>\n<td>\n<p><span style=\"font-weight: 400;\">F3<\/span><\/p>\n<\/td>\n<\/tr>\n<tr>\n<td>\n<p><span style=\"font-weight: 400;\">F2B + F2B<\/span><\/p>\n<\/td>\n<td>\n<p><span style=\"font-weight: 400;\">F3<\/span><\/p>\n<\/td>\n<\/tr>\n<tr>\n<td><\/td>\n<td><\/td>\n<\/tr>\n<tr>\n<td>\n<p><span style=\"font-weight: 400;\">F3 + F3<\/span><\/p>\n<\/td>\n<td>\n<p><span style=\"font-weight: 400;\">MULTIGEN<\/span><\/p>\n<\/td>\n<\/tr>\n<tr>\n<td>\n<p><span style=\"font-weight: 400;\">F3 + BOX<\/span><\/p>\n<\/td>\n<td>\n<p><span style=\"font-weight: 400;\">F3B<\/span><\/p>\n<\/td>\n<\/tr>\n<tr>\n<td>\n<p><span style=\"font-weight: 400;\">F3B + F3B<\/span><\/p>\n<\/td>\n<td>\n<p><span style=\"font-weight: 400;\">MULTIGEN<\/span><\/p>\n<\/td>\n<\/tr>\n<tr>\n<td>\n<p><span style=\"font-weight: 400;\">F3 + MULTIGEN<\/span><\/p>\n<\/td>\n<td>\n<p><span style=\"font-weight: 400;\">MULTIGEN<\/span><\/p>\n<\/td>\n<\/tr>\n<\/tbody>\n<\/table>\n<p>&nbsp;<\/p>\n<p>[\/et_pb_text][et_pb_text _builder_version=\u201c4.4.1\u2033 text_font_size=\u201c18\u2033]<\/p>\n<p><span style=\"font-weight: 400;\">Auch wenn ich nicht wei\u00df, wie ich es versuchen soll \u2013 die oben genannten Kreuzwortr\u00e4tsel sind es auch nicht <\/span><span style=\"font-weight: 400;\">Australische Labradoodles,\u00a0 <\/span><span style=\"font-weight: 400;\">Sogar MULTIGEN \u2013 obwohl man hart daran arbeiten muss.<\/span><\/p>\n<p>[\/et_pb_text][et_pb_text _builder_version=\u201c4.4.1\u2033 text_font_size=\u201c18px\u201c]<\/p>\n<h2><b>WO FINDEN SIE AUSTRALISCHE LABRADOODLES?<\/b><\/h2>\n<p><span style=\"font-weight: 400;\">Echte australische Labradoodles stammen aus den Linien Rutland Manor und Tegan Park (sie haben Aufg\u00fcsse der oben genannten Rassen) und sind registriert <\/span><b>nur<\/b><span style=\"font-weight: 400;\"> von folgenden Organisationen:<\/span><\/p>\n<ul>\n<li style=\"font-weight: 400;\"><span style=\"font-weight: 400;\">ALPHA EUROPA<\/span><\/li>\n<li style=\"font-weight: 400;\"><span style=\"font-weight: 400;\">ALAEU<\/span><\/li>\n<li style=\"font-weight: 400;\"><span style=\"font-weight: 400;\">ALCA<\/span><\/li>\n<li style=\"font-weight: 400;\"><span style=\"font-weight: 400;\">AAA<\/span><\/li>\n<li style=\"font-weight: 400;\"><span style=\"font-weight: 400;\">WAALA<\/span><\/li>\n<\/ul>\n<p><span style=\"font-weight: 400;\">Wenn Ihr Z\u00fcchter bei einer anderen Organisation registriert ist, bedeutet dies, dass dies der Fall ist <\/span><b>hat nicht<\/b> <span style=\"font-weight: 400;\">Australischer Labradoodle und nur eine Mischung aus zwei Rassen, die ohne jegliche Kontrolle des Sch\u00f6pfers der Rasse geschaffen wurde. Wenn der Z\u00fcchter behauptet, bei einer dieser Organisationen registriert zu sein, pr\u00fcfen Sie dies, gehen Sie auf die Website dieser Organisation und suchen Sie nach ihm \u2013 diesen Informationen <\/span><b>SIE SIND \u00d6FFENTLICH!<\/b><\/p>\n<p><span style=\"font-weight: 400;\">Wenn der Z\u00fcchter Ihnen M\u00e4rchen erz\u00e4hlt, dass er gerade registriert wird, oder Sie davon \u00fcberzeugt, warum er nicht registriert ist, wissen Sie, dass der Grund daf\u00fcr vorliegt <\/span><b>NUR <\/b><span style=\"font-weight: 400;\">Erstens: Sein Hund entsprach nicht den Registrierungsstandards. Und nur f\u00fcr viel Geld steckt er dich in die Flasche.\u00a0<\/span><\/p>\n<p><span style=\"font-weight: 400;\">Glauben Sie nicht den Labradoodle-Registrierungen in anderen Gewerkschaften\/Verb\u00e4nden <\/span><b>Polnisch und fremd.<\/b><\/p>\n<p><span style=\"font-weight: 400;\">Wissen Sie, wie viele davon nach 2012 in Polen entstanden sind? Ungef\u00e4hr 400 \u2013 hundert!!! Wei\u00dft du, warum? Denn der Handel mit nicht gez\u00fcchteten Tieren war verboten und Kowalski konnte nicht mehr auf den Markt gehen und Mischlinge verkaufen. Deshalb wurden \u00fcber Nacht neue polnische Vereine gegr\u00fcndet, in denen nun all diese Mischungen aus dem Basar registriert sind! Und weisst du was? Gehen Sie nicht davon aus, dass diese Pseudo-Stammb\u00e4ume echte Informationen enthalten. Um schnell Stammb\u00e4ume f\u00fcr Mischlinge zu erstellen, mussten fiktive Namen erfunden werden oder einfach ihre Daten von Z\u00fcchtern gestohlen werden, die diese Dokumente gro\u00dfz\u00fcgig auf ihren Websites teilen. Manchmal findet man sogar einen Deutschen Sch\u00e4ferhund im Stammbaum des Labradors. JA! Der Pseudoz\u00fcchter wei\u00df genau, dass Sie es sowieso nicht wissen werden, denn das Papier nimmt alles!<\/span><\/p>\n<p><span style=\"font-weight: 400;\">Und jetzt werde ich einen Pseudo-\u201eStammbaum\u201c teilen, auf den ich k\u00fcrzlich gesto\u00dfen bin\u2026.<\/span><\/p>\n<p>[\/et_pb_text][et_pb_image src=\u201chttps:\/\/labradoodle.pl\/wp-content\/uploads\/2020\/07\/niepokalane-poczecie.png\u201c align=\u201ccenter\u201c _builder_version=\u201c4.4.1\u2033][\/et_pb_image] [et_pb_text _builder_version=\u201c4.4.1\u2033 text_font_size=\u201c18\u2033]<\/p>\n<p><span style=\"font-weight: 400;\">Wenn Sie sich also nicht in die Irre f\u00fchren lassen m\u00f6chten, versuchen Sie einfach, einen Hund vom oben genannten Z\u00fcchter zu bekommen. Organisation. Ja, tats\u00e4chlich muss man dort warten, aber alle anderen sind nur Pseudo und das war&#039;s.\u00a0<\/span><\/p>\n<p><span style=\"font-weight: 400;\">Z\u00fcchter der oben genannten 5 Organisationen haben <b>VERBOT<\/b> Verkauf von Welpen auf Olx, Allegro usw.<\/span><\/p>\n<p>[\/et_pb_text][et_pb_text _builder_version=\u201c4.4.1\u2033]<\/p>\n<h2><b>Und nun zu Ihnen, Herr \u201eKOWALSKI\u201c, der versucht, auf Kosten von Menschen und Tieren zu verdienen!<\/b><\/h2>\n<p>[\/et_pb_text][et_pb_text _builder_version=\u201c4.4.1\u2033 text_font_size=\u201c18\u2033]<\/p>\n<p><span style=\"font-weight: 400;\">Kann man das wirklich vort\u00e4uschen?? Sie haben einen Labrador und Ihr Nachbar einen Pudel? Nun ja, nicht wirklich, denn es ist einzigartig <\/span><b>GENOTYP.\u00a0 <\/b><span style=\"font-weight: 400;\">Wenn Sie tats\u00e4chlich f\u00e4lschen wollen, m\u00fcssten Sie jahrzehntelang das gleiche Verfahren wie Beverley Manners befolgen und zum richtigen Zeitpunkt und aus den richtigen Gr\u00fcnden andere Rassen einf\u00fchren. Es reicht nicht aus, Labradore, Pudel und ihre Nachkommen \u00fcber mehrere Generationen hinweg zu z\u00fcchten. Dar\u00fcber hinaus m\u00fcssten Sie den gesamten Wurf mindestens ein Jahr lang erforschen und beobachten, um f\u00fcr die weitere Zucht nur die Individuen auszuw\u00e4hlen, die die gew\u00fcnschten Merkmale aufweisen (ausgeglichenes Temperament, kein Haarausfall) und nur solche, die miteinander verpaart werden k\u00f6nnen . Der Ma\u00dfstab wird schon etwas gr\u00f6\u00dfer, nicht wahr? Es wird notwendig sein, ein Forschungszentrum einzurichten, denn wie sonst k\u00f6nnte man auf 50 oder 100 Quadratmetern so viele Hunde beobachten? In der Zwischenzeit m\u00fcssten Sie bei der Schaffung n\u00e4chster Generationen Ihren Labradoodle mit einer anderen Rasse kombinieren, um den genetischen Pool zu vergr\u00f6\u00dfern oder bestimmte Defekte zu beseitigen \u2013 zum Beispiel mit einem American Cocker Spaniel (Sie m\u00fcssen nur wissen, warum Sie ihn verwendet haben, denn der Der Moment, in dem eine andere Rasse in den Pool eingef\u00fchrt wird, kann kein Zufall sein. Wenn Sie das geschafft und ein bestimmtes Merkmal beseitigt haben, gibt es noch eine andere Seite der Medaille: Jetzt haben Sie Welpen mit den Genen beider Eltern. Ich wei\u00df nicht, ob Sie das wussten: Spaniels wechseln dreimal im Jahr ihr Fell. Sie m\u00fcssen also ein wenig beobachten, welcher Ihrer erwachsenen Welpen diese Haare verliert (das kann man bei einem Welpen nicht erkennen). Sie k\u00f6nnen sie auch absolut nicht zur Zucht verwenden, wenn Sie ehrlich sein wollen und Ihren Allergikern keinen Mist antun wollen. Sagst du immer noch, dass du es schaffst? Dann warte, denn es ist noch nicht vorbei. Beobachten Sie Ihre Hunde auch in den n\u00e4chsten Generationen und f\u00fchren Sie andere Rassen behutsam und gekonnt ein \u2013 vor allem, wenn Sie merken, dass das Temperament des Hundes unb\u00e4ndig ist oder das Fell ausf\u00e4llt oder das wollige Fell etwas \u201eauflockert\u201c. Und geben Sie nicht auf \u2013 auch wenn es ein harter und holpriger Weg ist. Es k\u00f6nnte sich auszahlen. Vor allem, wenn man das Ziel erreicht hat \u2013 man hat etwas Einzigartiges geschaffen. Du kannst stolz auf dich sein. Na ja, es sei denn ..... es sei denn, \u201eNowak\u201c stellt sich Ihnen in den Weg und sagt Ihnen: \u201eWas wissen Sie \u00fcber Zucht?\u201c Er wird einen Hund, den Sie mit einem aufgeschobenen Kastrationsvertrag entlassen haben (denn was werden Sie mit ihm machen), mit ihm kreuzen einige Burka aus dem Dorf. Er wird 7 Welpen haben, die er unter Angabe Ihres guten Namens verkaufen wird. Und der Vorgang wird beginnen \u2013 den Sie nicht mehr aufhalten k\u00f6nnen. In 5 Jahren wird niemand mehr wissen, wer Sie waren, was Sie getan haben, aber am wichtigsten ist, dass sie denken, dass das, was Nowak anbietet, dasselbe ist, und bald wird sein Preis Ihren \u00fcbersteigen ...<\/span><\/p>\n<p><span style=\"font-weight: 400;\">Wei\u00dft du, was ich dir sonst noch sagen werde? K\u00fcrzlich rief mich Nowaks Mandant mit gro\u00dfem Vorwurf an, warum meine Organisation ALFA EUROPE seine H\u00fcndin nicht registrieren wolle? Er versteht es nicht, er nimmt es mir \u00fcbel, dass ich ihm meinen australischen Labradoodle-R\u00fcden nicht geliehen habe. Er denkt, das liegt daran, dass ich keine Konkurrenz will. Und er wei\u00df nicht, dass er einen ungetesteten Mischling hat und betrogen wurde (er hat mir sogar ein Bild von ihm geschickt, der arme Hund sieht auf den ersten Blick sehr schlecht aus). Ruft mehrmals im Monat an und fragt: Was ist richtig? Immerhin hat ihm der Z\u00fcchter gesagt, dass wir sogar F1 registrieren, er bekommt also nicht die Ahnentafel von ihm \u2013 weil wir sie ausstellen. Und trotz aller Aufkl\u00e4rungsbem\u00fchungen glaubt er immer noch, dass wir Angst vor der Konkurrenz haben. Und das alles ist dir zu verdanken, lieber Kowalski \u2013 du warst es, der Walley Conren leid tat, als er sagte, er h\u00e4tte ein Monster erschaffen. Denn wenn Sie den Text mit Verst\u00e4ndnis lesen k\u00f6nnen, wissen Sie sehr gut, dass er nicht den australischen Labradoodle bereut, sondern was als n\u00e4chstes geschah \u2013 also alle Menschen wie Sie \u2013 die Kowalskis und Nowaks. Diejenigen, die mit einer L\u00fcge Geld verdienen wollen \u2013 auf Kosten anderer Menschen und Tiere.\u00a0<\/span><\/p>\n<p><span style=\"font-weight: 400;\">Wissen Sie nun, warum die oben genannten 5 Organisationen daf\u00fcr sorgen, dass alle Hunde, die nicht zur Zucht bestimmt sind, kastriert\/sterilisiert werden? Nur damit sie dir nicht in die H\u00e4nde fallen. Nur damit Sie nicht zerst\u00f6ren k\u00f6nnen, woran sie so hart gearbeitet haben. Nat\u00fcrlich k\u00f6nnen Sie Z\u00fcchter werden und weiter an dieser wunderbaren Rasse arbeiten. W\u00e4hlen Sie einfach eines der oben genannten aus. Organisation, er wird Ihnen sicher in allem helfen. Sie m\u00fcssen jedoch strenge Ethik- und Zuchtregeln akzeptieren, die Ihnen sehr hohe Verpflichtungen auferlegen und Ihre Kosten um ein Vielfaches h\u00f6her sind. Oder wissen Sie vielleicht alles dar\u00fcber ... und w\u00e4hlen deshalb den einfachen Ausweg?<\/span><\/p>\n<p>[\/et_pb_text][\/et_pb_column][\/et_pb_row][\/et_pb_section]<\/p>","protected":false},"excerpt":{"rendered":"<p>IN EINER FLASCHE geklebt, IN ART DES \u201eAUSTRALISCHEN LABRADOODLE\u201c Fast das Gleiche? Macht fast einen gro\u00dfen Unterschied. Das wissen wir aber schon aus einer bestimmten Werbung... An dieser Stelle m\u00f6chte ich ein f\u00fcr alle Mal den Unterschied zwischen einem Labradoodle und einem Multi-Generation Australian Labradoodle erkl\u00e4ren. Ich wei\u00df, ich wei\u00df, die Sache ist nicht so klar, wie es scheint. Ich war einmal an deiner Stelle. Und bevor ich den Unterschied verstand, brauchte ich [\u2026]<\/p>","protected":false},"author":3,"featured_media":0,"parent":0,"menu_order":0,"comment_status":"closed","ping_status":"closed","template":"","meta":{"_et_pb_use_builder":"on","_et_pb_old_content":"","_et_gb_content_width":"","footnotes":""},"class_list":["post-4694","page","type-page","status-publish","hentry"],"_links":{"self":[{"href":"https:\/\/labradoodle.pl\/de\/wp-json\/wp\/v2\/pages\/4694","targetHints":{"allow":["GET"]}}],"collection":[{"href":"https:\/\/labradoodle.pl\/de\/wp-json\/wp\/v2\/pages"}],"about":[{"href":"https:\/\/labradoodle.pl\/de\/wp-json\/wp\/v2\/types\/page"}],"author":[{"embeddable":true,"href":"https:\/\/labradoodle.pl\/de\/wp-json\/wp\/v2\/users\/3"}],"replies":[{"embeddable":true,"href":"https:\/\/labradoodle.pl\/de\/wp-json\/wp\/v2\/comments?post=4694"}],"version-history":[{"count":11,"href":"https:\/\/labradoodle.pl\/de\/wp-json\/wp\/v2\/pages\/4694\/revisions"}],"predecessor-version":[{"id":4723,"href":"https:\/\/labradoodle.pl\/de\/wp-json\/wp\/v2\/pages\/4694\/revisions\/4723"}],"wp:attachment":[{"href":"https:\/\/labradoodle.pl\/de\/wp-json\/wp\/v2\/media?parent=4694"}],"curies":[{"name":"wp","href":"https:\/\/api.w.org\/{rel}","templated":true}]}}