{"id":4126,"date":"2018-05-15T13:40:41","date_gmt":"2018-05-15T11:40:41","guid":{"rendered":"https:\/\/labradoodle.pl\/?page_id=4126"},"modified":"2022-04-07T13:46:18","modified_gmt":"2022-04-07T11:46:18","slug":"australijski-labradoodle-dobry-dla-dzieci","status":"publish","type":"page","link":"https:\/\/labradoodle.pl\/de\/australijski-labradoodle-dobry-dla-dzieci\/","title":{"rendered":"Australischer Labradoodle gut mit Kindern"},"content":{"rendered":"<p>[et_pb_section fb_built=\u201c1\u2033 admin_label=\u201csection\u201c _builder_version=\u201c4.16\u2033 global_colors_info=\u201c{}\u201c][et_pb_row _builder_version=\u201c4.16\u201c _module_preset=\u201cdefault\u201c global_colors_info=\u201c{}\u201c][et_pb_column type=\u201c4_4\u201c _builder_version=\u201c4.16\u2033 _module_preset=\u201cdefault\u201c global_colors_info=\u201c{}\u201c][et_pb_text _builder_version=\u201c4.16\u201c _module_preset=\u201cdefault\u201c text_font=\u201c|300|||||||\u201c global_colors_info=\u201c{}\u201c]<\/p>\n<h1>Australischer Labradoodle gut mit Kindern. Ist es wahr?<\/h1>\n<p>[\/et_pb_text][et_pb_text _builder_version=\u201c4.16\u2033 _module_preset=\u201cdefault\u201c text_font=\u201c|300|||||||\u201c global_colors_info=\u201c{}\u201c]<\/p>\n<p><strong>Australischer Labradoodle gut mit Kindern.<\/strong><span>\u00a0<\/span>Ich h\u00f6re diesen Satz oft. Korrektur \u2013 nein, nicht alle Hunde dieser Rasse sind f\u00fcr Familien mit Kindern geeignet. Man kann nicht alle Hunde in einen Sack werfen \u2013 denn sie sollen freundlich sein. In jedem Wurf gibt es unterschiedliche Temperamente und der Z\u00fcchter sollte die Entwicklung der Welpen beobachten. Sie k\u00f6nnen auch die Hilfe eines Verhaltensforschers in Anspruch nehmen und Temperamenttests durchf\u00fchren. Durch diese Tests werden die Veranlagungen ermittelt und dann l\u00e4sst sich der Welpe leicht einsch\u00e4tzen \u2013 ob die jeweilige Familie damit zurechtkommt, ob er in der jeweiligen Familie gl\u00fccklich sein wird.<\/p>\n<p>Ich betone jedoch \u2013 die Tests ermitteln bestimmte Veranlagungen des Welpen und die weitere Richtung der Arbeit mit ihm. Sie sind keine Prophezeiung und wir m\u00fcssen uns dar\u00fcber im Klaren sein, dass es in unseren H\u00e4nden liegt, wie unser Welpe sein wird. Nur. Wir m\u00fcssen wissen, dass das, was wir mit ihm tun und was wir nicht tun, sein zuk\u00fcnftiges Temperament beeinflussen wird.<\/p>\n<p>Ein weiteres Problem ist die Frage unserer Arbeit und Sozialisation.<\/p>\n<p>Stellen wir uns einen Welpen vor, der beim Z\u00fcchter keinen Kontakt zu Kindern hatte. Auch der neue Besitzer hat nicht viel gemacht. Pl\u00f6tzlich wird ein Kind geboren und der Hund bekommt von Tag zu Tag Einschr\u00e4nkungen, die er vorher nicht hatte. Von nun an darf er nicht mehr auf das Sofa, ins Schlafzimmer (wo das Neugeborene wohnt) gehen, er darf das Kind nicht riechen, obwohl die neuen Ger\u00fcche so faszinierend wirken. Im Gehirn eines solchen Hundes entsteht die Assoziation BABY = GLEICHE B\u00d6SE. Schlie\u00dflich ver\u00e4nderte sich mein Leben von dem Moment an, als dieser kleine Schrei auftauchte \u2013 zum Schlechten. Es besteht m\u00f6glicherweise Angst \u2013 ich habe so etwas noch nie gesehen, ist es sicher? Der kleine Kreischer beginnt zu krabbeln, zieht am Fell des Hundes, tritt auf den Schwanz. Sehr schnell stellt sich heraus: Nein, es ist nicht sicher. Und was kann ich tun \u2013 ich werde mich daf\u00fcr entscheiden, wegzulaufen (die unangenehme Situation zu verlassen), aber wenn ich keine M\u00f6glichkeit habe, zu entkommen, bleibt mir die letzte M\u00f6glichkeit \u2013 ich werde bei\u00dfen. Ich werde die Gefahr verdr\u00e4ngen und es wird mir f\u00fcr eine Weile besser gehen.<\/p>\n<p>[\/et_pb_text][dmg_masonry_gallery gallery=\u201c4978,4979,4977,4818,4827,3344\u2033 gutter=\u201c3\u2033 modal_title=\u201cin_title\u201c hover_overlay_effect=\u201coverlay_image_data\u201c overlay_title_size=\u201c19px\u201c overlay_title_color=\u201c#FFFFFF\u201c show_overlay_ caption=\u201c aus \u201eoverlay_caption_size=\u201c14px\u201c pagination_buttons_background=\u201cRGBA(255,255,255,0)\u201c pagination_buttons_background_active=\u201c#bcb840\u2033 columns_tablet=\u201c2\u2033 columns_phone=\u201c2\u2033 columns_last_edited=\u201con|desktop\u201c _builder_version=\u201c4.16. preset=\u201cdefault \u201epagination_text_color=\u201c#bcb840\u201c pagination_font_size=\u201c12px\u201c pagination_active_text_color=\u201c#71615b\u201c pagination_active_font_size=\u201c12px\u201c hover_enabled=\u201c0\u2033 border_radii_image=\u201con|12px|12px|12px|12px\u201c border_radii_pagin =\u201con|6px|6px|6px |6px \u201d border_radii_pagination_active=\u201con|6px|6px|6px|6px\u201c box_shadow_style_pagination=\u201cpreset1\u2033 global_colors_info=\u201c{}\u201c theme_builder_area=\u201cpost_content\u201c sticky_enabled=\u201c0\u2033][\/dmg_masonry_gallery][\/et_pb_column][\/et_pb_row] [\/et_pb_section]<\/p>","protected":false},"excerpt":{"rendered":"<p>Australischer Labradoodle gut mit Kindern. Stimmt das? Australisches Labradoodle ist gut f\u00fcr Kinder. Ich h\u00f6re diesen Satz oft. Korrektur \u2013 nein, nicht alle Hunde dieser Rasse sind f\u00fcr Familien mit Kindern geeignet. Man kann nicht alle Hunde in eine Tasche stecken \u2013 denn sie sollen freundlich sein. In jedem Wurf gibt es unterschiedliche Temperamente und der Z\u00fcchter sollte die Entwicklung beobachten [\u2026]<\/p>","protected":false},"author":3,"featured_media":0,"parent":0,"menu_order":0,"comment_status":"closed","ping_status":"closed","template":"","meta":{"_et_pb_use_builder":"on","_et_pb_old_content":"<h1>Australijski Labradoodle dobry dla dzieci. Czy to prawda?<\/h1>\r\n<strong>Australijski Labradoodle dobry dla dzieci.<\/strong> Cz\u0119sto s\u0142ysz\u0119 to zdanie. Poprawka \u2013 \u00a0nie, nie \u00a0wszystkie psy tej rasy\u00a0b\u0119d\u0105 nadawa\u0142y si\u0119 do rodzin z dzie\u0107mi. Nie mo\u017cna wszystkich psiak\u00f3w wrzuci\u0107 do jednego wora \u2013 bo przyjazne powinny by\u0107. W ka\u017cdym miocie zdarzaj\u0105 si\u0119 r\u00f3\u017cne temperamenty a hodowca powinien obserwowa\u0107 rozwijaj\u0105ce si\u0119 szczeniaki. Mo\u017cna te\u017c skorzysta\u0107 z pomocy behawiorysty i zrobi\u0107 testy temperamentu. Testy te okre\u015blaj\u0105 predyspozycje i w\u00f3wczas bez problemu mo\u017cna oceni\u0107 szczeniaka \u2013 czy dana rodzina sobie z nim poradzi, czy b\u0119dzie on szcz\u0119\u015bliwy u danej rodziny.\r\n\r\nPodkre\u015blam jednak \u2013 testy okre\u015blaj\u0105 pewne predyspozycje szczeniaka i dalszy kierunek pracy z nim. Nie s\u0105 one proroctwem i musimy zdawa\u0107 sobie spraw\u0119, \u017ce to jaki b\u0119dzie nasz szczeniak le\u017cy w naszych r\u0119kach. Tylko i wy\u0142\u0105cznie. Musimy wiedzie\u0107, \u017ce to co z nim zrobimy, oraz to czego nie zrobimy wp\u0142ynie na jego przysz\u0142y temperament.\r\n\r\nInn\u0105 kwesti\u0105 jest kwestia naszej pracy i socjalizacji.\r\n\r\nWyobra\u017amy sobie szczeniaka, kt\u00f3ry u hodowcy nie mia\u0142 styczno\u015bci z dzie\u0107mi. Nowy w\u0142a\u015bciciel r\u00f3wnie\u017c nie zrobi\u0142 za wiele w temacie. Nagle rodzi si\u0119 dziecko, a pies z dnia na dzie\u0144 dostaje ograniczenia, kt\u00f3rych wcze\u015bniej nie mia\u0142. Od teraz nie wolno wchodzi\u0107 mu na kanap\u0119, do sypialni (gdzie przebywa noworodek), nie wolno dziecka w\u0105cha\u0107, cho\u0107 nowe zapachy wydaj\u0105 si\u0119 tak intryguj\u0105ce. W m\u00f3zgu takiego psa pojawia si\u0119 skojarzenie NIEMOWLAK = SAMO Z\u0141O. Przecie\u017c od tego momentu kiedy pojawi\u0142 si\u0119 \u00a0ten ma\u0142y skrzecz\u0105cy, moje \u017cycie zmieni\u0142o si\u0119 \u2013 na gorsze. \u00a0Do tego dochodzi\u0107 mo\u017ce l\u0119k \u2013 nigdy czego\u015b takiego nie widzia\u0142em, czy to jest bezpieczne? Ma\u0142e skrzecz\u0105ce zaczyna raczkowa\u0107, ci\u0105gie\u00a0psa za sier\u015b\u0107, nadepnie na ogon. Bardzo szybko okazuje si\u0119, \u017ce nie \u2013 nie jest bezpieczne. A co ja mog\u0119 zrobi\u0107 \u2013 wybior\u0119 ucieczk\u0119 (odej\u015bcie od przykrej sytuacji), ale kiedy mo\u017cliwo\u015bci ucieczki mia\u0142 nie b\u0119d\u0119 pozostaje mi ostatnie wyj\u015bcie \u2013 ugryz\u0119. \u00a0Odsun\u0119 od siebie niebezpiecze\u0144stwo i cho\u0107 na chwil\u0119 poczuj\u0119 si\u0119 lepiej.","_et_gb_content_width":"","footnotes":""},"class_list":["post-4126","page","type-page","status-publish","hentry"],"_links":{"self":[{"href":"https:\/\/labradoodle.pl\/de\/wp-json\/wp\/v2\/pages\/4126","targetHints":{"allow":["GET"]}}],"collection":[{"href":"https:\/\/labradoodle.pl\/de\/wp-json\/wp\/v2\/pages"}],"about":[{"href":"https:\/\/labradoodle.pl\/de\/wp-json\/wp\/v2\/types\/page"}],"author":[{"embeddable":true,"href":"https:\/\/labradoodle.pl\/de\/wp-json\/wp\/v2\/users\/3"}],"replies":[{"embeddable":true,"href":"https:\/\/labradoodle.pl\/de\/wp-json\/wp\/v2\/comments?post=4126"}],"version-history":[{"count":7,"href":"https:\/\/labradoodle.pl\/de\/wp-json\/wp\/v2\/pages\/4126\/revisions"}],"predecessor-version":[{"id":5485,"href":"https:\/\/labradoodle.pl\/de\/wp-json\/wp\/v2\/pages\/4126\/revisions\/5485"}],"wp:attachment":[{"href":"https:\/\/labradoodle.pl\/de\/wp-json\/wp\/v2\/media?parent=4126"}],"curies":[{"name":"wp","href":"https:\/\/api.w.org\/{rel}","templated":true}]}}