{"id":4124,"date":"2018-05-15T13:37:19","date_gmt":"2018-05-15T11:37:19","guid":{"rendered":"https:\/\/labradoodle.pl\/?page_id=4124"},"modified":"2022-02-25T12:18:17","modified_gmt":"2022-02-25T11:18:17","slug":"australijskie-labradoodle-dla-alergikow","status":"publish","type":"page","link":"https:\/\/labradoodle.pl\/de\/australijskie-labradoodle-dla-alergikow\/","title":{"rendered":"Australischer Labradoodle f\u00fcr Allergiker"},"content":{"rendered":"<p>[et_pb_section fb_built=\u201c1\u2033 admin_label=\u201csection\u201c _builder_version=\u201c3.22\u2033 global_colors_info=\u201c{}\u201c][et_pb_row admin_label=\u201crow\u201c _builder_version=\u201c3.25\u2033background_size=\u201cinitial\u201cbackground_position=\u201ctop_left\u201cbackground_repeat=\u201crepeat \u201d global_colors_info=\u201c{}\u201c][et_pb_column type=\u201c4_4\u2033 _builder_version=\u201c3.25\u2033 custom_padding=\u201c|||\u201c global_colors_info=\u201c{}\u201c custom_padding__hover=\u201c|||\u201c][et_pb_text admin_label=\u201cText\u201c _builder_version=\u201c4.14.8\u2033 background_size=\u201cinitial\u201c background_position=\u201ctop_left\u201c background_repeat=\u201crepeat\u201c hover_enabled=\u201c0\u2033 global_colors_info= \u201e{}\u201c text_font=\u201c|300|||||||\u201c text_font_size=\u201c18px\u201c sticky_enabled=\u201c0\u2033]<\/p>\n<h1><strong>Australischer Labradoodle f\u00fcr Allergiker? <\/strong><\/h1>\n<h3><strong>Hunde haaren nicht?<\/strong><strong><\/strong><\/h3>\n<p>[\/et_pb_text][et_pb_text _builder_version=\u201c4.14.8\u201c _module_preset=\u201cdefault\u201c text_font=\u201c|300|||||||\u201c text_font_size=\u201c18px\u201c hover_enabled=\u201c0\u2033 sticky_enabled=\u201c0\u2033]<\/p>\n<p><strong>Australischer Labradoodle f\u00fcr Allergiker.<\/strong> \u00a0Wie Sie wahrscheinlich bereits wissen, ist der australische Labradoodle nicht nur eine Kreuzung zwischen einem Labrador und einem Pudel.<\/p>\n<p>Wenn wir versucht haben, einen Hund der ersten Generation (z. B. Labrador + Pudel oder Labradoodle + Pudel usw.) oder einen ALD mit mehreren Generationen, der mit einem Labrador oder Cocker Spaniel gekreuzt wurde, zu kaufen, laufen wir leider Gefahr, dass es zu Unannehmlichkeiten kommt. Selbst nach einem Jahr (nach dem ersten Haarwechsel unseres Labradoodle-Welpen) kann es sein, dass unser Hund uns sensibilisiert und haart.<\/p>\n<p>Warum passiert das? Nun, man wei\u00df nie, welche Gene Ihr Welpe erben wird. Oder hat er vielleicht das Fell von Mama Labrador oder Papa Cocker Spaniel?<\/p>\n<p>Im Allgemeinen sollten sich Organisationen von den fr\u00fchen Generationen des australischen Labradoodles entfernen. Sie sollten auch keine neuen Infusionen einf\u00fchren. Allerdings ist mir bewusst, dass nicht alle Organisationen solche Regelungen haben. Leider k\u00f6nnen wir immer noch den \u201eAustralian Labradoodle\u201c treffen, dessen Vater ein Pudel, Cocker Spaniel oder Soft Coated Irish Wheaten ist. In diesem Fall m\u00fcssen wir ber\u00fccksichtigen, dass unser Hund m\u00f6glicherweise allergisch ist und haart. Leider kann es sein, dass dies erst nach einem Jahr, also nach dem ersten Haarersatz, der Fall ist. Daher ist es besonders wichtig, sich nicht f\u00fcr einen Hund aus so fr\u00fchen Generationen zu entscheiden, sondern am besten eine Organisation zu w\u00e4hlen, die solche Kreuzungen nicht zul\u00e4sst. Dann k\u00f6nnen wir sicher sein, dass wir einen Hund von guter Qualit\u00e4t kaufen.<\/p>\n<p>Das zweite Problem ist die Allergie selbst. Nicht jeder ist allergisch gegen Hautschuppen. Eine Person kann empfindlich auf Allergene reagieren, die im Speichel, in der Epidermis, im Haar und sogar im Urin enthalten sind. Meiner Erfahrung nach sind Allergien gegen Urinwei\u00dfe am st\u00e4rksten. In diesem Fall sollte der Z\u00fcchter zun\u00e4chst erm\u00f6glichen, das ausgewachsene Exemplar unter allergenfreien Bedingungen zu treffen. Anschlie\u00dfend sollte er umfassend dar\u00fcber informieren, wie mit dem Welpen umzugehen ist, sodass das Risiko etwaiger Allergien minimiert wird. Eine unzureichende Ern\u00e4hrung des Hundes, mangelnde Pflege seines Fells und die M\u00f6glichkeit, dass der Welpe seinen Stuhlgang zu Hause macht, k\u00f6nnen allergische Reaktionen hervorrufen.<\/p>\n<p>Australischer Labradoodle f\u00fcr Allergiker<\/p>\n<p>[\/et_pb_text][\/et_pb_column][\/et_pb_row][\/et_pb_section]<\/p>","protected":false},"excerpt":{"rendered":"<p>Australischer Labradoodle f\u00fcr Allergiker? Nicht haarende Hunde? Australischer Labradoodle f\u00fcr Allergiker.  Wie Sie wahrscheinlich bereits wissen, ist der australische Labradoodle nicht nur eine Kreuzung zwischen einem Labrador und einem Pudel. Wenn wir versucht sind, einen Hund der ersten Generation (z. B. Labrador + Pudel oder Labradoodle + Pudel usw.) oder einen ALD mit mehreren Generationen, der erneut mit einem Labrador oder Cocker Spaniel gekreuzt wurde, zu kaufen, laufen wir leider Gefahr, [\u2026]<\/p>","protected":false},"author":3,"featured_media":0,"parent":0,"menu_order":0,"comment_status":"closed","ping_status":"closed","template":"","meta":{"_et_pb_use_builder":"on","_et_pb_old_content":"<h2><strong>Australijskie Labradoodle dla alergik\u00f3w? <\/strong><\/h2>\r\n<h3><strong>Psy nie liniej\u0105ce?<\/strong><\/h3>\r\n<strong>Australijskie Labradoodle dla alergik\u00f3w.<\/strong> \u00a0Jak\u00a0Pa\u0144stwo zapewne ju\u017c wiecie, Australijski Labradoodle to nie tylko krzy\u017c\u00f3wka Labradora i Pudla.\r\n\r\nPokusiwszy si\u0119 na zakup psa z pierwszych generacji (na przyk\u0142ad Labrador + Pudel czy Labradoodle + Pudel itp.) lub te\u017c wielopokoleniowego ALD ponownie skrzy\u017cowanego z Labradorem lub Cocker Spanielem, niestety nara\u017camy si\u0119 na nieprzyjemno\u015bci. Po roku czasu nawet (po pierwszej wymianie sier\u015bci naszego szczeniaka Labradoodle) mo\u017ce si\u0119 okaza\u0107 bowiem, \u017ce nas pies nas uczuli i b\u0119dzie linia\u0142.\r\n\r\nDlaczego tak si\u0119 dzieje?\u00a0Ot\u00f3\u017c nigdy nie wiadomo jakie geny odziedziczy nasze szczeni\u0119. A mo\u017ce akurat b\u0119dzie mia\u0142o liniej\u0105c\u0105 sier\u015b\u0107 mamy Labradora czy taty Cocker Spaniela?\r\n\r\nGeneralnie organizacje powinny odchodzi\u0107 od wczesnych generacji Australijskiego Labradoodle. Nie powinny te\u017c wprowadza\u0107 \u017cadnych nowych infuzji. Zdaj\u0119 sobie jednak spraw\u0119, \u017ce nie wszystkie organizacje maj\u0105 takie regulaminy. Niestety jeszcze mo\u017cemy spotka\u0107 \u201eAustralijskiego Labradoodle\u201d, kt\u00f3rego tatusiem jest Pudel, Cocker Spaniel czy Soft Coated Irish Wheaten. W takim wypadku musimy liczy\u0107 si\u0119 z tym, \u017ce nasz pies mo\u017ce uczula\u0107 i linie\u0107. Niestety to mo\u017ce okaza\u0107 si\u0119 dopiero po roku czasu, czyli po pierwszej wymianie sier\u015bci. Dlatego szczeg\u00f3lnie istotne jest aby nie decydowa\u0107 si\u0119 na psa z tak wczesnych pokole\u0144 a najlepiej wybra\u0107 organizacj\u0119, kt\u00f3ra na takie krzy\u017c\u00f3wki nie pozwala. Wtedy mamy pewno\u015b\u0107, \u017ce kupujemy dobrego jako\u015bciowo psa.\r\n\r\nDrug\u0105 kwesti\u0105 jest sam alergik. Nie ka\u017cdy uczulony jest tylko na sier\u015b\u0107. Cz\u0142owiek mo\u017ce by\u0107 wra\u017cliwy na alergeny zawarte w \u015blinie, nask\u00f3rku, sier\u015bci a nawet w moczu. Z mojego do\u015bwiadczenia wynika, \u017ce alergie na bia\u0142o zawarte w moczu s\u0105 najsilniejsze. W tym wypadku hodowca powinien w pierwszej kolejno\u015bci umo\u017cliwi\u0107 spotkanie z doros\u0142ym osobnikiem w warunkach wolnych od alergen\u00f3w. Nast\u0119pnie \u00a0powinien udzieli\u0107 kompletnych informacji odno\u015bnie post\u0119powania ze szczeniakiem w spos\u00f3b, kt\u00f3ry \u00a0zminimalizuje ryzyko wyst\u0105pienia jakichkolwiek alergii. Nieodpowiednie od\u017cywianie psa bowiem, nie dbanie o jego sier\u015b\u0107, pozwalanie aby szczeni\u0119 za\u0142atwia\u0142o si\u0119 w domu mo\u017ce spowodowa\u0107 i\u017c reakcje alergiczne wyst\u0105pi\u0105.\r\n\r\nAustralijskie Labradoodle dla alergik\u00f3w","_et_gb_content_width":"","footnotes":""},"class_list":["post-4124","page","type-page","status-publish","hentry"],"_links":{"self":[{"href":"https:\/\/labradoodle.pl\/de\/wp-json\/wp\/v2\/pages\/4124","targetHints":{"allow":["GET"]}}],"collection":[{"href":"https:\/\/labradoodle.pl\/de\/wp-json\/wp\/v2\/pages"}],"about":[{"href":"https:\/\/labradoodle.pl\/de\/wp-json\/wp\/v2\/types\/page"}],"author":[{"embeddable":true,"href":"https:\/\/labradoodle.pl\/de\/wp-json\/wp\/v2\/users\/3"}],"replies":[{"embeddable":true,"href":"https:\/\/labradoodle.pl\/de\/wp-json\/wp\/v2\/comments?post=4124"}],"version-history":[{"count":3,"href":"https:\/\/labradoodle.pl\/de\/wp-json\/wp\/v2\/pages\/4124\/revisions"}],"predecessor-version":[{"id":4922,"href":"https:\/\/labradoodle.pl\/de\/wp-json\/wp\/v2\/pages\/4124\/revisions\/4922"}],"wp:attachment":[{"href":"https:\/\/labradoodle.pl\/de\/wp-json\/wp\/v2\/media?parent=4124"}],"curies":[{"name":"wp","href":"https:\/\/api.w.org\/{rel}","templated":true}]}}