{"id":4118,"date":"2018-05-15T13:21:37","date_gmt":"2018-05-15T11:21:37","guid":{"rendered":"https:\/\/labradoodle.pl\/?page_id=4118"},"modified":"2022-02-25T12:37:50","modified_gmt":"2022-02-25T11:37:50","slug":"cena-australijskiego-labradoodle","status":"publish","type":"page","link":"https:\/\/labradoodle.pl\/de\/cena-australijskiego-labradoodle\/","title":{"rendered":"Australischer Labradoodle-Preis"},"content":{"rendered":"<p>[et_pb_section fb_built=\u201c1\u2033 admin_label=\u201csection\u201c _builder_version=\u201c3.22\u2033 global_colors_info=\u201c{}\u201c][et_pb_row admin_label=\u201crow\u201c _builder_version=\u201c3.25\u2033background_size=\u201cinitial\u201cbackground_position=\u201ctop_left\u201cbackground_repeat=\u201crepeat \u201d global_colors_info=\u201c{}\u201c][et_pb_column type=\u201c4_4\u2033 _builder_version=\u201c3.25\u2033 custom_padding=\u201c|||\u201c global_colors_info=\u201c{}\u201c custom_padding__hover=\u201c|||\u201c][et_pb_text _builder_version=\u201c4.14.8\u201c _module_preset=\u201cdefault\u201c hover_enabled=\u201c0\u2033 sticky_enabled=\u201c0\u2033]<\/p>\n<h1>Australischer Labradoodle-Preis<\/h1>\n<p>[\/et_pb_text][et_pb_text admin_label=\u201cText\u201c _builder_version=\u201c4.14.8\u201c background_size=\u201cinitial\u201c background_position=\u201ctop_left\u201c background_repeat=\u201crepeat\u201c hover_enabled=\u201c0\u2033 global_colors_info=\u201c{}\u201c text_font=\u201c|300| ||||||\u201c sticky_enabled=\u201c0\u2033]<\/p>\n<p><strong>Der Preis des australischen Labradoodle ist hoch<\/strong>, aber es spiegelt alle Kosten im Zusammenhang mit Gesundheitstests, Kauf und Import gesunder und guter Zuchtlinien wider. Registrierungen bei einer seri\u00f6sen Organisation und sogar Kenntnisse dar\u00fcber und wie die Prim\u00e4rsozialisierung von Welpen durch den Z\u00fcchter durchgef\u00fchrt wird.<\/p>\n<p><strong>Preisunterschiede<\/strong> sollten immer ein rotes Licht und eine gr\u00fcndliche Analyse dessen ausl\u00f6sen, worauf sie angewiesen sind. Leider ist die Linie nicht gleich und in einigen Linien der australischen Labradoodles treten viele genetische Krankheiten auf. Ich habe 1,5 Jahre gebraucht, um eine gute und gesunde Labradoodle-Linie zu finden (importiert, um den genetischen Pool zu diversifizieren), und ich \u201esitze\u201c seit 8 Jahren \u00fcber australische Labradoodles. , schnelles Verdienen \u2013 wissen Sie, wir k\u00f6nnen eine \u00e4hnliche Situation in beobachten Polen nach der Novelle des Tierschutzgesetzes), das von den Z\u00fcchtern verlangt, sehr gr\u00fcndliche Gesundheitstests ihrer Welpen oder sogar DNA-Tests durchzuf\u00fchren \u2013 leider ist das alles sehr teuer.<\/p>\n<p>Wenn die Organisation an der Entwicklung und Erforschung der Rasse interessiert ist, fallen auch die Kosten f\u00fcr andere Forschungen (z. B. Unsachgem\u00e4\u00dfes Fell) an, die von den Z\u00fcchtern \u00fcbernommen werden.<\/p>\n<p>Wie sieht es mit der Sozialisierung aus? Kann das jeder? Nat\u00fcrlich! Die Frage ist nur, mit welchem Effekt? Die Kenntnis der Gehirnentwicklung und der kritischen Phasen Ihres Hundes ist der Schl\u00fcssel zur Sozialisierung des Welpen. Alle Reize, die wir Welpen geben, m\u00fcssen ausgewogen und an eine bestimmte Entwicklungsphase angepasst sein. Jeder Welpe ist anders. Und was ist damit? Ein echter Z\u00fcchter verbessert st\u00e4ndig sein Wissen und nimmt an verschiedenen Seminaren und Konferenzen teil. Wir leben in einer Zeit, in der das Wissen \u00fcber das Verhalten von Tieren floriert. St\u00e4ndig erreichen uns neue Fakten, aber auch die Gro\u00dfen aus der Tierwelt \u2013 Verhaltensforscher oder Verhaltensforscher k\u00f6nnen unterschiedliche Meinungen, Meinungen, Annahmen vertreten. Und sehr gut \u2013 dadurch haben wir Fortschritte gemacht. Sie d\u00fcrfen sich aber nicht auf ein Seminar oder eine Schulung beschr\u00e4nken. Und solche, die von Menschen aus dem Ausland durchgef\u00fchrt werden, sind au\u00dferdem sehr teuer. Aber das Wissen des Z\u00fcchters zahlt sich aus \u2013 es zahlt sich einfach bei Ihrem Welpen aus.<\/p>\n<p>[\/et_pb_text][\/et_pb_column][\/et_pb_row][\/et_pb_section]<\/p>","protected":false},"excerpt":{"rendered":"<p>Preis eines australischen LabradoodleDer Preis eines australischen Labradoodle ist hoch, aber er spiegelt alle Kosten wider, die mit Gesundheitstests, dem Kauf und dem Import gesunder und guter Zuchtlinien verbunden sind. Registrierung bei einer seri\u00f6sen Organisation und sogar Kenntnisse \u00fcber und Methode der prim\u00e4ren Sozialisierung von Welpen durch den Z\u00fcchter. Preisunterschiede sollten immer ein Warnsignal und eine gr\u00fcndliche Analyse ihrer Ursachen ausl\u00f6sen. [\u2026]<\/p>","protected":false},"author":3,"featured_media":0,"parent":0,"menu_order":0,"comment_status":"closed","ping_status":"closed","template":"","meta":{"_et_pb_use_builder":"on","_et_pb_old_content":"<strong>Cena Australijskiego Labradoodle jest wysoka<\/strong>, ale odzwierciedla ona wszystkie koszty zwi\u0105zane z testami zdrowotnymi, zakupem, sprowadzeniem zdrowych i dobrych linii hodowlanych. Rejestracjom w renomowanej organizacji a nawet wiedz\u0105 na temat i sposobem przeprowadzania pierwotnej socjalizacji szczeni\u0105t przez hodowc\u0119.\r\n\r\n<strong>R\u00f3\u017cnice cenowe<\/strong> zawsze powinny spowodowa\u0107 zapalenie czerwonej lampki i wnikliw\u0105 analiz\u0119 od czego one zale\u017c\u0105. Niestety linia, linii nie jest r\u00f3wna i ju\u017c w niekt\u00f3rych z linii Australijskich Labradoodle pojawia si\u0119 wiele chor\u00f3b genetycznych. Mnie samej szukanie dobrej i zdrowej linii Labradoodle (sprowadzanej w celu urozmaicenia puli genetycznej) zaj\u0119\u0142o 1,5 roku, a w temacie Australijskich Labradoodle \u201esiedz\u0119\u201d ju\u017c od lat 8. Nast\u0119pn\u0105 kwesti\u0105 jest kwestia Organizacji Kynologicznej (jest ich kilka, wiele powsta\u0142o z ch\u0119ci du\u017cego, szybkiego zarobku \u2013 wiadomo, podobn\u0105 sytuacj\u0119 mo\u017cemy obserwowa\u0107 w Polsce po zmianie Ustawy o Ochronie Zwierz\u0105t), kt\u00f3ra nak\u0142ada na hodowc\u00f3w przeprowadzania bardzo wnikliwych test\u00f3w zdrowotnych swoich szczeni\u0105t, czy cho\u0107by test\u00f3w DNA \u2013 to wszystko jest niestety bardzo kosztowne.\r\n\r\nJe\u017celi organizacja jest zainteresowana rozwojem i badaniami nad ras\u0105 \u2013 dochodz\u0105 do tego koszty innych bada\u0144 (na przyk\u0142ad Improper Coat), kt\u00f3re pokrywaj\u0105 hodowcy.\r\n\r\nA co z socjalizacj\u0105? Czy mo\u017ce j\u0105 wykona\u0107 ka\u017cdy? Oczywi\u015bcie! Pytanie tylko z jakim skutkiem? Wiedza na temat rozwoju m\u00f3zgu psa i krytycznych okres\u00f3w jest wiedz\u0105 kluczow\u0105 w socjalizacji szczeni\u0105t. Wszystkie bod\u017ace, kt\u00f3re zapodajemy szczeniakom musz\u0105 by\u0107 wywa\u017cone i dostosowane do konkretnego okresu rozwoju. Ka\u017cde szczeni\u0119 jest inne. Co w zwi\u0105zku z tym? Prawdziwy hodowca swoj\u0105 wiedz\u0119 ca\u0142y czas doskonali, bierze udzia\u0142 w r\u00f3\u017cnych seminariach, konferencjach. \u017byjemy w czasach, w kt\u00f3rych wiedza na temat behawioru zwierz\u0105t kwitnie. Co chwil\u0119 docieraj\u0105 do nas nowe fakty, ale i te\u017c wielcy ze \u015bwiata zwierz\u0105t \u2013 etolodzy czy behawiory\u015bci potrafi\u0105 mie\u0107 r\u00f3\u017cne zdania, opinie, przypuszczenia. No i bardzo dobrze \u2013 dzi\u0119ki temu mamy post\u0119p. Tylko nie wolno poprzesta\u0107 na jednym seminarium czy na jednym szkoleniu. A takie \u2013 w dodatku przeprowadzane przez osoby z zagranicy s\u0105 bardzo kosztowne. Ale wiedza hodowcy procentuje \u2013 procentuje w Waszym szczeniaku, po prostu.","_et_gb_content_width":"","footnotes":""},"class_list":["post-4118","page","type-page","status-publish","hentry"],"_links":{"self":[{"href":"https:\/\/labradoodle.pl\/de\/wp-json\/wp\/v2\/pages\/4118","targetHints":{"allow":["GET"]}}],"collection":[{"href":"https:\/\/labradoodle.pl\/de\/wp-json\/wp\/v2\/pages"}],"about":[{"href":"https:\/\/labradoodle.pl\/de\/wp-json\/wp\/v2\/types\/page"}],"author":[{"embeddable":true,"href":"https:\/\/labradoodle.pl\/de\/wp-json\/wp\/v2\/users\/3"}],"replies":[{"embeddable":true,"href":"https:\/\/labradoodle.pl\/de\/wp-json\/wp\/v2\/comments?post=4118"}],"version-history":[{"count":6,"href":"https:\/\/labradoodle.pl\/de\/wp-json\/wp\/v2\/pages\/4118\/revisions"}],"predecessor-version":[{"id":4938,"href":"https:\/\/labradoodle.pl\/de\/wp-json\/wp\/v2\/pages\/4118\/revisions\/4938"}],"wp:attachment":[{"href":"https:\/\/labradoodle.pl\/de\/wp-json\/wp\/v2\/media?parent=4118"}],"curies":[{"name":"wp","href":"https:\/\/api.w.org\/{rel}","templated":true}]}}