{"id":4070,"date":"2018-05-13T22:06:10","date_gmt":"2018-05-13T20:06:10","guid":{"rendered":"https:\/\/labradoodle.pl\/?page_id=4070"},"modified":"2024-07-30T21:18:38","modified_gmt":"2024-07-30T19:18:38","slug":"kontakt","status":"publish","type":"page","link":"https:\/\/labradoodle.pl\/de\/kontakt\/","title":{"rendered":"Kontakt"},"content":{"rendered":"<p>[et_pb_section fb_built=\u201d1\u2033 fullwidth=\u201don\u201d next_background_color=\u201d#71615b\u201d admin_label=\u201dHeader-Abschnitt\u201d _builder_version=\u201d4.23\u2033 background_color=\u201d#FFFFFF\u201d bottom_divider_style=\u201dramp2\u2033 bottom_divider_flip=\u201dhorizontal\u201d global_colors_info=\u201d{}\u201d][et_pb_fullwidth_header title=\u201dKontakt\u201d admin_label=\u201dHeader in voller Breite\u201d _builder_version=\u201d4.23\u2033 title_font=\u201dRaleway|700|||||||\u201d title_text_align=\u201dcenter\u201d title_font_size=\u201d70px\u201d title_line_height=\u201d1.1em\u201d content_font=\u201dRaleway||||||||\u201d Inhaltstextfarbe = \u201e#FFFFFF\u201c Inhaltsschriftgr\u00f6\u00dfe = \u201e50px\u201c Inhaltszeilenh\u00f6he = \u201e1,1em\u201c Untertitelschrift = \u201eRaleway|700|||||||\u201c Unter\u00fcberschriften-Schriftgr\u00f6\u00dfe = 70 Pixel Unter\u00fcberschriften-Zeilenh\u00f6he = 1,1 Pixel Hintergrundfarbe = #c0b740 Hintergrundbild aktivieren = aus Hintergrundmischung = \u00dcberlagerung Benutzerdefinierte Schaltfl\u00e4che eine = ein Textgr\u00f6\u00dfe der Schaltfl\u00e4che eine = 16 Pixel Schaltfl\u00e4chentextfarbe = #ffffff Schaltfl\u00e4chenhintergrundfarbe = rgba (224,153,0,0,83) Schaltfl\u00e4chenrandbreite = 15 Pixel Schaltfl\u00e4chenrandfarbe = rgba (0,0,0,0) Schaltfl\u00e4chenrandradius = 100 Pixel Schaltfl\u00e4chenbuchstabenabstand = 3 Pixel Schaltfl\u00e4chenschriftart = Oswald |||an |||||\u201c button_one_use_icon=\u201daus\u201d custom_button_two=\u201dan\u201d button_two_text_size=\u201d16px\u201d button_two_text_color=\u201d#ffffff\u201d button_two_bg_color=\u201drgba(224,153,0,0.83)\u201d button_two_border_width=\u201d15px\u201d button_two_border_color=\u201drgba(0,0,0,0)\u201d button_two_border_radius=\u201d100px\u201d button_two_letter_spacing=\u201d3px\u201d button_two_font=\u201dOswald|||an|||||\u201d button_two_use_icon=\u201daus\u201d custom_margin=\u201d|||\u201d custom_padding=\u201d3vw||3vw||true|\u201d Titel_Schriftgr\u00f6\u00dfe_Tablet=\u201d\u201d Titel_Schriftgr\u00f6\u00dfe_Telefon=\u201d50px\u201d Titel_Schriftgr\u00f6\u00dfe_Zuletzt_bearbeitet=\u201dauf|Desktop\u201d Inhalts_Schriftgr\u00f6\u00dfe_Tablet=\u201d50px\u201d Inhalts_Schriftgr\u00f6\u00dfe_Telefon=\u201d25px\u201d Inhalts_Schriftgr\u00f6\u00dfe_Zuletzt_bearbeitet=\u201dauf|Desktop\u201d Unter\u00fcberschrift_Schriftgr\u00f6\u00dfe_Tablet=\u201d80px\u201d Unter\u00fcberschrift_Schriftgr\u00f6\u00dfe_Telefon=\u201d35px\u201d Unter\u00fcberschrift_Schriftgr\u00f6\u00dfe_Zuletzt_bearbeitet=\u201dauf|Desktop\u201d Titel_Text_Schattenstil=\u201dVoreinstellung4\u2033 Titel_Text_Schattenfarbe=\u201d#000000\u2033 Inhalts_Text_Schattenstil=\u201dVoreinstellung2\u2033 Inhalts_Text_Schattenfarbe=\u201d#000000\u2033 Unter\u00fcberschrift_Text_Schattenstil=\u201dVoreinstellung4\u2033 Text_Schattenstil=\u201dVoreinstellung4\u2033 button_one_border_radius_hover=\u201d100px\u201d button_one_bg_color_hover=\u201d#cc8d66\u2033 button_two_bg_color_hover=\u201d#d29f68\u2033 global_colors_info=\u201d{}\u201d button_one_text_size__hover_enabled=\u201daus\u201d button_two_text_size__hover_enabled=\u201daus\u201d button_one_text_color__hover_enabled=\u201daus\u201d button_two_text_color__hover_enabled=\u201daus\u201d button_one_border_width__hover_enabled=\u201daus\u201d button_two_border_width__hover_enabled=\u201daus\u201d button_one_border_color__hover_enabled=\u201daus\u201d button_two_border_color__hover_enabled=\u201daus\u201d button_one_border_radius__hover_enabled=\u201daus\u201d button_one_border_radius__hover=\u201d100px\u201d button_two_border_radius__hover_enabled=\u201daus\u201d button_one_letter_spacing__hover_enabled=\u201daus\u201d button_two_letter_spacing__hover_enabled=\u201daus\u201d button_one_bg_color__hover_enabled=\u201dan\u201d button_one_bg_color__hover=\u201d#d87c6c\u201d button_two_bg_color__hover_enabled=\u201dan\u201d button_two_bg_color__hover=\u201d#d87c6c\u201d][\/et_pb_fullwidth_header][\/et_pb_section][et_pb_section fb_built=\u201d1\u2033 _builder_version=\u201d4.16\u2033 Hintergrundfarbe = #71615b, globale Farbeninfo = {}. [et_pb_row _builder_version = 4.16 Hintergrundfarbe = #71615b, globale Farbeninfo = {}. [et_pb_column type = 4_4 Hintergrundfarbe = #b1cbb1 benutzerdefinierte Polsterung = ||| global Farbeninfo = {}. benutzerdefinierte Polsterung__hover = |||] [et_pb_text _builder_version = 4.18.0 Modulevorgabe = Standard Hintergrundfarbe = #71615b, globale Farbeninfo = {}.<\/p>\n<h1>Kontakt<\/h1>\n<p>[\/et_pb_text][et_pb_text _builder_version=\u201c4.18.0\u2033 text_font=\u201c||||||||\u201c text_text_color=\u201c#FFFFFF\u201c text_font_size=\u201c16px\u201c header_font=\u201c||||||||\u201c background_color=\u201c#71615b\u201c custom_margin=\u201c-30px||0px||false|false\u201c global_colors_info=\u201c{}\u201c]<\/p>\n<p>Die Warteliste f\u00fcr Welpen ist derzeit ge\u00f6ffnet.<\/p>\n<p>Die Eltern der Welpen sind als Zuchthunde bei der Organisation ALFA EUROPE registriert<span>\u00a0<\/span><a href=\"http:\/\/www.alfa-europe.org\/\" target=\"_blank\" data-saferedirecturl=\"https:\/\/www.google.com\/url?q=http:\/\/www.alfa-europe.org&amp;source=gmail&amp;ust=1668608999892000&amp;usg=AOvVaw0folZN_wIdGDcGfgiCaAsI\" rel=\"noopener\">www.alfa-europe.org<\/a><\/p>\n<p>Unsere Hunde wurden getestet<span>\u00a0<\/span><b><u>200 verschiedene genetische Krankheiten,<\/u><\/b><span>\u00a0<\/span>wor\u00fcber Sie mehr auf unserer Website lesen k\u00f6nnen<\/p>\n<p>Wir betrachten die Sozialisierung von Welpen als eines der wichtigsten Elemente f\u00fcr die Gestaltung der Psyche des Hundes.<\/p>\n<p>&nbsp;<\/p>\n<p>Bitte kontaktieren Sie uns unten<span>\u00a0<\/span><a href=\"mailto:edyta.gajewska@labradoodle.pl\" target=\"_blank\" rel=\"noopener\">edyta.gajewska@labradoodle.pl<\/a><\/p>\n<p>[\/et_pb_text][\/et_pb_column][\/et_pb_row][et_pb_row _builder_version=\u201c4.16\u2033background_color=\u201c#71615b\u201c global_colors_info=\u201c{}\u201c][et_pb_column type=\u201c4_4\u2033 _builder_version=\u201c4.16\u2033background_color=\u201c#b1 cbb1 \u2033 custom_padding= \u201d|||\u201d global_colors_info=\u201c{}\u201c custom_padding__hover=\u201c|||\u201c][et_pb_text _builder_version=\u201c4.18.0\u2033 text_font=\u201c||||||||\u201c text_text_color=\u201c#FFFFFF\u201c text_font_size=\u201c16px\u201c header_font=\u201c||||||||\u201c background_color=\u201c#71615b\u201c custom_margin=\u201c-30px||0px||false|false\u201c global_colors_info=\u201c{}\u201c]<\/p>\n<h4><span>Vielen Dank im Voraus f\u00fcr das vollst\u00e4ndige Ausf\u00fcllen des Formulars. Dies ist uns sehr wichtig, wir m\u00f6chten Sie vor allem gut kennenlernen, um in Zukunft den besten Welpen entsprechend Ihrer Familiendynamik und Ihrem Temperament an Sie anpassen zu k\u00f6nnen.<\/span><\/h4>\n<h4 dir=\"auto\"><\/h4>\n<div dir=\"auto\">\n<h4>Zweitens m\u00f6chten wir sicher sein, in welche H\u00e4nde unser Welpe m\u00f6glicherweise gelangen k\u00f6nnte.<\/h4>\n<h4 dir=\"auto\"><\/h4>\n<h4 dir=\"auto\">Unvollst\u00e4ndige Formulare oder solche ohne Familienangabe werden nicht ber\u00fccksichtigt.<\/h4>\n<p><span>Besuche auf unserem Bauernhof sind herzlich willkommen, bitte vereinbaren Sie mit uns einen konkreten Termin.\u00a0<\/span><\/p>\n<div dir=\"auto\"><\/div>\n<div dir=\"auto\">Wir laden Sie unter der Woche von 8.30 bis 15.30 Uhr ein<\/div>\n<div dir=\"auto\"><\/div>\n<div dir=\"auto\">Wir reservieren Wochenenden nur f\u00fcr Personen, die auf unserer Warteliste eingetragen sind.\u00a0<\/div>\n<p>&nbsp;<\/p>\n<p>&nbsp;<\/p>\n<\/div>\n<p>[\/et_pb_text][\/et_pb_column][\/et_pb_row][et_pb_row _builder_version=\u201d4.18.0\u2033 _module_preset=\u201ddefault\u201d global_colors_info=\u201d{}\u201d][et_pb_column type=\u201d4_4\u2033 _builder_version=\u201d4.18.0\u2033 _module_preset=\u201ddefault\u201d global_colors_info=\u201d{}\u201d][et_pb_code _builder_version=\u201d4.23\u2033 _module_preset=\u201ddefault\u201d global_colors_info=\u201d{}\u201d]<script charset=\"utf-8\" type=\"text\/javascript\" src=\"\/\/js.hsforms.net\/forms\/embed\/v2.js\"><\/script><!-- [et_pb_line_break_holder] --><script><!-- [et_pb_line_break_holder] -->  hbspt.forms.create({<!-- [et_pb_line_break_holder] -->    region: \"na1\",<!-- [et_pb_line_break_holder] -->    portalId: \"4104034\",<!-- [et_pb_line_break_holder] -->    formId: \"e0ca169e-68bf-4ce3-aad9-5cba2e9e1d07\"<!-- [et_pb_line_break_holder] -->  });<!-- [et_pb_line_break_holder] --><\/script>[\/et_pb_code][\/et_pb_column][\/et_pb_row][\/et_pb_section][et_pb_section fb_built=\u201d1\u2033 admin_label=\u201dAbschnitt\u201d _builder_version=\u201d4.22.1\u2033 _module_preset=\u201ddefault\u201d background_color=\u201d#FFFFFF\u201d custom_padding=\u201d0px||0px|||\u201d global_colors_info=\u201d{}\u201d][\/et_pb_section]<\/p>","protected":false},"excerpt":{"rendered":"<p>KontaktDie Liste der Personen, die auf Welpen warten, ist derzeit ge\u00f6ffnet. Die Eltern der Welpen sind als Zuchthunde bei der Organisation ALFA EUROPE www.alfa-europe.org registriert. Unsere Hunde wurden auf 200 verschiedene genetische Krankheiten getestet, \u00fcber die Sie auf unserer Website mehr erfahren k\u00f6nnen eines der wichtigsten Elemente bei der Gestaltung der Psyche eines Hundes.  Bitte kontaktieren Sie uns unter edyta.gajewska@labradoodle.pl. Vielen Dank im Voraus f\u00fcr die vollst\u00e4ndige [\u2026]<\/p>","protected":false},"author":3,"featured_media":0,"parent":0,"menu_order":0,"comment_status":"closed","ping_status":"closed","template":"","meta":{"_et_pb_use_builder":"on","_et_pb_old_content":"","_et_gb_content_width":"","footnotes":""},"class_list":["post-4070","page","type-page","status-publish","hentry"],"_links":{"self":[{"href":"https:\/\/labradoodle.pl\/de\/wp-json\/wp\/v2\/pages\/4070","targetHints":{"allow":["GET"]}}],"collection":[{"href":"https:\/\/labradoodle.pl\/de\/wp-json\/wp\/v2\/pages"}],"about":[{"href":"https:\/\/labradoodle.pl\/de\/wp-json\/wp\/v2\/types\/page"}],"author":[{"embeddable":true,"href":"https:\/\/labradoodle.pl\/de\/wp-json\/wp\/v2\/users\/3"}],"replies":[{"embeddable":true,"href":"https:\/\/labradoodle.pl\/de\/wp-json\/wp\/v2\/comments?post=4070"}],"version-history":[{"count":42,"href":"https:\/\/labradoodle.pl\/de\/wp-json\/wp\/v2\/pages\/4070\/revisions"}],"predecessor-version":[{"id":9954,"href":"https:\/\/labradoodle.pl\/de\/wp-json\/wp\/v2\/pages\/4070\/revisions\/9954"}],"wp:attachment":[{"href":"https:\/\/labradoodle.pl\/de\/wp-json\/wp\/v2\/media?parent=4070"}],"curies":[{"name":"wp","href":"https:\/\/api.w.org\/{rel}","templated":true}]}}