{"id":4002,"date":"2018-05-08T22:06:25","date_gmt":"2018-05-08T20:06:25","guid":{"rendered":"https:\/\/labradoodle.pl\/?page_id=4002"},"modified":"2022-04-07T13:17:18","modified_gmt":"2022-04-07T11:17:18","slug":"kwestie-zdrowotne","status":"publish","type":"page","link":"https:\/\/labradoodle.pl\/de\/kwestie-zdrowotne\/","title":{"rendered":"Gesundheitsprobleme"},"content":{"rendered":"<p>[et_pb_section fb_built=\u201c1\u2033 _builder_version=\u201c4.16\u2033 global_colors_info=\u201c{}\u201c][et_pb_row _builder_version=\u201c4.16\u2033 background_size=\u201cinitial\u201c background_position=\u201ctop_left\u201c background_repeat=\u201crepeat\u201c global_colors_info=\u201c{}\u201c][et_pb_column type=\u201c4_4\u2033 _builder_version=\u201c4.16\u2033 custom_padding=\u201c|||\u201c global_colors_info=\u201c{}\u201c custom_padding__hover=\u201c|||\u201c][et_pb_text _builder_version=\u201c4.16\u2033 text_font=\u201c|300|||||||\u201c text_font_size=\u201c18\u2033 global_colors_info=\u201c{}\u201c]<\/p>\n<h1><b>Gesundheit australischer Labradoodles?<\/b><\/h1>\n<h5><span>Im Zwinger Hairy Pasja sind wir in gesundheitlichen Fragen noch einen Schritt weiter gegangen. Das hei\u00dft, zus\u00e4tzlich zu den Standardtests, die uns die Organisation vorschreibt, f\u00fchren wir bei unseren Hunden Gentests auf 22 Krankheiten durch, f\u00fcr die die Vorfahren des australischen Labradoodle m\u00f6glicherweise anf\u00e4llig waren. Dar\u00fcber hinaus testen wir DNA-Marker auf 170 weitere potenzielle genetische Erkrankungen. Dadurch k\u00f6nnen wir garantieren, dass in den n\u00e4chsten Generationen bei Ihren Kindern keine verschiedenen Krankheiten auftreten.\u00a0<\/span><\/h5>\n<div><\/div>\n<h4>Au\u00dferdem stellen wir jeder Familie den genauen DNA-Code der Eltern Ihres Welpen zur Verf\u00fcgung. Diese Studien zeigen den prozentualen Anteil einzelner Basisrassen an einem bestimmten Individuum. Dadurch k\u00f6nnen Sie sicher sein, was Sie kaufen und dass Ihr australischer Labradoodle ein Mehrgenerationenhund mit einem getesteten und ermittelten Anteil aller australischen Labradoodle-Vorfahren ist.<\/h4>\n<p><span style=\"font-weight: 400;\">Der Grund f\u00fcr den Kauf eines Australian Labradoodle ist oft die \u00dcberzeugung, dass es sich um die ges\u00fcndesten Hunde handelt. Oh, was f\u00fcr eine Entt\u00e4uschung ist schon f\u00fcr viele passiert, als sich herausstellte, dass die H\u00fcften des Hundes ersetzt werden m\u00fcssen.<\/span><\/p>\n<p><span style=\"font-weight: 400;\">Es gibt gesunde Linien, aber auch Scheinlinien, bei denen wir Probleme erwarten k\u00f6nnen. In den USA oder Australien beispielsweise kommt es immer h\u00e4ufiger zu gesundheitlichen Problemen bei der Rasse. Das Gleiche beginnt in den Niederlanden zu passieren. Alles ist auf die Popularisierung der Rasse und die Verwendung schwacher Zuchtlinien zur\u00fcckzuf\u00fchren (oft aus dem Wunsch, Geld zu sparen).<\/span><\/p>\n<h1><\/h1>\n<h3><b>Guter australischer Labradoodle-Zwinger \u2013 wie findet man ihn?<\/b><\/h3>\n<h1><\/h1>\n<p><span style=\"font-weight: 400;\">Ein guter Z\u00fcchter registriert seine Hunde bei einer seri\u00f6sen Organisation, die sich auf das Wohl der Rasse konzentriert und nicht auf schnellen Profit.<\/span><\/p>\n<h1><\/h1>\n<p><span style=\"font-weight: 400;\">Er \u00fcberpr\u00fcft die Gesundheit der Zuchthunde \u2013 alle H\u00fcft- und Ellbogenscans sollten EIN JAHR nach der Geburt des Hundes durchgef\u00fchrt werden. Tests im 4. Monat (was leider sehr h\u00e4ufig vorkommt) sind nicht ausreichend und f\u00fchren oft nach einem Jahr wiederholt zu einem negativen Ergebnis, und der Hund kann nicht f\u00fcr Zuchtzwecke verwendet werden. Verlangen Sie Tests von Ihrem Z\u00dcCHTER, da der Z\u00fcchter die Ergebnisse fr\u00fcherer Tests als selbstverst\u00e4ndlich ansieht und die Tests oft nicht wiederholt.<\/span><\/p>\n<h1><\/h1>\n<p><span style=\"font-weight: 400;\">Ein guter Z\u00fcchter INVESTIERT in gute Linien, er spart nicht bei der Zucht von Hunden. Ja, diese k\u00f6nnen teuer sein. Der Preis des australischen Labradoodle spiegelt den finanziellen Aufwand wider, der unter anderem f\u00fcr gesunde, gepr\u00fcfte Linien anf\u00e4llt.<\/span><\/p>\n<h1><\/h1>\n<p><span style=\"font-weight: 400;\">Der Labradoodle-Z\u00fcchter legt gro\u00dfen Wert auf eine gute Ern\u00e4hrung seiner Hunde und sorgt f\u00fcr die richtige k\u00f6rperliche Anstrengung.<\/span><\/p>\n<h1><\/h1>\n<h3><b>Was kann ein potenzieller Eigent\u00fcmer tun?<\/b><\/h3>\n<h1><\/h1>\n<p><span style=\"font-weight: 400;\">W\u00e4hlen Sie einen guten, ehrlichen Z\u00fcchter. Recherchieren Sie richtig. Kaufen Sie nicht, nur weil jemand Welpen zur Verf\u00fcgung hat. Solche schnellen Entscheidungen sind leider oft falsch.<\/span><\/p>\n<h1><\/h1>\n<p><span style=\"font-weight: 400;\">F\u00fcttern Sie Ihren Welpen mit ausgewogenem Futter. Dank dessen w\u00fcnschen wir ihm alles Gute f\u00fcr einen guten Start. Nicht nur f\u00fcr die richtige Entwicklung des Skeletts, sondern f\u00fcr das gesamte System.<\/span><\/p>\n<h1><\/h1>\n<p><span style=\"font-weight: 400;\">Bieten Sie ihm bis zum Alter von 14 Monaten m\u00e4\u00dfige Bewegung \u2013 ohne \u00fcberm\u00e4\u00dfige Ausbeutung. Es ist sehr wichtig. Selbst die vielversprechendsten H\u00fcften k\u00f6nnen durch \u00dcberbeanspruchung zerst\u00f6rt werden. Dem Welpen einen Ball zuwerfen, kilometerlanges Joggen usw. Mit solchen Aktivit\u00e4ten sollte man warten, bis der Welpe alt genug ist.<\/span><\/p>\n<h1><\/h1>\n<h3><b>Andere gesundheitliche Probleme?<\/b><\/h3>\n<h1><\/h1>\n<p><b>Ohren<\/b><\/p>\n<h1><\/h1>\n<p><span style=\"font-weight: 400;\">Sie m\u00fcssen auf Ihre Ohren achten. Entgegen dem Anschein bedeutet Pflege nicht die w\u00f6chentliche Reinigung. Wir reinigen sie, wenn sie schmutzig sind. Wir ziehen die Haare nicht aus \u2013 es handelt sich um eine nat\u00fcrliche Schutzbarriere.<\/span><\/p>\n<p><span style=\"font-weight: 400;\">Wir rasieren den Weg, der vom Ohr unter dem Kinn bis zum anderen Ohr verl\u00e4uft. Dadurch ist das Ohr ausreichend bel\u00fcftet. Trocknen Sie den Bereich nach dem Baden gr\u00fcndlich ab, denn Feuchtigkeit ist ein toller Lebensraum f\u00fcr Pilze.<\/span><\/p>\n<h1><\/h1>\n<p><span style=\"font-weight: 400;\">Eine unzureichende Ohrhygiene (sowohl mangelnde als auch \u00fcberm\u00e4\u00dfige Pflege) f\u00fchrt h\u00e4ufig zu wiederkehrenden Infektionen.<\/span><\/p>\n<h1><\/h1>\n<p><b>Augen<\/b><\/p>\n<h1><\/h1>\n<p><span style=\"font-weight: 400;\">Der Z\u00fcchter sollte die Ergebnisse der Augenuntersuchungen zu PRCD-pra vorlegen<\/span><\/p>\n<p>[\/et_pb_text][dmg_masonry_gallery gallery=\u201c5173,5134,5121,5103,5116,4828\u2033 gutter=\u201c3\u2033 modal_title=\u201cin_title\u201c hover_overlay_effect=\u201coverlay_image_data\u201c overlay_title_size=\u201c19px\u201c overlay_title_color=\u201c#FFFFFF\u201c show_overlay_ caption=\u201c aus \u201eoverlay_caption_size=\u201c14px\u201c pagination_buttons_background=\u201cRGBA(255,255,255,0)\u201c pagination_buttons_background_active=\u201c#bcb840\u2033 columns_tablet=\u201c2\u2033 columns_phone=\u201c2\u2033 columns_last_edited=\u201con|desktop\u201c _builder_version=\u201c4.16. preset=\u201cdefault \u201epagination_text_color=\u201c#bcb840\u201c pagination_font_size=\u201c12px\u201c pagination_active_text_color=\u201c#71615b\u201c pagination_active_font_size=\u201c12px\u201c hover_enabled=\u201c0\u2033 border_radii_image=\u201con|12px|12px|12px|12px\u201c border_radii_pagin =\u201con|6px|6px|6px |6px \u201d border_radii_pagination_active=\u201con|6px|6px|6px|6px\u201c box_shadow_style_pagination=\u201cpreset1\u2033 global_colors_info=\u201c{}\u201c theme_builder_area=\u201cpost_content\u201c sticky_enabled=\u201c0\u2033][\/dmg_masonry_gallery][\/et_pb_column][\/et_pb_row] [\/et_pb_section]<\/p>","protected":false},"excerpt":{"rendered":"<p>Gesundheit des australischen Labradoodles? Bei der Zucht von Woolata Pasja sind wir in Gesundheitsfragen noch einen Schritt weiter gegangen. Das bedeutet, dass wir zus\u00e4tzlich zu den Standardtests, die die Organisation uns vorschreibt, bei unseren Hunden Gentests auf 22 Krankheiten durchf\u00fchren, f\u00fcr die die Vorfahren des australischen Labradoodle m\u00f6glicherweise pr\u00e4disponiert sind. Dar\u00fcber hinaus untersuchen wir DNA-Marker f\u00fcr 170 weitere potenzielle genetische Erkrankungen. Dadurch k\u00f6nnen wir garantieren, dass [...]<\/p>","protected":false},"author":3,"featured_media":0,"parent":0,"menu_order":0,"comment_status":"closed","ping_status":"closed","template":"","meta":{"_et_pb_use_builder":"on","_et_pb_old_content":"","_et_gb_content_width":"","footnotes":""},"class_list":["post-4002","page","type-page","status-publish","hentry"],"_links":{"self":[{"href":"https:\/\/labradoodle.pl\/de\/wp-json\/wp\/v2\/pages\/4002","targetHints":{"allow":["GET"]}}],"collection":[{"href":"https:\/\/labradoodle.pl\/de\/wp-json\/wp\/v2\/pages"}],"about":[{"href":"https:\/\/labradoodle.pl\/de\/wp-json\/wp\/v2\/types\/page"}],"author":[{"embeddable":true,"href":"https:\/\/labradoodle.pl\/de\/wp-json\/wp\/v2\/users\/3"}],"replies":[{"embeddable":true,"href":"https:\/\/labradoodle.pl\/de\/wp-json\/wp\/v2\/comments?post=4002"}],"version-history":[{"count":6,"href":"https:\/\/labradoodle.pl\/de\/wp-json\/wp\/v2\/pages\/4002\/revisions"}],"predecessor-version":[{"id":5472,"href":"https:\/\/labradoodle.pl\/de\/wp-json\/wp\/v2\/pages\/4002\/revisions\/5472"}],"wp:attachment":[{"href":"https:\/\/labradoodle.pl\/de\/wp-json\/wp\/v2\/media?parent=4002"}],"curies":[{"name":"wp","href":"https:\/\/api.w.org\/{rel}","templated":true}]}}