{"id":3677,"date":"2018-03-26T23:09:29","date_gmt":"2018-03-26T21:09:29","guid":{"rendered":"https:\/\/labradoodle.pl\/?page_id=3677"},"modified":"2022-04-06T12:06:55","modified_gmt":"2022-04-06T10:06:55","slug":"socjalizacja-szczeniat","status":"publish","type":"page","link":"https:\/\/labradoodle.pl\/de\/socjalizacja-szczeniat\/","title":{"rendered":"Sozialisierung des Welpen"},"content":{"rendered":"<p>[et_pb_section fb_built=\u201c1\u2033 _builder_version=\u201c4.16\u2033 global_colors_info=\u201c{}\u201c][et_pb_row _builder_version=\u201c4.16\u2033 background_size=\u201cinitial\u201c background_position=\u201ctop_left\u201c background_repeat=\u201crepeat\u201c global_colors_info=\u201c{}\u201c][et_pb_column type=\u201c4_4\u2033 _builder_version=\u201c4.16\u2033 custom_padding=\u201c|||\u201c global_colors_info=\u201c{}\u201c custom_padding__hover=\u201c|||\u201c][et_pb_text _builder_version=\u201c4.16\u2033 text_font_size=\u201c18\u2033 global_colors_info=\u201c{}\u201c]<\/p>\n<h1>Labradoodle \u2013 Hairy Passion \u2013 Sozialisierung von Welpen<\/h1>\n<h3><\/h3>\n<h3>Die Bedeutung der fr\u00fchen Sozialisation<\/h3>\n<p><span style=\"font-weight: 400;\">Nur ein kleiner Teil des Verhaltens unserer Hunde, n\u00e4mlich etwa 20%, ist genetisch bedingt. Der Rest sind die Auswirkungen der prim\u00e4ren und sekund\u00e4ren Sozialisation, also der Reize, die unser Welpe in der kritischen Phase seiner Entwicklung erhielt.<\/span><\/p>\n<p><span style=\"font-weight: 400;\">Beachten Sie \u2013 es kommt nicht nur auf die Menge der Reize an, sondern vor allem auf deren Qualit\u00e4t. Es reicht nicht aus, den Hund an etwas zu gew\u00f6hnen. Es sollte mit Bedacht getan werden. \u00dcberm\u00e4\u00dfige Reize, die auf die falsche Art und Weise oder zur falschen Zeit pr\u00e4sentiert werden, k\u00f6nnen dem Welpen mehr schaden als n\u00fctzen.<\/span><\/p>\n<p><span style=\"font-weight: 400;\">Ich liebe junge Gehirne, sie k\u00f6nnen frei geformt werden. Es ist wirklich ein erstaunlicher Prozess. Nat\u00fcrlich wird jeder Welpe mit bestimmten genetischen Voraussetzungen geboren, einem Temperament, auf das wir keinen Einfluss haben. Wir werden einen unabh\u00e4ngigen Welpen, ob dominant oder unterw\u00fcrfig, nicht \u00e4ndern, und die Arbeit mit einem sensiblen Welpen ist auch nicht einfach. Aber wir k\u00f6nnen diesen Wesen beibringen, wirklich sie selbst zu sein und diese wunderbaren Ressourcen zu nutzen.<\/span><\/p>\n<p>\u00a0<span style=\"font-weight: 400;\"><\/span><\/p>\n<blockquote class=\"wp-embedded-content\" data-secret=\"1FW8bAw4uE\"><p><a href=\"https:\/\/www.wlochata-pasja.com.pl\/australijskie-labradoodle\/twoj-australijski-labradoodle\/nasz-program-socjalizacji-szczeniat-australijskich-labradoodle\/\" target=\"_blank\" rel=\"noopener\">UNSER SOZIALISIERUNGSPROGRAMM F\u00dcR AUSTRALISCHE LABRADOODLE-WELPEN<\/a><\/p><\/blockquote>\n<p><iframe class=\"wp-embedded-content\" sandbox=\"allow-scripts\" security=\"restricted\" style=\"position: absolute; clip: rect(1px, 1px, 1px, 1px);\" src=\"https:\/\/www.wlochata-pasja.com.pl\/australijskie-labradoodle\/twoj-australijski-labradoodle\/nasz-program-socjalizacji-szczeniat-australijskich-labradoodle\/embed\/#?secret=1FW8bAw4uE\" data-secret=\"1FW8bAw4uE\" width=\"600\" height=\"338\" title=\"&bdquo;&lt;span class=&quot;caps&quot;&gt;UNSER&lt;\/span&gt; &lt;span class=&quot;caps&quot;&gt;PROGRAMM&lt;\/span&gt; &lt;span class=&quot;caps&quot;&gt;SOZIALISATION&lt;\/span&gt; WELPEN &lt;span class=&quot;caps&quot;&gt;AUSTRALISCH&lt;\/span&gt; &lt;span class=&quot;caps&quot;&gt;LABRADOODLE&lt;\/span&gt;&rdquo; &ndash; Australian Labradoodle &ndash; Australische Labradoodle-Hundezucht\" frameborder=\"0\" marginwidth=\"0\" marginheight=\"0\" scrolling=\"no\"><\/iframe><\/p>\n<p>[\/et_pb_text][dmg_masonry_gallery gallery=\u201c3982,3981,3980,3979,3913,3912,3910,3909,3908,3907,3906,3905,3904,3903,3902,3901,3900,3899\u2033 gutter=\u201c3 \u2033 modal_title=\u201cin_title\u201c hover_overlay_effect=\u201coverlay_image_data\u201c overlay_title_size=\u201c19px\u201c overlay_title_color=\u201c#FFFFFF\u201c show_overlay_caption=\u201coff\u201c overlay_caption_size=\u201c14px\u201c pagination_buttons_background=\u201cRGBA(255,255,255,0)\u201c pagination_buttons_background_ active=\u201c1 TP5Tbcb840\u2033 columns_tablet=\u201c3 \u2033 columns_phone=\u201c3\u2033 columns_last_edited=\u201con|phone\u201c _builder_version=\u201c4.16.0\u201c _module_preset=\u201cdefault\u201c pagination_text_color=\u201c#bcb840\u201c pagination_font_size=\u201c12px\u201c pagination_active_text_color=\u201c#71615b\u201c pagination_active_font_size= \u201e12px\u201c hover_enabled=\u201c0\u201c border_radii_image =\u201con|12px|12px|12px|12px\u201c border_radii_pagination=\u201con|6px|6px|6px|6px\u201c border_radii_pagination_active=\u201con|6px|6px|6px|6px\u201c box_shadow_style_pagination=\u201cpreset1\u2033 global_colors_info=\u201c{}\u201c sticky_enabled =\u201c0\u2033][\/dmg_masonry_gallery][et_pb_text _builder_version=\u201c4.16\u2033 text_font_size=\u201c18\u2033 global_colors_info=\u201c{}\u201c]<\/p>\n<h3>Prim\u00e4re Sozialisation Labradoodle Hairy Passion<\/h3>\n<p>&nbsp;<\/p>\n<p><span style=\"font-weight: 400;\">Neugeborene Welpen werden nicht nackt und gl\u00fccklich geboren. Sie verf\u00fcgen bereits \u00fcber grundlegende Sinne:<\/span><\/p>\n<ul>\n<li><span style=\"font-weight: 400;\">Tastsinn<\/span><\/li>\n<li><span style=\"font-weight: 400;\">Geruchssinn<\/span><\/li>\n<li><span style=\"font-weight: 400;\">thermischer Sinn<\/span><\/li>\n<\/ul>\n<p><span style=\"font-weight: 400;\">Bereits <\/span> <span style=\"font-weight: 400;\">Wir arbeiten in der ersten Phase daran. Nat\u00fcrlich solltest du nehmen <\/span> <span style=\"font-weight: 400;\">unter Ber\u00fccksichtigung der Tatsache, dass Welpen in dieser Zeit am meisten brauchen <\/span> <span style=\"font-weight: 400;\">all die Sicherheit, die ihnen ihre Mutter gibt. Sie m\u00fcssen essen, schlafen und wachsen.<\/span><\/p>\n<p><span style=\"font-weight: 400;\">Daher beschr\u00e4nken wir in dieser ersten Phase die Reize auf das notwendige Minimum und konzentrieren uns haupts\u00e4chlich auf die fr\u00fche neurologische Stimulation, die am 3. beginnt und am 16. Lebenstag des Welpen endet.<\/span><\/p>\n<p><span style=\"font-weight: 400;\">Nach dieser Zeit f\u00fchren wir Zwerchfell- und Labyrinth\u00fcbungen ein \u2013 diese dauern etwa zwei Wochen und haben das Ziel, m\u00f6gliche Reisekrankheiten zu beseitigen. Das Beste ist, dass das alles passiert, ohne das Haus zu verlassen ;)<\/span><\/p>\n<p><span style=\"font-weight: 400;\">Wir setzen Welpen olfaktorischen Reizen aus, w\u00e4hrend ihre Ohren und Augen noch geschlossen sind. Dank der Shantala-Massage lernen Welpen die Karte ihres K\u00f6rpers kennen. Sie finden heraus, was sie sind. Dasselbe macht auch die Mutter, indem sie die Kleinen mit der warmen, feuchten Zunge von Kopf bis Fu\u00df ableckt.<\/span><\/p>\n<p>&nbsp;<\/p>\n<h3>Wenn wir beginnen, die Welt um uns herum zu sehen und zu h\u00f6ren<\/h3>\n<p>&nbsp;<\/p>\n<p><span style=\"font-weight: 400;\">Wenn Welpen ihre Ohren und Augen \u00f6ffnen, ist es an der Zeit, unsere Pl\u00e4ne zu \u00e4ndern.<\/span><\/p>\n<p><span style=\"font-weight: 400;\">Wir massieren immer noch die Kleinen, aber dieses Mal bringen wir neue visuelle Reize ein <\/span> <span style=\"font-weight: 400;\">und auditiv<\/span><\/p>\n<p><span style=\"font-weight: 400;\">Wir zeigen ihnen verschiedene Ecken und Winkel unserer Wohnung, wir spielen eine CD mit verschiedenen Ger\u00e4uschen ab. Wir lassen verschiedene Gegenst\u00e4nde auf den Boden fallen, um einige Reflexe zu entwickeln (ich hatte Angst, aber jetzt ist es in Ordnung)<\/span><\/p>\n<p><span style=\"font-weight: 400;\">Dann ist es an der Zeit, den Abferkelstall zu verlassen und sich mit Folgendem vertraut zu machen:<\/span><\/p>\n<ul>\n<li><span style=\"font-weight: 400;\">verschiedene Untergr\u00fcnde<\/span><\/li>\n<li><span style=\"font-weight: 400;\">R<\/span>unterschiedliche Leute<\/li>\n<li>andere Tiere<\/li>\n<li>andere Hunde<\/li>\n<li>wirklich seltsames Zeug<\/li>\n<li>laute, sich bewegende Objekte<\/li>\n<li>L\u00e4rm erzeugende Gegenst\u00e4nde<\/li>\n<\/ul>\n<p><span style=\"font-weight: 400;\">Welpen lernen auch, verschiedene Probleme zu l\u00f6sen. Wir geben ihnen verschiedene Herausforderungen, damit sie in verschiedenen Situationen Selbstvertrauen lernen. <\/span><\/p>\n<p><span style=\"font-weight: 400;\">Wir schaffen f\u00fcr sie bereicherte Umgebungen mit allen m\u00f6glichen seltsamen Objekten, auf die sie klettern, hineingehen, hineinkriechen, hindurchgehen usw.<\/span><\/p>\n<p>&nbsp;<\/p>\n<h3>6 Wochen - wir wissen also schon viel, aber ....<\/h3>\n<p>&nbsp;<\/p>\n<p><span style=\"font-weight: 400;\">Mit etwa 6 Wochen k\u00f6nnen Sie beginnen, die ersten visuellen Befehle wie Sitzen, Liegen und High Five zu erlernen.<\/span><\/p>\n<p><span style=\"font-weight: 400;\">Es ist auch ein guter Zeitpunkt (nach einigen Tagen Wartezeit nach den ersten Impfungen), in unbekannte Gebiete zu gehen. Wir reisen mit Welpen \u00fcberall hin und zeigen ihnen den Verkehr, Autos, Stra\u00dfenbahnen, Busse und verschiedene seltsame Orte.<\/span><\/p>\n<p><span style=\"font-weight: 400;\">Wir schonen die Kleinen nicht, wir gehen mit ihnen raus in den Regen, in den Schnee, und wenn aus der Ferne ein Sturm zu h\u00f6ren ist, \u00f6ffnen wir den Balkon.<\/span><\/p>\n<p><span style=\"font-weight: 400;\">Wir bringen Welpen bei, sich durch Werfen und Lecken zu beruhigen. Wir machen eine Einf\u00fchrung in das Schn\u00fcffeln mit einer bereicherten Umgebung.<\/span><\/p>\n<p><span style=\"font-weight: 400;\">Die gesamte Sozialisation muss unter sicheren Bedingungen stattfinden und die Reize sollten so abgestuft sein, dass der Welpe das Beste daraus macht. In Zukunft soll er ein cooler, geistig stabiler Hund werden.<\/span><\/p>\n<p><span style=\"font-weight: 400;\">Dies ist eine sehr m\u00fchsame Arbeit, die viel Zeit erfordert. Deshalb beginnt unser Tag um 6.20 Uhr mit dem ersten Spaziergang mit den Welpen und endet mit dem letzten Spaziergang um 23.00 Uhr. Das kann man zwischendurch nicht machen. Ich unterst\u00fctze keine Zwinger, in denen Welpen die meiste Zeit in einem Welpenstall verbringen. Ich werde niemals zustimmen, dass solche Welpen alles bekommen, was sie brauchen.<\/span><\/p>\n<p><span style=\"font-weight: 400;\">Wenn Welpen in ein neues Zuhause ziehen, beginnt die sekund\u00e4re Sozialisierung, die bis zum Alter von etwa 2 Jahren andauert. Diese ersten 2 Jahre haben den gr\u00f6\u00dften Einfluss auf die Entwicklung der Psyche Ihres Hundes<\/span><\/p>\n<p><span style=\"font-weight: 400;\">Wenn Sie sich f\u00fcr unser Rahmenprogramm in den kommenden Wochen interessieren, lade ich Sie ein, meinen Artikel auf der Website zu lesen:<\/span><\/p>\n<blockquote class=\"wp-embedded-content\" data-secret=\"1FW8bAw4uE\"><p><a href=\"https:\/\/www.wlochata-pasja.com.pl\/australijskie-labradoodle\/twoj-australijski-labradoodle\/nasz-program-socjalizacji-szczeniat-australijskich-labradoodle\/\" target=\"_blank\" rel=\"noopener\">UNSER SOZIALISIERUNGSPROGRAMM F\u00dcR AUSTRALISCHE LABRADOODLE-WELPEN<\/a><\/p><\/blockquote>\n<p><iframe class=\"wp-embedded-content\" sandbox=\"allow-scripts\" security=\"restricted\" style=\"position: absolute; clip: rect(1px, 1px, 1px, 1px);\" src=\"https:\/\/www.wlochata-pasja.com.pl\/australijskie-labradoodle\/twoj-australijski-labradoodle\/nasz-program-socjalizacji-szczeniat-australijskich-labradoodle\/embed\/#?secret=1FW8bAw4uE\" data-secret=\"1FW8bAw4uE\" width=\"600\" height=\"338\" title=\"&bdquo;&lt;span class=&quot;caps&quot;&gt;UNSER&lt;\/span&gt; &lt;span class=&quot;caps&quot;&gt;PROGRAMM&lt;\/span&gt; &lt;span class=&quot;caps&quot;&gt;SOZIALISATION&lt;\/span&gt; WELPEN &lt;span class=&quot;caps&quot;&gt;AUSTRALISCH&lt;\/span&gt; &lt;span class=&quot;caps&quot;&gt;LABRADOODLE&lt;\/span&gt;&rdquo; &ndash; Australian Labradoodle &ndash; Australische Labradoodle-Hundezucht\" frameborder=\"0\" marginwidth=\"0\" marginheight=\"0\" scrolling=\"no\"><\/iframe><\/p>\n<p>[\/et_pb_text][dmg_masonry_gallery gallery=\u201c3898,3897,3896,3895,3894,3893,3892,3891,3890,3889,3888,3887,3886,3885,3884,3883,3882,3881,3880,3819 , 3818 ,3817,3816,3815\u2033 gutter=\u201c3\u2033 modal_title=\u201cin_title\u201c hover_overlay_effect=\u201coverlay_image_data\u201c overlay_title_size=\u201c19px\u201c overlay_title_color=\u201c#FFFFFF\u201c show_overlay_caption=\u201coff\u201c overlay_caption_size=\u201c14px\u201c pagination_buttons_background=\u201cRGBA (25 5.255.255,0 )\u201c pagination_buttons_background_active=\u201c#bcb840\u2033 columns_tablet=\u201c3\u2033 columns_phone=\u201c3\u2033 columns_last_edited=\u201con|phone\u201c _builder_version=\u201c4.16.0\u201c _module_preset=\u201cdefault\u201c pagination_text_color=\u201c#bcb840\u2033 pagination_font_ size=\u201c12px \u201epagination_active_text_color=\u201c #71615b \u201e pagination_active_font_size=\u201c12px\u201c hover_enabled=\u201c0\u2033 border_radii_image=\u201con|12px|12px|12px|12px\u201c border_radii_pagination=\u201con|6px|6px|6px|6px\u201c border_radii_pagination_active=\u201con|6px|6px|6px|6px \u201d box_shadow_style_pagination=\u201cpreset1\u2033 global_colors_info=\u201c{}\u201c sticky_enabled=\u201c0\u2033][\/dmg_masonry_gallery][\/et_pb_column][\/et_pb_row][\/et_pb_section]<\/p>","protected":false},"excerpt":{"rendered":"<p>Labradoodle - Hairy Passion - Sozialisierung von Welpen Die Bedeutung einer fr\u00fchen Sozialisierung Nur ein kleiner Teil des Verhaltens unserer Hunde, etwa 20%, hat eine genetische Grundlage. Der Rest ist der Einfluss der prim\u00e4ren und sekund\u00e4ren Sozialisation, also der Reize, die unser Welpe in der kritischen Phase seiner Entwicklung erhielt. Beachten Sie \u2013 es kommt nicht nur auf die Quantit\u00e4t der Reize an, sondern vor allem auf deren Qualit\u00e4t. [\u2026]<\/p>","protected":false},"author":2,"featured_media":0,"parent":0,"menu_order":0,"comment_status":"closed","ping_status":"closed","template":"","meta":{"_et_pb_use_builder":"on","_et_pb_old_content":"","_et_gb_content_width":"","footnotes":""},"class_list":["post-3677","page","type-page","status-publish","hentry"],"_links":{"self":[{"href":"https:\/\/labradoodle.pl\/de\/wp-json\/wp\/v2\/pages\/3677","targetHints":{"allow":["GET"]}}],"collection":[{"href":"https:\/\/labradoodle.pl\/de\/wp-json\/wp\/v2\/pages"}],"about":[{"href":"https:\/\/labradoodle.pl\/de\/wp-json\/wp\/v2\/types\/page"}],"author":[{"embeddable":true,"href":"https:\/\/labradoodle.pl\/de\/wp-json\/wp\/v2\/users\/2"}],"replies":[{"embeddable":true,"href":"https:\/\/labradoodle.pl\/de\/wp-json\/wp\/v2\/comments?post=3677"}],"version-history":[{"count":16,"href":"https:\/\/labradoodle.pl\/de\/wp-json\/wp\/v2\/pages\/3677\/revisions"}],"predecessor-version":[{"id":5410,"href":"https:\/\/labradoodle.pl\/de\/wp-json\/wp\/v2\/pages\/3677\/revisions\/5410"}],"wp:attachment":[{"href":"https:\/\/labradoodle.pl\/de\/wp-json\/wp\/v2\/media?parent=3677"}],"curies":[{"name":"wp","href":"https:\/\/api.w.org\/{rel}","templated":true}]}}