{"id":3672,"date":"2018-03-26T22:39:39","date_gmt":"2018-03-26T20:39:39","guid":{"rendered":"https:\/\/labradoodle.pl\/?page_id=3672"},"modified":"2022-04-07T13:12:32","modified_gmt":"2022-04-07T11:12:32","slug":"wysilek-fizyczny","status":"publish","type":"page","link":"https:\/\/labradoodle.pl\/de\/wysilek-fizyczny\/","title":{"rendered":"K\u00f6rperliche Anstrengung"},"content":{"rendered":"<p>[et_pb_section fb_built=\u201c1\u2033 _builder_version=\u201c4.16\u2033 global_colors_info=\u201c{}\u201c][et_pb_row _builder_version=\u201c4.16\u2033 background_size=\u201cinitial\u201c background_position=\u201ctop_left\u201c background_repeat=\u201crepeat\u201c global_colors_info=\u201c{}\u201c][et_pb_column type=\u201c4_4\u2033 _builder_version=\u201c4.16\u2033 custom_padding=\u201c|||\u201c global_colors_info=\u201c{}\u201c custom_padding__hover=\u201c|||\u201c][et_pb_text _builder_version=\u201c4.16\u2033 text_font=\u201c|300|||||||\u201c text_font_size=\u201c18\u2033 global_colors_info=\u201c{}\u201c]<\/p>\n<h1>K\u00f6rperliche Anstrengung<\/h1>\n<p>Ich werde oft gefragt, wie viel Bewegung australische Labradoodles brauchen. Familien fragen sich, wie viel Bewegung diese Rasse braucht und ob sie ihren Anspr\u00fcchen gerecht werden kann. Labradoodles sind in erster Linie Familienhunde. Sie lieben es, Zeit mit ihren Besitzern zu verbringen. Ob Spaziergang, Amateur\u00fcbungen oder Fortbildung \u2013 sie werden damit zufrieden sein. Sei einfach nah dran.<br \/>Manche Menschen laufen mit ihren Hunden, manche nutzen sie zur Hundetherapie, andere betreiben Mantrailing oder Nasenarbeit als Hobby.<br \/>Dies ist keine Hunderasse, die rennen, einem Ball oder St\u00f6cken nachjagen muss. Wenn wir einem Baby ein solches Verhalten beibringen, wird Labradoodle nat\u00fcrlich auch in Zukunft solche Aktivit\u00e4ten w\u00fcnschen. Wenn wir die Leidenschaft f\u00fcr das Apportieren wecken, wird er immer mehr wollen.<\/p>\n<p>Die Frage, die Sie sich stellen sollten, ist: Was f\u00fcr einen Hund wollen wir haben? Wenn wir uns einen netten, ruhigen Familienhund w\u00fcnschen, der an unserem Leben teilnimmt, mit uns in den Urlaub f\u00e4hrt, freundlich ist und gleichzeitig kein herausforderndes Ma\u00df an Auslauf braucht, sollten wir uns von Anfang an daran erinnern: \u201eWas Ja\u015b will.\u201c Wenn du es nicht lernst, wird Jan es nicht k\u00f6nnen\u201c \u2013 im wahrsten Sinne des Wortes.<\/p>\n<p>Wenn wir zum Beispiel einen Welpen aufnehmen, weil wir glauben, dass jetzt der richtige Zeitpunkt ist, weil wir jetzt einen gro\u00dfen Garten haben. Wir werden ihn einen halben Tag allein in diesem Garten lassen (es gab solche Ideen, deshalb schreibe ich dar\u00fcber), dann wird er sich mit fl\u00fcchtenden Katzen, V\u00f6geln, Passanten und Hunden hinter dem Zaun anfreunden. Nicht unbedingt im positiven Sinne des Wortes. Das hei\u00dft, er kann V\u00f6gel und Katzen jagen, L\u00f6cher graben, Passanten oder andere Hunde auf der anderen Seite des Zauns aus Frust anbellen. Und schauen Sie, Sie wollten einen Familienhund und was? Der Wachhund wurde Ihnen vom Z\u00fcchter verkauft \u2013 was f\u00fcr ein unehrlicher Typ!<\/p>\n<h3>Ein anderes Beispiel<\/h3>\n<p>Sie bekommen einen netten Welpen mit einem au\u00dfergew\u00f6hnlichen therapeutischen Temperament. B\u00e4lle, St\u00f6cke sind sofort in Bewegung (wir entwickeln den Jagdinstinkt gut), aufgeregte Kinder, die Ihren Welpen jagen. Dann nehmen Sie Ihr Kleinkind mit, um die Kinder von der Schule abzuholen. Da st\u00fcrzen sich alle auf ihn, alle wollen ihn streicheln. Welpe liebt es, springt auf seinen Scho\u00df, leckt Gesichter \u2013 oh wie wunderbar! Dann wird der Welpe erwachsen, hat 25 kg und versteht nicht, dass Springen nicht mehr erlaubt ist, weil es unh\u00f6flich ist. Alle sagen, er sei ein b\u00f6ser Hund, er habe ADHS. Sie wollen ihn zu einem Verhaltenstherapeuten bringen, aber er hat sich kein bisschen ver\u00e4ndert \u2013 er ist nur ein wenig gewachsen. Er hat gelernt, mit dem Adrenalinrausch zu leben und jetzt braucht er nat\u00fcrlich das Dreifache, aber es ist nicht seine Schuld \u2013 er will nur DEINE Aufmerksamkeit. Sie sagen ihm, er solle sich \u00e4ndern, und wie kann man jemanden vom Radfahren entw\u00f6hnen, wenn der richtige Weg bereits im Gehirn verankert ist? Kann sein? sag es dir? Und wieder hat Ihnen ein unehrlicher Z\u00fcchter einen Hund zum Sport verkauft, Frisbee. Und DU hast ihm so sehr vertraut!<\/p>\n<p>Ich erz\u00e4hle es immer jeder neuen Familie. Das Bed\u00fcrfnis nach Moderation. Erstens hat ein Hund eine Nase, die daf\u00fcr gemacht ist, sie zu benutzen. Schn\u00fcffelspazierg\u00e4nge bereiten ihm viel Freude. Das Training in dieser Richtung ist ein Luxus und ich kann sehen, wie gl\u00fccklich und ruhig meine Hunde nach solchen \u00dcbungen sind. Mentaltraining ist auch toll. Sie m\u00fcssen diesen Stock nicht unbedingt immer wieder werfen. Aber man kann schon lernen, Dinge mitzubringen, die liegen, und das ist eine tolle Sache. Den Hunden macht es Spa\u00df. Sie genie\u00dfen es, so Zeit mit dir zu verbringen.<br \/>Geben Sie Ihrem Hund nach einer spannenden Aktivit\u00e4t etwas zum Kauen \u2013 einen gefrorenen Knochen, eine Karotte, eine eingelegte Gurke oder CONGA zum Lecken. Beim Werfen und Lecken werden im Gehirn Endorphine ausgesch\u00fcttet \u2013 Gl\u00fcckshormone. Der Hund beruhigt sich und beruhigt sich nach einer Aktivit\u00e4t, die den Adrenalinspiegel im Blut erh\u00f6ht hat. Unsere Hunde brauchen bis zu einer Stunde Kauen am Tag. Ein hoher Adrenalinspiegel im Blut kann \u00fcbrigens bis zu einer Woche anhalten. Welche Hunde sind Ihrer Meinung nach davon betroffen?<\/p>\n<h3>Und Joggen \u2013 wann anfangen?<\/h3>\n<p>Vor diesem Hintergrund sollten Sie auch das Skelett des Welpen ber\u00fccksichtigen, das sich richtig entwickeln muss. Selbst die besten H\u00fcften k\u00f6nnen durch \u00fcberm\u00e4\u00dfige Aktivit\u00e4t im Welpenalter gesch\u00e4digt werden \u2013 Hochspringen nach dem Ball, Springen vom Sofa usw.<br \/>Jeder Knochen endet in Knorpel, der nicht mit ihm verbunden ist. Zwischen ihm und dem Knochen befindet sich eine klebrige Fl\u00fcssigkeit. Bei mittelgro\u00dfen Hunden verklebt der Knorpel im Alter von etwa 14 Monaten mit dem Knochen. Bis dahin empfehle ich immer, vorsichtig zu sein und nicht mit Pancio zu joggen. Ansonsten besteht die Gefahr, dass dieser Knorpel verrutscht. Und das ist kein rassespezifischer Defekt, sondern kann bei jedem Hund auftreten. Deshalb bekomme ich G\u00e4nsehaut, wenn ich sehe, wie zwei Wiedehopfe frei aufeinander losrennen und Amok laufen. Ich wei\u00df nur, wie Funky Highs sind, sie sehen nichts an \u2013 einen Baum, Menschen in der N\u00e4he, Barrieren, ganz zu schweigen von Autos und der Stra\u00dfe. Indem wir solche dummen Aktivit\u00e4ten auf ein bestimmtes Alter beschr\u00e4nken, machen wir sie nicht l\u00e4hmend, wie ich einmal im FB-Profil von jemandem (\u00fcbrigens einem Freund) gelesen habe. Au\u00dferdem m\u00fcssen Sie die Rasse ein wenig kennen und in der Lage sein, bestimmte Verhaltensweisen vorherzusagen, ganz zu schweigen davon, dass Sie Ihren eigenen Hund kennen.<\/p>\n<h3>Kurze Zusammenfassung<\/h3>\n<p>Um es zusammenzufassen: Wenn es um Aktivit\u00e4t geht, brauchen Wiedehopfe kein Laufen und stundenlange Spazierg\u00e4nge. M\u00e4\u00dfige Bewegung und Schn\u00fcffelspazierg\u00e4nge sind f\u00fcr sie am besten. Sie werden mit der Bewegung und dem Training mit ihrem Besitzer sehr zufrieden sein und das Joggen auf sp\u00e4ter verschieben.<\/p>\n<p>[\/et_pb_text][dmg_masonry_gallery gallery=\u201c5454,5185,5172,5148,5136,5129\u2033 gutter=\u201c3\u2033 modal_title=\u201cin_title\u201c hover_overlay_effect=\u201coverlay_image_data\u201c overlay_title_size=\u201c19px\u201c overlay_title_color=\u201c#FFFFFF\u201c show_overlay_ caption=\u201c aus \u201eoverlay_caption_size=\u201c14px\u201c pagination_buttons_background=\u201cRGBA(255,255,255,0)\u201c pagination_buttons_background_active=\u201c#bcb840\u2033 columns_tablet=\u201c2\u2033 columns_phone=\u201c2\u2033 columns_last_edited=\u201con|desktop\u201c _builder_version=\u201c4.16. preset=\u201cdefault \u201epagination_text_color=\u201c#bcb840\u201c pagination_font_size=\u201c12px\u201c pagination_active_text_color=\u201c#71615b\u201c pagination_active_font_size=\u201c12px\u201c hover_enabled=\u201c0\u2033 border_radii_image=\u201con|12px|12px|12px|12px\u201c border_radii_pagin =\u201con|6px|6px|6px |6px \u201d border_radii_pagination_active=\u201con|6px|6px|6px|6px\u201c box_shadow_style_pagination=\u201cpreset1\u2033 global_colors_info=\u201c{}\u201c theme_builder_area=\u201cpost_content\u201c sticky_enabled=\u201c0\u2033][\/dmg_masonry_gallery][\/et_pb_column][\/et_pb_row] [\/et_pb_section]<\/p>","protected":false},"excerpt":{"rendered":"<p>K\u00f6rperliche Bewegung Ich h\u00f6re oft Fragen dar\u00fcber, wie viel Bewegung australische Labradoodles brauchen. Familien fragen sich, wie viel Bewegung diese Rasse braucht und ob sie ihren Bed\u00fcrfnissen gerecht werden kann. Labradoodles sind in erster Linie Familienhunde. Sie lieben es, Zeit mit ihren Besitzern zu verbringen. Ob Spaziergang, Amateur\u00fcbungen oder Fortgeschrittenentraining \u2013 es wird [\u2026]<\/p>","protected":false},"author":3,"featured_media":0,"parent":0,"menu_order":0,"comment_status":"closed","ping_status":"closed","template":"","meta":{"_et_pb_use_builder":"on","_et_pb_old_content":"","_et_gb_content_width":"","footnotes":""},"class_list":["post-3672","page","type-page","status-publish","hentry"],"_links":{"self":[{"href":"https:\/\/labradoodle.pl\/de\/wp-json\/wp\/v2\/pages\/3672","targetHints":{"allow":["GET"]}}],"collection":[{"href":"https:\/\/labradoodle.pl\/de\/wp-json\/wp\/v2\/pages"}],"about":[{"href":"https:\/\/labradoodle.pl\/de\/wp-json\/wp\/v2\/types\/page"}],"author":[{"embeddable":true,"href":"https:\/\/labradoodle.pl\/de\/wp-json\/wp\/v2\/users\/3"}],"replies":[{"embeddable":true,"href":"https:\/\/labradoodle.pl\/de\/wp-json\/wp\/v2\/comments?post=3672"}],"version-history":[{"count":7,"href":"https:\/\/labradoodle.pl\/de\/wp-json\/wp\/v2\/pages\/3672\/revisions"}],"predecessor-version":[{"id":5471,"href":"https:\/\/labradoodle.pl\/de\/wp-json\/wp\/v2\/pages\/3672\/revisions\/5471"}],"wp:attachment":[{"href":"https:\/\/labradoodle.pl\/de\/wp-json\/wp\/v2\/media?parent=3672"}],"curies":[{"name":"wp","href":"https:\/\/api.w.org\/{rel}","templated":true}]}}