{"id":3669,"date":"2018-03-26T17:40:22","date_gmt":"2018-03-26T15:40:22","guid":{"rendered":"https:\/\/labradoodle.pl\/?page_id=3669"},"modified":"2022-04-07T13:42:36","modified_gmt":"2022-04-07T11:42:36","slug":"testy-dna-identyfikacja","status":"publish","type":"page","link":"https:\/\/labradoodle.pl\/de\/testy-dna-identyfikacja\/","title":{"rendered":"DNA-Tests \u2013 Identifizierung"},"content":{"rendered":"<p>[et_pb_section fb_built=\u201c1\u2033 _builder_version=\u201c4.16\u2033 global_colors_info=\u201c{}\u201c][et_pb_row _builder_version=\u201c4.16\u2033 background_size=\u201cinitial\u201c background_position=\u201ctop_left\u201c background_repeat=\u201crepeat\u201c global_colors_info=\u201c{}\u201c][et_pb_column type=\u201c4_4\u2033 _builder_version=\u201c4.16\u2033 custom_padding=\u201c|||\u201c global_colors_info=\u201c{}\u201c custom_padding__hover=\u201c|||\u201c][et_pb_text _builder_version=\u201c4.16\u2033 text_font_size=\u201c18\u2033 global_colors_info=\u201c{}\u201c]<\/p>\n<h1>DNA-Tests \u2013 Identifizierung<\/h1>\n<p>&nbsp;<\/p>\n<p><span style=\"font-weight: 400;\">In unserem australischen Labradoodle-Zwinger f\u00fchren wir DNA-Tests f\u00fcr jeden Welpen durch.<\/span><\/p>\n<p><span style=\"font-weight: 400;\">DNA-Tests sind eine wichtige Angelegenheit, dank ihnen finden Sie heraus, ob Ihr Welpe von der angegebenen Mutter und dem angegebenen Vater stammt.<\/span><\/p>\n<p><span style=\"font-weight: 400;\">Ist es wirklich so wichtig? Ja, Sie m\u00f6chten sicher sein, dass dies der Fall ist.<\/span><\/p>\n<p><span style=\"font-weight: 400;\">Viele Jahre Arbeit haben mir die Augen f\u00fcr die Welt der Zwinger und Rassehundez\u00fcchter im Allgemeinen ge\u00f6ffnet, und bis mir jemand die entsprechenden Papiere vor die Nase legt, folge ich dem Prinzip des begrenzten Vertrauens.<\/span><\/p>\n<p><span style=\"font-weight: 400;\">Mehr als einmal habe ich gesehen, geh\u00f6rt und konnte den Schock nicht \u00fcberwinden, was f\u00fcr Intrigen Z\u00fcchter sich einfallen lassen k\u00f6nnen. Man kann jedoch sagen, dass die Organisation ihr stillschweigend zustimmt, ohne entsprechende Kontrollen einzuf\u00fchren. Ich glaube, dass jede Organisation, die etwas auf sich h\u00e4lt, die Durchf\u00fchrung von DNA-Tests bei allen Welpen zur Pflicht machen sollte, unabh\u00e4ngig davon, ob es sich um Zuchtwelpen oder Scho\u00dfwelpen handelt.<\/span><\/p>\n<p><span style=\"font-weight: 400;\">DNA-Tests f\u00fcr australische Labradoodle-Welpen werden in einem niederl\u00e4ndischen Labor durchgef\u00fchrt <\/span><span style=\"font-weight: 400;\">DR. van Haeringen Laboratory BV (VHL)<\/span><span style=\"font-weight: 400;\"> . Jeder bei Alfa-Europe registrierte Labradoodle hat dort seine eindeutige VHL-Nummer. Nachdem das Labor eine Speichel- oder Blutprobe unseres Welpen erhalten hat, ist es in der Lage, den gesamten Stammbaum einer bestimmten Linie nachzubilden.<\/span><\/p>\n<p><span style=\"font-weight: 400;\">Wenn alles korrekt ist, erh\u00e4lt die Organisation diese Informationen und erstellt eine Ahnentafel f\u00fcr den Welpen. Die mangelnde \u00dcbereinstimmung der Herkunft der Welpen kommt einem Ausschluss aus der Organisation gleich.<\/span><br \/>\n[\/et_pb_text][dmg_masonry_gallery gallery=\u201c5198,5180,5105,4977,4023,3867\u2033 gutter=\u201c3\u2033 modal_title=\u201cin_title\u201c hover_overlay_effect=\u201coverlay_image_data\u201c overlay_title_size=\u201c19px\u201c overlay_title_color=\u201c#FFFFFF\u201c show_overlay_ caption=\u201c aus \u201eoverlay_caption_size=\u201c14px\u201c pagination_buttons_background=\u201cRGBA(255,255,255,0)\u201c pagination_buttons_background_active=\u201c#bcb840\u2033 columns_tablet=\u201c2\u2033 columns_phone=\u201c2\u2033 columns_last_edited=\u201con|desktop\u201c _builder_version=\u201c4.16. preset=\u201cdefault \u201epagination_text_color=\u201c#bcb840\u201c pagination_font_size=\u201c12px\u201c pagination_active_text_color=\u201c#71615b\u201c pagination_active_font_size=\u201c12px\u201c hover_enabled=\u201c0\u2033 border_radii_image=\u201con|12px|12px|12px|12px\u201c border_radii_pagin =\u201con|6px|6px|6px |6px \u201d border_radii_pagination_active=\u201con|6px|6px|6px|6px\u201c box_shadow_style_pagination=\u201cpreset1\u2033 global_colors_info=\u201c{}\u201c theme_builder_area=\u201cpost_content\u201c sticky_enabled=\u201c0\u2033][\/dmg_masonry_gallery][\/et_pb_column][\/et_pb_row] [\/et_pb_section]<\/p>","protected":false},"excerpt":{"rendered":"<p>DNA-Tests \u2013 Identifizierung In unserer australischen Labradoodle-Zucht f\u00fchren wir DNA-Tests f\u00fcr jeden Welpen durch. DNA-Tests sind eine wichtige Angelegenheit, dank ihnen finden Sie heraus, ob Ihr Welpe von einer erkl\u00e4rten Mutter und einem erkl\u00e4rten Vater stammt. Ist es wirklich so wichtig? Ja, Sie wollen sicher sein, ob das wahr ist. Viele Jahre der Arbeit haben [...]<\/p>","protected":false},"author":3,"featured_media":0,"parent":0,"menu_order":0,"comment_status":"closed","ping_status":"closed","template":"","meta":{"_et_pb_use_builder":"on","_et_pb_old_content":"","_et_gb_content_width":"","footnotes":""},"class_list":["post-3669","page","type-page","status-publish","hentry"],"_links":{"self":[{"href":"https:\/\/labradoodle.pl\/de\/wp-json\/wp\/v2\/pages\/3669","targetHints":{"allow":["GET"]}}],"collection":[{"href":"https:\/\/labradoodle.pl\/de\/wp-json\/wp\/v2\/pages"}],"about":[{"href":"https:\/\/labradoodle.pl\/de\/wp-json\/wp\/v2\/types\/page"}],"author":[{"embeddable":true,"href":"https:\/\/labradoodle.pl\/de\/wp-json\/wp\/v2\/users\/3"}],"replies":[{"embeddable":true,"href":"https:\/\/labradoodle.pl\/de\/wp-json\/wp\/v2\/comments?post=3669"}],"version-history":[{"count":9,"href":"https:\/\/labradoodle.pl\/de\/wp-json\/wp\/v2\/pages\/3669\/revisions"}],"predecessor-version":[{"id":5483,"href":"https:\/\/labradoodle.pl\/de\/wp-json\/wp\/v2\/pages\/3669\/revisions\/5483"}],"wp:attachment":[{"href":"https:\/\/labradoodle.pl\/de\/wp-json\/wp\/v2\/media?parent=3669"}],"curies":[{"name":"wp","href":"https:\/\/api.w.org\/{rel}","templated":true}]}}