{"id":3661,"date":"2018-03-25T22:53:17","date_gmt":"2018-03-25T20:53:17","guid":{"rendered":"https:\/\/labradoodle.pl\/?page_id=3661"},"modified":"2022-02-25T11:51:01","modified_gmt":"2022-02-25T10:51:01","slug":"rezerwacje","status":"publish","type":"page","link":"https:\/\/labradoodle.pl\/de\/rezerwacje\/","title":{"rendered":"Reservierungen"},"content":{"rendered":"<p>[et_pb_section fb_built=\u201c1\u2033 _builder_version=\u201c3.22\u2033 global_colors_info=\u201c{}\u201c][et_pb_row _builder_version=\u201c4.8.2\u201c _module_preset=\u201cdefault\u201c global_colors_info=\u201c{}\u201c][et_pb_column type=\u201c4_4\u2033 _builder_version=\u201c 4.8.2\u2033 _module_preset=\u201cdefault\u201c global_colors_info=\u201c{}\u201c][et_pb_text _builder_version=\u201c4.8.2\u2033 text_font_size=\u201c18\u2033 global_colors_info=\u201c{}\u201c]<\/p>\n<h1 style=\"text-align: center;\">Australischer Labradoodle - Reservierungen<\/h1>\n<p>[\/et_pb_text][\/et_pb_column][\/et_pb_row][et_pb_row _builder_version=\u201c4.8.2\u2033 _module_preset=\u201cdefault\u201c global_colors_info=\u201c{}\u201c][et_pb_column type=\u201c4_4\u2033 _builder_version=\u201c4.8.2\u2033 _module_preset=\u201c default\u201c global_colors_info=\u201c{}\u201c][et_pb_button button_text=\u201c1\u2033 button_alignment=\u201ccenter\u201c _builder_version=\u201c4.14.8\u201c _module_preset=\u201cdefault\u201c custom_button=\u201con\u201c button_text_size=\u201c20px\u201c button_text_color=\u201c#FFFFFF\u201c button_bg_color= \u201d#bcb840\u2033 button_use_icon=\u201doff\u201d hover_enabled=\u201d0\u2033 global_colors_info=\u201d{}\u201d button_border_radius=\u201d12px\u201d sticky_enabled=\u201d0\u2033][\/et_pb_button][et_pb_text _builder_version=\u201d4.8.2\u2033 _module_preset=\u201ddefault\u201d global _colors_info = &quot;{}&quot;]<\/p>\n<h2 style=\"text-align: center;\">FORM<\/h2>\n<p>[\/et_pb_text][et_pb_text _builder_version=&quot;4.8.2\u2033 _module_preset=&quot;default&quot; custom_margin=&quot;|20px||20px|false|false&quot; custom_padding=&quot;||||false|false&quot; global_colors_info=&quot;{}&quot;]<\/p>\n<p><span>Der erste Schritt besteht darin, das Qualifikationsformular auszuf\u00fcllen. Wir stellen es auf der Website zur Verf\u00fcgung, wenn die Warteliste ge\u00f6ffnet wird. Es lohnt sich, ihn ehrlich und ausf\u00fchrlich auszuf\u00fcllen, denn dadurch lernen wir uns besser kennen und ich bin ruhiger, wenn ich erfahre, in welche H\u00e4nde mein Welpe m\u00f6glicherweise geraten wird.<\/span><\/p>\n<p>[\/et_pb_text][\/et_pb_column][\/et_pb_row][et_pb_row _builder_version=\u201c4.8.2\u2033 _module_preset=\u201cdefault\u201c global_colors_info=\u201c{}\u201c][et_pb_column type=\u201c4_4\u2033 _builder_version=\u201c4.8.2\u2033 _module_preset=\u201c default\u201c global_colors_info=\u201c{}\u201c][et_pb_divider _builder_version=\u201c4.8.2\u2033 _module_preset=\u201cdefault\u201c global_colors_info=\u201c{}\u201c][\/et_pb_divider][\/et_pb_column][\/et_pb_row][et_pb_row _builder_version=\u201c4.8.2 \u2033 _module_preset=&quot;default&quot; global_colors_info=&quot;{}&quot;][et_pb_column type=&quot;4_4\u2033 _builder_version=&quot;4.8.2\u2033 _module_preset=&quot;default&quot; global_colors_info=&quot;{}&quot;][et_pb_button button_text=&quot;2\u2033 button_alignment=&quot;center \u201d _builder_version=\u201c4.14.8\u2033 _module_preset=\u201cdefault\u201c custom_button=\u201con\u201c button_text_size=\u201c20px\u201c button_text_color=\u201c#FFFFFF\u201c button_bg_color=\u201c#bcb840\u201c button_use_icon=\u201coff\u201c hover_enabled=\u201c0\u2033 global_colors_info=\u201c{}\u201c button _border_radius =\u201c12px\u201c sticky_enabled=\u201c0\u2033][\/et_pb_button][et_pb_text _builder_version=\u201c4.8.2\u201c _module_preset=\u201cdefault\u201c global_colors_info=\u201c{}\u201c]<\/p>\n<h2 style=\"text-align: center;\">ANNAHME<\/h2>\n<p>[\/et_pb_text][et_pb_text _builder_version=&quot;4.8.2\u2033 _module_preset=&quot;default&quot; custom_margin=&quot;|20px||20px|false|false&quot; custom_padding=&quot;||||false|false&quot; global_colors_info=&quot;{}&quot;]<\/p>\n<p><span>Nachdem Sie das Formular ausgef\u00fcllt haben, erfahren Sie mehr \u00fcber die Vorabgenehmigung (oder nicht \u2013 nicht f\u00fcr alle Dudel und nicht alle f\u00fcr Dudel). Anschlie\u00dfend vereinbaren wir ein Telefongespr\u00e4ch, bei dem Sie die Einzelheiten des gesamten Prozesses erfahren. Dann entscheiden Sie, ob Sie in dieser Form daran teilnehmen m\u00f6chten. Derzeit planen wir auch ein Treffen in unserem Zwinger.<\/span><\/p>\n<p>[\/et_pb_text][\/et_pb_column][\/et_pb_row][et_pb_row _builder_version=\u201c4.8.2\u2033 _module_preset=\u201cdefault\u201c global_colors_info=\u201c{}\u201c][et_pb_column type=\u201c4_4\u2033 _builder_version=\u201c4.8.2\u2033 _module_preset=\u201c default\u201c global_colors_info=\u201c{}\u201c][et_pb_divider _builder_version=\u201c4.8.2\u2033 _module_preset=\u201cdefault\u201c global_colors_info=\u201c{}\u201c][\/et_pb_divider][\/et_pb_column][\/et_pb_row][et_pb_row _builder_version=\u201c4.8.2 \u2033 _module_preset=&quot;default&quot; global_colors_info=&quot;{}&quot;][et_pb_column type=&quot;4_4\u2033 _builder_version=&quot;4.8.2\u2033 _module_preset=&quot;default&quot; global_colors_info=&quot;{}&quot;][et_pb_button button_text=&quot;3\u2033 button_alignment=&quot;center \u201d _builder_version=\u201c4.14.8\u2033 _module_preset=\u201cdefault\u201c custom_button=\u201con\u201c button_text_size=\u201c20px\u201c button_text_color=\u201c#FFFFFF\u201c button_bg_color=\u201c#bcb840\u201c button_use_icon=\u201coff\u201c hover_enabled=\u201c0\u2033 global_colors_info=\u201c{}\u201c button _border_width =\u201c2px\u201c button_border_radius=\u201c12px\u201c sticky_enabled=\u201c0\u2033][\/et_pb_button][et_pb_text _builder_version=\u201c4.8.2\u201c _module_preset=\u201cdefault\u201c global_colors_info=\u201c{}\u201c]<\/p>\n<h2 style=\"text-align: center;\">AUSBILDUNG<\/h2>\n<p>[\/et_pb_text][et_pb_text _builder_version=&quot;4.8.2\u2033 _module_preset=&quot;default&quot; custom_margin=&quot;|20px||20px|false|false&quot; custom_padding=&quot;||||false|false&quot; global_colors_info=&quot;{}&quot;]<\/p>\n<div>Nachdem Sie in die Warteliste aufgenommen wurden, erhalten Sie von mir ein B\u00fccherpaket. Sie erhalten au\u00dferdem ein von mir verfasstes Tutorial \u2013 also komprimiertes Wissen dar\u00fcber, was Sie wissen m\u00fcssen, bevor Sie einen Welpen in Ihr Zuhause aufnehmen.<\/div>\n<div>Dar\u00fcber hinaus gew\u00e4hre ich Ihnen Zugang zu meiner Plattform\u00a0<a href=\"http:\/\/www.doodlebox.pl\/\" target=\"_blank\" data-saferedirecturl=\"https:\/\/www.google.com\/url?q=http:\/\/www.doodlebox.pl\/&amp;source=gmail&amp;ust=1613039932358000&amp;usg=AFQjCNGlTnMOjzxxTrFqZ8gjTnx3hjjwrA\" rel=\"noopener\">www.doodlebox.pl<\/a>\u00a0<wbr \/>wo ich f\u00fcr Sie eine Reihe von 7 Webinaren vorbereitet habe, dank derer Sie keine Zweifel haben werden, wie Sie jetzt und in den kommenden Jahren mit Ihrem Welpen umgehen sollen. Mir liegt diese Ausbildung am meisten am Herzen.<\/div>\n<p>[\/et_pb_text][\/et_pb_column][\/et_pb_row][et_pb_row _builder_version=\u201c4.8.2\u2033 _module_preset=\u201cdefault\u201c global_colors_info=\u201c{}\u201c][et_pb_column type=\u201c4_4\u2033 _builder_version=\u201c4.8.2\u2033 _module_preset=\u201c default\u201c global_colors_info=\u201c{}\u201c][et_pb_divider _builder_version=\u201c4.8.2\u2033 _module_preset=\u201cdefault\u201c global_colors_info=\u201c{}\u201c][\/et_pb_divider][\/et_pb_column][\/et_pb_row][et_pb_row _builder_version=\u201c4.8.2 \u2033 _module_preset=&quot;default&quot; global_colors_info=&quot;{}&quot;][et_pb_column type=&quot;4_4\u2033 _builder_version=&quot;4.8.2\u2033 _module_preset=&quot;default&quot; global_colors_info=&quot;{}&quot;][et_pb_button button_text=&quot;4\u2033 button_alignment=&quot;center \u201d _builder_version=\u201c4.14.8\u2033 _module_preset=\u201cdefault\u201c custom_button=\u201con\u201c button_text_size=\u201c20px\u201c button_text_color=\u201c#FFFFFF\u201c button_bg_color=\u201c#bcb840\u201c button_use_icon=\u201coff\u201c hover_enabled=\u201c0\u2033 global_colors_info=\u201c{}\u201c button _border_radius =\u201c12px\u201c sticky_enabled=\u201c0\u2033][\/et_pb_button][et_pb_text _builder_version=\u201c4.8.2\u201c _module_preset=\u201cdefault\u201c global_colors_info=\u201c{}\u201c]<\/p>\n<h2 style=\"text-align: center;\">GEBURT<\/h2>\n<p>[\/et_pb_text][et_pb_text _builder_version=&quot;4.8.2\u2033 _module_preset=&quot;default&quot; custom_margin=&quot;|20px||20px|false|false&quot; custom_padding=&quot;||||false|false&quot; global_colors_info=&quot;{}&quot;]<\/p>\n<p><span>Wurde Ihr Welpe geboren? Von nun an sind Sie \u00fcber die Entwicklung des gesamten Wurfes informiert und haben Zugang zu meiner Plattform, wo Sie die Welpen regelm\u00e4\u00dfig verfolgen k\u00f6nnen.\u00a0<\/span><\/p>\n<p>[\/et_pb_text][\/et_pb_column][\/et_pb_row][et_pb_row _builder_version=\u201c4.8.2\u2033 _module_preset=\u201cdefault\u201c global_colors_info=\u201c{}\u201c][et_pb_column type=\u201c4_4\u2033 _builder_version=\u201c4.8.2\u2033 _module_preset=\u201c default\u201c global_colors_info=\u201c{}\u201c][et_pb_divider _builder_version=\u201c4.8.2\u2033 _module_preset=\u201cdefault\u201c global_colors_info=\u201c{}\u201c][\/et_pb_divider][\/et_pb_column][\/et_pb_row][et_pb_row _builder_version=\u201c4.8.2 \u2033 _module_preset=&quot;default&quot; global_colors_info=&quot;{}&quot;][et_pb_column type=&quot;4_4\u2033 _builder_version=&quot;4.8.2\u2033 _module_preset=&quot;default&quot; global_colors_info=&quot;{}&quot;][et_pb_button button_text=&quot;5\u2033 button_alignment=&quot;center \u201d _builder_version=\u201c4.14.8\u2033 _module_preset=\u201cdefault\u201c custom_button=\u201con\u201c button_text_size=\u201c20px\u201c button_text_color=\u201c#FFFFFF\u201c button_bg_color=\u201c#bcb840\u201c button_use_icon=\u201coff\u201c hover_enabled=\u201c0\u2033 global_colors_info=\u201c{}\u201c button _border_radius =\u201c12px\u201c sticky_enabled=\u201c0\u2033][\/et_pb_button][et_pb_text _builder_version=\u201c4.8.2\u201c _module_preset=\u201cdefault\u201c global_colors_info=\u201c{}\u201c]<\/p>\n<h2 style=\"text-align: center;\">SOZIALISATION<\/h2>\n<p>[\/et_pb_text][et_pb_text _builder_version=&quot;4.8.2\u2033 _module_preset=&quot;default&quot; custom_margin=&quot;|20px||20px|false|false&quot; custom_padding=&quot;||||false|false&quot; global_colors_info=&quot;{}&quot;]<\/p>\n<p><span>F\u00fcr mich ist dies das wichtigste Element des gesamten Programms und oft fehlt mir an dieser Stelle die Zeit, auf E-Mails und Nachrichten neuer Interessenten zu antworten, wof\u00fcr ich mich an dieser Stelle entschuldige. An diesem Punkt widme ich meine ganze Zeit, um sicherzustellen, dass Sie einen gut vorbereiteten Welpen bekommen. Seien Sie sich bewusst, dass dies ein 24\/7-Job ist, der Ihnen und Ihrem Welpen in Zukunft danken wird. Dies ist auch ein guter Zeitpunkt, um Welpen zu besuchen.\u00a0<\/span><\/p>\n<p>[\/et_pb_text][\/et_pb_column][\/et_pb_row][et_pb_row _builder_version=\u201c4.8.2\u2033 _module_preset=\u201cdefault\u201c global_colors_info=\u201c{}\u201c][et_pb_column type=\u201c4_4\u2033 _builder_version=\u201c4.8.2\u2033 _module_preset=\u201c default\u201c global_colors_info=\u201c{}\u201c][et_pb_divider _builder_version=\u201c4.8.2\u2033 _module_preset=\u201cdefault\u201c global_colors_info=\u201c{}\u201c][\/et_pb_divider][\/et_pb_column][\/et_pb_row][et_pb_row _builder_version=\u201c4.8.2 \u2033 _module_preset=&quot;default&quot; global_colors_info=&quot;{}&quot;][et_pb_column type=&quot;4_4\u2033 _builder_version=&quot;4.8.2\u2033 _module_preset=&quot;default&quot; global_colors_info=&quot;{}&quot;][et_pb_button button_text=&quot;6\u2033 button_alignment=&quot;center \u201d _builder_version=\u201c4.14.8\u2033 _module_preset=\u201cdefault\u201c custom_button=\u201con\u201c button_text_size=\u201c20px\u201c button_text_color=\u201c#FFFFFF\u201c button_bg_color=\u201c#bcb840\u201c button_use_icon=\u201coff\u201c hover_enabled=\u201c0\u2033 global_colors_info=\u201c{}\u201c button _border_radius =\u201c12px\u201c sticky_enabled=\u201c0\u2033][\/et_pb_button][et_pb_text _builder_version=\u201c4.8.2\u201c _module_preset=\u201cdefault\u201c global_colors_info=\u201c{}\u201c]<\/p>\n<h2 style=\"text-align: center;\">AUSWAHL<\/h2>\n<p>[\/et_pb_text][et_pb_text _builder_version=&quot;4.8.2\u2033 _module_preset=&quot;default&quot; custom_margin=&quot;|20px||20px|false|false&quot; custom_padding=&quot;||||false|false&quot; global_colors_info=&quot;{}&quot;]<\/p>\n<p><span>Nach Durchf\u00fchrung von Temperamentstests w\u00e4hle ich den richtigen Welpen f\u00fcr die richtige Familie aus. Wie ein netter Mann k\u00fcrzlich sagte: Nicht jede Ehe ist gut. Diese Ehe muss also in 100% \u00fcbereinstimmen, deshalb kommt es hier nicht zu Scheidungen ;) Hier bitte ich Sie um maximales Vertrauen und Offenheit \u2013 nur dadurch werden Sie viele Jahre lang dieses einzigartige Hundegl\u00fcck genie\u00dfen k\u00f6nnen.\u00a0<\/span><\/p>\n<p>[\/et_pb_text][\/et_pb_column][\/et_pb_row][et_pb_row _builder_version=\u201c4.8.2\u2033 _module_preset=\u201cdefault\u201c global_colors_info=\u201c{}\u201c][et_pb_column type=\u201c4_4\u2033 _builder_version=\u201c4.8.2\u2033 _module_preset=\u201c default\u201c global_colors_info=\u201c{}\u201c][et_pb_divider _builder_version=\u201c4.8.2\u2033 _module_preset=\u201cdefault\u201c global_colors_info=\u201c{}\u201c][\/et_pb_divider][\/et_pb_column][\/et_pb_row][et_pb_row _builder_version=\u201c4.8.2 \u2033 _module_preset=&quot;default&quot; global_colors_info=&quot;{}&quot;][et_pb_column type=&quot;4_4\u2033 _builder_version=&quot;4.8.2\u2033 _module_preset=&quot;default&quot; global_colors_info=&quot;{}&quot;][et_pb_button button_text=&quot;7\u2033 button_alignment=&quot;center \u201d _builder_version=\u201c4.14.8\u2033 _module_preset=\u201cdefault\u201c custom_button=\u201con\u201c button_text_size=\u201c20px\u201c button_text_color=\u201c#FFFFFF\u201c button_bg_color=\u201c#bcb840\u201c button_use_icon=\u201coff\u201c hover_enabled=\u201c0\u2033 global_colors_info=\u201c{}\u201c button _border_radius =\u201c12px\u201c sticky_enabled=\u201c0\u2033][\/et_pb_button][et_pb_text _builder_version=\u201c4.8.2\u201c _module_preset=\u201cdefault\u201c global_colors_info=\u201c{}\u201c]<\/p>\n<h2 style=\"text-align: center;\">LIEFERUNG<\/h2>\n<p>[\/et_pb_text][et_pb_text _builder_version=&quot;4.8.2\u2033 _module_preset=&quot;default&quot; custom_margin=&quot;|20px||20px|false|false&quot; custom_padding=&quot;||||false|false&quot; global_colors_info=&quot;{}&quot;]<\/p>\n<div>Wir liefern Welpen in 99,01 TP3T-F\u00e4llen an neue Familien. Dadurch sind wir in der Lage, sie in Begleitung eines erwachsenen Hundes stressfrei an den Ort zu bringen. Der Welpe kommt problemlos in eine so neue Umgebung, weil wir bei ihm sind. Dar\u00fcber hinaus zeigt ein erwachsener Hund, wie man sich mit einer neuen Umgebung vertraut macht. Wir reisen mit einem Hund, der entsprechend ausgebildet ist und bestimmte Abl\u00e4ufe kennt, sodass wir keine Angst haben, dass etwas schief gehen k\u00f6nnte. Wir bilden st\u00e4ndig neue Hunde in dieser Richtung aus. Dank dieser Vorgehensweise kommt es nicht zum \u201eAusziehen\u201c aus dem Nest und zum pl\u00f6tzlichen Durchtrennen der Nabelschnur. Wir verlassen Sie nach Hause, nachdem Sie eine solide Portion Wissen erworben haben und Ihr Welpe ruhig und entspannt ist und die neue Situation akzeptiert.<\/div>\n<div><u>Wir sind ein Vorreiter dieses Ansatzes bei der Zucht australischer Labradoodles und mehr. Wir freuen uns sehr, dass weitere Zwinger unserem Beispiel folgen und eine umfassende Sozialisierung stattfinden.<\/u><\/div>\n<p>[\/et_pb_text][\/et_pb_column][\/et_pb_row][et_pb_row _builder_version=\u201c4.8.2\u2033 _module_preset=\u201cdefault\u201c global_colors_info=\u201c{}\u201c][et_pb_column type=\u201c4_4\u2033 _builder_version=\u201c4.8.2\u2033 _module_preset=\u201c default\u201c global_colors_info=\u201c{}\u201c][et_pb_divider _builder_version=\u201c4.8.2\u2033 _module_preset=\u201cdefault\u201c global_colors_info=\u201c{}\u201c][\/et_pb_divider][\/et_pb_column][\/et_pb_row][et_pb_row _builder_version=\u201c4.8.2 \u2033 _module_preset=&quot;default&quot; global_colors_info=&quot;{}&quot;][et_pb_column type=&quot;4_4\u2033 _builder_version=&quot;4.8.2\u2033 _module_preset=&quot;default&quot; global_colors_info=&quot;{}&quot;][et_pb_button button_text=&quot;8\u2033 button_alignment=&quot;center \u201d _builder_version=\u201c4.14.8\u2033 _module_preset=\u201cdefault\u201c custom_button=\u201con\u201c button_text_size=\u201c20px\u201c button_text_color=\u201c#FFFFFF\u201c button_bg_color=\u201c#bcb840\u201c button_use_icon=\u201coff\u201c hover_enabled=\u201c0\u2033 global_colors_info=\u201c{}\u201c button _border_radius =\u201c12px\u201c sticky_enabled=\u201c0\u2033][\/et_pb_button][et_pb_text _builder_version=\u201c4.8.2\u201c _module_preset=\u201cdefault\u201c global_colors_info=\u201c{}\u201c]<\/p>\n<h2 style=\"text-align: center;\">FRAGEN<\/h2>\n<p>[\/et_pb_text][et_pb_text _builder_version=&quot;4.8.2\u2033 _module_preset=&quot;default&quot; custom_margin=&quot;|20px||20px|false|false&quot; custom_padding=&quot;||||false|false&quot; global_colors_info=&quot;{}&quot;]<\/p>\n<p><span>Wir sind immer bereit, Ihre Fragen zu beantworten und Sie beim \u201eAufwachsen\u201c Ihres Welpen zu unterst\u00fctzen.<\/span><\/p>\n<p>[\/et_pb_text][\/et_pb_column][\/et_pb_row][et_pb_row _builder_version=\u201c4.8.2\u2033 _module_preset=\u201cdefault\u201c global_colors_info=\u201c{}\u201c][et_pb_column type=\u201c4_4\u2033 _builder_version=\u201c4.8.2\u2033 _module_preset=\u201c default\u201c global_colors_info=\u201c{}\u201c][et_pb_divider _builder_version=\u201c4.8.2\u2033 _module_preset=\u201cdefault\u201c global_colors_info=\u201c{}\u201c][\/et_pb_divider][\/et_pb_column][\/et_pb_row][et_pb_row _builder_version=\u201c4.8.2 \u2033 _module_preset=&quot;default&quot; global_colors_info=&quot;{}&quot;][et_pb_column type=&quot;4_4\u2033 _builder_version=&quot;4.8.2\u2033 _module_preset=&quot;default&quot; global_colors_info=&quot;{}&quot;][et_pb_button button_text=&quot;IMPORTANT&quot; button_alignment=&quot;center \u201d _builder_version=\u201c4.14.8\u201c _module_preset=\u201cdefault\u201c custom_button=\u201con\u201c button_text_size=\u201c20px\u201c button_text_color=\u201c#FFFFFF\u201c button_bg_color=\u201c#C5310D\u201c button_use_icon=\u201coff\u201c hover_enabled=\u201c0\u2033 global_colors_info=\u201c{}\u201c button_border _radius =\u201c12px\u201c sticky_enabled=\u201c0\u2033][\/et_pb_button][et_pb_text _builder_version=\u201c4.8.2\u201c _module_preset=\u201cdefault\u201c global_colors_info=\u201c{}\u201c]<\/p>\n<h2 style=\"text-align: center;\">TESTS<\/h2>\n<p>[\/et_pb_text][et_pb_text _builder_version=&quot;4.8.2\u2033 _module_preset=&quot;default&quot; custom_margin=&quot;|20px||20px|false|false&quot; custom_padding=&quot;||||false|false&quot; global_colors_info=&quot;{}&quot;]<\/p>\n<div>Wir f\u00fchren umfangreiche genetische Untersuchungen an unseren Zuchthunden durch. Auch hier k\u00f6nnen wir uns einer Vorreiterrolle in Polen und sogar in einigen europ\u00e4ischen L\u00e4ndern r\u00fchmen.<\/div>\n<div><\/div>\n<div>Unsere Hunde werden auf \u00fcber 200 verschiedene genetische Krankheiten getestet (abgesehen von den obligatorischen Tests f\u00fcr H\u00fcfte, Ellenbogen und Augen \u2013 PRCD-PRA).<\/div>\n<div><\/div>\n<div>Dank dieser Tests wissen wir genau, welche Hunde wir miteinander verpaaren k\u00f6nnen. Dadurch beseitigen wir viele potenzielle genetische Krankheiten, die bei Ihren Welpen auftreten k\u00f6nnen.\u00a0<\/div>\n<div>Wir kennen die genetischen Codes von Farben und Felltypen und k\u00f6nnen so die Farben von W\u00fcrfen vorhersagen \u2013 obwohl dies f\u00fcr uns nie Priorit\u00e4t haben wird.\u00a0<\/div>\n<div><\/div>\n<div>Und das Wichtigste: Jeder unserer Zuchthunde wird auf die prozentuale Abstammungsbestimmung getestet. Das sind die Rassen, aus denen das Individuum des australischen Labradoodle besteht. Denn der australische Labradoodle ist keine einfache Kreuzung zwischen einem Labrador und einem Pudel!\u00a0<\/div>\n<p>[\/et_pb_text][\/et_pb_column][\/et_pb_row][et_pb_row _builder_version=\u201c4.8.2\u2033 _module_preset=\u201cdefault\u201c global_colors_info=\u201c{}\u201c][et_pb_column type=\u201c4_4\u2033 _builder_version=\u201c4.8.2\u2033 _module_preset=\u201c default\u201c global_colors_info=\u201c{}\u201c][et_pb_cta button_url=\u201chttps:\/\/labradoodle.pl\/kontakt\/\u201c button_text=\u201cBuchen Sie einen Welpen\u201c _builder_version=\u201c4.14.8\u2033 background_color=\u201c#ffffff\u201c custom_button=\u201con\u201c button_text_size = \u201e22px\u201c button_bg_color=\u201c#bcb840\u201c hover_enabled=\u201c0\u2033 global_colors_info=\u201c{}\u201c button_border_radius=\u201c12px\u201c sticky_enabled=\u201c0\u2033][\/et_pb_cta][\/et_pb_column][\/et_pb_row][\/et_pb_section]<\/p>","protected":false},"excerpt":{"rendered":"<p>Australian Labradoodle - ReservierungenFORMULARDer erste Schritt besteht darin, das Qualifikationsformular auszuf\u00fcllen. Wir stellen es auf der Website zur Verf\u00fcgung, wenn die Warteliste ge\u00f6ffnet wird. Es lohnt sich, es ehrlich und ausf\u00fchrlich auszuf\u00fcllen, denn dadurch lernen wir uns besser kennen und ich bin ruhiger, wenn ich erfahre, in welche H\u00e4nde mein Welpe m\u00f6glicherweise geraten wird. ANNAHME Nach dem Ausf\u00fcllen des Formulars erf\u00e4hrst du, \u00fcber die Erstabnahme (oder [\u2026]<\/p>","protected":false},"author":3,"featured_media":0,"parent":0,"menu_order":0,"comment_status":"closed","ping_status":"closed","template":"","meta":{"_et_pb_use_builder":"on","_et_pb_old_content":"","_et_gb_content_width":"","footnotes":""},"class_list":["post-3661","page","type-page","status-publish","hentry"],"_links":{"self":[{"href":"https:\/\/labradoodle.pl\/de\/wp-json\/wp\/v2\/pages\/3661","targetHints":{"allow":["GET"]}}],"collection":[{"href":"https:\/\/labradoodle.pl\/de\/wp-json\/wp\/v2\/pages"}],"about":[{"href":"https:\/\/labradoodle.pl\/de\/wp-json\/wp\/v2\/types\/page"}],"author":[{"embeddable":true,"href":"https:\/\/labradoodle.pl\/de\/wp-json\/wp\/v2\/users\/3"}],"replies":[{"embeddable":true,"href":"https:\/\/labradoodle.pl\/de\/wp-json\/wp\/v2\/comments?post=3661"}],"version-history":[{"count":19,"href":"https:\/\/labradoodle.pl\/de\/wp-json\/wp\/v2\/pages\/3661\/revisions"}],"predecessor-version":[{"id":4911,"href":"https:\/\/labradoodle.pl\/de\/wp-json\/wp\/v2\/pages\/3661\/revisions\/4911"}],"wp:attachment":[{"href":"https:\/\/labradoodle.pl\/de\/wp-json\/wp\/v2\/media?parent=3661"}],"curies":[{"name":"wp","href":"https:\/\/api.w.org\/{rel}","templated":true}]}}